{"id":1091,"date":"2023-12-05T04:29:25","date_gmt":"2023-12-05T04:29:25","guid":{"rendered":"https:\/\/kaptenmat.se\/product\/parrafinolja-till-dina-skarbrador-2-5-dagar-leverans\/"},"modified":"2026-04-23T14:42:59","modified_gmt":"2026-04-23T14:42:59","slug":"parrafinolja-till-dina-skarbrador","status":"publish","type":"product","link":"https:\/\/kaptenmat.se\/en\/product\/parrafinolja-till-dina-skarbrador\/","title":{"rendered":"Paraffin oil for your cutting boards"},"content":{"rendered":"","protected":false},"excerpt":{"rendered":"<p><b>It is so easy to achieve a nice finish.<\/b><\/p>\n<div>Cutting boards take a lot of beating, so you need to maintain them often with paraffin oil.<\/div>\n<div><\/div>\n<div>Just spread the oil loosely with a cloth and let it dry for a couple of hours. Then wipe off any excess with a cloth.<\/div>\n<p>250 ml<\/p>","protected":false},"featured_media":1092,"comment_status":"open","ping_status":"closed","template":"","meta":{"_acf_changed":false,"wprm-recipe-roundup-name":"","wprm-recipe-roundup-description":"","_monsterinsights_skip_tracking":false,"_monsterinsights_sitenote_active":false,"_monsterinsights_sitenote_note":"","_monsterinsights_sitenote_category":0},"product_brand":[],"product_cat":[31],"product_tag":[],"class_list":{"0":"post-1091","1":"product","2":"type-product","3":"status-publish","4":"has-post-thumbnail","6":"product_cat-tillbehor","8":"first","9":"instock","10":"taxable","11":"shipping-taxable","12":"purchasable","13":"product-type-simple"},"bundled_by":[],"bundle_stock_status":"instock","bundle_stock_quantity":43,"bundle_virtual":false,"bundle_layout":"","bundle_add_to_cart_form_location":"","bundle_editable_in_cart":false,"bundle_sold_individually_context":"","bundle_item_grouping":"","bundle_min_size":"","bundle_max_size":"","bundle_price":[],"bundled_items":[],"bundle_sell_ids":[],"acf":[],"yoast_head":"<!-- This site is optimized with the Yoast SEO plugin v26.3 - https:\/\/yoast.com\/wordpress\/plugins\/seo\/ -->\n<title>Parrafinolja till dina sk\u00e4rbr\u00e4dor - Kaptenmat<\/title>\n<meta name=\"robots\" content=\"index, follow, max-snippet:-1, max-image-preview:large, max-video-preview:-1\" \/>\n<link rel=\"canonical\" href=\"https:\/\/kaptenmat.se\/en\/product\/parrafinolja-till-dina-skarbrador\/\" \/>\n<meta property=\"og:locale\" content=\"en_GB\" \/>\n<meta property=\"og:type\" content=\"article\" \/>\n<meta property=\"og:title\" content=\"Parrafinolja till dina sk\u00e4rbr\u00e4dor - Kaptenmat\" \/>\n<meta property=\"og:description\" content=\"Det \u00e4r s\u00e5 l\u00e4tt att f\u00e5 till en snygg finish. Sk\u00e4rbr\u00e4dor f\u00e5r ta mycket stryk och d\u00e4rf\u00f6r m\u00e5ste du underh\u00e5lla dem ofta med paraffinolja.  Stryk bara ut oljan fl\u00f6digt med en trasa och l\u00e5t det torka in ett par timmar. Torka sedan bort eventuellt \u00f6verskott med en tygtrasa. 250 ml\" \/>\n<meta property=\"og:url\" content=\"https:\/\/kaptenmat.se\/en\/product\/parrafinolja-till-dina-skarbrador\/\" \/>\n<meta property=\"og:site_name\" content=\"Kaptenmat\" \/>\n<meta property=\"article:modified_time\" content=\"2026-04-23T14:42:59+00:00\" \/>\n<meta property=\"og:image\" content=\"https:\/\/kaptenmat.se\/wp-content\/uploads\/2024\/01\/729-1-2-1.webp\" \/>\n\t<meta property=\"og:image:width\" content=\"800\" \/>\n\t<meta property=\"og:image:height\" content=\"800\" \/>\n\t<meta property=\"og:image:type\" content=\"image\/webp\" \/>\n<meta name=\"twitter:card\" content=\"summary_large_image\" \/>\n<meta name=\"twitter:label1\" content=\"Estimated reading time\" \/>\n\t<meta name=\"twitter:data1\" content=\"1 minute\" \/>\n<script type=\"application\/ld+json\" class=\"yoast-schema-graph\">{\"@context\":\"https:\/\/schema.org\",\"@graph\":[{\"@type\":\"WebPage\",\"@id\":\"https:\/\/kaptenmat.se\/produkt\/parrafinolja-till-dina-skarbrador\/\",\"url\":\"https:\/\/kaptenmat.se\/produkt\/parrafinolja-till-dina-skarbrador\/\",\"name\":\"Parrafinolja till dina sk\u00e4rbr\u00e4dor - Kaptenmat\",\"isPartOf\":{\"@id\":\"https:\/\/kaptenmat.se\/#website\"},\"primaryImageOfPage\":{\"@id\":\"https:\/\/kaptenmat.se\/produkt\/parrafinolja-till-dina-skarbrador\/#primaryimage\"},\"image\":{\"@id\":\"https:\/\/kaptenmat.se\/produkt\/parrafinolja-till-dina-skarbrador\/#primaryimage\"},\"thumbnailUrl\":\"https:\/\/kaptenmat.se\/wp-content\/uploads\/2024\/01\/729-1-2-1.webp\",\"datePublished\":\"2023-12-05T04:29:25+00:00\",\"dateModified\":\"2026-04-23T14:42:59+00:00\",\"breadcrumb\":{\"@id\":\"https:\/\/kaptenmat.se\/produkt\/parrafinolja-till-dina-skarbrador\/#breadcrumb\"},\"inLanguage\":\"en-GB\",\"potentialAction\":[{\"@type\":\"ReadAction\",\"target\":[\"https:\/\/kaptenmat.se\/produkt\/parrafinolja-till-dina-skarbrador\/\"]}]},{\"@type\":\"ImageObject\",\"inLanguage\":\"en-GB\",\"@id\":\"https:\/\/kaptenmat.se\/produkt\/parrafinolja-till-dina-skarbrador\/#primaryimage\",\"url\":\"https:\/\/kaptenmat.se\/wp-content\/uploads\/2024\/01\/729-1-2-1.webp\",\"contentUrl\":\"https:\/\/kaptenmat.se\/wp-content\/uploads\/2024\/01\/729-1-2-1.webp\",\"width\":800,\"height\":800},{\"@type\":\"BreadcrumbList\",\"@id\":\"https:\/\/kaptenmat.se\/produkt\/parrafinolja-till-dina-skarbrador\/#breadcrumb\",\"itemListElement\":[{\"@type\":\"ListItem\",\"position\":1,\"name\":\"Hem\",\"item\":\"https:\/\/kaptenmat.se\/\"},{\"@type\":\"ListItem\",\"position\":2,\"name\":\"Sortiment\",\"item\":\"https:\/\/kaptenmat.se\/shop\/\"},{\"@type\":\"ListItem\",\"position\":3,\"name\":\"Parrafinolja till dina sk\u00e4rbr\u00e4dor\"}]},{\"@type\":\"WebSite\",\"@id\":\"https:\/\/kaptenmat.se\/#website\",\"url\":\"https:\/\/kaptenmat.se\/\",\"name\":\"Kaptenmat\",\"description\":\"Matinspiration inom outdoor cooking.\",\"publisher\":{\"@id\":\"https:\/\/kaptenmat.se\/#organization\"},\"potentialAction\":[{\"@type\":\"SearchAction\",\"target\":{\"@type\":\"EntryPoint\",\"urlTemplate\":\"https:\/\/kaptenmat.se\/?s={search_term_string}\"},\"query-input\":{\"@type\":\"PropertyValueSpecification\",\"valueRequired\":true,\"valueName\":\"search_term_string\"}}],\"inLanguage\":\"en-GB\"},{\"@type\":\"Organization\",\"@id\":\"https:\/\/kaptenmat.se\/#organization\",\"name\":\"Kaptenmat\",\"url\":\"https:\/\/kaptenmat.se\/\",\"logo\":{\"@type\":\"ImageObject\",\"inLanguage\":\"en-GB\",\"@id\":\"https:\/\/kaptenmat.se\/#\/schema\/logo\/image\/\",\"url\":\"https:\/\/kaptenmat.se\/wp-content\/uploads\/2024\/01\/Kaptenmat_350.svg\",\"contentUrl\":\"https:\/\/kaptenmat.se\/wp-content\/uploads\/2024\/01\/Kaptenmat_350.svg\",\"width\":1,\"height\":1,\"caption\":\"Kaptenmat\"},\"image\":{\"@id\":\"https:\/\/kaptenmat.se\/#\/schema\/logo\/image\/\"}}]}<\/script>\n<!-- \/ Yoast SEO plugin. -->","yoast_head_json":{"title":"Parrafinolja till dina sk\u00e4rbr\u00e4dor - Kaptenmat","robots":{"index":"index","follow":"follow","max-snippet":"max-snippet:-1","max-image-preview":"max-image-preview:large","max-video-preview":"max-video-preview:-1"},"canonical":"https:\/\/kaptenmat.se\/en\/product\/parrafinolja-till-dina-skarbrador\/","og_locale":"en_GB","og_type":"article","og_title":"Parrafinolja till dina sk\u00e4rbr\u00e4dor - Kaptenmat","og_description":"Det \u00e4r s\u00e5 l\u00e4tt att f\u00e5 till en snygg finish. Sk\u00e4rbr\u00e4dor f\u00e5r ta mycket stryk och d\u00e4rf\u00f6r m\u00e5ste du underh\u00e5lla dem ofta med paraffinolja.  Stryk bara ut oljan fl\u00f6digt med en trasa och l\u00e5t det torka in ett par timmar. Torka sedan bort eventuellt \u00f6verskott med en tygtrasa. 250 ml","og_url":"https:\/\/kaptenmat.se\/en\/product\/parrafinolja-till-dina-skarbrador\/","og_site_name":"Kaptenmat","article_modified_time":"2026-04-23T14:42:59+00:00","og_image":[{"width":800,"height":800,"url":"https:\/\/kaptenmat.se\/wp-content\/uploads\/2024\/01\/729-1-2-1.webp","type":"image\/webp"}],"twitter_card":"summary_large_image","twitter_misc":{"Estimated reading time":"1 minute"},"schema":{"@context":"https:\/\/schema.org","@graph":[{"@type":"WebPage","@id":"https:\/\/kaptenmat.se\/produkt\/parrafinolja-till-dina-skarbrador\/","url":"https:\/\/kaptenmat.se\/produkt\/parrafinolja-till-dina-skarbrador\/","name":"Parrafinolja till dina sk\u00e4rbr\u00e4dor - Kaptenmat","isPartOf":{"@id":"https:\/\/kaptenmat.se\/#website"},"primaryImageOfPage":{"@id":"https:\/\/kaptenmat.se\/produkt\/parrafinolja-till-dina-skarbrador\/#primaryimage"},"image":{"@id":"https:\/\/kaptenmat.se\/produkt\/parrafinolja-till-dina-skarbrador\/#primaryimage"},"thumbnailUrl":"https:\/\/kaptenmat.se\/wp-content\/uploads\/2024\/01\/729-1-2-1.webp","datePublished":"2023-12-05T04:29:25+00:00","dateModified":"2026-04-23T14:42:59+00:00","breadcrumb":{"@id":"https:\/\/kaptenmat.se\/produkt\/parrafinolja-till-dina-skarbrador\/#breadcrumb"},"inLanguage":"en-GB","potentialAction":[{"@type":"ReadAction","target":["https:\/\/kaptenmat.se\/produkt\/parrafinolja-till-dina-skarbrador\/"]}]},{"@type":"ImageObject","inLanguage":"en-GB","@id":"https:\/\/kaptenmat.se\/produkt\/parrafinolja-till-dina-skarbrador\/#primaryimage","url":"https:\/\/kaptenmat.se\/wp-content\/uploads\/2024\/01\/729-1-2-1.webp","contentUrl":"https:\/\/kaptenmat.se\/wp-content\/uploads\/2024\/01\/729-1-2-1.webp","width":800,"height":800},{"@type":"BreadcrumbList","@id":"https:\/\/kaptenmat.se\/produkt\/parrafinolja-till-dina-skarbrador\/#breadcrumb","itemListElement":[{"@type":"ListItem","position":1,"name":"Hem","item":"https:\/\/kaptenmat.se\/"},{"@type":"ListItem","position":2,"name":"Sortiment","item":"https:\/\/kaptenmat.se\/shop\/"},{"@type":"ListItem","position":3,"name":"Parrafinolja till dina sk\u00e4rbr\u00e4dor"}]},{"@type":"WebSite","@id":"https:\/\/kaptenmat.se\/#website","url":"https:\/\/kaptenmat.se\/","name":"Kaptenmat","description":"Matinspiration inom outdoor cooking.","publisher":{"@id":"https:\/\/kaptenmat.se\/#organization"},"potentialAction":[{"@type":"SearchAction","target":{"@type":"EntryPoint","urlTemplate":"https:\/\/kaptenmat.se\/?s={search_term_string}"},"query-input":{"@type":"PropertyValueSpecification","valueRequired":true,"valueName":"search_term_string"}}],"inLanguage":"en-GB"},{"@type":"Organization","@id":"https:\/\/kaptenmat.se\/#organization","name":"Kaptenmat","url":"https:\/\/kaptenmat.se\/","logo":{"@type":"ImageObject","inLanguage":"en-GB","@id":"https:\/\/kaptenmat.se\/#\/schema\/logo\/image\/","url":"https:\/\/kaptenmat.se\/wp-content\/uploads\/2024\/01\/Kaptenmat_350.svg","contentUrl":"https:\/\/kaptenmat.se\/wp-content\/uploads\/2024\/01\/Kaptenmat_350.svg","width":1,"height":1,"caption":"Kaptenmat"},"image":{"@id":"https:\/\/kaptenmat.se\/#\/schema\/logo\/image\/"}}]}},"_links":{"self":[{"href":"https:\/\/kaptenmat.se\/en\/wp-json\/wp\/v2\/product\/1091","targetHints":{"allow":["GET"]}}],"collection":[{"href":"https:\/\/kaptenmat.se\/en\/wp-json\/wp\/v2\/product"}],"about":[{"href":"https:\/\/kaptenmat.se\/en\/wp-json\/wp\/v2\/types\/product"}],"replies":[{"embeddable":true,"href":"https:\/\/kaptenmat.se\/en\/wp-json\/wp\/v2\/comments?post=1091"}],"wp:featuredmedia":[{"embeddable":true,"href":"https:\/\/kaptenmat.se\/en\/wp-json\/wp\/v2\/media\/1092"}],"wp:attachment":[{"href":"https:\/\/kaptenmat.se\/en\/wp-json\/wp\/v2\/media?parent=1091"}],"wp:term":[{"taxonomy":"product_brand","embeddable":true,"href":"https:\/\/kaptenmat.se\/en\/wp-json\/wp\/v2\/product_brand?post=1091"},{"taxonomy":"product_cat","embeddable":true,"href":"https:\/\/kaptenmat.se\/en\/wp-json\/wp\/v2\/product_cat?post=1091"},{"taxonomy":"product_tag","embeddable":true,"href":"https:\/\/kaptenmat.se\/en\/wp-json\/wp\/v2\/product_tag?post=1091"}],"curies":[{"name":"wp","href":"https:\/\/api.w.org\/{rel}","templated":true}]}}