{"id":125948,"date":"2024-02-28T15:25:21","date_gmt":"2024-02-28T15:25:21","guid":{"rendered":"https:\/\/kaptenmat.se\/?post_type=product&#038;p=125948"},"modified":"2026-04-29T20:43:18","modified_gmt":"2026-04-29T20:43:18","slug":"vin-glashallare","status":"publish","type":"product","link":"https:\/\/kaptenmat.se\/en\/product\/vin-glashallare\/","title":{"rendered":"Stylish wine glass holder in acacia wood"},"content":{"rendered":"","protected":false},"excerpt":{"rendered":"<p>Place directly over the bottle and hang on two wine glasses - stylish, smart and perfect for all wine lovers \ud83c\udf77<br data-start=\"285\" data-end=\"288\" \/>Oiled wooden surface. Exclusive feel of acacia wood.<\/p>\n<p>&nbsp;<\/p>","protected":false},"featured_media":125951,"comment_status":"open","ping_status":"closed","template":"","meta":{"_acf_changed":false,"wprm-recipe-roundup-name":"","wprm-recipe-roundup-description":"","_monsterinsights_skip_tracking":false,"_monsterinsights_sitenote_active":false,"_monsterinsights_sitenote_note":"","_monsterinsights_sitenote_category":0},"product_brand":[],"product_cat":[31],"product_tag":[],"class_list":{"0":"post-125948","1":"product","2":"type-product","3":"status-publish","4":"has-post-thumbnail","6":"product_cat-tillbehor","8":"first","9":"instock","10":"taxable","11":"shipping-taxable","12":"purchasable","13":"product-type-simple"},"bundled_by":[],"bundle_stock_status":"instock","bundle_stock_quantity":21,"bundle_virtual":false,"bundle_layout":"","bundle_add_to_cart_form_location":"","bundle_editable_in_cart":false,"bundle_sold_individually_context":"","bundle_item_grouping":"","bundle_min_size":"","bundle_max_size":"","bundle_price":[],"bundled_items":[],"bundle_sell_ids":[],"acf":[],"yoast_head":"<!-- This site is optimized with the Yoast SEO plugin v26.3 - https:\/\/yoast.com\/wordpress\/plugins\/seo\/ -->\n<title>Stilren vinglash\u00e5llare i akaciatr\u00e4 - Kaptenmat<\/title>\n<meta name=\"robots\" content=\"index, follow, max-snippet:-1, max-image-preview:large, max-video-preview:-1\" \/>\n<link rel=\"canonical\" href=\"https:\/\/kaptenmat.se\/en\/product\/vin-glashallare\/\" \/>\n<meta property=\"og:locale\" content=\"en_GB\" \/>\n<meta property=\"og:type\" content=\"article\" \/>\n<meta property=\"og:title\" content=\"Stilren vinglash\u00e5llare i akaciatr\u00e4 - Kaptenmat\" \/>\n<meta property=\"og:description\" content=\"Placera direkt \u00f6ver flaskan och h\u00e4ng p\u00e5 tv\u00e5 vinglas \u2013 snyggt, smart och perfekt f\u00f6r alla vin\u00e4lskare \ud83c\udf77Oljad tr\u00e4yta. Exklusiv k\u00e4nsla i akacia tr\u00e4.  &nbsp;\" \/>\n<meta property=\"og:url\" content=\"https:\/\/kaptenmat.se\/en\/product\/vin-glashallare\/\" \/>\n<meta property=\"og:site_name\" content=\"Kaptenmat\" \/>\n<meta property=\"article:modified_time\" content=\"2026-04-29T20:43:18+00:00\" \/>\n<meta property=\"og:image\" content=\"https:\/\/kaptenmat.se\/wp-content\/uploads\/2024\/02\/IMG_4998.jpg\" \/>\n\t<meta property=\"og:image:width\" content=\"639\" \/>\n\t<meta property=\"og:image:height\" content=\"780\" \/>\n\t<meta property=\"og:image:type\" content=\"image\/jpeg\" \/>\n<meta name=\"twitter:card\" content=\"summary_large_image\" \/>\n<meta name=\"twitter:label1\" content=\"Estimated reading time\" \/>\n\t<meta name=\"twitter:data1\" content=\"1 minute\" \/>\n<script type=\"application\/ld+json\" class=\"yoast-schema-graph\">{\"@context\":\"https:\/\/schema.org\",\"@graph\":[{\"@type\":\"WebPage\",\"@id\":\"https:\/\/kaptenmat.se\/produkt\/vin-glashallare\/\",\"url\":\"https:\/\/kaptenmat.se\/produkt\/vin-glashallare\/\",\"name\":\"Stilren vinglash\u00e5llare i akaciatr\u00e4 - Kaptenmat\",\"isPartOf\":{\"@id\":\"https:\/\/kaptenmat.se\/#website\"},\"primaryImageOfPage\":{\"@id\":\"https:\/\/kaptenmat.se\/produkt\/vin-glashallare\/#primaryimage\"},\"image\":{\"@id\":\"https:\/\/kaptenmat.se\/produkt\/vin-glashallare\/#primaryimage\"},\"thumbnailUrl\":\"https:\/\/kaptenmat.se\/wp-content\/uploads\/2024\/02\/IMG_4998.jpg\",\"datePublished\":\"2024-02-28T15:25:21+00:00\",\"dateModified\":\"2026-04-29T20:43:18+00:00\",\"breadcrumb\":{\"@id\":\"https:\/\/kaptenmat.se\/produkt\/vin-glashallare\/#breadcrumb\"},\"inLanguage\":\"en-GB\",\"potentialAction\":[{\"@type\":\"ReadAction\",\"target\":[\"https:\/\/kaptenmat.se\/produkt\/vin-glashallare\/\"]}]},{\"@type\":\"ImageObject\",\"inLanguage\":\"en-GB\",\"@id\":\"https:\/\/kaptenmat.se\/produkt\/vin-glashallare\/#primaryimage\",\"url\":\"https:\/\/kaptenmat.se\/wp-content\/uploads\/2024\/02\/IMG_4998.jpg\",\"contentUrl\":\"https:\/\/kaptenmat.se\/wp-content\/uploads\/2024\/02\/IMG_4998.jpg\",\"width\":639,\"height\":780},{\"@type\":\"BreadcrumbList\",\"@id\":\"https:\/\/kaptenmat.se\/produkt\/vin-glashallare\/#breadcrumb\",\"itemListElement\":[{\"@type\":\"ListItem\",\"position\":1,\"name\":\"Hem\",\"item\":\"https:\/\/kaptenmat.se\/\"},{\"@type\":\"ListItem\",\"position\":2,\"name\":\"Sortiment\",\"item\":\"https:\/\/kaptenmat.se\/shop\/\"},{\"@type\":\"ListItem\",\"position\":3,\"name\":\"Stilren vinglash\u00e5llare i akaciatr\u00e4\"}]},{\"@type\":\"WebSite\",\"@id\":\"https:\/\/kaptenmat.se\/#website\",\"url\":\"https:\/\/kaptenmat.se\/\",\"name\":\"Kaptenmat\",\"description\":\"Matinspiration inom outdoor cooking.\",\"publisher\":{\"@id\":\"https:\/\/kaptenmat.se\/#organization\"},\"potentialAction\":[{\"@type\":\"SearchAction\",\"target\":{\"@type\":\"EntryPoint\",\"urlTemplate\":\"https:\/\/kaptenmat.se\/?s={search_term_string}\"},\"query-input\":{\"@type\":\"PropertyValueSpecification\",\"valueRequired\":true,\"valueName\":\"search_term_string\"}}],\"inLanguage\":\"en-GB\"},{\"@type\":\"Organization\",\"@id\":\"https:\/\/kaptenmat.se\/#organization\",\"name\":\"Kaptenmat\",\"url\":\"https:\/\/kaptenmat.se\/\",\"logo\":{\"@type\":\"ImageObject\",\"inLanguage\":\"en-GB\",\"@id\":\"https:\/\/kaptenmat.se\/#\/schema\/logo\/image\/\",\"url\":\"https:\/\/kaptenmat.se\/wp-content\/uploads\/2024\/01\/Kaptenmat_350.svg\",\"contentUrl\":\"https:\/\/kaptenmat.se\/wp-content\/uploads\/2024\/01\/Kaptenmat_350.svg\",\"width\":1,\"height\":1,\"caption\":\"Kaptenmat\"},\"image\":{\"@id\":\"https:\/\/kaptenmat.se\/#\/schema\/logo\/image\/\"}}]}<\/script>\n<!-- \/ Yoast SEO plugin. -->","yoast_head_json":{"title":"Stilren vinglash\u00e5llare i akaciatr\u00e4 - Kaptenmat","robots":{"index":"index","follow":"follow","max-snippet":"max-snippet:-1","max-image-preview":"max-image-preview:large","max-video-preview":"max-video-preview:-1"},"canonical":"https:\/\/kaptenmat.se\/en\/product\/vin-glashallare\/","og_locale":"en_GB","og_type":"article","og_title":"Stilren vinglash\u00e5llare i akaciatr\u00e4 - Kaptenmat","og_description":"Placera direkt \u00f6ver flaskan och h\u00e4ng p\u00e5 tv\u00e5 vinglas \u2013 snyggt, smart och perfekt f\u00f6r alla vin\u00e4lskare \ud83c\udf77Oljad tr\u00e4yta. Exklusiv k\u00e4nsla i akacia tr\u00e4.  &nbsp;","og_url":"https:\/\/kaptenmat.se\/en\/product\/vin-glashallare\/","og_site_name":"Kaptenmat","article_modified_time":"2026-04-29T20:43:18+00:00","og_image":[{"width":639,"height":780,"url":"https:\/\/kaptenmat.se\/wp-content\/uploads\/2024\/02\/IMG_4998.jpg","type":"image\/jpeg"}],"twitter_card":"summary_large_image","twitter_misc":{"Estimated reading time":"1 minute"},"schema":{"@context":"https:\/\/schema.org","@graph":[{"@type":"WebPage","@id":"https:\/\/kaptenmat.se\/produkt\/vin-glashallare\/","url":"https:\/\/kaptenmat.se\/produkt\/vin-glashallare\/","name":"Stilren vinglash\u00e5llare i akaciatr\u00e4 - Kaptenmat","isPartOf":{"@id":"https:\/\/kaptenmat.se\/#website"},"primaryImageOfPage":{"@id":"https:\/\/kaptenmat.se\/produkt\/vin-glashallare\/#primaryimage"},"image":{"@id":"https:\/\/kaptenmat.se\/produkt\/vin-glashallare\/#primaryimage"},"thumbnailUrl":"https:\/\/kaptenmat.se\/wp-content\/uploads\/2024\/02\/IMG_4998.jpg","datePublished":"2024-02-28T15:25:21+00:00","dateModified":"2026-04-29T20:43:18+00:00","breadcrumb":{"@id":"https:\/\/kaptenmat.se\/produkt\/vin-glashallare\/#breadcrumb"},"inLanguage":"en-GB","potentialAction":[{"@type":"ReadAction","target":["https:\/\/kaptenmat.se\/produkt\/vin-glashallare\/"]}]},{"@type":"ImageObject","inLanguage":"en-GB","@id":"https:\/\/kaptenmat.se\/produkt\/vin-glashallare\/#primaryimage","url":"https:\/\/kaptenmat.se\/wp-content\/uploads\/2024\/02\/IMG_4998.jpg","contentUrl":"https:\/\/kaptenmat.se\/wp-content\/uploads\/2024\/02\/IMG_4998.jpg","width":639,"height":780},{"@type":"BreadcrumbList","@id":"https:\/\/kaptenmat.se\/produkt\/vin-glashallare\/#breadcrumb","itemListElement":[{"@type":"ListItem","position":1,"name":"Hem","item":"https:\/\/kaptenmat.se\/"},{"@type":"ListItem","position":2,"name":"Sortiment","item":"https:\/\/kaptenmat.se\/shop\/"},{"@type":"ListItem","position":3,"name":"Stilren vinglash\u00e5llare i akaciatr\u00e4"}]},{"@type":"WebSite","@id":"https:\/\/kaptenmat.se\/#website","url":"https:\/\/kaptenmat.se\/","name":"Kaptenmat","description":"Matinspiration inom outdoor cooking.","publisher":{"@id":"https:\/\/kaptenmat.se\/#organization"},"potentialAction":[{"@type":"SearchAction","target":{"@type":"EntryPoint","urlTemplate":"https:\/\/kaptenmat.se\/?s={search_term_string}"},"query-input":{"@type":"PropertyValueSpecification","valueRequired":true,"valueName":"search_term_string"}}],"inLanguage":"en-GB"},{"@type":"Organization","@id":"https:\/\/kaptenmat.se\/#organization","name":"Kaptenmat","url":"https:\/\/kaptenmat.se\/","logo":{"@type":"ImageObject","inLanguage":"en-GB","@id":"https:\/\/kaptenmat.se\/#\/schema\/logo\/image\/","url":"https:\/\/kaptenmat.se\/wp-content\/uploads\/2024\/01\/Kaptenmat_350.svg","contentUrl":"https:\/\/kaptenmat.se\/wp-content\/uploads\/2024\/01\/Kaptenmat_350.svg","width":1,"height":1,"caption":"Kaptenmat"},"image":{"@id":"https:\/\/kaptenmat.se\/#\/schema\/logo\/image\/"}}]}},"_links":{"self":[{"href":"https:\/\/kaptenmat.se\/en\/wp-json\/wp\/v2\/product\/125948","targetHints":{"allow":["GET"]}}],"collection":[{"href":"https:\/\/kaptenmat.se\/en\/wp-json\/wp\/v2\/product"}],"about":[{"href":"https:\/\/kaptenmat.se\/en\/wp-json\/wp\/v2\/types\/product"}],"replies":[{"embeddable":true,"href":"https:\/\/kaptenmat.se\/en\/wp-json\/wp\/v2\/comments?post=125948"}],"wp:featuredmedia":[{"embeddable":true,"href":"https:\/\/kaptenmat.se\/en\/wp-json\/wp\/v2\/media\/125951"}],"wp:attachment":[{"href":"https:\/\/kaptenmat.se\/en\/wp-json\/wp\/v2\/media?parent=125948"}],"wp:term":[{"taxonomy":"product_brand","embeddable":true,"href":"https:\/\/kaptenmat.se\/en\/wp-json\/wp\/v2\/product_brand?post=125948"},{"taxonomy":"product_cat","embeddable":true,"href":"https:\/\/kaptenmat.se\/en\/wp-json\/wp\/v2\/product_cat?post=125948"},{"taxonomy":"product_tag","embeddable":true,"href":"https:\/\/kaptenmat.se\/en\/wp-json\/wp\/v2\/product_tag?post=125948"}],"curies":[{"name":"wp","href":"https:\/\/api.w.org\/{rel}","templated":true}]}}