{"id":126267,"date":"2025-03-04T16:00:17","date_gmt":"2025-03-04T16:00:17","guid":{"rendered":"https:\/\/kaptenmat.se\/?post_type=product&#038;p=126267"},"modified":"2026-04-23T14:43:15","modified_gmt":"2026-04-23T14:43:15","slug":"kaptenens-stekhall-60-cm-original-inkl-brannare","status":"publish","type":"product","link":"https:\/\/kaptenmat.se\/en\/product\/kaptenens-stekhall-60-cm-original-inkl-brannare\/","title":{"rendered":"Gas frying pan 60 cm"},"content":{"rendered":"","protected":false},"excerpt":{"rendered":"<p><strong>April Offer \u2013 Captain&#039;s Signed Cookbook \u2013 Buffalo Leather Apron \u2013 Regulator Set<\/strong><\/p>\n<p><strong>Swedish-made in carbon steel \u2013 Same features and manufacturing as the Captain&#039;s original<\/strong><span style=\"color: #ff6600;\"><br \/>\n<\/span><\/p>\n<ul>\n<li>Ergonomic working height 90 cm<\/li>\n<li>Powerful burner with two rings<\/li>\n<li>4 mm cupped steel of the best quality<\/li>\n<li>The market&#039;s best wind protection<\/li>\n<li>3 stable legs<\/li>\n<li>Cutting boards in 20 mm stick-glued oak (optional)<\/li>\n<li>100% waterproof and UV resistant and cover (optional)<\/li>\n<li>Free shipping<\/li>\n<\/ul>\n<p>&nbsp;<\/p>","protected":false},"featured_media":126343,"comment_status":"open","ping_status":"closed","template":"","meta":{"_acf_changed":false,"wprm-recipe-roundup-name":"","wprm-recipe-roundup-description":"","_monsterinsights_skip_tracking":false,"_monsterinsights_sitenote_active":false,"_monsterinsights_sitenote_note":"","_monsterinsights_sitenote_category":0},"product_brand":[],"product_cat":[23,953],"product_tag":[29,25],"class_list":{"0":"post-126267","1":"product","2":"type-product","3":"status-publish","4":"has-post-thumbnail","6":"product_cat-stekhall","7":"product_cat-stekhallar","8":"product_tag-kaptenmat","9":"product_tag-stekhall","11":"first","12":"instock","13":"taxable","14":"shipping-taxable","15":"purchasable","16":"product-type-simple"},"bundled_by":[],"bundle_stock_status":"instock","bundle_stock_quantity":1,"bundle_virtual":false,"bundle_layout":"","bundle_add_to_cart_form_location":"","bundle_editable_in_cart":false,"bundle_sold_individually_context":"","bundle_item_grouping":"","bundle_min_size":"","bundle_max_size":"","bundle_price":[],"bundled_items":[],"bundle_sell_ids":[],"acf":[],"yoast_head":"<!-- This site is optimized with the Yoast SEO plugin v26.3 - https:\/\/yoast.com\/wordpress\/plugins\/seo\/ -->\n<title>Stekh\u00e4ll gasol 60 cm - Kaptenmat<\/title>\n<meta name=\"robots\" content=\"index, follow, max-snippet:-1, max-image-preview:large, max-video-preview:-1\" \/>\n<link rel=\"canonical\" href=\"https:\/\/kaptenmat.se\/en\/product\/kaptenens-stekhall-60-cm-original-inkl-brannare\/\" \/>\n<meta property=\"og:locale\" content=\"en_GB\" \/>\n<meta property=\"og:type\" content=\"article\" \/>\n<meta property=\"og:title\" content=\"Stekh\u00e4ll gasol 60 cm - Kaptenmat\" \/>\n<meta property=\"og:description\" content=\"April Erbjudande - Kaptenens signerade kokbok - F\u00f6rkl\u00e4de i buffelskinn - Regulatorset  Svensktillverkad i kolst\u00e5l - Samma egenskaper och tillverkning som Kaptenens original    Ergonomisk arbetsh\u00f6jd 90 cm  Kraftfull br\u00e4nnare med tv\u00e5 ringar  4 mm kupat st\u00e5l av b\u00e4sta kvalitet  Marknadens b\u00e4sta vindskydd  3 stabila ben  Sk\u00e4rbr\u00e4dor i 20 mm stavlimmad ek (tillval)  100% vattent\u00e4tt och UV-best\u00e4ndigt och \u00f6verdrag (tillval)  Fri frakt  &nbsp;\" \/>\n<meta property=\"og:url\" content=\"https:\/\/kaptenmat.se\/en\/product\/kaptenens-stekhall-60-cm-original-inkl-brannare\/\" \/>\n<meta property=\"og:site_name\" content=\"Kaptenmat\" \/>\n<meta property=\"article:modified_time\" content=\"2026-04-23T14:43:15+00:00\" \/>\n<meta property=\"og:image\" content=\"https:\/\/kaptenmat.se\/wp-content\/uploads\/2024\/04\/Kaptenmat-2404150026_2-scaled.jpg\" \/>\n\t<meta property=\"og:image:width\" content=\"2560\" \/>\n\t<meta property=\"og:image:height\" content=\"2560\" \/>\n\t<meta property=\"og:image:type\" content=\"image\/jpeg\" \/>\n<meta name=\"twitter:card\" content=\"summary_large_image\" \/>\n<meta name=\"twitter:label1\" content=\"Estimated reading time\" \/>\n\t<meta name=\"twitter:data1\" content=\"1 minute\" \/>\n<script type=\"application\/ld+json\" class=\"yoast-schema-graph\">{\"@context\":\"https:\/\/schema.org\",\"@graph\":[{\"@type\":\"WebPage\",\"@id\":\"https:\/\/kaptenmat.se\/produkt\/kaptenens-stekhall-60-cm-original-inkl-brannare\/\",\"url\":\"https:\/\/kaptenmat.se\/produkt\/kaptenens-stekhall-60-cm-original-inkl-brannare\/\",\"name\":\"Stekh\u00e4ll gasol 60 cm - Kaptenmat\",\"isPartOf\":{\"@id\":\"https:\/\/kaptenmat.se\/#website\"},\"primaryImageOfPage\":{\"@id\":\"https:\/\/kaptenmat.se\/produkt\/kaptenens-stekhall-60-cm-original-inkl-brannare\/#primaryimage\"},\"image\":{\"@id\":\"https:\/\/kaptenmat.se\/produkt\/kaptenens-stekhall-60-cm-original-inkl-brannare\/#primaryimage\"},\"thumbnailUrl\":\"https:\/\/kaptenmat.se\/wp-content\/uploads\/2024\/04\/Kaptenmat-2404150026_2-scaled.jpg\",\"datePublished\":\"2025-03-04T16:00:17+00:00\",\"dateModified\":\"2026-04-23T14:43:15+00:00\",\"breadcrumb\":{\"@id\":\"https:\/\/kaptenmat.se\/produkt\/kaptenens-stekhall-60-cm-original-inkl-brannare\/#breadcrumb\"},\"inLanguage\":\"en-GB\",\"potentialAction\":[{\"@type\":\"ReadAction\",\"target\":[\"https:\/\/kaptenmat.se\/produkt\/kaptenens-stekhall-60-cm-original-inkl-brannare\/\"]}]},{\"@type\":\"ImageObject\",\"inLanguage\":\"en-GB\",\"@id\":\"https:\/\/kaptenmat.se\/produkt\/kaptenens-stekhall-60-cm-original-inkl-brannare\/#primaryimage\",\"url\":\"https:\/\/kaptenmat.se\/wp-content\/uploads\/2024\/04\/Kaptenmat-2404150026_2-scaled.jpg\",\"contentUrl\":\"https:\/\/kaptenmat.se\/wp-content\/uploads\/2024\/04\/Kaptenmat-2404150026_2-scaled.jpg\",\"width\":2560,\"height\":2560},{\"@type\":\"BreadcrumbList\",\"@id\":\"https:\/\/kaptenmat.se\/produkt\/kaptenens-stekhall-60-cm-original-inkl-brannare\/#breadcrumb\",\"itemListElement\":[{\"@type\":\"ListItem\",\"position\":1,\"name\":\"Hem\",\"item\":\"https:\/\/kaptenmat.se\/\"},{\"@type\":\"ListItem\",\"position\":2,\"name\":\"Sortiment\",\"item\":\"https:\/\/kaptenmat.se\/shop\/\"},{\"@type\":\"ListItem\",\"position\":3,\"name\":\"Stekh\u00e4ll gasol 60 cm\"}]},{\"@type\":\"WebSite\",\"@id\":\"https:\/\/kaptenmat.se\/#website\",\"url\":\"https:\/\/kaptenmat.se\/\",\"name\":\"Kaptenmat\",\"description\":\"Matinspiration inom outdoor cooking.\",\"publisher\":{\"@id\":\"https:\/\/kaptenmat.se\/#organization\"},\"potentialAction\":[{\"@type\":\"SearchAction\",\"target\":{\"@type\":\"EntryPoint\",\"urlTemplate\":\"https:\/\/kaptenmat.se\/?s={search_term_string}\"},\"query-input\":{\"@type\":\"PropertyValueSpecification\",\"valueRequired\":true,\"valueName\":\"search_term_string\"}}],\"inLanguage\":\"en-GB\"},{\"@type\":\"Organization\",\"@id\":\"https:\/\/kaptenmat.se\/#organization\",\"name\":\"Kaptenmat\",\"url\":\"https:\/\/kaptenmat.se\/\",\"logo\":{\"@type\":\"ImageObject\",\"inLanguage\":\"en-GB\",\"@id\":\"https:\/\/kaptenmat.se\/#\/schema\/logo\/image\/\",\"url\":\"https:\/\/kaptenmat.se\/wp-content\/uploads\/2024\/01\/Kaptenmat_350.svg\",\"contentUrl\":\"https:\/\/kaptenmat.se\/wp-content\/uploads\/2024\/01\/Kaptenmat_350.svg\",\"width\":1,\"height\":1,\"caption\":\"Kaptenmat\"},\"image\":{\"@id\":\"https:\/\/kaptenmat.se\/#\/schema\/logo\/image\/\"}}]}<\/script>\n<!-- \/ Yoast SEO plugin. -->","yoast_head_json":{"title":"Stekh\u00e4ll gasol 60 cm - Kaptenmat","robots":{"index":"index","follow":"follow","max-snippet":"max-snippet:-1","max-image-preview":"max-image-preview:large","max-video-preview":"max-video-preview:-1"},"canonical":"https:\/\/kaptenmat.se\/en\/product\/kaptenens-stekhall-60-cm-original-inkl-brannare\/","og_locale":"en_GB","og_type":"article","og_title":"Stekh\u00e4ll gasol 60 cm - Kaptenmat","og_description":"April Erbjudande - Kaptenens signerade kokbok - F\u00f6rkl\u00e4de i buffelskinn - Regulatorset  Svensktillverkad i kolst\u00e5l - Samma egenskaper och tillverkning som Kaptenens original    Ergonomisk arbetsh\u00f6jd 90 cm  Kraftfull br\u00e4nnare med tv\u00e5 ringar  4 mm kupat st\u00e5l av b\u00e4sta kvalitet  Marknadens b\u00e4sta vindskydd  3 stabila ben  Sk\u00e4rbr\u00e4dor i 20 mm stavlimmad ek (tillval)  100% vattent\u00e4tt och UV-best\u00e4ndigt och \u00f6verdrag (tillval)  Fri frakt  &nbsp;","og_url":"https:\/\/kaptenmat.se\/en\/product\/kaptenens-stekhall-60-cm-original-inkl-brannare\/","og_site_name":"Kaptenmat","article_modified_time":"2026-04-23T14:43:15+00:00","og_image":[{"width":2560,"height":2560,"url":"https:\/\/kaptenmat.se\/wp-content\/uploads\/2024\/04\/Kaptenmat-2404150026_2-scaled.jpg","type":"image\/jpeg"}],"twitter_card":"summary_large_image","twitter_misc":{"Estimated reading time":"1 minute"},"schema":{"@context":"https:\/\/schema.org","@graph":[{"@type":"WebPage","@id":"https:\/\/kaptenmat.se\/produkt\/kaptenens-stekhall-60-cm-original-inkl-brannare\/","url":"https:\/\/kaptenmat.se\/produkt\/kaptenens-stekhall-60-cm-original-inkl-brannare\/","name":"Stekh\u00e4ll gasol 60 cm - Kaptenmat","isPartOf":{"@id":"https:\/\/kaptenmat.se\/#website"},"primaryImageOfPage":{"@id":"https:\/\/kaptenmat.se\/produkt\/kaptenens-stekhall-60-cm-original-inkl-brannare\/#primaryimage"},"image":{"@id":"https:\/\/kaptenmat.se\/produkt\/kaptenens-stekhall-60-cm-original-inkl-brannare\/#primaryimage"},"thumbnailUrl":"https:\/\/kaptenmat.se\/wp-content\/uploads\/2024\/04\/Kaptenmat-2404150026_2-scaled.jpg","datePublished":"2025-03-04T16:00:17+00:00","dateModified":"2026-04-23T14:43:15+00:00","breadcrumb":{"@id":"https:\/\/kaptenmat.se\/produkt\/kaptenens-stekhall-60-cm-original-inkl-brannare\/#breadcrumb"},"inLanguage":"en-GB","potentialAction":[{"@type":"ReadAction","target":["https:\/\/kaptenmat.se\/produkt\/kaptenens-stekhall-60-cm-original-inkl-brannare\/"]}]},{"@type":"ImageObject","inLanguage":"en-GB","@id":"https:\/\/kaptenmat.se\/produkt\/kaptenens-stekhall-60-cm-original-inkl-brannare\/#primaryimage","url":"https:\/\/kaptenmat.se\/wp-content\/uploads\/2024\/04\/Kaptenmat-2404150026_2-scaled.jpg","contentUrl":"https:\/\/kaptenmat.se\/wp-content\/uploads\/2024\/04\/Kaptenmat-2404150026_2-scaled.jpg","width":2560,"height":2560},{"@type":"BreadcrumbList","@id":"https:\/\/kaptenmat.se\/produkt\/kaptenens-stekhall-60-cm-original-inkl-brannare\/#breadcrumb","itemListElement":[{"@type":"ListItem","position":1,"name":"Hem","item":"https:\/\/kaptenmat.se\/"},{"@type":"ListItem","position":2,"name":"Sortiment","item":"https:\/\/kaptenmat.se\/shop\/"},{"@type":"ListItem","position":3,"name":"Stekh\u00e4ll gasol 60 cm"}]},{"@type":"WebSite","@id":"https:\/\/kaptenmat.se\/#website","url":"https:\/\/kaptenmat.se\/","name":"Kaptenmat","description":"Matinspiration inom outdoor cooking.","publisher":{"@id":"https:\/\/kaptenmat.se\/#organization"},"potentialAction":[{"@type":"SearchAction","target":{"@type":"EntryPoint","urlTemplate":"https:\/\/kaptenmat.se\/?s={search_term_string}"},"query-input":{"@type":"PropertyValueSpecification","valueRequired":true,"valueName":"search_term_string"}}],"inLanguage":"en-GB"},{"@type":"Organization","@id":"https:\/\/kaptenmat.se\/#organization","name":"Kaptenmat","url":"https:\/\/kaptenmat.se\/","logo":{"@type":"ImageObject","inLanguage":"en-GB","@id":"https:\/\/kaptenmat.se\/#\/schema\/logo\/image\/","url":"https:\/\/kaptenmat.se\/wp-content\/uploads\/2024\/01\/Kaptenmat_350.svg","contentUrl":"https:\/\/kaptenmat.se\/wp-content\/uploads\/2024\/01\/Kaptenmat_350.svg","width":1,"height":1,"caption":"Kaptenmat"},"image":{"@id":"https:\/\/kaptenmat.se\/#\/schema\/logo\/image\/"}}]}},"_links":{"self":[{"href":"https:\/\/kaptenmat.se\/en\/wp-json\/wp\/v2\/product\/126267","targetHints":{"allow":["GET"]}}],"collection":[{"href":"https:\/\/kaptenmat.se\/en\/wp-json\/wp\/v2\/product"}],"about":[{"href":"https:\/\/kaptenmat.se\/en\/wp-json\/wp\/v2\/types\/product"}],"replies":[{"embeddable":true,"href":"https:\/\/kaptenmat.se\/en\/wp-json\/wp\/v2\/comments?post=126267"}],"wp:featuredmedia":[{"embeddable":true,"href":"https:\/\/kaptenmat.se\/en\/wp-json\/wp\/v2\/media\/126343"}],"wp:attachment":[{"href":"https:\/\/kaptenmat.se\/en\/wp-json\/wp\/v2\/media?parent=126267"}],"wp:term":[{"taxonomy":"product_brand","embeddable":true,"href":"https:\/\/kaptenmat.se\/en\/wp-json\/wp\/v2\/product_brand?post=126267"},{"taxonomy":"product_cat","embeddable":true,"href":"https:\/\/kaptenmat.se\/en\/wp-json\/wp\/v2\/product_cat?post=126267"},{"taxonomy":"product_tag","embeddable":true,"href":"https:\/\/kaptenmat.se\/en\/wp-json\/wp\/v2\/product_tag?post=126267"}],"curies":[{"name":"wp","href":"https:\/\/api.w.org\/{rel}","templated":true}]}}