{"id":126330,"date":"2024-04-28T11:17:03","date_gmt":"2024-04-28T11:17:03","guid":{"rendered":"https:\/\/kaptenmat.se\/?post_type=product&#038;p=126330"},"modified":"2026-04-05T02:43:16","modified_gmt":"2026-04-05T02:43:16","slug":"skarbrada-i-stavlimmad-ek-till-60-cm-stekhall","status":"publish","type":"product","link":"https:\/\/kaptenmat.se\/en\/product\/skarbrada-i-stavlimmad-ek-till-60-cm-stekhall\/","title":{"rendered":"Cutting board in rod-glued oak for a 60 cm roasting pan"},"content":{"rendered":"","protected":false},"excerpt":{"rendered":"<p>The griddle&#039;s best friend. With the cutting board you not only create a practical work surface, it is also the perfect place for you and your friends to hang out. The captain&#039;s tip is to invest in at least one cutting board because then you have space to prepare, work and hang out.<\/p>\n<p><strong>ATTENTION!<\/strong> Only suitable for Kapten Mat&#039;s frying pan.<\/p>","protected":false},"featured_media":126279,"comment_status":"open","ping_status":"closed","template":"","meta":{"_acf_changed":false,"wprm-recipe-roundup-name":"","wprm-recipe-roundup-description":"","_monsterinsights_skip_tracking":false,"_monsterinsights_sitenote_active":false,"_monsterinsights_sitenote_note":"","_monsterinsights_sitenote_category":0},"product_brand":[],"product_cat":[23],"product_tag":[],"class_list":{"0":"post-126330","1":"product","2":"type-product","3":"status-publish","4":"has-post-thumbnail","6":"product_cat-stekhall","8":"first","9":"instock","10":"taxable","11":"shipping-taxable","12":"purchasable","13":"product-type-simple"},"bundled_by":["130805","130809"],"bundle_stock_status":"instock","bundle_stock_quantity":11,"bundle_virtual":false,"bundle_layout":"","bundle_add_to_cart_form_location":"","bundle_editable_in_cart":false,"bundle_sold_individually_context":"","bundle_item_grouping":"","bundle_min_size":"","bundle_max_size":"","bundle_price":[],"bundled_items":[],"bundle_sell_ids":[],"acf":[],"yoast_head":"<!-- This site is optimized with the Yoast SEO plugin v26.3 - https:\/\/yoast.com\/wordpress\/plugins\/seo\/ -->\n<title>Sk\u00e4rbr\u00e4da i stavlimmad ek till 60 cm stekh\u00e4ll - Kaptenmat<\/title>\n<meta name=\"robots\" content=\"index, follow, max-snippet:-1, max-image-preview:large, max-video-preview:-1\" \/>\n<link rel=\"canonical\" href=\"https:\/\/kaptenmat.se\/en\/product\/skarbrada-i-stavlimmad-ek-till-60-cm-stekhall\/\" \/>\n<meta property=\"og:locale\" content=\"en_GB\" \/>\n<meta property=\"og:type\" content=\"article\" \/>\n<meta property=\"og:title\" content=\"Sk\u00e4rbr\u00e4da i stavlimmad ek till 60 cm stekh\u00e4ll - Kaptenmat\" \/>\n<meta property=\"og:description\" content=\"Stekh\u00e4llens b\u00e4sta kompis. Med sk\u00e4rbr\u00e4dan skapar du inte bara en praktisk arbetsyta, den \u00e4r ocks\u00e5 den perfekta platsen f\u00f6r dig och dina v\u00e4nner att h\u00e4nga vid. Kaptenens tips \u00e4r att investera i minst en sk\u00e4rbr\u00e4da f\u00f6r d\u00e5 har du plats att preppa, jobba och h\u00e4nga.  OBS! Passar endast till Kapten Mat\u2019s stekh\u00e4ll.\" \/>\n<meta property=\"og:url\" content=\"https:\/\/kaptenmat.se\/en\/product\/skarbrada-i-stavlimmad-ek-till-60-cm-stekhall\/\" \/>\n<meta property=\"og:site_name\" content=\"Kaptenmat\" \/>\n<meta property=\"article:modified_time\" content=\"2026-04-05T02:43:16+00:00\" \/>\n<meta property=\"og:image\" content=\"https:\/\/kaptenmat.se\/wp-content\/uploads\/2024\/04\/Kaptenmat-2404150050-scaled.jpg\" \/>\n\t<meta property=\"og:image:width\" content=\"2560\" \/>\n\t<meta property=\"og:image:height\" content=\"2560\" \/>\n\t<meta property=\"og:image:type\" content=\"image\/jpeg\" \/>\n<meta name=\"twitter:card\" content=\"summary_large_image\" \/>\n<meta name=\"twitter:label1\" content=\"Estimated reading time\" \/>\n\t<meta name=\"twitter:data1\" content=\"1 minute\" \/>\n<script type=\"application\/ld+json\" class=\"yoast-schema-graph\">{\"@context\":\"https:\/\/schema.org\",\"@graph\":[{\"@type\":\"WebPage\",\"@id\":\"https:\/\/kaptenmat.se\/produkt\/skarbrada-i-stavlimmad-ek-till-60-cm-stekhall\/\",\"url\":\"https:\/\/kaptenmat.se\/produkt\/skarbrada-i-stavlimmad-ek-till-60-cm-stekhall\/\",\"name\":\"Sk\u00e4rbr\u00e4da i stavlimmad ek till 60 cm stekh\u00e4ll - Kaptenmat\",\"isPartOf\":{\"@id\":\"https:\/\/kaptenmat.se\/#website\"},\"primaryImageOfPage\":{\"@id\":\"https:\/\/kaptenmat.se\/produkt\/skarbrada-i-stavlimmad-ek-till-60-cm-stekhall\/#primaryimage\"},\"image\":{\"@id\":\"https:\/\/kaptenmat.se\/produkt\/skarbrada-i-stavlimmad-ek-till-60-cm-stekhall\/#primaryimage\"},\"thumbnailUrl\":\"https:\/\/kaptenmat.se\/wp-content\/uploads\/2024\/04\/Kaptenmat-2404150050-scaled.jpg\",\"datePublished\":\"2024-04-28T11:17:03+00:00\",\"dateModified\":\"2026-04-05T02:43:16+00:00\",\"breadcrumb\":{\"@id\":\"https:\/\/kaptenmat.se\/produkt\/skarbrada-i-stavlimmad-ek-till-60-cm-stekhall\/#breadcrumb\"},\"inLanguage\":\"en-GB\",\"potentialAction\":[{\"@type\":\"ReadAction\",\"target\":[\"https:\/\/kaptenmat.se\/produkt\/skarbrada-i-stavlimmad-ek-till-60-cm-stekhall\/\"]}]},{\"@type\":\"ImageObject\",\"inLanguage\":\"en-GB\",\"@id\":\"https:\/\/kaptenmat.se\/produkt\/skarbrada-i-stavlimmad-ek-till-60-cm-stekhall\/#primaryimage\",\"url\":\"https:\/\/kaptenmat.se\/wp-content\/uploads\/2024\/04\/Kaptenmat-2404150050-scaled.jpg\",\"contentUrl\":\"https:\/\/kaptenmat.se\/wp-content\/uploads\/2024\/04\/Kaptenmat-2404150050-scaled.jpg\",\"width\":2560,\"height\":2560},{\"@type\":\"BreadcrumbList\",\"@id\":\"https:\/\/kaptenmat.se\/produkt\/skarbrada-i-stavlimmad-ek-till-60-cm-stekhall\/#breadcrumb\",\"itemListElement\":[{\"@type\":\"ListItem\",\"position\":1,\"name\":\"Hem\",\"item\":\"https:\/\/kaptenmat.se\/\"},{\"@type\":\"ListItem\",\"position\":2,\"name\":\"Sortiment\",\"item\":\"https:\/\/kaptenmat.se\/shop\/\"},{\"@type\":\"ListItem\",\"position\":3,\"name\":\"Sk\u00e4rbr\u00e4da i stavlimmad ek till 60 cm stekh\u00e4ll\"}]},{\"@type\":\"WebSite\",\"@id\":\"https:\/\/kaptenmat.se\/#website\",\"url\":\"https:\/\/kaptenmat.se\/\",\"name\":\"Kaptenmat\",\"description\":\"Matinspiration inom outdoor cooking.\",\"publisher\":{\"@id\":\"https:\/\/kaptenmat.se\/#organization\"},\"potentialAction\":[{\"@type\":\"SearchAction\",\"target\":{\"@type\":\"EntryPoint\",\"urlTemplate\":\"https:\/\/kaptenmat.se\/?s={search_term_string}\"},\"query-input\":{\"@type\":\"PropertyValueSpecification\",\"valueRequired\":true,\"valueName\":\"search_term_string\"}}],\"inLanguage\":\"en-GB\"},{\"@type\":\"Organization\",\"@id\":\"https:\/\/kaptenmat.se\/#organization\",\"name\":\"Kaptenmat\",\"url\":\"https:\/\/kaptenmat.se\/\",\"logo\":{\"@type\":\"ImageObject\",\"inLanguage\":\"en-GB\",\"@id\":\"https:\/\/kaptenmat.se\/#\/schema\/logo\/image\/\",\"url\":\"https:\/\/kaptenmat.se\/wp-content\/uploads\/2024\/01\/Kaptenmat_350.svg\",\"contentUrl\":\"https:\/\/kaptenmat.se\/wp-content\/uploads\/2024\/01\/Kaptenmat_350.svg\",\"width\":1,\"height\":1,\"caption\":\"Kaptenmat\"},\"image\":{\"@id\":\"https:\/\/kaptenmat.se\/#\/schema\/logo\/image\/\"}}]}<\/script>\n<!-- \/ Yoast SEO plugin. -->","yoast_head_json":{"title":"Sk\u00e4rbr\u00e4da i stavlimmad ek till 60 cm stekh\u00e4ll - Kaptenmat","robots":{"index":"index","follow":"follow","max-snippet":"max-snippet:-1","max-image-preview":"max-image-preview:large","max-video-preview":"max-video-preview:-1"},"canonical":"https:\/\/kaptenmat.se\/en\/product\/skarbrada-i-stavlimmad-ek-till-60-cm-stekhall\/","og_locale":"en_GB","og_type":"article","og_title":"Sk\u00e4rbr\u00e4da i stavlimmad ek till 60 cm stekh\u00e4ll - Kaptenmat","og_description":"Stekh\u00e4llens b\u00e4sta kompis. Med sk\u00e4rbr\u00e4dan skapar du inte bara en praktisk arbetsyta, den \u00e4r ocks\u00e5 den perfekta platsen f\u00f6r dig och dina v\u00e4nner att h\u00e4nga vid. Kaptenens tips \u00e4r att investera i minst en sk\u00e4rbr\u00e4da f\u00f6r d\u00e5 har du plats att preppa, jobba och h\u00e4nga.  OBS! Passar endast till Kapten Mat\u2019s stekh\u00e4ll.","og_url":"https:\/\/kaptenmat.se\/en\/product\/skarbrada-i-stavlimmad-ek-till-60-cm-stekhall\/","og_site_name":"Kaptenmat","article_modified_time":"2026-04-05T02:43:16+00:00","og_image":[{"width":2560,"height":2560,"url":"https:\/\/kaptenmat.se\/wp-content\/uploads\/2024\/04\/Kaptenmat-2404150050-scaled.jpg","type":"image\/jpeg"}],"twitter_card":"summary_large_image","twitter_misc":{"Estimated reading time":"1 minute"},"schema":{"@context":"https:\/\/schema.org","@graph":[{"@type":"WebPage","@id":"https:\/\/kaptenmat.se\/produkt\/skarbrada-i-stavlimmad-ek-till-60-cm-stekhall\/","url":"https:\/\/kaptenmat.se\/produkt\/skarbrada-i-stavlimmad-ek-till-60-cm-stekhall\/","name":"Sk\u00e4rbr\u00e4da i stavlimmad ek till 60 cm stekh\u00e4ll - Kaptenmat","isPartOf":{"@id":"https:\/\/kaptenmat.se\/#website"},"primaryImageOfPage":{"@id":"https:\/\/kaptenmat.se\/produkt\/skarbrada-i-stavlimmad-ek-till-60-cm-stekhall\/#primaryimage"},"image":{"@id":"https:\/\/kaptenmat.se\/produkt\/skarbrada-i-stavlimmad-ek-till-60-cm-stekhall\/#primaryimage"},"thumbnailUrl":"https:\/\/kaptenmat.se\/wp-content\/uploads\/2024\/04\/Kaptenmat-2404150050-scaled.jpg","datePublished":"2024-04-28T11:17:03+00:00","dateModified":"2026-04-05T02:43:16+00:00","breadcrumb":{"@id":"https:\/\/kaptenmat.se\/produkt\/skarbrada-i-stavlimmad-ek-till-60-cm-stekhall\/#breadcrumb"},"inLanguage":"en-GB","potentialAction":[{"@type":"ReadAction","target":["https:\/\/kaptenmat.se\/produkt\/skarbrada-i-stavlimmad-ek-till-60-cm-stekhall\/"]}]},{"@type":"ImageObject","inLanguage":"en-GB","@id":"https:\/\/kaptenmat.se\/produkt\/skarbrada-i-stavlimmad-ek-till-60-cm-stekhall\/#primaryimage","url":"https:\/\/kaptenmat.se\/wp-content\/uploads\/2024\/04\/Kaptenmat-2404150050-scaled.jpg","contentUrl":"https:\/\/kaptenmat.se\/wp-content\/uploads\/2024\/04\/Kaptenmat-2404150050-scaled.jpg","width":2560,"height":2560},{"@type":"BreadcrumbList","@id":"https:\/\/kaptenmat.se\/produkt\/skarbrada-i-stavlimmad-ek-till-60-cm-stekhall\/#breadcrumb","itemListElement":[{"@type":"ListItem","position":1,"name":"Hem","item":"https:\/\/kaptenmat.se\/"},{"@type":"ListItem","position":2,"name":"Sortiment","item":"https:\/\/kaptenmat.se\/shop\/"},{"@type":"ListItem","position":3,"name":"Sk\u00e4rbr\u00e4da i stavlimmad ek till 60 cm stekh\u00e4ll"}]},{"@type":"WebSite","@id":"https:\/\/kaptenmat.se\/#website","url":"https:\/\/kaptenmat.se\/","name":"Kaptenmat","description":"Matinspiration inom outdoor cooking.","publisher":{"@id":"https:\/\/kaptenmat.se\/#organization"},"potentialAction":[{"@type":"SearchAction","target":{"@type":"EntryPoint","urlTemplate":"https:\/\/kaptenmat.se\/?s={search_term_string}"},"query-input":{"@type":"PropertyValueSpecification","valueRequired":true,"valueName":"search_term_string"}}],"inLanguage":"en-GB"},{"@type":"Organization","@id":"https:\/\/kaptenmat.se\/#organization","name":"Kaptenmat","url":"https:\/\/kaptenmat.se\/","logo":{"@type":"ImageObject","inLanguage":"en-GB","@id":"https:\/\/kaptenmat.se\/#\/schema\/logo\/image\/","url":"https:\/\/kaptenmat.se\/wp-content\/uploads\/2024\/01\/Kaptenmat_350.svg","contentUrl":"https:\/\/kaptenmat.se\/wp-content\/uploads\/2024\/01\/Kaptenmat_350.svg","width":1,"height":1,"caption":"Kaptenmat"},"image":{"@id":"https:\/\/kaptenmat.se\/#\/schema\/logo\/image\/"}}]}},"_links":{"self":[{"href":"https:\/\/kaptenmat.se\/en\/wp-json\/wp\/v2\/product\/126330","targetHints":{"allow":["GET"]}}],"collection":[{"href":"https:\/\/kaptenmat.se\/en\/wp-json\/wp\/v2\/product"}],"about":[{"href":"https:\/\/kaptenmat.se\/en\/wp-json\/wp\/v2\/types\/product"}],"replies":[{"embeddable":true,"href":"https:\/\/kaptenmat.se\/en\/wp-json\/wp\/v2\/comments?post=126330"}],"wp:featuredmedia":[{"embeddable":true,"href":"https:\/\/kaptenmat.se\/en\/wp-json\/wp\/v2\/media\/126279"}],"wp:attachment":[{"href":"https:\/\/kaptenmat.se\/en\/wp-json\/wp\/v2\/media?parent=126330"}],"wp:term":[{"taxonomy":"product_brand","embeddable":true,"href":"https:\/\/kaptenmat.se\/en\/wp-json\/wp\/v2\/product_brand?post=126330"},{"taxonomy":"product_cat","embeddable":true,"href":"https:\/\/kaptenmat.se\/en\/wp-json\/wp\/v2\/product_cat?post=126330"},{"taxonomy":"product_tag","embeddable":true,"href":"https:\/\/kaptenmat.se\/en\/wp-json\/wp\/v2\/product_tag?post=126330"}],"curies":[{"name":"wp","href":"https:\/\/api.w.org\/{rel}","templated":true}]}}