{"id":126334,"date":"2024-04-29T04:28:39","date_gmt":"2024-04-29T04:28:39","guid":{"rendered":"https:\/\/kaptenmat.se\/?post_type=product&#038;p=126334"},"modified":"2026-04-03T14:43:12","modified_gmt":"2026-04-03T14:43:12","slug":"regulatorset-30-mbar-med-1-5-meter-slang","status":"publish","type":"product","link":"https:\/\/kaptenmat.se\/en\/product\/regulatorset-30-mbar-med-1-5-meter-slang\/","title":{"rendered":"Regulator set, 50 Mb"},"content":{"rendered":"<p>F\u00f6r svenska gasolflaskor.\u00a0 1,5 meter slang<\/p>","protected":false},"excerpt":{"rendered":"<p class=\"\" data-start=\"168\" data-end=\"380\">A complete regulator set for those who want to cook outdoors with full control and safety.<br data-start=\"259\" data-end=\"262\" \/>Perfect for everyone <strong data-start=\"280\" data-end=\"323\">frying pan set, Muurikka and gas burner<\/strong>\u00a0\u2013 but also fits other equipment with the same connection.<\/p>\n<p class=\"\" data-start=\"382\" data-end=\"571\">\u2705\u00a0<strong data-start=\"384\" data-end=\"398\">CE approved<\/strong>\u00a0for safe use<br data-start=\"436\" data-end=\"439\" \/>\u2705\u00a0<strong data-start=\"441\" data-end=\"462\">Easy to assemble<\/strong>\u00a0\u2013 fits directly to Swedish gas cylinders<br data-start=\"504\" data-end=\"507\" \/>\u2705\u00a0<strong data-start=\"509\" data-end=\"531\">1.5 meter hose<\/strong>\u00a0\u2013 gives you flexibility when cooking<\/p>\n<p class=\"\" data-start=\"573\" data-end=\"588\"><strong data-start=\"573\" data-end=\"586\">Content:<\/strong><\/p>\n<ul data-start=\"589\" data-end=\"663\">\n<li class=\"\" data-start=\"589\" data-end=\"610\">\n<p class=\"\" data-start=\"591\" data-end=\"610\">Regulator 50 mBar<\/p>\n<\/li>\n<li class=\"\" data-start=\"611\" data-end=\"643\">\n<p class=\"\" data-start=\"613\" data-end=\"643\">1.5 meter gas hose<\/p>\n<\/li>\n<li class=\"\" data-start=\"644\" data-end=\"663\">\n<p class=\"\" data-start=\"646\" data-end=\"663\">2 hose clamps<\/p>\n<\/li>\n<\/ul>","protected":false},"featured_media":624,"comment_status":"open","ping_status":"closed","template":"","meta":{"_acf_changed":false,"wprm-recipe-roundup-name":"","wprm-recipe-roundup-description":"","_monsterinsights_skip_tracking":false,"_monsterinsights_sitenote_active":false,"_monsterinsights_sitenote_note":"","_monsterinsights_sitenote_category":0},"product_brand":[],"product_cat":[31],"product_tag":[],"class_list":{"0":"post-126334","1":"product","2":"type-product","3":"status-publish","4":"has-post-thumbnail","6":"product_cat-tillbehor","8":"first","9":"instock","10":"sale","11":"taxable","12":"shipping-taxable","13":"purchasable","14":"product-type-simple"},"bundled_by":[],"bundle_stock_status":"instock","bundle_stock_quantity":51,"bundle_virtual":false,"bundle_layout":"","bundle_add_to_cart_form_location":"","bundle_editable_in_cart":false,"bundle_sold_individually_context":"","bundle_item_grouping":"","bundle_min_size":"","bundle_max_size":"","bundle_price":[],"bundled_items":[],"bundle_sell_ids":[],"acf":[],"yoast_head":"<!-- This site is optimized with the Yoast SEO plugin v26.3 - https:\/\/yoast.com\/wordpress\/plugins\/seo\/ -->\n<title>Regulatorset, 50 Mb - Kaptenmat<\/title>\n<meta name=\"robots\" content=\"index, follow, max-snippet:-1, max-image-preview:large, max-video-preview:-1\" \/>\n<link rel=\"canonical\" href=\"https:\/\/kaptenmat.se\/en\/product\/regulatorset-30-mbar-med-1-5-meter-slang\/\" \/>\n<meta property=\"og:locale\" content=\"en_GB\" \/>\n<meta property=\"og:type\" content=\"article\" \/>\n<meta property=\"og:title\" content=\"Regulatorset, 50 Mb - Kaptenmat\" \/>\n<meta property=\"og:description\" content=\"Ett komplett regulatorset f\u00f6r dig som vill laga mat utomhus med full kontroll och s\u00e4kerhet.Perfekt till alla stekh\u00e4llsset , Muurikka och gasolbr\u00e4nnare\u00a0\u2013 men passar \u00e4ven annan utrustning med samma anslutning. \u2705\u00a0CE-godk\u00e4nd\u00a0f\u00f6r trygg anv\u00e4ndning\u2705\u00a0Enkel att montera\u00a0\u2013 passar direkt till svenska gasolflaskor\u2705\u00a0Slang p\u00e5 1,5 meter\u00a0\u2013 ger dig flexibilitet vid matlagningen Inneh\u00e5ll:     Regulator 50 mBar    1,5 meter gasslang    2 st slangkl\u00e4mmor\" \/>\n<meta property=\"og:url\" content=\"https:\/\/kaptenmat.se\/en\/product\/regulatorset-30-mbar-med-1-5-meter-slang\/\" \/>\n<meta property=\"og:site_name\" content=\"Kaptenmat\" \/>\n<meta property=\"article:modified_time\" content=\"2026-04-03T14:43:12+00:00\" \/>\n<meta property=\"og:image\" content=\"https:\/\/kaptenmat.se\/wp-content\/uploads\/2024\/01\/kaptenmat-04-1.jpeg\" \/>\n\t<meta property=\"og:image:width\" content=\"1574\" \/>\n\t<meta property=\"og:image:height\" content=\"1575\" \/>\n\t<meta property=\"og:image:type\" content=\"image\/jpeg\" \/>\n<meta name=\"twitter:card\" content=\"summary_large_image\" \/>\n<meta name=\"twitter:label1\" content=\"Estimated reading time\" \/>\n\t<meta name=\"twitter:data1\" content=\"1 minute\" \/>\n<script type=\"application\/ld+json\" class=\"yoast-schema-graph\">{\"@context\":\"https:\/\/schema.org\",\"@graph\":[{\"@type\":\"WebPage\",\"@id\":\"https:\/\/kaptenmat.se\/produkt\/regulatorset-30-mbar-med-1-5-meter-slang\/\",\"url\":\"https:\/\/kaptenmat.se\/produkt\/regulatorset-30-mbar-med-1-5-meter-slang\/\",\"name\":\"Regulatorset, 50 Mb - Kaptenmat\",\"isPartOf\":{\"@id\":\"https:\/\/kaptenmat.se\/#website\"},\"primaryImageOfPage\":{\"@id\":\"https:\/\/kaptenmat.se\/produkt\/regulatorset-30-mbar-med-1-5-meter-slang\/#primaryimage\"},\"image\":{\"@id\":\"https:\/\/kaptenmat.se\/produkt\/regulatorset-30-mbar-med-1-5-meter-slang\/#primaryimage\"},\"thumbnailUrl\":\"https:\/\/kaptenmat.se\/wp-content\/uploads\/2024\/01\/kaptenmat-04-1.jpeg\",\"datePublished\":\"2024-04-29T04:28:39+00:00\",\"dateModified\":\"2026-04-03T14:43:12+00:00\",\"breadcrumb\":{\"@id\":\"https:\/\/kaptenmat.se\/produkt\/regulatorset-30-mbar-med-1-5-meter-slang\/#breadcrumb\"},\"inLanguage\":\"en-GB\",\"potentialAction\":[{\"@type\":\"ReadAction\",\"target\":[\"https:\/\/kaptenmat.se\/produkt\/regulatorset-30-mbar-med-1-5-meter-slang\/\"]}]},{\"@type\":\"ImageObject\",\"inLanguage\":\"en-GB\",\"@id\":\"https:\/\/kaptenmat.se\/produkt\/regulatorset-30-mbar-med-1-5-meter-slang\/#primaryimage\",\"url\":\"https:\/\/kaptenmat.se\/wp-content\/uploads\/2024\/01\/kaptenmat-04-1.jpeg\",\"contentUrl\":\"https:\/\/kaptenmat.se\/wp-content\/uploads\/2024\/01\/kaptenmat-04-1.jpeg\",\"width\":1574,\"height\":1575},{\"@type\":\"BreadcrumbList\",\"@id\":\"https:\/\/kaptenmat.se\/produkt\/regulatorset-30-mbar-med-1-5-meter-slang\/#breadcrumb\",\"itemListElement\":[{\"@type\":\"ListItem\",\"position\":1,\"name\":\"Hem\",\"item\":\"https:\/\/kaptenmat.se\/\"},{\"@type\":\"ListItem\",\"position\":2,\"name\":\"Sortiment\",\"item\":\"https:\/\/kaptenmat.se\/shop\/\"},{\"@type\":\"ListItem\",\"position\":3,\"name\":\"Regulatorset, 50 Mb\"}]},{\"@type\":\"WebSite\",\"@id\":\"https:\/\/kaptenmat.se\/#website\",\"url\":\"https:\/\/kaptenmat.se\/\",\"name\":\"Kaptenmat\",\"description\":\"Matinspiration inom outdoor cooking.\",\"publisher\":{\"@id\":\"https:\/\/kaptenmat.se\/#organization\"},\"potentialAction\":[{\"@type\":\"SearchAction\",\"target\":{\"@type\":\"EntryPoint\",\"urlTemplate\":\"https:\/\/kaptenmat.se\/?s={search_term_string}\"},\"query-input\":{\"@type\":\"PropertyValueSpecification\",\"valueRequired\":true,\"valueName\":\"search_term_string\"}}],\"inLanguage\":\"en-GB\"},{\"@type\":\"Organization\",\"@id\":\"https:\/\/kaptenmat.se\/#organization\",\"name\":\"Kaptenmat\",\"url\":\"https:\/\/kaptenmat.se\/\",\"logo\":{\"@type\":\"ImageObject\",\"inLanguage\":\"en-GB\",\"@id\":\"https:\/\/kaptenmat.se\/#\/schema\/logo\/image\/\",\"url\":\"https:\/\/kaptenmat.se\/wp-content\/uploads\/2024\/01\/Kaptenmat_350.svg\",\"contentUrl\":\"https:\/\/kaptenmat.se\/wp-content\/uploads\/2024\/01\/Kaptenmat_350.svg\",\"width\":1,\"height\":1,\"caption\":\"Kaptenmat\"},\"image\":{\"@id\":\"https:\/\/kaptenmat.se\/#\/schema\/logo\/image\/\"}}]}<\/script>\n<!-- \/ Yoast SEO plugin. -->","yoast_head_json":{"title":"Regulatorset, 50 Mb - Kaptenmat","robots":{"index":"index","follow":"follow","max-snippet":"max-snippet:-1","max-image-preview":"max-image-preview:large","max-video-preview":"max-video-preview:-1"},"canonical":"https:\/\/kaptenmat.se\/en\/product\/regulatorset-30-mbar-med-1-5-meter-slang\/","og_locale":"en_GB","og_type":"article","og_title":"Regulatorset, 50 Mb - Kaptenmat","og_description":"Ett komplett regulatorset f\u00f6r dig som vill laga mat utomhus med full kontroll och s\u00e4kerhet.Perfekt till alla stekh\u00e4llsset , Muurikka och gasolbr\u00e4nnare\u00a0\u2013 men passar \u00e4ven annan utrustning med samma anslutning. \u2705\u00a0CE-godk\u00e4nd\u00a0f\u00f6r trygg anv\u00e4ndning\u2705\u00a0Enkel att montera\u00a0\u2013 passar direkt till svenska gasolflaskor\u2705\u00a0Slang p\u00e5 1,5 meter\u00a0\u2013 ger dig flexibilitet vid matlagningen Inneh\u00e5ll:     Regulator 50 mBar    1,5 meter gasslang    2 st slangkl\u00e4mmor","og_url":"https:\/\/kaptenmat.se\/en\/product\/regulatorset-30-mbar-med-1-5-meter-slang\/","og_site_name":"Kaptenmat","article_modified_time":"2026-04-03T14:43:12+00:00","og_image":[{"width":1574,"height":1575,"url":"https:\/\/kaptenmat.se\/wp-content\/uploads\/2024\/01\/kaptenmat-04-1.jpeg","type":"image\/jpeg"}],"twitter_card":"summary_large_image","twitter_misc":{"Estimated reading time":"1 minute"},"schema":{"@context":"https:\/\/schema.org","@graph":[{"@type":"WebPage","@id":"https:\/\/kaptenmat.se\/produkt\/regulatorset-30-mbar-med-1-5-meter-slang\/","url":"https:\/\/kaptenmat.se\/produkt\/regulatorset-30-mbar-med-1-5-meter-slang\/","name":"Regulatorset, 50 Mb - Kaptenmat","isPartOf":{"@id":"https:\/\/kaptenmat.se\/#website"},"primaryImageOfPage":{"@id":"https:\/\/kaptenmat.se\/produkt\/regulatorset-30-mbar-med-1-5-meter-slang\/#primaryimage"},"image":{"@id":"https:\/\/kaptenmat.se\/produkt\/regulatorset-30-mbar-med-1-5-meter-slang\/#primaryimage"},"thumbnailUrl":"https:\/\/kaptenmat.se\/wp-content\/uploads\/2024\/01\/kaptenmat-04-1.jpeg","datePublished":"2024-04-29T04:28:39+00:00","dateModified":"2026-04-03T14:43:12+00:00","breadcrumb":{"@id":"https:\/\/kaptenmat.se\/produkt\/regulatorset-30-mbar-med-1-5-meter-slang\/#breadcrumb"},"inLanguage":"en-GB","potentialAction":[{"@type":"ReadAction","target":["https:\/\/kaptenmat.se\/produkt\/regulatorset-30-mbar-med-1-5-meter-slang\/"]}]},{"@type":"ImageObject","inLanguage":"en-GB","@id":"https:\/\/kaptenmat.se\/produkt\/regulatorset-30-mbar-med-1-5-meter-slang\/#primaryimage","url":"https:\/\/kaptenmat.se\/wp-content\/uploads\/2024\/01\/kaptenmat-04-1.jpeg","contentUrl":"https:\/\/kaptenmat.se\/wp-content\/uploads\/2024\/01\/kaptenmat-04-1.jpeg","width":1574,"height":1575},{"@type":"BreadcrumbList","@id":"https:\/\/kaptenmat.se\/produkt\/regulatorset-30-mbar-med-1-5-meter-slang\/#breadcrumb","itemListElement":[{"@type":"ListItem","position":1,"name":"Hem","item":"https:\/\/kaptenmat.se\/"},{"@type":"ListItem","position":2,"name":"Sortiment","item":"https:\/\/kaptenmat.se\/shop\/"},{"@type":"ListItem","position":3,"name":"Regulatorset, 50 Mb"}]},{"@type":"WebSite","@id":"https:\/\/kaptenmat.se\/#website","url":"https:\/\/kaptenmat.se\/","name":"Kaptenmat","description":"Matinspiration inom outdoor cooking.","publisher":{"@id":"https:\/\/kaptenmat.se\/#organization"},"potentialAction":[{"@type":"SearchAction","target":{"@type":"EntryPoint","urlTemplate":"https:\/\/kaptenmat.se\/?s={search_term_string}"},"query-input":{"@type":"PropertyValueSpecification","valueRequired":true,"valueName":"search_term_string"}}],"inLanguage":"en-GB"},{"@type":"Organization","@id":"https:\/\/kaptenmat.se\/#organization","name":"Kaptenmat","url":"https:\/\/kaptenmat.se\/","logo":{"@type":"ImageObject","inLanguage":"en-GB","@id":"https:\/\/kaptenmat.se\/#\/schema\/logo\/image\/","url":"https:\/\/kaptenmat.se\/wp-content\/uploads\/2024\/01\/Kaptenmat_350.svg","contentUrl":"https:\/\/kaptenmat.se\/wp-content\/uploads\/2024\/01\/Kaptenmat_350.svg","width":1,"height":1,"caption":"Kaptenmat"},"image":{"@id":"https:\/\/kaptenmat.se\/#\/schema\/logo\/image\/"}}]}},"_links":{"self":[{"href":"https:\/\/kaptenmat.se\/en\/wp-json\/wp\/v2\/product\/126334","targetHints":{"allow":["GET"]}}],"collection":[{"href":"https:\/\/kaptenmat.se\/en\/wp-json\/wp\/v2\/product"}],"about":[{"href":"https:\/\/kaptenmat.se\/en\/wp-json\/wp\/v2\/types\/product"}],"replies":[{"embeddable":true,"href":"https:\/\/kaptenmat.se\/en\/wp-json\/wp\/v2\/comments?post=126334"}],"wp:featuredmedia":[{"embeddable":true,"href":"https:\/\/kaptenmat.se\/en\/wp-json\/wp\/v2\/media\/624"}],"wp:attachment":[{"href":"https:\/\/kaptenmat.se\/en\/wp-json\/wp\/v2\/media?parent=126334"}],"wp:term":[{"taxonomy":"product_brand","embeddable":true,"href":"https:\/\/kaptenmat.se\/en\/wp-json\/wp\/v2\/product_brand?post=126334"},{"taxonomy":"product_cat","embeddable":true,"href":"https:\/\/kaptenmat.se\/en\/wp-json\/wp\/v2\/product_cat?post=126334"},{"taxonomy":"product_tag","embeddable":true,"href":"https:\/\/kaptenmat.se\/en\/wp-json\/wp\/v2\/product_tag?post=126334"}],"curies":[{"name":"wp","href":"https:\/\/api.w.org\/{rel}","templated":true}]}}