{"id":126698,"date":"2024-05-28T08:04:58","date_gmt":"2024-05-28T08:04:58","guid":{"rendered":"https:\/\/kaptenmat.se\/?post_type=product&#038;p=126698"},"modified":"2026-04-17T02:43:12","modified_gmt":"2026-04-17T02:43:12","slug":"vattentatt-overdrag-for-alla-stekhallar-upp-till-60-cm","status":"publish","type":"product","link":"https:\/\/kaptenmat.se\/en\/product\/vattentatt-overdrag-for-alla-stekhallar-upp-till-60-cm\/","title":{"rendered":"Cover for frying pan 60 cm \u2013 100 % waterproof &amp; built for Nordic climate"},"content":{"rendered":"","protected":false},"excerpt":{"rendered":"<p data-start=\"382\" data-end=\"603\">Protect your griddle investment with a <strong data-start=\"422\" data-end=\"453\">top-class premium cover<\/strong>Made in <strong data-start=\"468\" data-end=\"492\">super strong Finnish fabric<\/strong> and <strong data-start=\"497\" data-end=\"518\">sewn in Sm\u00e5land<\/strong>, this protection is made to withstand <strong data-start=\"558\" data-end=\"602\">all seasons \u2013 rain, snow, sun and wind<\/strong>.<\/p>\n<p data-start=\"605\" data-end=\"850\">\u2705 <strong data-start=\"607\" data-end=\"627\">100 % waterproof<\/strong><br data-start=\"627\" data-end=\"630\" \/>\u2705 <strong data-start=\"632\" data-end=\"658\">UV-resistant material<\/strong> \u2013 does not fade in the sun<br data-start=\"679\" data-end=\"682\" \/>\u2705 <strong data-start=\"684\" data-end=\"712\">Also fits other brands<\/strong>, such as <strong data-start=\"724\" data-end=\"736\">Muurikka<\/strong><br data-start=\"736\" data-end=\"739\" \/>\u2705 <strong data-start=\"741\" data-end=\"769\">Durable &amp; weatherproof<\/strong> \u2013 designed for long life<br data-start=\"799\" data-end=\"802\" data-is-only-node=\"\" \/>\u2705 <strong data-start=\"804\" data-end=\"824\">Swedish craftsmanship<\/strong> \u2013 made with care<\/p>\n<p data-start=\"852\" data-end=\"997\">This isn&#039;t just a cover - it&#039;s a <strong data-start=\"898\" data-end=\"929\">insurance for your frying pan<\/strong>, whether you use it year-round or store it outdoors.<\/p>","protected":false},"featured_media":126275,"comment_status":"open","ping_status":"closed","template":"","meta":{"_acf_changed":false,"wprm-recipe-roundup-name":"","wprm-recipe-roundup-description":"","_monsterinsights_skip_tracking":false,"_monsterinsights_sitenote_active":false,"_monsterinsights_sitenote_note":"","_monsterinsights_sitenote_category":0},"product_brand":[],"product_cat":[23],"product_tag":[],"class_list":{"0":"post-126698","1":"product","2":"type-product","3":"status-publish","4":"has-post-thumbnail","6":"product_cat-stekhall","8":"first","9":"instock","10":"taxable","11":"shipping-taxable","12":"purchasable","13":"product-type-simple"},"bundled_by":[],"bundle_stock_status":"instock","bundle_stock_quantity":16,"bundle_virtual":false,"bundle_layout":"","bundle_add_to_cart_form_location":"","bundle_editable_in_cart":false,"bundle_sold_individually_context":"","bundle_item_grouping":"","bundle_min_size":"","bundle_max_size":"","bundle_price":[],"bundled_items":[],"bundle_sell_ids":[],"acf":[],"yoast_head":"<!-- This site is optimized with the Yoast SEO plugin v26.3 - https:\/\/yoast.com\/wordpress\/plugins\/seo\/ -->\n<title>\u00d6verdrag till stekh\u00e4ll 60 cm \u2013 100\u202f% vattent\u00e4tt &amp; byggt f\u00f6r nordiskt klimat - Kaptenmat<\/title>\n<meta name=\"robots\" content=\"index, follow, max-snippet:-1, max-image-preview:large, max-video-preview:-1\" \/>\n<link rel=\"canonical\" href=\"https:\/\/kaptenmat.se\/en\/product\/vattentatt-overdrag-for-alla-stekhallar-upp-till-60-cm\/\" \/>\n<meta property=\"og:locale\" content=\"en_GB\" \/>\n<meta property=\"og:type\" content=\"article\" \/>\n<meta property=\"og:title\" content=\"\u00d6verdrag till stekh\u00e4ll 60 cm \u2013 100\u202f% vattent\u00e4tt &amp; byggt f\u00f6r nordiskt klimat - Kaptenmat\" \/>\n<meta property=\"og:description\" content=\"Skydda din stekh\u00e4llsinvestering med ett premium\u00f6verdrag i toppklass. Tillverkat i superstark finsk v\u00e4v och uppsytt i Sm\u00e5land, \u00e4r det h\u00e4r skyddet gjort f\u00f6r att t\u00e5la alla \u00e5rstider \u2013 regn, sn\u00f6, sol och bl\u00e5st. \u2705 100\u202f% vattent\u00e4tt\u2705 UV-best\u00e4ndigt material \u2013 bleks inte i solen\u2705 Passar \u00e4ven andra m\u00e4rken, som t.ex. Muurikka\u2705 Slitstarkt &amp; v\u00e4dert\u00e5ligt \u2013 designat f\u00f6r l\u00e5ng livsl\u00e4ngd\u2705 Svenskt hantverk \u2013 tillverkat med omsorg Det h\u00e4r \u00e4r inte bara ett \u00f6verdrag \u2013 det \u00e4r en f\u00f6rs\u00e4kring f\u00f6r din stekh\u00e4ll, oavsett om du anv\u00e4nder den \u00e5ret runt eller f\u00f6rvarar den utomhus.\" \/>\n<meta property=\"og:url\" content=\"https:\/\/kaptenmat.se\/en\/product\/vattentatt-overdrag-for-alla-stekhallar-upp-till-60-cm\/\" \/>\n<meta property=\"og:site_name\" content=\"Kaptenmat\" \/>\n<meta property=\"article:modified_time\" content=\"2026-04-17T02:43:12+00:00\" \/>\n<meta property=\"og:image\" content=\"https:\/\/kaptenmat.se\/wp-content\/uploads\/2024\/04\/Kaptenmat-2404150031-scaled.jpg\" \/>\n\t<meta property=\"og:image:width\" content=\"2560\" \/>\n\t<meta property=\"og:image:height\" content=\"2560\" \/>\n\t<meta property=\"og:image:type\" content=\"image\/jpeg\" \/>\n<meta name=\"twitter:card\" content=\"summary_large_image\" \/>\n<meta name=\"twitter:label1\" content=\"Estimated reading time\" \/>\n\t<meta name=\"twitter:data1\" content=\"1 minute\" \/>\n<script type=\"application\/ld+json\" class=\"yoast-schema-graph\">{\"@context\":\"https:\/\/schema.org\",\"@graph\":[{\"@type\":\"WebPage\",\"@id\":\"https:\/\/kaptenmat.se\/produkt\/vattentatt-overdrag-for-alla-stekhallar-upp-till-60-cm\/\",\"url\":\"https:\/\/kaptenmat.se\/produkt\/vattentatt-overdrag-for-alla-stekhallar-upp-till-60-cm\/\",\"name\":\"\u00d6verdrag till stekh\u00e4ll 60 cm \u2013 100\u202f% vattent\u00e4tt & byggt f\u00f6r nordiskt klimat - Kaptenmat\",\"isPartOf\":{\"@id\":\"https:\/\/kaptenmat.se\/#website\"},\"primaryImageOfPage\":{\"@id\":\"https:\/\/kaptenmat.se\/produkt\/vattentatt-overdrag-for-alla-stekhallar-upp-till-60-cm\/#primaryimage\"},\"image\":{\"@id\":\"https:\/\/kaptenmat.se\/produkt\/vattentatt-overdrag-for-alla-stekhallar-upp-till-60-cm\/#primaryimage\"},\"thumbnailUrl\":\"https:\/\/kaptenmat.se\/wp-content\/uploads\/2024\/04\/Kaptenmat-2404150031-scaled.jpg\",\"datePublished\":\"2024-05-28T08:04:58+00:00\",\"dateModified\":\"2026-04-17T02:43:12+00:00\",\"breadcrumb\":{\"@id\":\"https:\/\/kaptenmat.se\/produkt\/vattentatt-overdrag-for-alla-stekhallar-upp-till-60-cm\/#breadcrumb\"},\"inLanguage\":\"en-GB\",\"potentialAction\":[{\"@type\":\"ReadAction\",\"target\":[\"https:\/\/kaptenmat.se\/produkt\/vattentatt-overdrag-for-alla-stekhallar-upp-till-60-cm\/\"]}]},{\"@type\":\"ImageObject\",\"inLanguage\":\"en-GB\",\"@id\":\"https:\/\/kaptenmat.se\/produkt\/vattentatt-overdrag-for-alla-stekhallar-upp-till-60-cm\/#primaryimage\",\"url\":\"https:\/\/kaptenmat.se\/wp-content\/uploads\/2024\/04\/Kaptenmat-2404150031-scaled.jpg\",\"contentUrl\":\"https:\/\/kaptenmat.se\/wp-content\/uploads\/2024\/04\/Kaptenmat-2404150031-scaled.jpg\",\"width\":2560,\"height\":2560},{\"@type\":\"BreadcrumbList\",\"@id\":\"https:\/\/kaptenmat.se\/produkt\/vattentatt-overdrag-for-alla-stekhallar-upp-till-60-cm\/#breadcrumb\",\"itemListElement\":[{\"@type\":\"ListItem\",\"position\":1,\"name\":\"Hem\",\"item\":\"https:\/\/kaptenmat.se\/\"},{\"@type\":\"ListItem\",\"position\":2,\"name\":\"Sortiment\",\"item\":\"https:\/\/kaptenmat.se\/shop\/\"},{\"@type\":\"ListItem\",\"position\":3,\"name\":\"\u00d6verdrag till stekh\u00e4ll 60 cm \u2013 100\u202f% vattent\u00e4tt &#038; byggt f\u00f6r nordiskt klimat\"}]},{\"@type\":\"WebSite\",\"@id\":\"https:\/\/kaptenmat.se\/#website\",\"url\":\"https:\/\/kaptenmat.se\/\",\"name\":\"Kaptenmat\",\"description\":\"Matinspiration inom outdoor cooking.\",\"publisher\":{\"@id\":\"https:\/\/kaptenmat.se\/#organization\"},\"potentialAction\":[{\"@type\":\"SearchAction\",\"target\":{\"@type\":\"EntryPoint\",\"urlTemplate\":\"https:\/\/kaptenmat.se\/?s={search_term_string}\"},\"query-input\":{\"@type\":\"PropertyValueSpecification\",\"valueRequired\":true,\"valueName\":\"search_term_string\"}}],\"inLanguage\":\"en-GB\"},{\"@type\":\"Organization\",\"@id\":\"https:\/\/kaptenmat.se\/#organization\",\"name\":\"Kaptenmat\",\"url\":\"https:\/\/kaptenmat.se\/\",\"logo\":{\"@type\":\"ImageObject\",\"inLanguage\":\"en-GB\",\"@id\":\"https:\/\/kaptenmat.se\/#\/schema\/logo\/image\/\",\"url\":\"https:\/\/kaptenmat.se\/wp-content\/uploads\/2024\/01\/Kaptenmat_350.svg\",\"contentUrl\":\"https:\/\/kaptenmat.se\/wp-content\/uploads\/2024\/01\/Kaptenmat_350.svg\",\"width\":1,\"height\":1,\"caption\":\"Kaptenmat\"},\"image\":{\"@id\":\"https:\/\/kaptenmat.se\/#\/schema\/logo\/image\/\"}}]}<\/script>\n<!-- \/ Yoast SEO plugin. -->","yoast_head_json":{"title":"\u00d6verdrag till stekh\u00e4ll 60 cm \u2013 100\u202f% vattent\u00e4tt & byggt f\u00f6r nordiskt klimat - Kaptenmat","robots":{"index":"index","follow":"follow","max-snippet":"max-snippet:-1","max-image-preview":"max-image-preview:large","max-video-preview":"max-video-preview:-1"},"canonical":"https:\/\/kaptenmat.se\/en\/product\/vattentatt-overdrag-for-alla-stekhallar-upp-till-60-cm\/","og_locale":"en_GB","og_type":"article","og_title":"\u00d6verdrag till stekh\u00e4ll 60 cm \u2013 100\u202f% vattent\u00e4tt & byggt f\u00f6r nordiskt klimat - Kaptenmat","og_description":"Skydda din stekh\u00e4llsinvestering med ett premium\u00f6verdrag i toppklass. Tillverkat i superstark finsk v\u00e4v och uppsytt i Sm\u00e5land, \u00e4r det h\u00e4r skyddet gjort f\u00f6r att t\u00e5la alla \u00e5rstider \u2013 regn, sn\u00f6, sol och bl\u00e5st. \u2705 100\u202f% vattent\u00e4tt\u2705 UV-best\u00e4ndigt material \u2013 bleks inte i solen\u2705 Passar \u00e4ven andra m\u00e4rken, som t.ex. Muurikka\u2705 Slitstarkt &amp; v\u00e4dert\u00e5ligt \u2013 designat f\u00f6r l\u00e5ng livsl\u00e4ngd\u2705 Svenskt hantverk \u2013 tillverkat med omsorg Det h\u00e4r \u00e4r inte bara ett \u00f6verdrag \u2013 det \u00e4r en f\u00f6rs\u00e4kring f\u00f6r din stekh\u00e4ll, oavsett om du anv\u00e4nder den \u00e5ret runt eller f\u00f6rvarar den utomhus.","og_url":"https:\/\/kaptenmat.se\/en\/product\/vattentatt-overdrag-for-alla-stekhallar-upp-till-60-cm\/","og_site_name":"Kaptenmat","article_modified_time":"2026-04-17T02:43:12+00:00","og_image":[{"width":2560,"height":2560,"url":"https:\/\/kaptenmat.se\/wp-content\/uploads\/2024\/04\/Kaptenmat-2404150031-scaled.jpg","type":"image\/jpeg"}],"twitter_card":"summary_large_image","twitter_misc":{"Estimated reading time":"1 minute"},"schema":{"@context":"https:\/\/schema.org","@graph":[{"@type":"WebPage","@id":"https:\/\/kaptenmat.se\/produkt\/vattentatt-overdrag-for-alla-stekhallar-upp-till-60-cm\/","url":"https:\/\/kaptenmat.se\/produkt\/vattentatt-overdrag-for-alla-stekhallar-upp-till-60-cm\/","name":"\u00d6verdrag till stekh\u00e4ll 60 cm \u2013 100\u202f% vattent\u00e4tt & byggt f\u00f6r nordiskt klimat - Kaptenmat","isPartOf":{"@id":"https:\/\/kaptenmat.se\/#website"},"primaryImageOfPage":{"@id":"https:\/\/kaptenmat.se\/produkt\/vattentatt-overdrag-for-alla-stekhallar-upp-till-60-cm\/#primaryimage"},"image":{"@id":"https:\/\/kaptenmat.se\/produkt\/vattentatt-overdrag-for-alla-stekhallar-upp-till-60-cm\/#primaryimage"},"thumbnailUrl":"https:\/\/kaptenmat.se\/wp-content\/uploads\/2024\/04\/Kaptenmat-2404150031-scaled.jpg","datePublished":"2024-05-28T08:04:58+00:00","dateModified":"2026-04-17T02:43:12+00:00","breadcrumb":{"@id":"https:\/\/kaptenmat.se\/produkt\/vattentatt-overdrag-for-alla-stekhallar-upp-till-60-cm\/#breadcrumb"},"inLanguage":"en-GB","potentialAction":[{"@type":"ReadAction","target":["https:\/\/kaptenmat.se\/produkt\/vattentatt-overdrag-for-alla-stekhallar-upp-till-60-cm\/"]}]},{"@type":"ImageObject","inLanguage":"en-GB","@id":"https:\/\/kaptenmat.se\/produkt\/vattentatt-overdrag-for-alla-stekhallar-upp-till-60-cm\/#primaryimage","url":"https:\/\/kaptenmat.se\/wp-content\/uploads\/2024\/04\/Kaptenmat-2404150031-scaled.jpg","contentUrl":"https:\/\/kaptenmat.se\/wp-content\/uploads\/2024\/04\/Kaptenmat-2404150031-scaled.jpg","width":2560,"height":2560},{"@type":"BreadcrumbList","@id":"https:\/\/kaptenmat.se\/produkt\/vattentatt-overdrag-for-alla-stekhallar-upp-till-60-cm\/#breadcrumb","itemListElement":[{"@type":"ListItem","position":1,"name":"Hem","item":"https:\/\/kaptenmat.se\/"},{"@type":"ListItem","position":2,"name":"Sortiment","item":"https:\/\/kaptenmat.se\/shop\/"},{"@type":"ListItem","position":3,"name":"\u00d6verdrag till stekh\u00e4ll 60 cm \u2013 100\u202f% vattent\u00e4tt &#038; byggt f\u00f6r nordiskt klimat"}]},{"@type":"WebSite","@id":"https:\/\/kaptenmat.se\/#website","url":"https:\/\/kaptenmat.se\/","name":"Kaptenmat","description":"Matinspiration inom outdoor cooking.","publisher":{"@id":"https:\/\/kaptenmat.se\/#organization"},"potentialAction":[{"@type":"SearchAction","target":{"@type":"EntryPoint","urlTemplate":"https:\/\/kaptenmat.se\/?s={search_term_string}"},"query-input":{"@type":"PropertyValueSpecification","valueRequired":true,"valueName":"search_term_string"}}],"inLanguage":"en-GB"},{"@type":"Organization","@id":"https:\/\/kaptenmat.se\/#organization","name":"Kaptenmat","url":"https:\/\/kaptenmat.se\/","logo":{"@type":"ImageObject","inLanguage":"en-GB","@id":"https:\/\/kaptenmat.se\/#\/schema\/logo\/image\/","url":"https:\/\/kaptenmat.se\/wp-content\/uploads\/2024\/01\/Kaptenmat_350.svg","contentUrl":"https:\/\/kaptenmat.se\/wp-content\/uploads\/2024\/01\/Kaptenmat_350.svg","width":1,"height":1,"caption":"Kaptenmat"},"image":{"@id":"https:\/\/kaptenmat.se\/#\/schema\/logo\/image\/"}}]}},"_links":{"self":[{"href":"https:\/\/kaptenmat.se\/en\/wp-json\/wp\/v2\/product\/126698","targetHints":{"allow":["GET"]}}],"collection":[{"href":"https:\/\/kaptenmat.se\/en\/wp-json\/wp\/v2\/product"}],"about":[{"href":"https:\/\/kaptenmat.se\/en\/wp-json\/wp\/v2\/types\/product"}],"replies":[{"embeddable":true,"href":"https:\/\/kaptenmat.se\/en\/wp-json\/wp\/v2\/comments?post=126698"}],"wp:featuredmedia":[{"embeddable":true,"href":"https:\/\/kaptenmat.se\/en\/wp-json\/wp\/v2\/media\/126275"}],"wp:attachment":[{"href":"https:\/\/kaptenmat.se\/en\/wp-json\/wp\/v2\/media?parent=126698"}],"wp:term":[{"taxonomy":"product_brand","embeddable":true,"href":"https:\/\/kaptenmat.se\/en\/wp-json\/wp\/v2\/product_brand?post=126698"},{"taxonomy":"product_cat","embeddable":true,"href":"https:\/\/kaptenmat.se\/en\/wp-json\/wp\/v2\/product_cat?post=126698"},{"taxonomy":"product_tag","embeddable":true,"href":"https:\/\/kaptenmat.se\/en\/wp-json\/wp\/v2\/product_tag?post=126698"}],"curies":[{"name":"wp","href":"https:\/\/api.w.org\/{rel}","templated":true}]}}