{"id":127588,"date":"2024-09-11T09:01:29","date_gmt":"2024-09-11T09:01:29","guid":{"rendered":"https:\/\/kaptenmat.se\/?post_type=product&#038;p=127588"},"modified":"2026-04-06T10:24:25","modified_gmt":"2026-04-06T10:24:25","slug":"https-boka-wisingso-se-package-package-detailschanneliddae7aa86-a151-492a-9b7d-38a6c2e046e5packageid9690cf56-227b-44db-ad2a-e7fb3f7bdffd","status":"publish","type":"product","link":"https:\/\/kaptenmat.se\/en\/product\/https-boka-wisingso-se-package-package-detailschanneliddae7aa86-a151-492a-9b7d-38a6c2e046e5packageid9690cf56-227b-44db-ad2a-e7fb3f7bdffd\/","title":{"rendered":"Gourmet Weekend 2026 with Kapten Mat \u2013 Hotel Wisings\u00f6 &amp; Food Package with Overnight Stay"},"content":{"rendered":"<p>Skip ohoy, dear stovetop lover On arrival I offer a stovetop lunch in the garden with a drink. Here there is plenty of time to hang out with me and talk hot plate cooking and everything else that belongs to the good life. After check-in, you have a few hours to discover beautiful Visings\u00f6 on foot or by bike before the evening&#039;s activities take At 17:15 I saber a 15 liter Champagne a so-called. Nebuchadnezzar in the Great Hall. What&#039;s better than sharing ONE BOTTLE together before dinner. Small fine canap\u00e9s are served with the bubble before we sit down and enjoy a three-course dinner signed by Kapten Mat. Appetizer Seasonal seafood plate Wine: Petit Chablis Main course Beef filet Provencale with raw fried potatoes and bacon-wrapped haricots verts. Wine: C\u00f4tes du Rh\u00f4ne Coffee and Dessert Strawberry and rhubarb pie on a griddle with custard The bar is open with troubadour entertainment and music quiz until 01:00<\/p>","protected":false},"excerpt":{"rendered":"<p data-start=\"208\" data-end=\"328\"><strong data-start=\"208\" data-end=\"254\">Price: SEK 2,295 per person, sharing in a double room<\/strong><br data-start=\"254\" data-end=\"257\" \/>\ud83d\udccd <strong data-start=\"260\" data-end=\"275\">Date 2026:<\/strong> May 2, May 9, May 23 &amp; September 26<\/p>\n<p data-start=\"330\" data-end=\"545\">Experience an unforgettable <strong data-start=\"352\" data-end=\"393\">gourmet weekend at beautiful Hotel Wisings\u00f6<\/strong> \u2013 an entire evening filled with flavors, enjoyment and relaxation. Perfect for those who love <strong data-start=\"478\" data-end=\"544\">local food, good drinks and a luxurious atmosphere in a beautiful natural environment with Kapten Mat as host.<\/strong><\/p>\n<hr data-start=\"547\" data-end=\"550\" \/>\n<h3 data-start=\"552\" data-end=\"580\">\ud83c\udf7d\ufe0f <strong data-start=\"560\" data-end=\"580\">The package includes:<\/strong><\/h3>\n<ul data-start=\"582\" data-end=\"868\">\n<li data-start=\"582\" data-end=\"633\">Lunch with beer, wine or non-alcoholic option<\/li>\n<li data-start=\"634\" data-end=\"672\">Canap\u00e9s and champagne before dinner<\/li>\n<li data-start=\"673\" data-end=\"725\"><strong data-start=\"675\" data-end=\"695\">3-course dinner<\/strong> with the best seasonal ingredients<\/li>\n<li data-start=\"726\" data-end=\"760\"><strong data-start=\"728\" data-end=\"758\">Drink package for dinner<\/strong><\/li>\n<li data-start=\"761\" data-end=\"784\">Waking up in the evening<\/li>\n<li data-start=\"785\" data-end=\"839\">A generous and fresh <strong data-start=\"809\" data-end=\"825\">breakfast buffet<\/strong> in the morning<\/li>\n<li data-start=\"840\" data-end=\"868\">Overnight stay in a double room<\/li>\n<\/ul>\n<hr data-start=\"870\" data-end=\"873\" \/>\n<p data-start=\"875\" data-end=\"999\">\ud83c\udf89 <strong data-start=\"878\" data-end=\"930\">Book your place for one of our gourmet weekends:<\/strong><br data-start=\"930\" data-end=\"933\" \/>\ud83d\uddd3\ufe0f 2<strong data-start=\"937\" data-end=\"999\"> May | May 9 | May 23 | September 26, 2026<\/strong><\/p>\n<hr data-start=\"1001\" data-end=\"1004\" \/>\n<p data-start=\"1006\" data-end=\"1092\">\u2728 <strong data-start=\"1008\" data-end=\"1092\">Welcome to a tasty weekend at Hotell Wisings\u00f6 \u2013 book now and secure your place!<\/strong><\/p>","protected":false},"featured_media":1012,"comment_status":"open","ping_status":"closed","template":"","meta":{"_acf_changed":false,"wprm-recipe-roundup-name":"","wprm-recipe-roundup-description":"","_monsterinsights_skip_tracking":false,"_monsterinsights_sitenote_active":false,"_monsterinsights_sitenote_note":"","_monsterinsights_sitenote_category":0},"product_brand":[],"product_cat":[21],"product_tag":[],"class_list":{"0":"post-127588","1":"product","2":"type-product","3":"status-publish","4":"has-post-thumbnail","6":"product_cat-tjanster","8":"first","9":"instock","10":"taxable","11":"shipping-taxable","12":"product-type-external"},"bundled_by":[],"bundle_stock_status":"instock","bundle_stock_quantity":null,"bundle_virtual":false,"bundle_layout":"","bundle_add_to_cart_form_location":"","bundle_editable_in_cart":false,"bundle_sold_individually_context":"","bundle_item_grouping":"","bundle_min_size":"","bundle_max_size":"","bundle_price":[],"bundled_items":[],"bundle_sell_ids":[],"acf":[],"yoast_head":"<!-- This site is optimized with the Yoast SEO plugin v26.3 - https:\/\/yoast.com\/wordpress\/plugins\/seo\/ -->\n<title>Gourmethelg 2026 med Kapten Mat \u2013 Hotell Wisings\u00f6 &amp; Matpaket med \u00d6vernattning - Kaptenmat<\/title>\n<meta name=\"robots\" content=\"index, follow, max-snippet:-1, max-image-preview:large, max-video-preview:-1\" \/>\n<link rel=\"canonical\" href=\"https:\/\/kaptenmat.se\/en\/product\/https-boka-wisingso-se-package-package-detailschanneliddae7aa86-a151-492a-9b7d-38a6c2e046e5packageid9690cf56-227b-44db-ad2a-e7fb3f7bdffd\/\" \/>\n<meta property=\"og:locale\" content=\"en_GB\" \/>\n<meta property=\"og:type\" content=\"article\" \/>\n<meta property=\"og:title\" content=\"Gourmethelg 2026 med Kapten Mat \u2013 Hotell Wisings\u00f6 &amp; Matpaket med \u00d6vernattning - Kaptenmat\" \/>\n<meta property=\"og:description\" content=\"Pris: 2 295 kr per person, del i dubbelrum\ud83d\udccd Datum 2026: 2 maj, 9 maj , 23 maj &amp; 26 september Upplev en of\u00f6rgl\u00f6mlig gourmethelg p\u00e5 vackra Hotell Wisings\u00f6 \u2013 en helkv\u00e4ll fylld med smaker, njutning och avkoppling. Perfekt f\u00f6r dig som \u00e4lskar lokal mat, god dryck och en lyxig atmosf\u00e4r i vacker naturmilj\u00f6 med Kapten Mat som v\u00e4rd.     \ud83c\udf7d\ufe0f I paketet ing\u00e5r:   Lunch med \u00f6l, vin eller alkoholfritt alternativ  Canap\u00e9 och champagne f\u00f6re middagen  3-r\u00e4tters middag med s\u00e4songens b\u00e4sta r\u00e5varor  Dryckespaket till middagen  Vickning p\u00e5 kv\u00e4llen  En gener\u00f6s och fr\u00e4sch frukostbuff\u00e9 p\u00e5 morgonen  \u00d6vernattning i dubbelrum    \ud83c\udf89 Boka din plats till n\u00e5gon av v\u00e5ra gourmethelger:\ud83d\uddd3\ufe0f 2 maj | 9 maj | 23 maj | 26 september 2026    \u2728 V\u00e4lkommen till en smakrik helg p\u00e5 Hotell Wisings\u00f6 \u2013 boka nu och s\u00e4kra din plats!\" \/>\n<meta property=\"og:url\" content=\"https:\/\/kaptenmat.se\/en\/product\/https-boka-wisingso-se-package-package-detailschanneliddae7aa86-a151-492a-9b7d-38a6c2e046e5packageid9690cf56-227b-44db-ad2a-e7fb3f7bdffd\/\" \/>\n<meta property=\"og:site_name\" content=\"Kaptenmat\" \/>\n<meta property=\"article:modified_time\" content=\"2026-04-06T10:24:25+00:00\" \/>\n<meta property=\"og:image\" content=\"https:\/\/kaptenmat.se\/wp-content\/uploads\/2024\/01\/img-2543-scaled-2.jpeg\" \/>\n\t<meta property=\"og:image:width\" content=\"1440\" \/>\n\t<meta property=\"og:image:height\" content=\"1920\" \/>\n\t<meta property=\"og:image:type\" content=\"image\/jpeg\" \/>\n<meta name=\"twitter:card\" content=\"summary_large_image\" \/>\n<meta name=\"twitter:label1\" content=\"Estimated reading time\" \/>\n\t<meta name=\"twitter:data1\" content=\"1 minute\" \/>\n<script type=\"application\/ld+json\" class=\"yoast-schema-graph\">{\"@context\":\"https:\/\/schema.org\",\"@graph\":[{\"@type\":\"WebPage\",\"@id\":\"https:\/\/kaptenmat.se\/produkt\/https-boka-wisingso-se-package-package-detailschanneliddae7aa86-a151-492a-9b7d-38a6c2e046e5packageid9690cf56-227b-44db-ad2a-e7fb3f7bdffd\/\",\"url\":\"https:\/\/kaptenmat.se\/produkt\/https-boka-wisingso-se-package-package-detailschanneliddae7aa86-a151-492a-9b7d-38a6c2e046e5packageid9690cf56-227b-44db-ad2a-e7fb3f7bdffd\/\",\"name\":\"Gourmethelg 2026 med Kapten Mat \u2013 Hotell Wisings\u00f6 & Matpaket med \u00d6vernattning - Kaptenmat\",\"isPartOf\":{\"@id\":\"https:\/\/kaptenmat.se\/#website\"},\"primaryImageOfPage\":{\"@id\":\"https:\/\/kaptenmat.se\/produkt\/https-boka-wisingso-se-package-package-detailschanneliddae7aa86-a151-492a-9b7d-38a6c2e046e5packageid9690cf56-227b-44db-ad2a-e7fb3f7bdffd\/#primaryimage\"},\"image\":{\"@id\":\"https:\/\/kaptenmat.se\/produkt\/https-boka-wisingso-se-package-package-detailschanneliddae7aa86-a151-492a-9b7d-38a6c2e046e5packageid9690cf56-227b-44db-ad2a-e7fb3f7bdffd\/#primaryimage\"},\"thumbnailUrl\":\"https:\/\/kaptenmat.se\/wp-content\/uploads\/2024\/01\/img-2543-scaled-2.jpeg\",\"datePublished\":\"2024-09-11T09:01:29+00:00\",\"dateModified\":\"2026-04-06T10:24:25+00:00\",\"breadcrumb\":{\"@id\":\"https:\/\/kaptenmat.se\/produkt\/https-boka-wisingso-se-package-package-detailschanneliddae7aa86-a151-492a-9b7d-38a6c2e046e5packageid9690cf56-227b-44db-ad2a-e7fb3f7bdffd\/#breadcrumb\"},\"inLanguage\":\"en-GB\",\"potentialAction\":[{\"@type\":\"ReadAction\",\"target\":[\"https:\/\/kaptenmat.se\/produkt\/https-boka-wisingso-se-package-package-detailschanneliddae7aa86-a151-492a-9b7d-38a6c2e046e5packageid9690cf56-227b-44db-ad2a-e7fb3f7bdffd\/\"]}]},{\"@type\":\"ImageObject\",\"inLanguage\":\"en-GB\",\"@id\":\"https:\/\/kaptenmat.se\/produkt\/https-boka-wisingso-se-package-package-detailschanneliddae7aa86-a151-492a-9b7d-38a6c2e046e5packageid9690cf56-227b-44db-ad2a-e7fb3f7bdffd\/#primaryimage\",\"url\":\"https:\/\/kaptenmat.se\/wp-content\/uploads\/2024\/01\/img-2543-scaled-2.jpeg\",\"contentUrl\":\"https:\/\/kaptenmat.se\/wp-content\/uploads\/2024\/01\/img-2543-scaled-2.jpeg\",\"width\":1440,\"height\":1920},{\"@type\":\"BreadcrumbList\",\"@id\":\"https:\/\/kaptenmat.se\/produkt\/https-boka-wisingso-se-package-package-detailschanneliddae7aa86-a151-492a-9b7d-38a6c2e046e5packageid9690cf56-227b-44db-ad2a-e7fb3f7bdffd\/#breadcrumb\",\"itemListElement\":[{\"@type\":\"ListItem\",\"position\":1,\"name\":\"Hem\",\"item\":\"https:\/\/kaptenmat.se\/\"},{\"@type\":\"ListItem\",\"position\":2,\"name\":\"Sortiment\",\"item\":\"https:\/\/kaptenmat.se\/shop\/\"},{\"@type\":\"ListItem\",\"position\":3,\"name\":\"Gourmethelg 2026 med Kapten Mat \u2013 Hotell Wisings\u00f6 &#038; Matpaket med \u00d6vernattning\"}]},{\"@type\":\"WebSite\",\"@id\":\"https:\/\/kaptenmat.se\/#website\",\"url\":\"https:\/\/kaptenmat.se\/\",\"name\":\"Kaptenmat\",\"description\":\"Matinspiration inom outdoor cooking.\",\"publisher\":{\"@id\":\"https:\/\/kaptenmat.se\/#organization\"},\"potentialAction\":[{\"@type\":\"SearchAction\",\"target\":{\"@type\":\"EntryPoint\",\"urlTemplate\":\"https:\/\/kaptenmat.se\/?s={search_term_string}\"},\"query-input\":{\"@type\":\"PropertyValueSpecification\",\"valueRequired\":true,\"valueName\":\"search_term_string\"}}],\"inLanguage\":\"en-GB\"},{\"@type\":\"Organization\",\"@id\":\"https:\/\/kaptenmat.se\/#organization\",\"name\":\"Kaptenmat\",\"url\":\"https:\/\/kaptenmat.se\/\",\"logo\":{\"@type\":\"ImageObject\",\"inLanguage\":\"en-GB\",\"@id\":\"https:\/\/kaptenmat.se\/#\/schema\/logo\/image\/\",\"url\":\"https:\/\/kaptenmat.se\/wp-content\/uploads\/2024\/01\/Kaptenmat_350.svg\",\"contentUrl\":\"https:\/\/kaptenmat.se\/wp-content\/uploads\/2024\/01\/Kaptenmat_350.svg\",\"width\":1,\"height\":1,\"caption\":\"Kaptenmat\"},\"image\":{\"@id\":\"https:\/\/kaptenmat.se\/#\/schema\/logo\/image\/\"}}]}<\/script>\n<!-- \/ Yoast SEO plugin. -->","yoast_head_json":{"title":"Gourmethelg 2026 med Kapten Mat \u2013 Hotell Wisings\u00f6 & Matpaket med \u00d6vernattning - Kaptenmat","robots":{"index":"index","follow":"follow","max-snippet":"max-snippet:-1","max-image-preview":"max-image-preview:large","max-video-preview":"max-video-preview:-1"},"canonical":"https:\/\/kaptenmat.se\/en\/product\/https-boka-wisingso-se-package-package-detailschanneliddae7aa86-a151-492a-9b7d-38a6c2e046e5packageid9690cf56-227b-44db-ad2a-e7fb3f7bdffd\/","og_locale":"en_GB","og_type":"article","og_title":"Gourmethelg 2026 med Kapten Mat \u2013 Hotell Wisings\u00f6 & Matpaket med \u00d6vernattning - Kaptenmat","og_description":"Pris: 2 295 kr per person, del i dubbelrum\ud83d\udccd Datum 2026: 2 maj, 9 maj , 23 maj &amp; 26 september Upplev en of\u00f6rgl\u00f6mlig gourmethelg p\u00e5 vackra Hotell Wisings\u00f6 \u2013 en helkv\u00e4ll fylld med smaker, njutning och avkoppling. Perfekt f\u00f6r dig som \u00e4lskar lokal mat, god dryck och en lyxig atmosf\u00e4r i vacker naturmilj\u00f6 med Kapten Mat som v\u00e4rd.     \ud83c\udf7d\ufe0f I paketet ing\u00e5r:   Lunch med \u00f6l, vin eller alkoholfritt alternativ  Canap\u00e9 och champagne f\u00f6re middagen  3-r\u00e4tters middag med s\u00e4songens b\u00e4sta r\u00e5varor  Dryckespaket till middagen  Vickning p\u00e5 kv\u00e4llen  En gener\u00f6s och fr\u00e4sch frukostbuff\u00e9 p\u00e5 morgonen  \u00d6vernattning i dubbelrum    \ud83c\udf89 Boka din plats till n\u00e5gon av v\u00e5ra gourmethelger:\ud83d\uddd3\ufe0f 2 maj | 9 maj | 23 maj | 26 september 2026    \u2728 V\u00e4lkommen till en smakrik helg p\u00e5 Hotell Wisings\u00f6 \u2013 boka nu och s\u00e4kra din plats!","og_url":"https:\/\/kaptenmat.se\/en\/product\/https-boka-wisingso-se-package-package-detailschanneliddae7aa86-a151-492a-9b7d-38a6c2e046e5packageid9690cf56-227b-44db-ad2a-e7fb3f7bdffd\/","og_site_name":"Kaptenmat","article_modified_time":"2026-04-06T10:24:25+00:00","og_image":[{"width":1440,"height":1920,"url":"https:\/\/kaptenmat.se\/wp-content\/uploads\/2024\/01\/img-2543-scaled-2.jpeg","type":"image\/jpeg"}],"twitter_card":"summary_large_image","twitter_misc":{"Estimated reading time":"1 minute"},"schema":{"@context":"https:\/\/schema.org","@graph":[{"@type":"WebPage","@id":"https:\/\/kaptenmat.se\/produkt\/https-boka-wisingso-se-package-package-detailschanneliddae7aa86-a151-492a-9b7d-38a6c2e046e5packageid9690cf56-227b-44db-ad2a-e7fb3f7bdffd\/","url":"https:\/\/kaptenmat.se\/produkt\/https-boka-wisingso-se-package-package-detailschanneliddae7aa86-a151-492a-9b7d-38a6c2e046e5packageid9690cf56-227b-44db-ad2a-e7fb3f7bdffd\/","name":"Gourmethelg 2026 med Kapten Mat \u2013 Hotell Wisings\u00f6 & Matpaket med \u00d6vernattning - Kaptenmat","isPartOf":{"@id":"https:\/\/kaptenmat.se\/#website"},"primaryImageOfPage":{"@id":"https:\/\/kaptenmat.se\/produkt\/https-boka-wisingso-se-package-package-detailschanneliddae7aa86-a151-492a-9b7d-38a6c2e046e5packageid9690cf56-227b-44db-ad2a-e7fb3f7bdffd\/#primaryimage"},"image":{"@id":"https:\/\/kaptenmat.se\/produkt\/https-boka-wisingso-se-package-package-detailschanneliddae7aa86-a151-492a-9b7d-38a6c2e046e5packageid9690cf56-227b-44db-ad2a-e7fb3f7bdffd\/#primaryimage"},"thumbnailUrl":"https:\/\/kaptenmat.se\/wp-content\/uploads\/2024\/01\/img-2543-scaled-2.jpeg","datePublished":"2024-09-11T09:01:29+00:00","dateModified":"2026-04-06T10:24:25+00:00","breadcrumb":{"@id":"https:\/\/kaptenmat.se\/produkt\/https-boka-wisingso-se-package-package-detailschanneliddae7aa86-a151-492a-9b7d-38a6c2e046e5packageid9690cf56-227b-44db-ad2a-e7fb3f7bdffd\/#breadcrumb"},"inLanguage":"en-GB","potentialAction":[{"@type":"ReadAction","target":["https:\/\/kaptenmat.se\/produkt\/https-boka-wisingso-se-package-package-detailschanneliddae7aa86-a151-492a-9b7d-38a6c2e046e5packageid9690cf56-227b-44db-ad2a-e7fb3f7bdffd\/"]}]},{"@type":"ImageObject","inLanguage":"en-GB","@id":"https:\/\/kaptenmat.se\/produkt\/https-boka-wisingso-se-package-package-detailschanneliddae7aa86-a151-492a-9b7d-38a6c2e046e5packageid9690cf56-227b-44db-ad2a-e7fb3f7bdffd\/#primaryimage","url":"https:\/\/kaptenmat.se\/wp-content\/uploads\/2024\/01\/img-2543-scaled-2.jpeg","contentUrl":"https:\/\/kaptenmat.se\/wp-content\/uploads\/2024\/01\/img-2543-scaled-2.jpeg","width":1440,"height":1920},{"@type":"BreadcrumbList","@id":"https:\/\/kaptenmat.se\/produkt\/https-boka-wisingso-se-package-package-detailschanneliddae7aa86-a151-492a-9b7d-38a6c2e046e5packageid9690cf56-227b-44db-ad2a-e7fb3f7bdffd\/#breadcrumb","itemListElement":[{"@type":"ListItem","position":1,"name":"Hem","item":"https:\/\/kaptenmat.se\/"},{"@type":"ListItem","position":2,"name":"Sortiment","item":"https:\/\/kaptenmat.se\/shop\/"},{"@type":"ListItem","position":3,"name":"Gourmethelg 2026 med Kapten Mat \u2013 Hotell Wisings\u00f6 &#038; Matpaket med \u00d6vernattning"}]},{"@type":"WebSite","@id":"https:\/\/kaptenmat.se\/#website","url":"https:\/\/kaptenmat.se\/","name":"Kaptenmat","description":"Matinspiration inom outdoor cooking.","publisher":{"@id":"https:\/\/kaptenmat.se\/#organization"},"potentialAction":[{"@type":"SearchAction","target":{"@type":"EntryPoint","urlTemplate":"https:\/\/kaptenmat.se\/?s={search_term_string}"},"query-input":{"@type":"PropertyValueSpecification","valueRequired":true,"valueName":"search_term_string"}}],"inLanguage":"en-GB"},{"@type":"Organization","@id":"https:\/\/kaptenmat.se\/#organization","name":"Kaptenmat","url":"https:\/\/kaptenmat.se\/","logo":{"@type":"ImageObject","inLanguage":"en-GB","@id":"https:\/\/kaptenmat.se\/#\/schema\/logo\/image\/","url":"https:\/\/kaptenmat.se\/wp-content\/uploads\/2024\/01\/Kaptenmat_350.svg","contentUrl":"https:\/\/kaptenmat.se\/wp-content\/uploads\/2024\/01\/Kaptenmat_350.svg","width":1,"height":1,"caption":"Kaptenmat"},"image":{"@id":"https:\/\/kaptenmat.se\/#\/schema\/logo\/image\/"}}]}},"_links":{"self":[{"href":"https:\/\/kaptenmat.se\/en\/wp-json\/wp\/v2\/product\/127588","targetHints":{"allow":["GET"]}}],"collection":[{"href":"https:\/\/kaptenmat.se\/en\/wp-json\/wp\/v2\/product"}],"about":[{"href":"https:\/\/kaptenmat.se\/en\/wp-json\/wp\/v2\/types\/product"}],"replies":[{"embeddable":true,"href":"https:\/\/kaptenmat.se\/en\/wp-json\/wp\/v2\/comments?post=127588"}],"wp:featuredmedia":[{"embeddable":true,"href":"https:\/\/kaptenmat.se\/en\/wp-json\/wp\/v2\/media\/1012"}],"wp:attachment":[{"href":"https:\/\/kaptenmat.se\/en\/wp-json\/wp\/v2\/media?parent=127588"}],"wp:term":[{"taxonomy":"product_brand","embeddable":true,"href":"https:\/\/kaptenmat.se\/en\/wp-json\/wp\/v2\/product_brand?post=127588"},{"taxonomy":"product_cat","embeddable":true,"href":"https:\/\/kaptenmat.se\/en\/wp-json\/wp\/v2\/product_cat?post=127588"},{"taxonomy":"product_tag","embeddable":true,"href":"https:\/\/kaptenmat.se\/en\/wp-json\/wp\/v2\/product_tag?post=127588"}],"curies":[{"name":"wp","href":"https:\/\/api.w.org\/{rel}","templated":true}]}}