{"id":127765,"date":"2024-10-17T09:08:55","date_gmt":"2024-10-17T09:08:55","guid":{"rendered":"https:\/\/kaptenmat.se\/?post_type=product&#038;p=127765"},"modified":"2026-04-17T02:43:16","modified_gmt":"2026-04-17T02:43:16","slug":"overdrag-till-gasoltub","status":"publish","type":"product","link":"https:\/\/kaptenmat.se\/en\/product\/overdrag-till-gasoltub\/","title":{"rendered":"Waterproof cover for gas cylinder \u2013 protects all year round"},"content":{"rendered":"","protected":false},"excerpt":{"rendered":"<p data-start=\"310\" data-end=\"588\">Protect your gas cylinder with style and quality! This is a <strong data-start=\"368\" data-end=\"411\">100 % waterproof cover for gas cylinder<\/strong>, made from the same durable and UV-resistant material as our popular griddle covers. Perfect for those who want stylish and durable protection that can withstand the elements.<\/p>\n<p data-start=\"590\" data-end=\"799\">\u2705 Fits most standard gas bottles<br data-start=\"629\" data-end=\"632\" \/>\u2705 Made of strong, weather-resistant fabric<br data-start=\"674\" data-end=\"677\" \/>\u2705 100 % waterproof and UV resistant<br data-start=\"713\" data-end=\"716\" \/>\u2705 Swedish craftsmanship \u2013 durable and stylish<br data-start=\"754\" data-end=\"757\" \/>\u2705 Perfect for grill, griddle or outdoor kitchen<\/p>\n<p data-start=\"801\" data-end=\"936\">With this <strong data-start=\"813\" data-end=\"833\">gas cylinder cover<\/strong> You keep both function and aesthetics at their best \u2013 while extending the lifespan of your equipment.<\/p>","protected":false},"featured_media":126185,"comment_status":"open","ping_status":"closed","template":"","meta":{"_acf_changed":false,"wprm-recipe-roundup-name":"","wprm-recipe-roundup-description":"","_monsterinsights_skip_tracking":false,"_monsterinsights_sitenote_active":false,"_monsterinsights_sitenote_note":"","_monsterinsights_sitenote_category":0},"product_brand":[],"product_cat":[31],"product_tag":[],"class_list":{"0":"post-127765","1":"product","2":"type-product","3":"status-publish","4":"has-post-thumbnail","6":"product_cat-tillbehor","8":"first","9":"instock","10":"taxable","11":"shipping-taxable","12":"purchasable","13":"product-type-simple"},"bundled_by":[],"bundle_stock_status":"instock","bundle_stock_quantity":15,"bundle_virtual":false,"bundle_layout":"","bundle_add_to_cart_form_location":"","bundle_editable_in_cart":false,"bundle_sold_individually_context":"","bundle_item_grouping":"","bundle_min_size":"","bundle_max_size":"","bundle_price":[],"bundled_items":[],"bundle_sell_ids":[],"acf":[],"yoast_head":"<!-- This site is optimized with the Yoast SEO plugin v26.3 - https:\/\/yoast.com\/wordpress\/plugins\/seo\/ -->\n<title>Vattent\u00e4tt \u00f6verdrag till gasoltub \u2013 skyddar \u00e5ret runt - Kaptenmat<\/title>\n<meta name=\"robots\" content=\"index, follow, max-snippet:-1, max-image-preview:large, max-video-preview:-1\" \/>\n<link rel=\"canonical\" href=\"https:\/\/kaptenmat.se\/en\/product\/overdrag-till-gasoltub\/\" \/>\n<meta property=\"og:locale\" content=\"en_GB\" \/>\n<meta property=\"og:type\" content=\"article\" \/>\n<meta property=\"og:title\" content=\"Vattent\u00e4tt \u00f6verdrag till gasoltub \u2013 skyddar \u00e5ret runt - Kaptenmat\" \/>\n<meta property=\"og:description\" content=\"Skydda din gasoltub med stil och kvalitet! Det h\u00e4r \u00e4r ett 100\u202f% vattent\u00e4tt \u00f6verdrag till gasoltub, tillverkat i samma slitstarka och UV-best\u00e4ndiga material som v\u00e5ra popul\u00e4ra stekh\u00e4lls\u00f6verdrag. Perfekt f\u00f6r dig som vill ha ett snyggt och h\u00e5llbart skydd som t\u00e5l v\u00e4der och vind. \u2705 Passar de flesta vanliga gasolflaskor\u2705 Tillverkad i kraftig, v\u00e4derbest\u00e4ndig v\u00e4v\u2705 100 % vattent\u00e4tt och UV-best\u00e4ndigt\u2705 Svenskt hantverk \u2013 t\u00e5ligt och snyggt\u2705 Perfekt f\u00f6r grill, stekh\u00e4ll eller utek\u00f6k Med det h\u00e4r gasoltubsskyddet h\u00e5ller du b\u00e5de funktion och estetik i topp \u2013 samtidigt som du f\u00f6rl\u00e4nger livsl\u00e4ngden p\u00e5 din utrustning.\" \/>\n<meta property=\"og:url\" content=\"https:\/\/kaptenmat.se\/en\/product\/overdrag-till-gasoltub\/\" \/>\n<meta property=\"og:site_name\" content=\"Kaptenmat\" \/>\n<meta property=\"article:modified_time\" content=\"2026-04-17T02:43:16+00:00\" \/>\n<meta property=\"og:image\" content=\"https:\/\/kaptenmat.se\/wp-content\/uploads\/2024\/03\/Overdrag-7-scaled.jpg\" \/>\n\t<meta property=\"og:image:width\" content=\"2560\" \/>\n\t<meta property=\"og:image:height\" content=\"2560\" \/>\n\t<meta property=\"og:image:type\" content=\"image\/jpeg\" \/>\n<meta name=\"twitter:card\" content=\"summary_large_image\" \/>\n<meta name=\"twitter:label1\" content=\"Estimated reading time\" \/>\n\t<meta name=\"twitter:data1\" content=\"1 minute\" \/>\n<script type=\"application\/ld+json\" class=\"yoast-schema-graph\">{\"@context\":\"https:\/\/schema.org\",\"@graph\":[{\"@type\":\"WebPage\",\"@id\":\"https:\/\/kaptenmat.se\/produkt\/overdrag-till-gasoltub\/\",\"url\":\"https:\/\/kaptenmat.se\/produkt\/overdrag-till-gasoltub\/\",\"name\":\"Vattent\u00e4tt \u00f6verdrag till gasoltub \u2013 skyddar \u00e5ret runt - Kaptenmat\",\"isPartOf\":{\"@id\":\"https:\/\/kaptenmat.se\/#website\"},\"primaryImageOfPage\":{\"@id\":\"https:\/\/kaptenmat.se\/produkt\/overdrag-till-gasoltub\/#primaryimage\"},\"image\":{\"@id\":\"https:\/\/kaptenmat.se\/produkt\/overdrag-till-gasoltub\/#primaryimage\"},\"thumbnailUrl\":\"https:\/\/kaptenmat.se\/wp-content\/uploads\/2024\/03\/Overdrag-7-scaled.jpg\",\"datePublished\":\"2024-10-17T09:08:55+00:00\",\"dateModified\":\"2026-04-17T02:43:16+00:00\",\"breadcrumb\":{\"@id\":\"https:\/\/kaptenmat.se\/produkt\/overdrag-till-gasoltub\/#breadcrumb\"},\"inLanguage\":\"en-GB\",\"potentialAction\":[{\"@type\":\"ReadAction\",\"target\":[\"https:\/\/kaptenmat.se\/produkt\/overdrag-till-gasoltub\/\"]}]},{\"@type\":\"ImageObject\",\"inLanguage\":\"en-GB\",\"@id\":\"https:\/\/kaptenmat.se\/produkt\/overdrag-till-gasoltub\/#primaryimage\",\"url\":\"https:\/\/kaptenmat.se\/wp-content\/uploads\/2024\/03\/Overdrag-7-scaled.jpg\",\"contentUrl\":\"https:\/\/kaptenmat.se\/wp-content\/uploads\/2024\/03\/Overdrag-7-scaled.jpg\",\"width\":2560,\"height\":2560},{\"@type\":\"BreadcrumbList\",\"@id\":\"https:\/\/kaptenmat.se\/produkt\/overdrag-till-gasoltub\/#breadcrumb\",\"itemListElement\":[{\"@type\":\"ListItem\",\"position\":1,\"name\":\"Hem\",\"item\":\"https:\/\/kaptenmat.se\/\"},{\"@type\":\"ListItem\",\"position\":2,\"name\":\"Sortiment\",\"item\":\"https:\/\/kaptenmat.se\/shop\/\"},{\"@type\":\"ListItem\",\"position\":3,\"name\":\"Vattent\u00e4tt \u00f6verdrag till gasoltub \u2013 skyddar \u00e5ret runt\"}]},{\"@type\":\"WebSite\",\"@id\":\"https:\/\/kaptenmat.se\/#website\",\"url\":\"https:\/\/kaptenmat.se\/\",\"name\":\"Kaptenmat\",\"description\":\"Matinspiration inom outdoor cooking.\",\"publisher\":{\"@id\":\"https:\/\/kaptenmat.se\/#organization\"},\"potentialAction\":[{\"@type\":\"SearchAction\",\"target\":{\"@type\":\"EntryPoint\",\"urlTemplate\":\"https:\/\/kaptenmat.se\/?s={search_term_string}\"},\"query-input\":{\"@type\":\"PropertyValueSpecification\",\"valueRequired\":true,\"valueName\":\"search_term_string\"}}],\"inLanguage\":\"en-GB\"},{\"@type\":\"Organization\",\"@id\":\"https:\/\/kaptenmat.se\/#organization\",\"name\":\"Kaptenmat\",\"url\":\"https:\/\/kaptenmat.se\/\",\"logo\":{\"@type\":\"ImageObject\",\"inLanguage\":\"en-GB\",\"@id\":\"https:\/\/kaptenmat.se\/#\/schema\/logo\/image\/\",\"url\":\"https:\/\/kaptenmat.se\/wp-content\/uploads\/2024\/01\/Kaptenmat_350.svg\",\"contentUrl\":\"https:\/\/kaptenmat.se\/wp-content\/uploads\/2024\/01\/Kaptenmat_350.svg\",\"width\":1,\"height\":1,\"caption\":\"Kaptenmat\"},\"image\":{\"@id\":\"https:\/\/kaptenmat.se\/#\/schema\/logo\/image\/\"}}]}<\/script>\n<!-- \/ Yoast SEO plugin. -->","yoast_head_json":{"title":"Vattent\u00e4tt \u00f6verdrag till gasoltub \u2013 skyddar \u00e5ret runt - Kaptenmat","robots":{"index":"index","follow":"follow","max-snippet":"max-snippet:-1","max-image-preview":"max-image-preview:large","max-video-preview":"max-video-preview:-1"},"canonical":"https:\/\/kaptenmat.se\/en\/product\/overdrag-till-gasoltub\/","og_locale":"en_GB","og_type":"article","og_title":"Vattent\u00e4tt \u00f6verdrag till gasoltub \u2013 skyddar \u00e5ret runt - Kaptenmat","og_description":"Skydda din gasoltub med stil och kvalitet! Det h\u00e4r \u00e4r ett 100\u202f% vattent\u00e4tt \u00f6verdrag till gasoltub, tillverkat i samma slitstarka och UV-best\u00e4ndiga material som v\u00e5ra popul\u00e4ra stekh\u00e4lls\u00f6verdrag. Perfekt f\u00f6r dig som vill ha ett snyggt och h\u00e5llbart skydd som t\u00e5l v\u00e4der och vind. \u2705 Passar de flesta vanliga gasolflaskor\u2705 Tillverkad i kraftig, v\u00e4derbest\u00e4ndig v\u00e4v\u2705 100 % vattent\u00e4tt och UV-best\u00e4ndigt\u2705 Svenskt hantverk \u2013 t\u00e5ligt och snyggt\u2705 Perfekt f\u00f6r grill, stekh\u00e4ll eller utek\u00f6k Med det h\u00e4r gasoltubsskyddet h\u00e5ller du b\u00e5de funktion och estetik i topp \u2013 samtidigt som du f\u00f6rl\u00e4nger livsl\u00e4ngden p\u00e5 din utrustning.","og_url":"https:\/\/kaptenmat.se\/en\/product\/overdrag-till-gasoltub\/","og_site_name":"Kaptenmat","article_modified_time":"2026-04-17T02:43:16+00:00","og_image":[{"width":2560,"height":2560,"url":"https:\/\/kaptenmat.se\/wp-content\/uploads\/2024\/03\/Overdrag-7-scaled.jpg","type":"image\/jpeg"}],"twitter_card":"summary_large_image","twitter_misc":{"Estimated reading time":"1 minute"},"schema":{"@context":"https:\/\/schema.org","@graph":[{"@type":"WebPage","@id":"https:\/\/kaptenmat.se\/produkt\/overdrag-till-gasoltub\/","url":"https:\/\/kaptenmat.se\/produkt\/overdrag-till-gasoltub\/","name":"Vattent\u00e4tt \u00f6verdrag till gasoltub \u2013 skyddar \u00e5ret runt - Kaptenmat","isPartOf":{"@id":"https:\/\/kaptenmat.se\/#website"},"primaryImageOfPage":{"@id":"https:\/\/kaptenmat.se\/produkt\/overdrag-till-gasoltub\/#primaryimage"},"image":{"@id":"https:\/\/kaptenmat.se\/produkt\/overdrag-till-gasoltub\/#primaryimage"},"thumbnailUrl":"https:\/\/kaptenmat.se\/wp-content\/uploads\/2024\/03\/Overdrag-7-scaled.jpg","datePublished":"2024-10-17T09:08:55+00:00","dateModified":"2026-04-17T02:43:16+00:00","breadcrumb":{"@id":"https:\/\/kaptenmat.se\/produkt\/overdrag-till-gasoltub\/#breadcrumb"},"inLanguage":"en-GB","potentialAction":[{"@type":"ReadAction","target":["https:\/\/kaptenmat.se\/produkt\/overdrag-till-gasoltub\/"]}]},{"@type":"ImageObject","inLanguage":"en-GB","@id":"https:\/\/kaptenmat.se\/produkt\/overdrag-till-gasoltub\/#primaryimage","url":"https:\/\/kaptenmat.se\/wp-content\/uploads\/2024\/03\/Overdrag-7-scaled.jpg","contentUrl":"https:\/\/kaptenmat.se\/wp-content\/uploads\/2024\/03\/Overdrag-7-scaled.jpg","width":2560,"height":2560},{"@type":"BreadcrumbList","@id":"https:\/\/kaptenmat.se\/produkt\/overdrag-till-gasoltub\/#breadcrumb","itemListElement":[{"@type":"ListItem","position":1,"name":"Hem","item":"https:\/\/kaptenmat.se\/"},{"@type":"ListItem","position":2,"name":"Sortiment","item":"https:\/\/kaptenmat.se\/shop\/"},{"@type":"ListItem","position":3,"name":"Vattent\u00e4tt \u00f6verdrag till gasoltub \u2013 skyddar \u00e5ret runt"}]},{"@type":"WebSite","@id":"https:\/\/kaptenmat.se\/#website","url":"https:\/\/kaptenmat.se\/","name":"Kaptenmat","description":"Matinspiration inom outdoor cooking.","publisher":{"@id":"https:\/\/kaptenmat.se\/#organization"},"potentialAction":[{"@type":"SearchAction","target":{"@type":"EntryPoint","urlTemplate":"https:\/\/kaptenmat.se\/?s={search_term_string}"},"query-input":{"@type":"PropertyValueSpecification","valueRequired":true,"valueName":"search_term_string"}}],"inLanguage":"en-GB"},{"@type":"Organization","@id":"https:\/\/kaptenmat.se\/#organization","name":"Kaptenmat","url":"https:\/\/kaptenmat.se\/","logo":{"@type":"ImageObject","inLanguage":"en-GB","@id":"https:\/\/kaptenmat.se\/#\/schema\/logo\/image\/","url":"https:\/\/kaptenmat.se\/wp-content\/uploads\/2024\/01\/Kaptenmat_350.svg","contentUrl":"https:\/\/kaptenmat.se\/wp-content\/uploads\/2024\/01\/Kaptenmat_350.svg","width":1,"height":1,"caption":"Kaptenmat"},"image":{"@id":"https:\/\/kaptenmat.se\/#\/schema\/logo\/image\/"}}]}},"_links":{"self":[{"href":"https:\/\/kaptenmat.se\/en\/wp-json\/wp\/v2\/product\/127765","targetHints":{"allow":["GET"]}}],"collection":[{"href":"https:\/\/kaptenmat.se\/en\/wp-json\/wp\/v2\/product"}],"about":[{"href":"https:\/\/kaptenmat.se\/en\/wp-json\/wp\/v2\/types\/product"}],"replies":[{"embeddable":true,"href":"https:\/\/kaptenmat.se\/en\/wp-json\/wp\/v2\/comments?post=127765"}],"wp:featuredmedia":[{"embeddable":true,"href":"https:\/\/kaptenmat.se\/en\/wp-json\/wp\/v2\/media\/126185"}],"wp:attachment":[{"href":"https:\/\/kaptenmat.se\/en\/wp-json\/wp\/v2\/media?parent=127765"}],"wp:term":[{"taxonomy":"product_brand","embeddable":true,"href":"https:\/\/kaptenmat.se\/en\/wp-json\/wp\/v2\/product_brand?post=127765"},{"taxonomy":"product_cat","embeddable":true,"href":"https:\/\/kaptenmat.se\/en\/wp-json\/wp\/v2\/product_cat?post=127765"},{"taxonomy":"product_tag","embeddable":true,"href":"https:\/\/kaptenmat.se\/en\/wp-json\/wp\/v2\/product_tag?post=127765"}],"curies":[{"name":"wp","href":"https:\/\/api.w.org\/{rel}","templated":true}]}}