{"id":128232,"date":"2025-01-11T01:07:45","date_gmt":"2025-01-11T01:07:45","guid":{"rendered":"https:\/\/kaptenmat.se\/?post_type=product&#038;p=128232"},"modified":"2026-04-10T08:43:34","modified_gmt":"2026-04-10T08:43:34","slug":"zest-iron-grov","status":"publish","type":"product","link":"https:\/\/kaptenmat.se\/en\/product\/zest-iron-grov\/","title":{"rendered":"Zest iron Coarse in professional grade"},"content":{"rendered":"","protected":false},"excerpt":{"rendered":"<h3 data-start=\"162\" data-end=\"229\">\ud83e\uddc0 <strong data-start=\"169\" data-end=\"227\">Professional-grade zester \u2013 sharp, precise and brutally good<\/strong><\/h3>\n<p data-start=\"231\" data-end=\"518\">Are you looking for a <strong data-start=\"250\" data-end=\"286\">zestrj\u00e4rn that really delivers<\/strong>? Then you&#039;ve come to the right place. This is a <strong data-start=\"326\" data-end=\"351\">real professional tool<\/strong> in the kitchen \u2013 sharp, durable and incredibly effective. Perfect for grating <strong data-start=\"424\" data-end=\"461\">Parmesan cheese in thin, airy flakes<\/strong>, lemon peel, garlic or chocolate with precision.<\/p>\n<p data-start=\"520\" data-end=\"705\">\u2705 Blade is razor sharp for finely grated parmesan etc.<br data-start=\"578\" data-end=\"581\" \/>\u2705 Ergonomic handle for good grip<br data-start=\"616\" data-end=\"619\" \/>\u2705 High quality stainless steel - long lasting<br data-start=\"666\" data-end=\"669\" \/>\u2705 Easy to clean \u2013 dishwasher safe<\/p>\n<p data-start=\"707\" data-end=\"887\">The captain himself uses this zestar <strong data-start=\"750\" data-end=\"765\">weekly<\/strong> \u2013 especially for parmesan, where it really shines. A small tool with a big impact on both taste and presentation.<\/p>","protected":false},"featured_media":131551,"comment_status":"open","ping_status":"closed","template":"","meta":{"_acf_changed":false,"wprm-recipe-roundup-name":"","wprm-recipe-roundup-description":"","_monsterinsights_skip_tracking":false,"_monsterinsights_sitenote_active":false,"_monsterinsights_sitenote_note":"","_monsterinsights_sitenote_category":0},"product_brand":[],"product_cat":[31],"product_tag":[],"class_list":{"0":"post-128232","1":"product","2":"type-product","3":"status-publish","4":"has-post-thumbnail","6":"product_cat-tillbehor","8":"first","9":"instock","10":"taxable","11":"shipping-taxable","12":"purchasable","13":"product-type-simple"},"bundled_by":[],"bundle_stock_status":"instock","bundle_stock_quantity":10,"bundle_virtual":false,"bundle_layout":"","bundle_add_to_cart_form_location":"","bundle_editable_in_cart":false,"bundle_sold_individually_context":"","bundle_item_grouping":"","bundle_min_size":"","bundle_max_size":"","bundle_price":[],"bundled_items":[],"bundle_sell_ids":[],"acf":[],"yoast_head":"<!-- This site is optimized with the Yoast SEO plugin v26.3 - https:\/\/yoast.com\/wordpress\/plugins\/seo\/ -->\n<title>Zestj\u00e4rn Grov i proffsklass - Kaptenmat<\/title>\n<meta name=\"robots\" content=\"index, follow, max-snippet:-1, max-image-preview:large, max-video-preview:-1\" \/>\n<link rel=\"canonical\" href=\"https:\/\/kaptenmat.se\/en\/product\/zest-iron-grov\/\" \/>\n<meta property=\"og:locale\" content=\"en_GB\" \/>\n<meta property=\"og:type\" content=\"article\" \/>\n<meta property=\"og:title\" content=\"Zestj\u00e4rn Grov i proffsklass - Kaptenmat\" \/>\n<meta property=\"og:description\" content=\"\ud83e\uddc0 Zestj\u00e4rn i proffsklass \u2013 skarpt, exakt och brutalt bra Letar du efter ett zestj\u00e4rn som verkligen levererar? D\u00e5 har du hittat r\u00e4tt. Det h\u00e4r \u00e4r ett riktigt proffsverktyg i k\u00f6ket \u2013 skarpt, h\u00e5llbart och otroligt effektivt. Perfekt f\u00f6r att riva parmesan i tunna, luftiga flingor, citronskal, vitl\u00f6k eller choklad med precision. \u2705 Sylvasst blad f\u00f6r finriven parmesan m.m\u2705 Ergonomiskt handtag f\u00f6r bra grepp\u2705 Rostfritt st\u00e5l av h\u00f6g kvalitet \u2013 h\u00e5ller l\u00e4nge\u2705 Enkel att reng\u00f6ra \u2013 t\u00e5l maskindisk Kaptenen sj\u00e4lv anv\u00e4nder det h\u00e4r zestj\u00e4rnet varje vecka \u2013 framf\u00f6r allt f\u00f6r parmesan, d\u00e4r det verkligen briljerar. Ett litet verktyg med stor effekt i b\u00e5de smak och presentation.\" \/>\n<meta property=\"og:url\" content=\"https:\/\/kaptenmat.se\/en\/product\/zest-iron-grov\/\" \/>\n<meta property=\"og:site_name\" content=\"Kaptenmat\" \/>\n<meta property=\"article:modified_time\" content=\"2026-04-10T08:43:34+00:00\" \/>\n<meta property=\"og:image\" content=\"https:\/\/kaptenmat.se\/wp-content\/uploads\/2025\/01\/Z9A0013-4309.jpg\" \/>\n\t<meta property=\"og:image:width\" content=\"1800\" \/>\n\t<meta property=\"og:image:height\" content=\"1800\" \/>\n\t<meta property=\"og:image:type\" content=\"image\/jpeg\" \/>\n<meta name=\"twitter:card\" content=\"summary_large_image\" \/>\n<meta name=\"twitter:label1\" content=\"Estimated reading time\" \/>\n\t<meta name=\"twitter:data1\" content=\"1 minute\" \/>\n<script type=\"application\/ld+json\" class=\"yoast-schema-graph\">{\"@context\":\"https:\/\/schema.org\",\"@graph\":[{\"@type\":\"WebPage\",\"@id\":\"https:\/\/kaptenmat.se\/produkt\/zest-iron-grov\/\",\"url\":\"https:\/\/kaptenmat.se\/produkt\/zest-iron-grov\/\",\"name\":\"Zestj\u00e4rn Grov i proffsklass - Kaptenmat\",\"isPartOf\":{\"@id\":\"https:\/\/kaptenmat.se\/#website\"},\"primaryImageOfPage\":{\"@id\":\"https:\/\/kaptenmat.se\/produkt\/zest-iron-grov\/#primaryimage\"},\"image\":{\"@id\":\"https:\/\/kaptenmat.se\/produkt\/zest-iron-grov\/#primaryimage\"},\"thumbnailUrl\":\"https:\/\/kaptenmat.se\/wp-content\/uploads\/2025\/01\/Z9A0013-4309.jpg\",\"datePublished\":\"2025-01-11T01:07:45+00:00\",\"dateModified\":\"2026-04-10T08:43:34+00:00\",\"breadcrumb\":{\"@id\":\"https:\/\/kaptenmat.se\/produkt\/zest-iron-grov\/#breadcrumb\"},\"inLanguage\":\"en-GB\",\"potentialAction\":[{\"@type\":\"ReadAction\",\"target\":[\"https:\/\/kaptenmat.se\/produkt\/zest-iron-grov\/\"]}]},{\"@type\":\"ImageObject\",\"inLanguage\":\"en-GB\",\"@id\":\"https:\/\/kaptenmat.se\/produkt\/zest-iron-grov\/#primaryimage\",\"url\":\"https:\/\/kaptenmat.se\/wp-content\/uploads\/2025\/01\/Z9A0013-4309.jpg\",\"contentUrl\":\"https:\/\/kaptenmat.se\/wp-content\/uploads\/2025\/01\/Z9A0013-4309.jpg\",\"width\":1800,\"height\":1800},{\"@type\":\"BreadcrumbList\",\"@id\":\"https:\/\/kaptenmat.se\/produkt\/zest-iron-grov\/#breadcrumb\",\"itemListElement\":[{\"@type\":\"ListItem\",\"position\":1,\"name\":\"Hem\",\"item\":\"https:\/\/kaptenmat.se\/\"},{\"@type\":\"ListItem\",\"position\":2,\"name\":\"Sortiment\",\"item\":\"https:\/\/kaptenmat.se\/shop\/\"},{\"@type\":\"ListItem\",\"position\":3,\"name\":\"Zestj\u00e4rn Grov i proffsklass\"}]},{\"@type\":\"WebSite\",\"@id\":\"https:\/\/kaptenmat.se\/#website\",\"url\":\"https:\/\/kaptenmat.se\/\",\"name\":\"Kaptenmat\",\"description\":\"Matinspiration inom outdoor cooking.\",\"publisher\":{\"@id\":\"https:\/\/kaptenmat.se\/#organization\"},\"potentialAction\":[{\"@type\":\"SearchAction\",\"target\":{\"@type\":\"EntryPoint\",\"urlTemplate\":\"https:\/\/kaptenmat.se\/?s={search_term_string}\"},\"query-input\":{\"@type\":\"PropertyValueSpecification\",\"valueRequired\":true,\"valueName\":\"search_term_string\"}}],\"inLanguage\":\"en-GB\"},{\"@type\":\"Organization\",\"@id\":\"https:\/\/kaptenmat.se\/#organization\",\"name\":\"Kaptenmat\",\"url\":\"https:\/\/kaptenmat.se\/\",\"logo\":{\"@type\":\"ImageObject\",\"inLanguage\":\"en-GB\",\"@id\":\"https:\/\/kaptenmat.se\/#\/schema\/logo\/image\/\",\"url\":\"https:\/\/kaptenmat.se\/wp-content\/uploads\/2024\/01\/Kaptenmat_350.svg\",\"contentUrl\":\"https:\/\/kaptenmat.se\/wp-content\/uploads\/2024\/01\/Kaptenmat_350.svg\",\"width\":1,\"height\":1,\"caption\":\"Kaptenmat\"},\"image\":{\"@id\":\"https:\/\/kaptenmat.se\/#\/schema\/logo\/image\/\"}}]}<\/script>\n<!-- \/ Yoast SEO plugin. -->","yoast_head_json":{"title":"Zestj\u00e4rn Grov i proffsklass - Kaptenmat","robots":{"index":"index","follow":"follow","max-snippet":"max-snippet:-1","max-image-preview":"max-image-preview:large","max-video-preview":"max-video-preview:-1"},"canonical":"https:\/\/kaptenmat.se\/en\/product\/zest-iron-grov\/","og_locale":"en_GB","og_type":"article","og_title":"Zestj\u00e4rn Grov i proffsklass - Kaptenmat","og_description":"\ud83e\uddc0 Zestj\u00e4rn i proffsklass \u2013 skarpt, exakt och brutalt bra Letar du efter ett zestj\u00e4rn som verkligen levererar? D\u00e5 har du hittat r\u00e4tt. Det h\u00e4r \u00e4r ett riktigt proffsverktyg i k\u00f6ket \u2013 skarpt, h\u00e5llbart och otroligt effektivt. Perfekt f\u00f6r att riva parmesan i tunna, luftiga flingor, citronskal, vitl\u00f6k eller choklad med precision. \u2705 Sylvasst blad f\u00f6r finriven parmesan m.m\u2705 Ergonomiskt handtag f\u00f6r bra grepp\u2705 Rostfritt st\u00e5l av h\u00f6g kvalitet \u2013 h\u00e5ller l\u00e4nge\u2705 Enkel att reng\u00f6ra \u2013 t\u00e5l maskindisk Kaptenen sj\u00e4lv anv\u00e4nder det h\u00e4r zestj\u00e4rnet varje vecka \u2013 framf\u00f6r allt f\u00f6r parmesan, d\u00e4r det verkligen briljerar. Ett litet verktyg med stor effekt i b\u00e5de smak och presentation.","og_url":"https:\/\/kaptenmat.se\/en\/product\/zest-iron-grov\/","og_site_name":"Kaptenmat","article_modified_time":"2026-04-10T08:43:34+00:00","og_image":[{"width":1800,"height":1800,"url":"https:\/\/kaptenmat.se\/wp-content\/uploads\/2025\/01\/Z9A0013-4309.jpg","type":"image\/jpeg"}],"twitter_card":"summary_large_image","twitter_misc":{"Estimated reading time":"1 minute"},"schema":{"@context":"https:\/\/schema.org","@graph":[{"@type":"WebPage","@id":"https:\/\/kaptenmat.se\/produkt\/zest-iron-grov\/","url":"https:\/\/kaptenmat.se\/produkt\/zest-iron-grov\/","name":"Zestj\u00e4rn Grov i proffsklass - Kaptenmat","isPartOf":{"@id":"https:\/\/kaptenmat.se\/#website"},"primaryImageOfPage":{"@id":"https:\/\/kaptenmat.se\/produkt\/zest-iron-grov\/#primaryimage"},"image":{"@id":"https:\/\/kaptenmat.se\/produkt\/zest-iron-grov\/#primaryimage"},"thumbnailUrl":"https:\/\/kaptenmat.se\/wp-content\/uploads\/2025\/01\/Z9A0013-4309.jpg","datePublished":"2025-01-11T01:07:45+00:00","dateModified":"2026-04-10T08:43:34+00:00","breadcrumb":{"@id":"https:\/\/kaptenmat.se\/produkt\/zest-iron-grov\/#breadcrumb"},"inLanguage":"en-GB","potentialAction":[{"@type":"ReadAction","target":["https:\/\/kaptenmat.se\/produkt\/zest-iron-grov\/"]}]},{"@type":"ImageObject","inLanguage":"en-GB","@id":"https:\/\/kaptenmat.se\/produkt\/zest-iron-grov\/#primaryimage","url":"https:\/\/kaptenmat.se\/wp-content\/uploads\/2025\/01\/Z9A0013-4309.jpg","contentUrl":"https:\/\/kaptenmat.se\/wp-content\/uploads\/2025\/01\/Z9A0013-4309.jpg","width":1800,"height":1800},{"@type":"BreadcrumbList","@id":"https:\/\/kaptenmat.se\/produkt\/zest-iron-grov\/#breadcrumb","itemListElement":[{"@type":"ListItem","position":1,"name":"Hem","item":"https:\/\/kaptenmat.se\/"},{"@type":"ListItem","position":2,"name":"Sortiment","item":"https:\/\/kaptenmat.se\/shop\/"},{"@type":"ListItem","position":3,"name":"Zestj\u00e4rn Grov i proffsklass"}]},{"@type":"WebSite","@id":"https:\/\/kaptenmat.se\/#website","url":"https:\/\/kaptenmat.se\/","name":"Kaptenmat","description":"Matinspiration inom outdoor cooking.","publisher":{"@id":"https:\/\/kaptenmat.se\/#organization"},"potentialAction":[{"@type":"SearchAction","target":{"@type":"EntryPoint","urlTemplate":"https:\/\/kaptenmat.se\/?s={search_term_string}"},"query-input":{"@type":"PropertyValueSpecification","valueRequired":true,"valueName":"search_term_string"}}],"inLanguage":"en-GB"},{"@type":"Organization","@id":"https:\/\/kaptenmat.se\/#organization","name":"Kaptenmat","url":"https:\/\/kaptenmat.se\/","logo":{"@type":"ImageObject","inLanguage":"en-GB","@id":"https:\/\/kaptenmat.se\/#\/schema\/logo\/image\/","url":"https:\/\/kaptenmat.se\/wp-content\/uploads\/2024\/01\/Kaptenmat_350.svg","contentUrl":"https:\/\/kaptenmat.se\/wp-content\/uploads\/2024\/01\/Kaptenmat_350.svg","width":1,"height":1,"caption":"Kaptenmat"},"image":{"@id":"https:\/\/kaptenmat.se\/#\/schema\/logo\/image\/"}}]}},"_links":{"self":[{"href":"https:\/\/kaptenmat.se\/en\/wp-json\/wp\/v2\/product\/128232","targetHints":{"allow":["GET"]}}],"collection":[{"href":"https:\/\/kaptenmat.se\/en\/wp-json\/wp\/v2\/product"}],"about":[{"href":"https:\/\/kaptenmat.se\/en\/wp-json\/wp\/v2\/types\/product"}],"replies":[{"embeddable":true,"href":"https:\/\/kaptenmat.se\/en\/wp-json\/wp\/v2\/comments?post=128232"}],"wp:featuredmedia":[{"embeddable":true,"href":"https:\/\/kaptenmat.se\/en\/wp-json\/wp\/v2\/media\/131551"}],"wp:attachment":[{"href":"https:\/\/kaptenmat.se\/en\/wp-json\/wp\/v2\/media?parent=128232"}],"wp:term":[{"taxonomy":"product_brand","embeddable":true,"href":"https:\/\/kaptenmat.se\/en\/wp-json\/wp\/v2\/product_brand?post=128232"},{"taxonomy":"product_cat","embeddable":true,"href":"https:\/\/kaptenmat.se\/en\/wp-json\/wp\/v2\/product_cat?post=128232"},{"taxonomy":"product_tag","embeddable":true,"href":"https:\/\/kaptenmat.se\/en\/wp-json\/wp\/v2\/product_tag?post=128232"}],"curies":[{"name":"wp","href":"https:\/\/api.w.org\/{rel}","templated":true}]}}