{"id":128409,"date":"2025-03-13T14:02:53","date_gmt":"2025-03-13T14:02:53","guid":{"rendered":"https:\/\/kaptenmat.se\/?post_type=product&#038;p=128409"},"modified":"2026-04-11T14:43:25","modified_gmt":"2026-04-11T14:43:25","slug":"liten-gjutjarnskopp","status":"publish","type":"product","link":"https:\/\/kaptenmat.se\/en\/product\/liten-gjutjarnskopp\/","title":{"rendered":"Cast iron cup \u2013 small, sturdy and perfect for sauce &amp; side dishes"},"content":{"rendered":"","protected":false},"excerpt":{"rendered":"<p data-start=\"286\" data-end=\"489\">A small but delicious one <strong data-start=\"312\" data-end=\"329\">cast iron cup<\/strong> which will quickly become a favorite in the outdoor kitchen. Perfect for serving a <strong data-start=\"392\" data-end=\"453\">smoky bearnaise, aioli, chimichurri, dressing or glaze<\/strong>\u00a0 directly at the frying pan.<\/p>\n<p data-start=\"491\" data-end=\"695\">\u2705 Made of solid cast iron - retains heat for a long time<br data-start=\"544\" data-end=\"547\" \/>\u2705 Perfect for sauce, butter, side dishes &amp; small bites<br data-start=\"592\" data-end=\"595\" \/>\u2705 Fits equally well at the grill, griddle or dinner table<br data-start=\"656\" data-end=\"659\" \/>\u2705 Timeless feel &amp; rustic serving<\/p>\n<p data-start=\"697\" data-end=\"866\">With its compact size and robust appearance, it enhances any meal. Combine several for a stylish and functional serving solution at your <strong data-start=\"843\" data-end=\"865\">griddle or BBQ<\/strong>.<\/p>\n<hr data-start=\"868\" data-end=\"871\" \/>\n<p data-start=\"873\" data-end=\"1004\">\ud83e\udd44 <strong data-start=\"876\" data-end=\"915\">Serve in style \u2013 in real cast iron.<\/strong><\/p>","protected":false},"featured_media":125625,"comment_status":"open","ping_status":"closed","template":"","meta":{"_acf_changed":false,"wprm-recipe-roundup-name":"","wprm-recipe-roundup-description":"","_monsterinsights_skip_tracking":false,"_monsterinsights_sitenote_active":false,"_monsterinsights_sitenote_note":"","_monsterinsights_sitenote_category":0},"product_brand":[],"product_cat":[31],"product_tag":[],"class_list":{"0":"post-128409","1":"product","2":"type-product","3":"status-publish","4":"has-post-thumbnail","6":"product_cat-tillbehor","8":"first","9":"instock","10":"taxable","11":"shipping-taxable","12":"purchasable","13":"product-type-simple"},"bundled_by":[],"bundle_stock_status":"instock","bundle_stock_quantity":14,"bundle_virtual":false,"bundle_layout":"","bundle_add_to_cart_form_location":"","bundle_editable_in_cart":false,"bundle_sold_individually_context":"","bundle_item_grouping":"","bundle_min_size":"","bundle_max_size":"","bundle_price":[],"bundled_items":[],"bundle_sell_ids":[],"acf":[],"yoast_head":"<!-- This site is optimized with the Yoast SEO plugin v26.3 - https:\/\/yoast.com\/wordpress\/plugins\/seo\/ -->\n<title>Gjutj\u00e4rnskopp \u2013 liten, robust och perfekt f\u00f6r s\u00e5s &amp; tillbeh\u00f6r - Kaptenmat<\/title>\n<meta name=\"robots\" content=\"index, follow, max-snippet:-1, max-image-preview:large, max-video-preview:-1\" \/>\n<link rel=\"canonical\" href=\"https:\/\/kaptenmat.se\/en\/product\/liten-gjutjarnskopp\/\" \/>\n<meta property=\"og:locale\" content=\"en_GB\" \/>\n<meta property=\"og:type\" content=\"article\" \/>\n<meta property=\"og:title\" content=\"Gjutj\u00e4rnskopp \u2013 liten, robust och perfekt f\u00f6r s\u00e5s &amp; tillbeh\u00f6r - Kaptenmat\" \/>\n<meta property=\"og:description\" content=\"En liten men naggande god gjutj\u00e4rnskopp som snabbt blir en favorit i utek\u00f6ket. Perfekt att servera en r\u00f6kig bearnaise, aioli, chimichurri, dressing eller glaze\u00a0 direkt vid stekh\u00e4llen. \u2705 Tillverkad i gediget gjutj\u00e4rn \u2013 h\u00e5ller v\u00e4rmen l\u00e4nge\u2705 Perfekt f\u00f6r s\u00e5s, sm\u00f6r, tillbeh\u00f6r &amp; sm\u00e5plock\u2705 Passar lika bra vid grillen, stekh\u00e4llen eller middagsbordet\u2705 Tidl\u00f6s k\u00e4nsla &amp; rustik servering Med sin kompakta storlek och sitt robusta uttryck lyfter den varje m\u00e5ltid. Kombinera flera f\u00f6r en snygg och funktionell serveringsl\u00f6sning vid din stekh\u00e4ll eller BBQ.    \ud83e\udd44 Servera med stil \u2013 i \u00e4kta gjutj\u00e4rn.\" \/>\n<meta property=\"og:url\" content=\"https:\/\/kaptenmat.se\/en\/product\/liten-gjutjarnskopp\/\" \/>\n<meta property=\"og:site_name\" content=\"Kaptenmat\" \/>\n<meta property=\"article:modified_time\" content=\"2026-04-11T14:43:25+00:00\" \/>\n<meta property=\"og:image\" content=\"https:\/\/kaptenmat.se\/wp-content\/uploads\/2024\/01\/101047.jpg\" \/>\n\t<meta property=\"og:image:width\" content=\"400\" \/>\n\t<meta property=\"og:image:height\" content=\"400\" \/>\n\t<meta property=\"og:image:type\" content=\"image\/jpeg\" \/>\n<meta name=\"twitter:card\" content=\"summary_large_image\" \/>\n<meta name=\"twitter:label1\" content=\"Estimated reading time\" \/>\n\t<meta name=\"twitter:data1\" content=\"1 minute\" \/>\n<script type=\"application\/ld+json\" class=\"yoast-schema-graph\">{\"@context\":\"https:\/\/schema.org\",\"@graph\":[{\"@type\":\"WebPage\",\"@id\":\"https:\/\/kaptenmat.se\/produkt\/liten-gjutjarnskopp\/\",\"url\":\"https:\/\/kaptenmat.se\/produkt\/liten-gjutjarnskopp\/\",\"name\":\"Gjutj\u00e4rnskopp \u2013 liten, robust och perfekt f\u00f6r s\u00e5s & tillbeh\u00f6r - Kaptenmat\",\"isPartOf\":{\"@id\":\"https:\/\/kaptenmat.se\/#website\"},\"primaryImageOfPage\":{\"@id\":\"https:\/\/kaptenmat.se\/produkt\/liten-gjutjarnskopp\/#primaryimage\"},\"image\":{\"@id\":\"https:\/\/kaptenmat.se\/produkt\/liten-gjutjarnskopp\/#primaryimage\"},\"thumbnailUrl\":\"https:\/\/kaptenmat.se\/wp-content\/uploads\/2024\/01\/101047.jpg\",\"datePublished\":\"2025-03-13T14:02:53+00:00\",\"dateModified\":\"2026-04-11T14:43:25+00:00\",\"breadcrumb\":{\"@id\":\"https:\/\/kaptenmat.se\/produkt\/liten-gjutjarnskopp\/#breadcrumb\"},\"inLanguage\":\"en-GB\",\"potentialAction\":[{\"@type\":\"ReadAction\",\"target\":[\"https:\/\/kaptenmat.se\/produkt\/liten-gjutjarnskopp\/\"]}]},{\"@type\":\"ImageObject\",\"inLanguage\":\"en-GB\",\"@id\":\"https:\/\/kaptenmat.se\/produkt\/liten-gjutjarnskopp\/#primaryimage\",\"url\":\"https:\/\/kaptenmat.se\/wp-content\/uploads\/2024\/01\/101047.jpg\",\"contentUrl\":\"https:\/\/kaptenmat.se\/wp-content\/uploads\/2024\/01\/101047.jpg\",\"width\":400,\"height\":400},{\"@type\":\"BreadcrumbList\",\"@id\":\"https:\/\/kaptenmat.se\/produkt\/liten-gjutjarnskopp\/#breadcrumb\",\"itemListElement\":[{\"@type\":\"ListItem\",\"position\":1,\"name\":\"Hem\",\"item\":\"https:\/\/kaptenmat.se\/\"},{\"@type\":\"ListItem\",\"position\":2,\"name\":\"Sortiment\",\"item\":\"https:\/\/kaptenmat.se\/shop\/\"},{\"@type\":\"ListItem\",\"position\":3,\"name\":\"Gjutj\u00e4rnskopp \u2013 liten, robust och perfekt f\u00f6r s\u00e5s &#038; tillbeh\u00f6r\"}]},{\"@type\":\"WebSite\",\"@id\":\"https:\/\/kaptenmat.se\/#website\",\"url\":\"https:\/\/kaptenmat.se\/\",\"name\":\"Kaptenmat\",\"description\":\"Matinspiration inom outdoor cooking.\",\"publisher\":{\"@id\":\"https:\/\/kaptenmat.se\/#organization\"},\"potentialAction\":[{\"@type\":\"SearchAction\",\"target\":{\"@type\":\"EntryPoint\",\"urlTemplate\":\"https:\/\/kaptenmat.se\/?s={search_term_string}\"},\"query-input\":{\"@type\":\"PropertyValueSpecification\",\"valueRequired\":true,\"valueName\":\"search_term_string\"}}],\"inLanguage\":\"en-GB\"},{\"@type\":\"Organization\",\"@id\":\"https:\/\/kaptenmat.se\/#organization\",\"name\":\"Kaptenmat\",\"url\":\"https:\/\/kaptenmat.se\/\",\"logo\":{\"@type\":\"ImageObject\",\"inLanguage\":\"en-GB\",\"@id\":\"https:\/\/kaptenmat.se\/#\/schema\/logo\/image\/\",\"url\":\"https:\/\/kaptenmat.se\/wp-content\/uploads\/2024\/01\/Kaptenmat_350.svg\",\"contentUrl\":\"https:\/\/kaptenmat.se\/wp-content\/uploads\/2024\/01\/Kaptenmat_350.svg\",\"width\":1,\"height\":1,\"caption\":\"Kaptenmat\"},\"image\":{\"@id\":\"https:\/\/kaptenmat.se\/#\/schema\/logo\/image\/\"}}]}<\/script>\n<!-- \/ Yoast SEO plugin. -->","yoast_head_json":{"title":"Gjutj\u00e4rnskopp \u2013 liten, robust och perfekt f\u00f6r s\u00e5s & tillbeh\u00f6r - Kaptenmat","robots":{"index":"index","follow":"follow","max-snippet":"max-snippet:-1","max-image-preview":"max-image-preview:large","max-video-preview":"max-video-preview:-1"},"canonical":"https:\/\/kaptenmat.se\/en\/product\/liten-gjutjarnskopp\/","og_locale":"en_GB","og_type":"article","og_title":"Gjutj\u00e4rnskopp \u2013 liten, robust och perfekt f\u00f6r s\u00e5s & tillbeh\u00f6r - Kaptenmat","og_description":"En liten men naggande god gjutj\u00e4rnskopp som snabbt blir en favorit i utek\u00f6ket. Perfekt att servera en r\u00f6kig bearnaise, aioli, chimichurri, dressing eller glaze\u00a0 direkt vid stekh\u00e4llen. \u2705 Tillverkad i gediget gjutj\u00e4rn \u2013 h\u00e5ller v\u00e4rmen l\u00e4nge\u2705 Perfekt f\u00f6r s\u00e5s, sm\u00f6r, tillbeh\u00f6r &amp; sm\u00e5plock\u2705 Passar lika bra vid grillen, stekh\u00e4llen eller middagsbordet\u2705 Tidl\u00f6s k\u00e4nsla &amp; rustik servering Med sin kompakta storlek och sitt robusta uttryck lyfter den varje m\u00e5ltid. Kombinera flera f\u00f6r en snygg och funktionell serveringsl\u00f6sning vid din stekh\u00e4ll eller BBQ.    \ud83e\udd44 Servera med stil \u2013 i \u00e4kta gjutj\u00e4rn.","og_url":"https:\/\/kaptenmat.se\/en\/product\/liten-gjutjarnskopp\/","og_site_name":"Kaptenmat","article_modified_time":"2026-04-11T14:43:25+00:00","og_image":[{"width":400,"height":400,"url":"https:\/\/kaptenmat.se\/wp-content\/uploads\/2024\/01\/101047.jpg","type":"image\/jpeg"}],"twitter_card":"summary_large_image","twitter_misc":{"Estimated reading time":"1 minute"},"schema":{"@context":"https:\/\/schema.org","@graph":[{"@type":"WebPage","@id":"https:\/\/kaptenmat.se\/produkt\/liten-gjutjarnskopp\/","url":"https:\/\/kaptenmat.se\/produkt\/liten-gjutjarnskopp\/","name":"Gjutj\u00e4rnskopp \u2013 liten, robust och perfekt f\u00f6r s\u00e5s & tillbeh\u00f6r - Kaptenmat","isPartOf":{"@id":"https:\/\/kaptenmat.se\/#website"},"primaryImageOfPage":{"@id":"https:\/\/kaptenmat.se\/produkt\/liten-gjutjarnskopp\/#primaryimage"},"image":{"@id":"https:\/\/kaptenmat.se\/produkt\/liten-gjutjarnskopp\/#primaryimage"},"thumbnailUrl":"https:\/\/kaptenmat.se\/wp-content\/uploads\/2024\/01\/101047.jpg","datePublished":"2025-03-13T14:02:53+00:00","dateModified":"2026-04-11T14:43:25+00:00","breadcrumb":{"@id":"https:\/\/kaptenmat.se\/produkt\/liten-gjutjarnskopp\/#breadcrumb"},"inLanguage":"en-GB","potentialAction":[{"@type":"ReadAction","target":["https:\/\/kaptenmat.se\/produkt\/liten-gjutjarnskopp\/"]}]},{"@type":"ImageObject","inLanguage":"en-GB","@id":"https:\/\/kaptenmat.se\/produkt\/liten-gjutjarnskopp\/#primaryimage","url":"https:\/\/kaptenmat.se\/wp-content\/uploads\/2024\/01\/101047.jpg","contentUrl":"https:\/\/kaptenmat.se\/wp-content\/uploads\/2024\/01\/101047.jpg","width":400,"height":400},{"@type":"BreadcrumbList","@id":"https:\/\/kaptenmat.se\/produkt\/liten-gjutjarnskopp\/#breadcrumb","itemListElement":[{"@type":"ListItem","position":1,"name":"Hem","item":"https:\/\/kaptenmat.se\/"},{"@type":"ListItem","position":2,"name":"Sortiment","item":"https:\/\/kaptenmat.se\/shop\/"},{"@type":"ListItem","position":3,"name":"Gjutj\u00e4rnskopp \u2013 liten, robust och perfekt f\u00f6r s\u00e5s &#038; tillbeh\u00f6r"}]},{"@type":"WebSite","@id":"https:\/\/kaptenmat.se\/#website","url":"https:\/\/kaptenmat.se\/","name":"Kaptenmat","description":"Matinspiration inom outdoor cooking.","publisher":{"@id":"https:\/\/kaptenmat.se\/#organization"},"potentialAction":[{"@type":"SearchAction","target":{"@type":"EntryPoint","urlTemplate":"https:\/\/kaptenmat.se\/?s={search_term_string}"},"query-input":{"@type":"PropertyValueSpecification","valueRequired":true,"valueName":"search_term_string"}}],"inLanguage":"en-GB"},{"@type":"Organization","@id":"https:\/\/kaptenmat.se\/#organization","name":"Kaptenmat","url":"https:\/\/kaptenmat.se\/","logo":{"@type":"ImageObject","inLanguage":"en-GB","@id":"https:\/\/kaptenmat.se\/#\/schema\/logo\/image\/","url":"https:\/\/kaptenmat.se\/wp-content\/uploads\/2024\/01\/Kaptenmat_350.svg","contentUrl":"https:\/\/kaptenmat.se\/wp-content\/uploads\/2024\/01\/Kaptenmat_350.svg","width":1,"height":1,"caption":"Kaptenmat"},"image":{"@id":"https:\/\/kaptenmat.se\/#\/schema\/logo\/image\/"}}]}},"_links":{"self":[{"href":"https:\/\/kaptenmat.se\/en\/wp-json\/wp\/v2\/product\/128409","targetHints":{"allow":["GET"]}}],"collection":[{"href":"https:\/\/kaptenmat.se\/en\/wp-json\/wp\/v2\/product"}],"about":[{"href":"https:\/\/kaptenmat.se\/en\/wp-json\/wp\/v2\/types\/product"}],"replies":[{"embeddable":true,"href":"https:\/\/kaptenmat.se\/en\/wp-json\/wp\/v2\/comments?post=128409"}],"wp:featuredmedia":[{"embeddable":true,"href":"https:\/\/kaptenmat.se\/en\/wp-json\/wp\/v2\/media\/125625"}],"wp:attachment":[{"href":"https:\/\/kaptenmat.se\/en\/wp-json\/wp\/v2\/media?parent=128409"}],"wp:term":[{"taxonomy":"product_brand","embeddable":true,"href":"https:\/\/kaptenmat.se\/en\/wp-json\/wp\/v2\/product_brand?post=128409"},{"taxonomy":"product_cat","embeddable":true,"href":"https:\/\/kaptenmat.se\/en\/wp-json\/wp\/v2\/product_cat?post=128409"},{"taxonomy":"product_tag","embeddable":true,"href":"https:\/\/kaptenmat.se\/en\/wp-json\/wp\/v2\/product_tag?post=128409"}],"curies":[{"name":"wp","href":"https:\/\/api.w.org\/{rel}","templated":true}]}}