{"id":128414,"date":"2025-03-14T10:33:38","date_gmt":"2025-03-14T10:33:38","guid":{"rendered":"https:\/\/kaptenmat.se\/?post_type=product&#038;p=128414"},"modified":"2026-04-05T14:43:25","modified_gmt":"2026-04-05T14:43:25","slug":"skinnforklade-i-buffelskinn-svart","status":"publish","type":"product","link":"https:\/\/kaptenmat.se\/en\/product\/skinnforklade-i-buffelskinn-svart\/","title":{"rendered":"Leather apron made of genuine buffalo leather"},"content":{"rendered":"","protected":false},"excerpt":{"rendered":"<p data-start=\"311\" data-end=\"341\"><strong data-start=\"311\" data-end=\"341\">Color: Black | Length: 75 cm<\/strong><\/p>\n<p data-start=\"343\" data-end=\"603\">Are you looking for a real <strong data-start=\"370\" data-end=\"410\">apron for frying pan, grill and BBQ<\/strong>? Then this is <strong data-start=\"424\" data-end=\"465\">exclusive leather apron in buffalo leather<\/strong> an obvious choice. It&#039;s not just an apron \u2013 it&#039;s <strong data-start=\"525\" data-end=\"550\">your uniform by the fire<\/strong>Created for those who take outdoor cooking seriously.<\/p>\n<hr data-start=\"605\" data-end=\"608\" \/>\n<h3 data-start=\"610\" data-end=\"644\">\ud83d\udd25 Why you&#039;ll love it:<\/h3>\n<ul data-start=\"646\" data-end=\"998\">\n<li data-start=\"646\" data-end=\"716\">\u2705 <strong data-start=\"650\" data-end=\"670\">Genuine buffalo leather<\/strong> \u2013 durable, flexible and naturally stylish<\/li>\n<li data-start=\"717\" data-end=\"810\">\u2705 <strong data-start=\"721\" data-end=\"762\">Protects against heat, grease splashes and embers<\/strong> \u2013 perfect for a griddle, grill or open fire<\/li>\n<li data-start=\"811\" data-end=\"898\">\u2705 <strong data-start=\"815\" data-end=\"845\">Timeless design with character<\/strong> \u2013 the leather acquires a beautiful patina the more you use it<\/li>\n<li data-start=\"899\" data-end=\"944\">\u2705 <strong data-start=\"903\" data-end=\"942\">Comfortable fit &amp; adjustable straps<\/strong><\/li>\n<li data-start=\"945\" data-end=\"998\">\u2705 <strong data-start=\"949\" data-end=\"996\">Built to last a lifetime of cooking<\/strong><\/li>\n<\/ul>\n<p data-start=\"1000\" data-end=\"1190\">Whether you&#039;re standing by the grill in the evening sun or grilling for a whole bunch \u2013 <strong data-start=\"1082\" data-end=\"1117\">this apron elevates the feeling<\/strong>, protects you from the heat and gives you the style that belongs to a true outdoor chef.<\/p>","protected":false},"featured_media":128417,"comment_status":"open","ping_status":"closed","template":"","meta":{"_acf_changed":false,"wprm-recipe-roundup-name":"","wprm-recipe-roundup-description":"","_monsterinsights_skip_tracking":false,"_monsterinsights_sitenote_active":false,"_monsterinsights_sitenote_note":"","_monsterinsights_sitenote_category":0},"product_brand":[],"product_cat":[28,31],"product_tag":[],"class_list":{"0":"post-128414","1":"product","2":"type-product","3":"status-publish","4":"has-post-thumbnail","6":"product_cat-klader","7":"product_cat-tillbehor","9":"first","10":"instock","11":"taxable","12":"shipping-taxable","13":"purchasable","14":"product-type-simple"},"bundled_by":[],"bundle_stock_status":"instock","bundle_stock_quantity":18,"bundle_virtual":false,"bundle_layout":"","bundle_add_to_cart_form_location":"","bundle_editable_in_cart":false,"bundle_sold_individually_context":"","bundle_item_grouping":"","bundle_min_size":"","bundle_max_size":"","bundle_price":[],"bundled_items":[],"bundle_sell_ids":[],"acf":[],"yoast_head":"<!-- This site is optimized with the Yoast SEO plugin v26.3 - https:\/\/yoast.com\/wordpress\/plugins\/seo\/ -->\n<title>Skinnf\u00f6rkl\u00e4de i \u00e4kta buffell\u00e4der - Kaptenmat<\/title>\n<meta name=\"robots\" content=\"index, follow, max-snippet:-1, max-image-preview:large, max-video-preview:-1\" \/>\n<link rel=\"canonical\" href=\"https:\/\/kaptenmat.se\/en\/product\/skinnforklade-i-buffelskinn-svart\/\" \/>\n<meta property=\"og:locale\" content=\"en_GB\" \/>\n<meta property=\"og:type\" content=\"article\" \/>\n<meta property=\"og:title\" content=\"Skinnf\u00f6rkl\u00e4de i \u00e4kta buffell\u00e4der - Kaptenmat\" \/>\n<meta property=\"og:description\" content=\"F\u00e4rg: Svart | L\u00e4ngd: 75 cm Letar du efter ett riktigt f\u00f6rkl\u00e4de f\u00f6r stekh\u00e4ll, grill och BBQ? D\u00e5 \u00e4r detta exklusiva skinnf\u00f6rkl\u00e4de i buffell\u00e4der ett sj\u00e4lvklart val. Det \u00e4r inte bara ett f\u00f6rkl\u00e4de \u2013 det \u00e4r din uniform vid elden. Skapat f\u00f6r dig som tar utomhusmatlagning p\u00e5 allvar.     \ud83d\udd25 Varf\u00f6r du kommer \u00e4lska det:   \u2705 \u00c4kta buffelskinn \u2013 slitstarkt, f\u00f6ljsamt och naturligt snyggt  \u2705 Skyddar mot v\u00e4rme, fettst\u00e4nk och gl\u00f6d \u2013 perfekt vid stekh\u00e4ll, grill eller \u00f6ppen eld  \u2705 Tidl\u00f6s design med karakt\u00e4r \u2013 skinnet f\u00e5r vacker patina ju mer du anv\u00e4nder det  \u2705 Bekv\u00e4m passform &amp; justerbara remmar  \u2705 Byggt f\u00f6r att h\u00e5lla ett helt matlagningsliv  Oavsett om du st\u00e5r vid stekh\u00e4llen i kv\u00e4llssolen eller grillar f\u00f6r ett helt g\u00e4ng \u2013 det h\u00e4r f\u00f6rkl\u00e4det h\u00f6jer k\u00e4nslan, skyddar dig fr\u00e5n hetta och ger dig stilen som h\u00f6r en sann utekock till.\" \/>\n<meta property=\"og:url\" content=\"https:\/\/kaptenmat.se\/en\/product\/skinnforklade-i-buffelskinn-svart\/\" \/>\n<meta property=\"og:site_name\" content=\"Kaptenmat\" \/>\n<meta property=\"article:modified_time\" content=\"2026-04-05T14:43:25+00:00\" \/>\n<meta property=\"og:image\" content=\"https:\/\/kaptenmat.se\/wp-content\/uploads\/2025\/03\/Skarmavbild-2025-03-13-kl.-20.35.38.png\" \/>\n\t<meta property=\"og:image:width\" content=\"904\" \/>\n\t<meta property=\"og:image:height\" content=\"784\" \/>\n\t<meta property=\"og:image:type\" content=\"image\/png\" \/>\n<meta name=\"twitter:card\" content=\"summary_large_image\" \/>\n<meta name=\"twitter:label1\" content=\"Estimated reading time\" \/>\n\t<meta name=\"twitter:data1\" content=\"1 minute\" \/>\n<script type=\"application\/ld+json\" class=\"yoast-schema-graph\">{\"@context\":\"https:\/\/schema.org\",\"@graph\":[{\"@type\":\"WebPage\",\"@id\":\"https:\/\/kaptenmat.se\/produkt\/skinnforklade-i-buffelskinn-svart\/\",\"url\":\"https:\/\/kaptenmat.se\/produkt\/skinnforklade-i-buffelskinn-svart\/\",\"name\":\"Skinnf\u00f6rkl\u00e4de i \u00e4kta buffell\u00e4der - Kaptenmat\",\"isPartOf\":{\"@id\":\"https:\/\/kaptenmat.se\/#website\"},\"primaryImageOfPage\":{\"@id\":\"https:\/\/kaptenmat.se\/produkt\/skinnforklade-i-buffelskinn-svart\/#primaryimage\"},\"image\":{\"@id\":\"https:\/\/kaptenmat.se\/produkt\/skinnforklade-i-buffelskinn-svart\/#primaryimage\"},\"thumbnailUrl\":\"https:\/\/kaptenmat.se\/wp-content\/uploads\/2025\/03\/Skarmavbild-2025-03-13-kl.-20.35.38.png\",\"datePublished\":\"2025-03-14T10:33:38+00:00\",\"dateModified\":\"2026-04-05T14:43:25+00:00\",\"breadcrumb\":{\"@id\":\"https:\/\/kaptenmat.se\/produkt\/skinnforklade-i-buffelskinn-svart\/#breadcrumb\"},\"inLanguage\":\"en-GB\",\"potentialAction\":[{\"@type\":\"ReadAction\",\"target\":[\"https:\/\/kaptenmat.se\/produkt\/skinnforklade-i-buffelskinn-svart\/\"]}]},{\"@type\":\"ImageObject\",\"inLanguage\":\"en-GB\",\"@id\":\"https:\/\/kaptenmat.se\/produkt\/skinnforklade-i-buffelskinn-svart\/#primaryimage\",\"url\":\"https:\/\/kaptenmat.se\/wp-content\/uploads\/2025\/03\/Skarmavbild-2025-03-13-kl.-20.35.38.png\",\"contentUrl\":\"https:\/\/kaptenmat.se\/wp-content\/uploads\/2025\/03\/Skarmavbild-2025-03-13-kl.-20.35.38.png\",\"width\":904,\"height\":784},{\"@type\":\"BreadcrumbList\",\"@id\":\"https:\/\/kaptenmat.se\/produkt\/skinnforklade-i-buffelskinn-svart\/#breadcrumb\",\"itemListElement\":[{\"@type\":\"ListItem\",\"position\":1,\"name\":\"Hem\",\"item\":\"https:\/\/kaptenmat.se\/\"},{\"@type\":\"ListItem\",\"position\":2,\"name\":\"Sortiment\",\"item\":\"https:\/\/kaptenmat.se\/shop\/\"},{\"@type\":\"ListItem\",\"position\":3,\"name\":\"Skinnf\u00f6rkl\u00e4de i \u00e4kta buffell\u00e4der\"}]},{\"@type\":\"WebSite\",\"@id\":\"https:\/\/kaptenmat.se\/#website\",\"url\":\"https:\/\/kaptenmat.se\/\",\"name\":\"Kaptenmat\",\"description\":\"Matinspiration inom outdoor cooking.\",\"publisher\":{\"@id\":\"https:\/\/kaptenmat.se\/#organization\"},\"potentialAction\":[{\"@type\":\"SearchAction\",\"target\":{\"@type\":\"EntryPoint\",\"urlTemplate\":\"https:\/\/kaptenmat.se\/?s={search_term_string}\"},\"query-input\":{\"@type\":\"PropertyValueSpecification\",\"valueRequired\":true,\"valueName\":\"search_term_string\"}}],\"inLanguage\":\"en-GB\"},{\"@type\":\"Organization\",\"@id\":\"https:\/\/kaptenmat.se\/#organization\",\"name\":\"Kaptenmat\",\"url\":\"https:\/\/kaptenmat.se\/\",\"logo\":{\"@type\":\"ImageObject\",\"inLanguage\":\"en-GB\",\"@id\":\"https:\/\/kaptenmat.se\/#\/schema\/logo\/image\/\",\"url\":\"https:\/\/kaptenmat.se\/wp-content\/uploads\/2024\/01\/Kaptenmat_350.svg\",\"contentUrl\":\"https:\/\/kaptenmat.se\/wp-content\/uploads\/2024\/01\/Kaptenmat_350.svg\",\"width\":1,\"height\":1,\"caption\":\"Kaptenmat\"},\"image\":{\"@id\":\"https:\/\/kaptenmat.se\/#\/schema\/logo\/image\/\"}}]}<\/script>\n<!-- \/ Yoast SEO plugin. -->","yoast_head_json":{"title":"Skinnf\u00f6rkl\u00e4de i \u00e4kta buffell\u00e4der - Kaptenmat","robots":{"index":"index","follow":"follow","max-snippet":"max-snippet:-1","max-image-preview":"max-image-preview:large","max-video-preview":"max-video-preview:-1"},"canonical":"https:\/\/kaptenmat.se\/en\/product\/skinnforklade-i-buffelskinn-svart\/","og_locale":"en_GB","og_type":"article","og_title":"Skinnf\u00f6rkl\u00e4de i \u00e4kta buffell\u00e4der - Kaptenmat","og_description":"F\u00e4rg: Svart | L\u00e4ngd: 75 cm Letar du efter ett riktigt f\u00f6rkl\u00e4de f\u00f6r stekh\u00e4ll, grill och BBQ? D\u00e5 \u00e4r detta exklusiva skinnf\u00f6rkl\u00e4de i buffell\u00e4der ett sj\u00e4lvklart val. Det \u00e4r inte bara ett f\u00f6rkl\u00e4de \u2013 det \u00e4r din uniform vid elden. Skapat f\u00f6r dig som tar utomhusmatlagning p\u00e5 allvar.     \ud83d\udd25 Varf\u00f6r du kommer \u00e4lska det:   \u2705 \u00c4kta buffelskinn \u2013 slitstarkt, f\u00f6ljsamt och naturligt snyggt  \u2705 Skyddar mot v\u00e4rme, fettst\u00e4nk och gl\u00f6d \u2013 perfekt vid stekh\u00e4ll, grill eller \u00f6ppen eld  \u2705 Tidl\u00f6s design med karakt\u00e4r \u2013 skinnet f\u00e5r vacker patina ju mer du anv\u00e4nder det  \u2705 Bekv\u00e4m passform &amp; justerbara remmar  \u2705 Byggt f\u00f6r att h\u00e5lla ett helt matlagningsliv  Oavsett om du st\u00e5r vid stekh\u00e4llen i kv\u00e4llssolen eller grillar f\u00f6r ett helt g\u00e4ng \u2013 det h\u00e4r f\u00f6rkl\u00e4det h\u00f6jer k\u00e4nslan, skyddar dig fr\u00e5n hetta och ger dig stilen som h\u00f6r en sann utekock till.","og_url":"https:\/\/kaptenmat.se\/en\/product\/skinnforklade-i-buffelskinn-svart\/","og_site_name":"Kaptenmat","article_modified_time":"2026-04-05T14:43:25+00:00","og_image":[{"width":904,"height":784,"url":"https:\/\/kaptenmat.se\/wp-content\/uploads\/2025\/03\/Skarmavbild-2025-03-13-kl.-20.35.38.png","type":"image\/png"}],"twitter_card":"summary_large_image","twitter_misc":{"Estimated reading time":"1 minute"},"schema":{"@context":"https:\/\/schema.org","@graph":[{"@type":"WebPage","@id":"https:\/\/kaptenmat.se\/produkt\/skinnforklade-i-buffelskinn-svart\/","url":"https:\/\/kaptenmat.se\/produkt\/skinnforklade-i-buffelskinn-svart\/","name":"Skinnf\u00f6rkl\u00e4de i \u00e4kta buffell\u00e4der - Kaptenmat","isPartOf":{"@id":"https:\/\/kaptenmat.se\/#website"},"primaryImageOfPage":{"@id":"https:\/\/kaptenmat.se\/produkt\/skinnforklade-i-buffelskinn-svart\/#primaryimage"},"image":{"@id":"https:\/\/kaptenmat.se\/produkt\/skinnforklade-i-buffelskinn-svart\/#primaryimage"},"thumbnailUrl":"https:\/\/kaptenmat.se\/wp-content\/uploads\/2025\/03\/Skarmavbild-2025-03-13-kl.-20.35.38.png","datePublished":"2025-03-14T10:33:38+00:00","dateModified":"2026-04-05T14:43:25+00:00","breadcrumb":{"@id":"https:\/\/kaptenmat.se\/produkt\/skinnforklade-i-buffelskinn-svart\/#breadcrumb"},"inLanguage":"en-GB","potentialAction":[{"@type":"ReadAction","target":["https:\/\/kaptenmat.se\/produkt\/skinnforklade-i-buffelskinn-svart\/"]}]},{"@type":"ImageObject","inLanguage":"en-GB","@id":"https:\/\/kaptenmat.se\/produkt\/skinnforklade-i-buffelskinn-svart\/#primaryimage","url":"https:\/\/kaptenmat.se\/wp-content\/uploads\/2025\/03\/Skarmavbild-2025-03-13-kl.-20.35.38.png","contentUrl":"https:\/\/kaptenmat.se\/wp-content\/uploads\/2025\/03\/Skarmavbild-2025-03-13-kl.-20.35.38.png","width":904,"height":784},{"@type":"BreadcrumbList","@id":"https:\/\/kaptenmat.se\/produkt\/skinnforklade-i-buffelskinn-svart\/#breadcrumb","itemListElement":[{"@type":"ListItem","position":1,"name":"Hem","item":"https:\/\/kaptenmat.se\/"},{"@type":"ListItem","position":2,"name":"Sortiment","item":"https:\/\/kaptenmat.se\/shop\/"},{"@type":"ListItem","position":3,"name":"Skinnf\u00f6rkl\u00e4de i \u00e4kta buffell\u00e4der"}]},{"@type":"WebSite","@id":"https:\/\/kaptenmat.se\/#website","url":"https:\/\/kaptenmat.se\/","name":"Kaptenmat","description":"Matinspiration inom outdoor cooking.","publisher":{"@id":"https:\/\/kaptenmat.se\/#organization"},"potentialAction":[{"@type":"SearchAction","target":{"@type":"EntryPoint","urlTemplate":"https:\/\/kaptenmat.se\/?s={search_term_string}"},"query-input":{"@type":"PropertyValueSpecification","valueRequired":true,"valueName":"search_term_string"}}],"inLanguage":"en-GB"},{"@type":"Organization","@id":"https:\/\/kaptenmat.se\/#organization","name":"Kaptenmat","url":"https:\/\/kaptenmat.se\/","logo":{"@type":"ImageObject","inLanguage":"en-GB","@id":"https:\/\/kaptenmat.se\/#\/schema\/logo\/image\/","url":"https:\/\/kaptenmat.se\/wp-content\/uploads\/2024\/01\/Kaptenmat_350.svg","contentUrl":"https:\/\/kaptenmat.se\/wp-content\/uploads\/2024\/01\/Kaptenmat_350.svg","width":1,"height":1,"caption":"Kaptenmat"},"image":{"@id":"https:\/\/kaptenmat.se\/#\/schema\/logo\/image\/"}}]}},"_links":{"self":[{"href":"https:\/\/kaptenmat.se\/en\/wp-json\/wp\/v2\/product\/128414","targetHints":{"allow":["GET"]}}],"collection":[{"href":"https:\/\/kaptenmat.se\/en\/wp-json\/wp\/v2\/product"}],"about":[{"href":"https:\/\/kaptenmat.se\/en\/wp-json\/wp\/v2\/types\/product"}],"replies":[{"embeddable":true,"href":"https:\/\/kaptenmat.se\/en\/wp-json\/wp\/v2\/comments?post=128414"}],"wp:featuredmedia":[{"embeddable":true,"href":"https:\/\/kaptenmat.se\/en\/wp-json\/wp\/v2\/media\/128417"}],"wp:attachment":[{"href":"https:\/\/kaptenmat.se\/en\/wp-json\/wp\/v2\/media?parent=128414"}],"wp:term":[{"taxonomy":"product_brand","embeddable":true,"href":"https:\/\/kaptenmat.se\/en\/wp-json\/wp\/v2\/product_brand?post=128414"},{"taxonomy":"product_cat","embeddable":true,"href":"https:\/\/kaptenmat.se\/en\/wp-json\/wp\/v2\/product_cat?post=128414"},{"taxonomy":"product_tag","embeddable":true,"href":"https:\/\/kaptenmat.se\/en\/wp-json\/wp\/v2\/product_tag?post=128414"}],"curies":[{"name":"wp","href":"https:\/\/api.w.org\/{rel}","templated":true}]}}