{"id":128495,"date":"2025-03-30T08:38:32","date_gmt":"2025-03-30T08:38:32","guid":{"rendered":"https:\/\/kaptenmat.se\/?post_type=product&#038;p=128495"},"modified":"2026-04-23T14:43:18","modified_gmt":"2026-04-23T14:43:18","slug":"kokbok-vara-mest-alskade-matklassiker","status":"publish","type":"product","link":"https:\/\/kaptenmat.se\/en\/product\/kokbok-vara-mest-alskade-matklassiker\/","title":{"rendered":"Cookbook \u2013 Cooking for real \u201cSigned\u201d"},"content":{"rendered":"","protected":false},"excerpt":{"rendered":"<div>\n<div>The Captain&#039;s absolute recipe favorites \u2013 Real outdoor cooking<\/div>\n<div><\/div>\n<div>The long-awaited cookbook from\u00a0<strong>Captain Mat<\/strong> is here, created for those of you who love to cook outdoors. <strong>griddle, Muurikka, grill, over an open fire or just inside your safe kitchen<\/strong>.<\/div>\n<\/div>\n<div>\n<p>An inspiring <span class=\"il\">Book<\/span>\u00a0with over<strong>\u00a070 recipes <\/strong>from the most appreciated films with Captain Food. \u00a0<strong>Enjoy the joy of eating and get tips and precise recipes to succeed with your cooking.<\/strong><\/p>\n<p>Personally signed Captain Food<\/p>\n<\/div>\n<hr \/>\n<h3><strong>What you get in the book:<\/strong><\/h3>\n<ul>\n<li>Recipes for everything from our most appreciated home cooking and restaurant classics to family-friendly fast food<\/li>\n<li>Easy-to-understand recipes to follow step by step with inspiring pictures<\/li>\n<li>Suitable for both beginners and experienced outdoor chefs<\/li>\n<li>Hardcover book in the highest quality with 192 pages and double binding<\/li>\n<\/ul>","protected":false},"featured_media":128505,"comment_status":"open","ping_status":"closed","template":"","meta":{"_acf_changed":false,"wprm-recipe-roundup-name":"","wprm-recipe-roundup-description":"","_monsterinsights_skip_tracking":false,"_monsterinsights_sitenote_active":false,"_monsterinsights_sitenote_note":"","_monsterinsights_sitenote_category":0},"product_brand":[],"product_cat":[15,1012],"product_tag":[],"class_list":{"0":"post-128495","1":"product","2":"type-product","3":"status-publish","4":"has-post-thumbnail","6":"product_cat-kaptensmats-produkter","7":"product_cat-bocker","9":"first","10":"instock","11":"taxable","12":"shipping-taxable","13":"purchasable","14":"product-type-simple"},"bundled_by":[],"bundle_stock_status":"instock","bundle_stock_quantity":21,"bundle_virtual":false,"bundle_layout":"","bundle_add_to_cart_form_location":"","bundle_editable_in_cart":false,"bundle_sold_individually_context":"","bundle_item_grouping":"","bundle_min_size":"","bundle_max_size":"","bundle_price":[],"bundled_items":[],"bundle_sell_ids":[],"acf":[],"yoast_head":"<!-- This site is optimized with the Yoast SEO plugin v26.3 - https:\/\/yoast.com\/wordpress\/plugins\/seo\/ -->\n<title>Kokbok - Matlagning p\u00e5 riktigt &quot;Signerad&quot; - Kaptenmat<\/title>\n<meta name=\"robots\" content=\"index, follow, max-snippet:-1, max-image-preview:large, max-video-preview:-1\" \/>\n<link rel=\"canonical\" href=\"https:\/\/kaptenmat.se\/en\/product\/kokbok-vara-mest-alskade-matklassiker\/\" \/>\n<meta property=\"og:locale\" content=\"en_GB\" \/>\n<meta property=\"og:type\" content=\"article\" \/>\n<meta property=\"og:title\" content=\"Kokbok - Matlagning p\u00e5 riktigt &quot;Signerad&quot; - Kaptenmat\" \/>\n<meta property=\"og:description\" content=\"Kaptenens absoluta receptfavoriter\u00a0 - Utomhusmatlagning p\u00e5 riktigt  Den efterl\u00e4ngtade kokboken fr\u00e5n\u00a0Kapten Mat \u00e4r h\u00e4r, skapad f\u00f6r dig som \u00e4lskar att laga mat utomhus p\u00e5 stekh\u00e4ll, Muurikka, grill, \u00f6ver \u00f6ppen eld eller bara inne i ditt trygga k\u00f6k.    En inspirerande bok\u00a0med \u00f6ver\u00a070 recept fr\u00e5n de mest uppskattade filmerna med Kapten Mat. \u00a0Ta del av matgl\u00e4dje och tips samt exakta recept f\u00f6r att lyckas med din matlagning.  Personligt signerad Kapten Mat      Vad du f\u00e5r i boken:   Recept p\u00e5 allt fr\u00e5n v\u00e5r mest uppskattade husmanskost och krogklassiker till familjev\u00e4nlig snabbmat  L\u00e4ttf\u00f6rst\u00e5eliga recept att f\u00f6lja steg f\u00f6r steg med inspirerande bilder  Passar b\u00e5de nyb\u00f6rjaren och den erfarne utekocken  Inbunden bok i h\u00f6gsta kvalitet p\u00e5 192 sidor och dubbla l\u00e4sband\" \/>\n<meta property=\"og:url\" content=\"https:\/\/kaptenmat.se\/en\/product\/kokbok-vara-mest-alskade-matklassiker\/\" \/>\n<meta property=\"og:site_name\" content=\"Kaptenmat\" \/>\n<meta property=\"article:modified_time\" content=\"2026-04-23T14:43:18+00:00\" \/>\n<meta property=\"og:image\" content=\"https:\/\/kaptenmat.se\/wp-content\/uploads\/2025\/03\/Kapten-Mat-COVER_page-0001.jpg\" \/>\n\t<meta property=\"og:image:width\" content=\"2404\" \/>\n\t<meta property=\"og:image:height\" content=\"1571\" \/>\n\t<meta property=\"og:image:type\" content=\"image\/jpeg\" \/>\n<meta name=\"twitter:card\" content=\"summary_large_image\" \/>\n<meta name=\"twitter:label1\" content=\"Estimated reading time\" \/>\n\t<meta name=\"twitter:data1\" content=\"1 minute\" \/>\n<script type=\"application\/ld+json\" class=\"yoast-schema-graph\">{\"@context\":\"https:\/\/schema.org\",\"@graph\":[{\"@type\":\"WebPage\",\"@id\":\"https:\/\/kaptenmat.se\/produkt\/kokbok-vara-mest-alskade-matklassiker\/\",\"url\":\"https:\/\/kaptenmat.se\/produkt\/kokbok-vara-mest-alskade-matklassiker\/\",\"name\":\"Kokbok - Matlagning p\u00e5 riktigt \\\"Signerad\\\" - Kaptenmat\",\"isPartOf\":{\"@id\":\"https:\/\/kaptenmat.se\/#website\"},\"primaryImageOfPage\":{\"@id\":\"https:\/\/kaptenmat.se\/produkt\/kokbok-vara-mest-alskade-matklassiker\/#primaryimage\"},\"image\":{\"@id\":\"https:\/\/kaptenmat.se\/produkt\/kokbok-vara-mest-alskade-matklassiker\/#primaryimage\"},\"thumbnailUrl\":\"https:\/\/kaptenmat.se\/wp-content\/uploads\/2025\/03\/Kapten-Mat-COVER_page-0001.jpg\",\"datePublished\":\"2025-03-30T08:38:32+00:00\",\"dateModified\":\"2026-04-23T14:43:18+00:00\",\"breadcrumb\":{\"@id\":\"https:\/\/kaptenmat.se\/produkt\/kokbok-vara-mest-alskade-matklassiker\/#breadcrumb\"},\"inLanguage\":\"en-GB\",\"potentialAction\":[{\"@type\":\"ReadAction\",\"target\":[\"https:\/\/kaptenmat.se\/produkt\/kokbok-vara-mest-alskade-matklassiker\/\"]}]},{\"@type\":\"ImageObject\",\"inLanguage\":\"en-GB\",\"@id\":\"https:\/\/kaptenmat.se\/produkt\/kokbok-vara-mest-alskade-matklassiker\/#primaryimage\",\"url\":\"https:\/\/kaptenmat.se\/wp-content\/uploads\/2025\/03\/Kapten-Mat-COVER_page-0001.jpg\",\"contentUrl\":\"https:\/\/kaptenmat.se\/wp-content\/uploads\/2025\/03\/Kapten-Mat-COVER_page-0001.jpg\",\"width\":2404,\"height\":1571},{\"@type\":\"BreadcrumbList\",\"@id\":\"https:\/\/kaptenmat.se\/produkt\/kokbok-vara-mest-alskade-matklassiker\/#breadcrumb\",\"itemListElement\":[{\"@type\":\"ListItem\",\"position\":1,\"name\":\"Hem\",\"item\":\"https:\/\/kaptenmat.se\/\"},{\"@type\":\"ListItem\",\"position\":2,\"name\":\"Sortiment\",\"item\":\"https:\/\/kaptenmat.se\/shop\/\"},{\"@type\":\"ListItem\",\"position\":3,\"name\":\"Kokbok &#8211; Matlagning p\u00e5 riktigt &#8221;Signerad&#8221;\"}]},{\"@type\":\"WebSite\",\"@id\":\"https:\/\/kaptenmat.se\/#website\",\"url\":\"https:\/\/kaptenmat.se\/\",\"name\":\"Kaptenmat\",\"description\":\"Matinspiration inom outdoor cooking.\",\"publisher\":{\"@id\":\"https:\/\/kaptenmat.se\/#organization\"},\"potentialAction\":[{\"@type\":\"SearchAction\",\"target\":{\"@type\":\"EntryPoint\",\"urlTemplate\":\"https:\/\/kaptenmat.se\/?s={search_term_string}\"},\"query-input\":{\"@type\":\"PropertyValueSpecification\",\"valueRequired\":true,\"valueName\":\"search_term_string\"}}],\"inLanguage\":\"en-GB\"},{\"@type\":\"Organization\",\"@id\":\"https:\/\/kaptenmat.se\/#organization\",\"name\":\"Kaptenmat\",\"url\":\"https:\/\/kaptenmat.se\/\",\"logo\":{\"@type\":\"ImageObject\",\"inLanguage\":\"en-GB\",\"@id\":\"https:\/\/kaptenmat.se\/#\/schema\/logo\/image\/\",\"url\":\"https:\/\/kaptenmat.se\/wp-content\/uploads\/2024\/01\/Kaptenmat_350.svg\",\"contentUrl\":\"https:\/\/kaptenmat.se\/wp-content\/uploads\/2024\/01\/Kaptenmat_350.svg\",\"width\":1,\"height\":1,\"caption\":\"Kaptenmat\"},\"image\":{\"@id\":\"https:\/\/kaptenmat.se\/#\/schema\/logo\/image\/\"}}]}<\/script>\n<!-- \/ Yoast SEO plugin. -->","yoast_head_json":{"title":"Kokbok - Matlagning p\u00e5 riktigt \"Signerad\" - Kaptenmat","robots":{"index":"index","follow":"follow","max-snippet":"max-snippet:-1","max-image-preview":"max-image-preview:large","max-video-preview":"max-video-preview:-1"},"canonical":"https:\/\/kaptenmat.se\/en\/product\/kokbok-vara-mest-alskade-matklassiker\/","og_locale":"en_GB","og_type":"article","og_title":"Kokbok - Matlagning p\u00e5 riktigt \"Signerad\" - Kaptenmat","og_description":"Kaptenens absoluta receptfavoriter\u00a0 - Utomhusmatlagning p\u00e5 riktigt  Den efterl\u00e4ngtade kokboken fr\u00e5n\u00a0Kapten Mat \u00e4r h\u00e4r, skapad f\u00f6r dig som \u00e4lskar att laga mat utomhus p\u00e5 stekh\u00e4ll, Muurikka, grill, \u00f6ver \u00f6ppen eld eller bara inne i ditt trygga k\u00f6k.    En inspirerande bok\u00a0med \u00f6ver\u00a070 recept fr\u00e5n de mest uppskattade filmerna med Kapten Mat. \u00a0Ta del av matgl\u00e4dje och tips samt exakta recept f\u00f6r att lyckas med din matlagning.  Personligt signerad Kapten Mat      Vad du f\u00e5r i boken:   Recept p\u00e5 allt fr\u00e5n v\u00e5r mest uppskattade husmanskost och krogklassiker till familjev\u00e4nlig snabbmat  L\u00e4ttf\u00f6rst\u00e5eliga recept att f\u00f6lja steg f\u00f6r steg med inspirerande bilder  Passar b\u00e5de nyb\u00f6rjaren och den erfarne utekocken  Inbunden bok i h\u00f6gsta kvalitet p\u00e5 192 sidor och dubbla l\u00e4sband","og_url":"https:\/\/kaptenmat.se\/en\/product\/kokbok-vara-mest-alskade-matklassiker\/","og_site_name":"Kaptenmat","article_modified_time":"2026-04-23T14:43:18+00:00","og_image":[{"width":2404,"height":1571,"url":"https:\/\/kaptenmat.se\/wp-content\/uploads\/2025\/03\/Kapten-Mat-COVER_page-0001.jpg","type":"image\/jpeg"}],"twitter_card":"summary_large_image","twitter_misc":{"Estimated reading time":"1 minute"},"schema":{"@context":"https:\/\/schema.org","@graph":[{"@type":"WebPage","@id":"https:\/\/kaptenmat.se\/produkt\/kokbok-vara-mest-alskade-matklassiker\/","url":"https:\/\/kaptenmat.se\/produkt\/kokbok-vara-mest-alskade-matklassiker\/","name":"Kokbok - Matlagning p\u00e5 riktigt \"Signerad\" - Kaptenmat","isPartOf":{"@id":"https:\/\/kaptenmat.se\/#website"},"primaryImageOfPage":{"@id":"https:\/\/kaptenmat.se\/produkt\/kokbok-vara-mest-alskade-matklassiker\/#primaryimage"},"image":{"@id":"https:\/\/kaptenmat.se\/produkt\/kokbok-vara-mest-alskade-matklassiker\/#primaryimage"},"thumbnailUrl":"https:\/\/kaptenmat.se\/wp-content\/uploads\/2025\/03\/Kapten-Mat-COVER_page-0001.jpg","datePublished":"2025-03-30T08:38:32+00:00","dateModified":"2026-04-23T14:43:18+00:00","breadcrumb":{"@id":"https:\/\/kaptenmat.se\/produkt\/kokbok-vara-mest-alskade-matklassiker\/#breadcrumb"},"inLanguage":"en-GB","potentialAction":[{"@type":"ReadAction","target":["https:\/\/kaptenmat.se\/produkt\/kokbok-vara-mest-alskade-matklassiker\/"]}]},{"@type":"ImageObject","inLanguage":"en-GB","@id":"https:\/\/kaptenmat.se\/produkt\/kokbok-vara-mest-alskade-matklassiker\/#primaryimage","url":"https:\/\/kaptenmat.se\/wp-content\/uploads\/2025\/03\/Kapten-Mat-COVER_page-0001.jpg","contentUrl":"https:\/\/kaptenmat.se\/wp-content\/uploads\/2025\/03\/Kapten-Mat-COVER_page-0001.jpg","width":2404,"height":1571},{"@type":"BreadcrumbList","@id":"https:\/\/kaptenmat.se\/produkt\/kokbok-vara-mest-alskade-matklassiker\/#breadcrumb","itemListElement":[{"@type":"ListItem","position":1,"name":"Hem","item":"https:\/\/kaptenmat.se\/"},{"@type":"ListItem","position":2,"name":"Sortiment","item":"https:\/\/kaptenmat.se\/shop\/"},{"@type":"ListItem","position":3,"name":"Kokbok &#8211; Matlagning p\u00e5 riktigt &#8221;Signerad&#8221;"}]},{"@type":"WebSite","@id":"https:\/\/kaptenmat.se\/#website","url":"https:\/\/kaptenmat.se\/","name":"Kaptenmat","description":"Matinspiration inom outdoor cooking.","publisher":{"@id":"https:\/\/kaptenmat.se\/#organization"},"potentialAction":[{"@type":"SearchAction","target":{"@type":"EntryPoint","urlTemplate":"https:\/\/kaptenmat.se\/?s={search_term_string}"},"query-input":{"@type":"PropertyValueSpecification","valueRequired":true,"valueName":"search_term_string"}}],"inLanguage":"en-GB"},{"@type":"Organization","@id":"https:\/\/kaptenmat.se\/#organization","name":"Kaptenmat","url":"https:\/\/kaptenmat.se\/","logo":{"@type":"ImageObject","inLanguage":"en-GB","@id":"https:\/\/kaptenmat.se\/#\/schema\/logo\/image\/","url":"https:\/\/kaptenmat.se\/wp-content\/uploads\/2024\/01\/Kaptenmat_350.svg","contentUrl":"https:\/\/kaptenmat.se\/wp-content\/uploads\/2024\/01\/Kaptenmat_350.svg","width":1,"height":1,"caption":"Kaptenmat"},"image":{"@id":"https:\/\/kaptenmat.se\/#\/schema\/logo\/image\/"}}]}},"_links":{"self":[{"href":"https:\/\/kaptenmat.se\/en\/wp-json\/wp\/v2\/product\/128495","targetHints":{"allow":["GET"]}}],"collection":[{"href":"https:\/\/kaptenmat.se\/en\/wp-json\/wp\/v2\/product"}],"about":[{"href":"https:\/\/kaptenmat.se\/en\/wp-json\/wp\/v2\/types\/product"}],"replies":[{"embeddable":true,"href":"https:\/\/kaptenmat.se\/en\/wp-json\/wp\/v2\/comments?post=128495"}],"wp:featuredmedia":[{"embeddable":true,"href":"https:\/\/kaptenmat.se\/en\/wp-json\/wp\/v2\/media\/128505"}],"wp:attachment":[{"href":"https:\/\/kaptenmat.se\/en\/wp-json\/wp\/v2\/media?parent=128495"}],"wp:term":[{"taxonomy":"product_brand","embeddable":true,"href":"https:\/\/kaptenmat.se\/en\/wp-json\/wp\/v2\/product_brand?post=128495"},{"taxonomy":"product_cat","embeddable":true,"href":"https:\/\/kaptenmat.se\/en\/wp-json\/wp\/v2\/product_cat?post=128495"},{"taxonomy":"product_tag","embeddable":true,"href":"https:\/\/kaptenmat.se\/en\/wp-json\/wp\/v2\/product_tag?post=128495"}],"curies":[{"name":"wp","href":"https:\/\/api.w.org\/{rel}","templated":true}]}}