{"id":129657,"date":"2025-05-30T15:11:01","date_gmt":"2025-05-30T15:11:01","guid":{"rendered":"https:\/\/kaptenmat.se\/?post_type=product&#038;p=129657"},"modified":"2026-04-23T08:43:26","modified_gmt":"2026-04-23T08:43:26","slug":"svart-hel-tryffel","status":"publish","type":"product","link":"https:\/\/kaptenmat.se\/en\/product\/svart-hel-tryffel\/","title":{"rendered":"Black whole Truffle"},"content":{"rendered":"","protected":false},"excerpt":{"rendered":"<p data-start=\"359\" data-end=\"550\">Whole Summer Truffle in water. Use in cooking: Great for decoration.<\/p>\n<p data-start=\"359\" data-end=\"550\">Grate the truffle thinly with a mandolin or truffle grater directly over a hot dish \u2013 the heat releases the aromas and maximizes the flavor. Combine with fat (such as butter, cream or eggs) to bring out the truffle&#039;s full potential.<\/p>\n<h3 data-start=\"681\" data-end=\"706\"><strong data-start=\"687\" data-end=\"704\">Perfect for:<\/strong><\/h3>\n<p style=\"text-align: left;\">\u2013 Pasta with butter and parmesan<br data-start=\"736\" data-end=\"739\" \/>\u2013 Truffle risotto<br data-start=\"755\" data-end=\"758\" \/>\u2013 Smashburger deluxe<br data-start=\"779\" data-end=\"782\" \/>\u2013 Scrambled eggs or omelette<\/p>\n<p style=\"text-align: left;\">\u2013 Truffle aioli and other sauces<\/p>\n<p style=\"text-align: left;\">","protected":false},"featured_media":582,"comment_status":"open","ping_status":"closed","template":"","meta":{"_acf_changed":false,"wprm-recipe-roundup-name":"","wprm-recipe-roundup-description":"","_monsterinsights_skip_tracking":false,"_monsterinsights_sitenote_active":false,"_monsterinsights_sitenote_note":"","_monsterinsights_sitenote_category":0},"product_brand":[],"product_cat":[27],"product_tag":[],"class_list":{"0":"post-129657","1":"product","2":"type-product","3":"status-publish","4":"has-post-thumbnail","6":"product_cat-kryddor","7":"product_shipping_class-ingen-frakt","9":"first","10":"instock","11":"taxable","12":"shipping-taxable","13":"purchasable","14":"product-type-simple"},"bundled_by":[],"bundle_stock_status":"instock","bundle_stock_quantity":2,"bundle_virtual":false,"bundle_layout":"","bundle_add_to_cart_form_location":"","bundle_editable_in_cart":false,"bundle_sold_individually_context":"","bundle_item_grouping":"","bundle_min_size":"","bundle_max_size":"","bundle_price":[],"bundled_items":[],"bundle_sell_ids":[],"acf":[],"yoast_head":"<!-- This site is optimized with the Yoast SEO plugin v26.3 - https:\/\/yoast.com\/wordpress\/plugins\/seo\/ -->\n<title>Svart hel Tryffel - Kaptenmat<\/title>\n<meta name=\"robots\" content=\"index, follow, max-snippet:-1, max-image-preview:large, max-video-preview:-1\" \/>\n<link rel=\"canonical\" href=\"https:\/\/kaptenmat.se\/en\/product\/svart-hel-tryffel\/\" \/>\n<meta property=\"og:locale\" content=\"en_GB\" \/>\n<meta property=\"og:type\" content=\"article\" \/>\n<meta property=\"og:title\" content=\"Svart hel Tryffel - Kaptenmat\" \/>\n<meta property=\"og:description\" content=\"Hel Sommartryffel i vatten.Anv\u00e4ndning i matlagning: Passar fint till dekoration. Riv tryffeln tunt med mandolin eller tryffelj\u00e4rn direkt \u00f6ver en varm r\u00e4tt \u2013 v\u00e4rmen frig\u00f6r aromerna och maxar smaken. Kombinera g\u00e4rna med fett (som sm\u00f6r, gr\u00e4dde eller \u00e4gg) f\u00f6r att lyfta tryffelns fulla potential.  Perfekt till: \u2013 Pasta med sm\u00f6r och parmesan\u2013 Tryffelrisotto\u2013 Smashburgare deluxe\u2013 \u00c4ggr\u00f6ra eller omelett \u2013 Tryffelaioli och andra s\u00e5ser\" \/>\n<meta property=\"og:url\" content=\"https:\/\/kaptenmat.se\/en\/product\/svart-hel-tryffel\/\" \/>\n<meta property=\"og:site_name\" content=\"Kaptenmat\" \/>\n<meta property=\"article:modified_time\" content=\"2026-04-23T08:43:26+00:00\" \/>\n<meta property=\"og:image\" content=\"https:\/\/kaptenmat.se\/wp-content\/uploads\/2024\/01\/z9a0110-4406-2-2.jpg\" \/>\n\t<meta property=\"og:image:width\" content=\"1800\" \/>\n\t<meta property=\"og:image:height\" content=\"1800\" \/>\n\t<meta property=\"og:image:type\" content=\"image\/jpeg\" \/>\n<meta name=\"twitter:card\" content=\"summary_large_image\" \/>\n<meta name=\"twitter:label1\" content=\"Estimated reading time\" \/>\n\t<meta name=\"twitter:data1\" content=\"1 minute\" \/>\n<script type=\"application\/ld+json\" class=\"yoast-schema-graph\">{\"@context\":\"https:\/\/schema.org\",\"@graph\":[{\"@type\":\"WebPage\",\"@id\":\"https:\/\/kaptenmat.se\/produkt\/svart-hel-tryffel\/\",\"url\":\"https:\/\/kaptenmat.se\/produkt\/svart-hel-tryffel\/\",\"name\":\"Svart hel Tryffel - Kaptenmat\",\"isPartOf\":{\"@id\":\"https:\/\/kaptenmat.se\/#website\"},\"primaryImageOfPage\":{\"@id\":\"https:\/\/kaptenmat.se\/produkt\/svart-hel-tryffel\/#primaryimage\"},\"image\":{\"@id\":\"https:\/\/kaptenmat.se\/produkt\/svart-hel-tryffel\/#primaryimage\"},\"thumbnailUrl\":\"https:\/\/kaptenmat.se\/wp-content\/uploads\/2024\/01\/z9a0110-4406-2-2.jpg\",\"datePublished\":\"2025-05-30T15:11:01+00:00\",\"dateModified\":\"2026-04-23T08:43:26+00:00\",\"breadcrumb\":{\"@id\":\"https:\/\/kaptenmat.se\/produkt\/svart-hel-tryffel\/#breadcrumb\"},\"inLanguage\":\"en-GB\",\"potentialAction\":[{\"@type\":\"ReadAction\",\"target\":[\"https:\/\/kaptenmat.se\/produkt\/svart-hel-tryffel\/\"]}]},{\"@type\":\"ImageObject\",\"inLanguage\":\"en-GB\",\"@id\":\"https:\/\/kaptenmat.se\/produkt\/svart-hel-tryffel\/#primaryimage\",\"url\":\"https:\/\/kaptenmat.se\/wp-content\/uploads\/2024\/01\/z9a0110-4406-2-2.jpg\",\"contentUrl\":\"https:\/\/kaptenmat.se\/wp-content\/uploads\/2024\/01\/z9a0110-4406-2-2.jpg\",\"width\":1800,\"height\":1800},{\"@type\":\"BreadcrumbList\",\"@id\":\"https:\/\/kaptenmat.se\/produkt\/svart-hel-tryffel\/#breadcrumb\",\"itemListElement\":[{\"@type\":\"ListItem\",\"position\":1,\"name\":\"Hem\",\"item\":\"https:\/\/kaptenmat.se\/\"},{\"@type\":\"ListItem\",\"position\":2,\"name\":\"Sortiment\",\"item\":\"https:\/\/kaptenmat.se\/shop\/\"},{\"@type\":\"ListItem\",\"position\":3,\"name\":\"Svart hel Tryffel\"}]},{\"@type\":\"WebSite\",\"@id\":\"https:\/\/kaptenmat.se\/#website\",\"url\":\"https:\/\/kaptenmat.se\/\",\"name\":\"Kaptenmat\",\"description\":\"Matinspiration inom outdoor cooking.\",\"publisher\":{\"@id\":\"https:\/\/kaptenmat.se\/#organization\"},\"potentialAction\":[{\"@type\":\"SearchAction\",\"target\":{\"@type\":\"EntryPoint\",\"urlTemplate\":\"https:\/\/kaptenmat.se\/?s={search_term_string}\"},\"query-input\":{\"@type\":\"PropertyValueSpecification\",\"valueRequired\":true,\"valueName\":\"search_term_string\"}}],\"inLanguage\":\"en-GB\"},{\"@type\":\"Organization\",\"@id\":\"https:\/\/kaptenmat.se\/#organization\",\"name\":\"Kaptenmat\",\"url\":\"https:\/\/kaptenmat.se\/\",\"logo\":{\"@type\":\"ImageObject\",\"inLanguage\":\"en-GB\",\"@id\":\"https:\/\/kaptenmat.se\/#\/schema\/logo\/image\/\",\"url\":\"https:\/\/kaptenmat.se\/wp-content\/uploads\/2024\/01\/Kaptenmat_350.svg\",\"contentUrl\":\"https:\/\/kaptenmat.se\/wp-content\/uploads\/2024\/01\/Kaptenmat_350.svg\",\"width\":1,\"height\":1,\"caption\":\"Kaptenmat\"},\"image\":{\"@id\":\"https:\/\/kaptenmat.se\/#\/schema\/logo\/image\/\"}}]}<\/script>\n<!-- \/ Yoast SEO plugin. -->","yoast_head_json":{"title":"Svart hel Tryffel - Kaptenmat","robots":{"index":"index","follow":"follow","max-snippet":"max-snippet:-1","max-image-preview":"max-image-preview:large","max-video-preview":"max-video-preview:-1"},"canonical":"https:\/\/kaptenmat.se\/en\/product\/svart-hel-tryffel\/","og_locale":"en_GB","og_type":"article","og_title":"Svart hel Tryffel - Kaptenmat","og_description":"Hel Sommartryffel i vatten.Anv\u00e4ndning i matlagning: Passar fint till dekoration. Riv tryffeln tunt med mandolin eller tryffelj\u00e4rn direkt \u00f6ver en varm r\u00e4tt \u2013 v\u00e4rmen frig\u00f6r aromerna och maxar smaken. Kombinera g\u00e4rna med fett (som sm\u00f6r, gr\u00e4dde eller \u00e4gg) f\u00f6r att lyfta tryffelns fulla potential.  Perfekt till: \u2013 Pasta med sm\u00f6r och parmesan\u2013 Tryffelrisotto\u2013 Smashburgare deluxe\u2013 \u00c4ggr\u00f6ra eller omelett \u2013 Tryffelaioli och andra s\u00e5ser","og_url":"https:\/\/kaptenmat.se\/en\/product\/svart-hel-tryffel\/","og_site_name":"Kaptenmat","article_modified_time":"2026-04-23T08:43:26+00:00","og_image":[{"width":1800,"height":1800,"url":"https:\/\/kaptenmat.se\/wp-content\/uploads\/2024\/01\/z9a0110-4406-2-2.jpg","type":"image\/jpeg"}],"twitter_card":"summary_large_image","twitter_misc":{"Estimated reading time":"1 minute"},"schema":{"@context":"https:\/\/schema.org","@graph":[{"@type":"WebPage","@id":"https:\/\/kaptenmat.se\/produkt\/svart-hel-tryffel\/","url":"https:\/\/kaptenmat.se\/produkt\/svart-hel-tryffel\/","name":"Svart hel Tryffel - Kaptenmat","isPartOf":{"@id":"https:\/\/kaptenmat.se\/#website"},"primaryImageOfPage":{"@id":"https:\/\/kaptenmat.se\/produkt\/svart-hel-tryffel\/#primaryimage"},"image":{"@id":"https:\/\/kaptenmat.se\/produkt\/svart-hel-tryffel\/#primaryimage"},"thumbnailUrl":"https:\/\/kaptenmat.se\/wp-content\/uploads\/2024\/01\/z9a0110-4406-2-2.jpg","datePublished":"2025-05-30T15:11:01+00:00","dateModified":"2026-04-23T08:43:26+00:00","breadcrumb":{"@id":"https:\/\/kaptenmat.se\/produkt\/svart-hel-tryffel\/#breadcrumb"},"inLanguage":"en-GB","potentialAction":[{"@type":"ReadAction","target":["https:\/\/kaptenmat.se\/produkt\/svart-hel-tryffel\/"]}]},{"@type":"ImageObject","inLanguage":"en-GB","@id":"https:\/\/kaptenmat.se\/produkt\/svart-hel-tryffel\/#primaryimage","url":"https:\/\/kaptenmat.se\/wp-content\/uploads\/2024\/01\/z9a0110-4406-2-2.jpg","contentUrl":"https:\/\/kaptenmat.se\/wp-content\/uploads\/2024\/01\/z9a0110-4406-2-2.jpg","width":1800,"height":1800},{"@type":"BreadcrumbList","@id":"https:\/\/kaptenmat.se\/produkt\/svart-hel-tryffel\/#breadcrumb","itemListElement":[{"@type":"ListItem","position":1,"name":"Hem","item":"https:\/\/kaptenmat.se\/"},{"@type":"ListItem","position":2,"name":"Sortiment","item":"https:\/\/kaptenmat.se\/shop\/"},{"@type":"ListItem","position":3,"name":"Svart hel Tryffel"}]},{"@type":"WebSite","@id":"https:\/\/kaptenmat.se\/#website","url":"https:\/\/kaptenmat.se\/","name":"Kaptenmat","description":"Matinspiration inom outdoor cooking.","publisher":{"@id":"https:\/\/kaptenmat.se\/#organization"},"potentialAction":[{"@type":"SearchAction","target":{"@type":"EntryPoint","urlTemplate":"https:\/\/kaptenmat.se\/?s={search_term_string}"},"query-input":{"@type":"PropertyValueSpecification","valueRequired":true,"valueName":"search_term_string"}}],"inLanguage":"en-GB"},{"@type":"Organization","@id":"https:\/\/kaptenmat.se\/#organization","name":"Kaptenmat","url":"https:\/\/kaptenmat.se\/","logo":{"@type":"ImageObject","inLanguage":"en-GB","@id":"https:\/\/kaptenmat.se\/#\/schema\/logo\/image\/","url":"https:\/\/kaptenmat.se\/wp-content\/uploads\/2024\/01\/Kaptenmat_350.svg","contentUrl":"https:\/\/kaptenmat.se\/wp-content\/uploads\/2024\/01\/Kaptenmat_350.svg","width":1,"height":1,"caption":"Kaptenmat"},"image":{"@id":"https:\/\/kaptenmat.se\/#\/schema\/logo\/image\/"}}]}},"_links":{"self":[{"href":"https:\/\/kaptenmat.se\/en\/wp-json\/wp\/v2\/product\/129657","targetHints":{"allow":["GET"]}}],"collection":[{"href":"https:\/\/kaptenmat.se\/en\/wp-json\/wp\/v2\/product"}],"about":[{"href":"https:\/\/kaptenmat.se\/en\/wp-json\/wp\/v2\/types\/product"}],"replies":[{"embeddable":true,"href":"https:\/\/kaptenmat.se\/en\/wp-json\/wp\/v2\/comments?post=129657"}],"wp:featuredmedia":[{"embeddable":true,"href":"https:\/\/kaptenmat.se\/en\/wp-json\/wp\/v2\/media\/582"}],"wp:attachment":[{"href":"https:\/\/kaptenmat.se\/en\/wp-json\/wp\/v2\/media?parent=129657"}],"wp:term":[{"taxonomy":"product_brand","embeddable":true,"href":"https:\/\/kaptenmat.se\/en\/wp-json\/wp\/v2\/product_brand?post=129657"},{"taxonomy":"product_cat","embeddable":true,"href":"https:\/\/kaptenmat.se\/en\/wp-json\/wp\/v2\/product_cat?post=129657"},{"taxonomy":"product_tag","embeddable":true,"href":"https:\/\/kaptenmat.se\/en\/wp-json\/wp\/v2\/product_tag?post=129657"}],"curies":[{"name":"wp","href":"https:\/\/api.w.org\/{rel}","templated":true}]}}