{"id":130808,"date":"2026-02-02T12:18:24","date_gmt":"2026-02-02T12:18:24","guid":{"rendered":"https:\/\/kaptenmat.se\/?post_type=product&#038;p=130808"},"modified":"2026-04-25T14:43:19","modified_gmt":"2026-04-25T14:43:19","slug":"skarbrada-i-stavlimmad-ek-el-grande","status":"publish","type":"product","link":"https:\/\/kaptenmat.se\/en\/product\/skarbrada-i-stavlimmad-ek-el-grande\/","title":{"rendered":"Cutting board in glued oak &quot;El grande&quot;"},"content":{"rendered":"","protected":false},"excerpt":{"rendered":"<p data-start=\"67\" data-end=\"115\"><strong data-start=\"67\" data-end=\"115\">Cutting board adapted for Kapten Mat&#039;s frying pan<\/strong><\/p>\n<p data-start=\"117\" data-end=\"364\">The cutting board is made of laminated oak and mounted with heavy-duty steel brackets. It acts as a stable relief and work surface at the griddle and provides extra space for preparing, serving and handling ingredients during cooking.<\/p>","protected":false},"featured_media":623,"comment_status":"open","ping_status":"closed","template":"","meta":{"_acf_changed":false,"wprm-recipe-roundup-name":"","wprm-recipe-roundup-description":"","_monsterinsights_skip_tracking":false,"_monsterinsights_sitenote_active":false,"_monsterinsights_sitenote_note":"","_monsterinsights_sitenote_category":0},"product_brand":[],"product_cat":[31],"product_tag":[],"class_list":{"0":"post-130808","1":"product","2":"type-product","3":"status-publish","4":"has-post-thumbnail","6":"product_cat-tillbehor","8":"first","9":"instock","10":"taxable","11":"shipping-taxable","12":"purchasable","13":"product-type-simple"},"bundled_by":["842","132021"],"bundle_stock_status":"instock","bundle_stock_quantity":270,"bundle_virtual":false,"bundle_layout":"","bundle_add_to_cart_form_location":"","bundle_editable_in_cart":false,"bundle_sold_individually_context":"","bundle_item_grouping":"","bundle_min_size":"","bundle_max_size":"","bundle_price":[],"bundled_items":[],"bundle_sell_ids":[],"acf":[],"yoast_head":"<!-- This site is optimized with the Yoast SEO plugin v26.3 - https:\/\/yoast.com\/wordpress\/plugins\/seo\/ -->\n<title>Sk\u00e4rbr\u00e4da i stavlimmad ek &quot;El grande - Kaptenmat<\/title>\n<meta name=\"robots\" content=\"index, follow, max-snippet:-1, max-image-preview:large, max-video-preview:-1\" \/>\n<link rel=\"canonical\" href=\"https:\/\/kaptenmat.se\/en\/product\/skarbrada-i-stavlimmad-ek-el-grande\/\" \/>\n<meta property=\"og:locale\" content=\"en_GB\" \/>\n<meta property=\"og:type\" content=\"article\" \/>\n<meta property=\"og:title\" content=\"Sk\u00e4rbr\u00e4da i stavlimmad ek &quot;El grande - Kaptenmat\" \/>\n<meta property=\"og:description\" content=\"Sk\u00e4rbr\u00e4da anpassad f\u00f6r Kapten Mat\u2019s stekh\u00e4ll Sk\u00e4rbr\u00e4dan \u00e4r tillverkad i stavlimmad ek och monteras med konsoler i kraftigt st\u00e5l. Den fungerar som en stabil avlastnings- och arbetsyta vid stekh\u00e4llen och ger extra utrymme f\u00f6r f\u00f6rberedelse, servering och hantering av r\u00e5varor under matlagningen.\" \/>\n<meta property=\"og:url\" content=\"https:\/\/kaptenmat.se\/en\/product\/skarbrada-i-stavlimmad-ek-el-grande\/\" \/>\n<meta property=\"og:site_name\" content=\"Kaptenmat\" \/>\n<meta property=\"article:modified_time\" content=\"2026-04-25T14:43:19+00:00\" \/>\n<meta property=\"og:image\" content=\"https:\/\/kaptenmat.se\/wp-content\/uploads\/2024\/01\/kaptenmat-03-1.jpeg\" \/>\n\t<meta property=\"og:image:width\" content=\"1535\" \/>\n\t<meta property=\"og:image:height\" content=\"1535\" \/>\n\t<meta property=\"og:image:type\" content=\"image\/jpeg\" \/>\n<meta name=\"twitter:card\" content=\"summary_large_image\" \/>\n<meta name=\"twitter:label1\" content=\"Estimated reading time\" \/>\n\t<meta name=\"twitter:data1\" content=\"1 minute\" \/>\n<script type=\"application\/ld+json\" class=\"yoast-schema-graph\">{\"@context\":\"https:\/\/schema.org\",\"@graph\":[{\"@type\":\"WebPage\",\"@id\":\"https:\/\/kaptenmat.se\/produkt\/skarbrada-i-stavlimmad-ek-el-grande\/\",\"url\":\"https:\/\/kaptenmat.se\/produkt\/skarbrada-i-stavlimmad-ek-el-grande\/\",\"name\":\"Sk\u00e4rbr\u00e4da i stavlimmad ek \\\"El grande - Kaptenmat\",\"isPartOf\":{\"@id\":\"https:\/\/kaptenmat.se\/#website\"},\"primaryImageOfPage\":{\"@id\":\"https:\/\/kaptenmat.se\/produkt\/skarbrada-i-stavlimmad-ek-el-grande\/#primaryimage\"},\"image\":{\"@id\":\"https:\/\/kaptenmat.se\/produkt\/skarbrada-i-stavlimmad-ek-el-grande\/#primaryimage\"},\"thumbnailUrl\":\"https:\/\/kaptenmat.se\/wp-content\/uploads\/2024\/01\/kaptenmat-03-1.jpeg\",\"datePublished\":\"2026-02-02T12:18:24+00:00\",\"dateModified\":\"2026-04-25T14:43:19+00:00\",\"breadcrumb\":{\"@id\":\"https:\/\/kaptenmat.se\/produkt\/skarbrada-i-stavlimmad-ek-el-grande\/#breadcrumb\"},\"inLanguage\":\"en-GB\",\"potentialAction\":[{\"@type\":\"ReadAction\",\"target\":[\"https:\/\/kaptenmat.se\/produkt\/skarbrada-i-stavlimmad-ek-el-grande\/\"]}]},{\"@type\":\"ImageObject\",\"inLanguage\":\"en-GB\",\"@id\":\"https:\/\/kaptenmat.se\/produkt\/skarbrada-i-stavlimmad-ek-el-grande\/#primaryimage\",\"url\":\"https:\/\/kaptenmat.se\/wp-content\/uploads\/2024\/01\/kaptenmat-03-1.jpeg\",\"contentUrl\":\"https:\/\/kaptenmat.se\/wp-content\/uploads\/2024\/01\/kaptenmat-03-1.jpeg\",\"width\":1535,\"height\":1535},{\"@type\":\"BreadcrumbList\",\"@id\":\"https:\/\/kaptenmat.se\/produkt\/skarbrada-i-stavlimmad-ek-el-grande\/#breadcrumb\",\"itemListElement\":[{\"@type\":\"ListItem\",\"position\":1,\"name\":\"Hem\",\"item\":\"https:\/\/kaptenmat.se\/\"},{\"@type\":\"ListItem\",\"position\":2,\"name\":\"Sortiment\",\"item\":\"https:\/\/kaptenmat.se\/shop\/\"},{\"@type\":\"ListItem\",\"position\":3,\"name\":\"Sk\u00e4rbr\u00e4da i stavlimmad ek &#8221;El grande\"}]},{\"@type\":\"WebSite\",\"@id\":\"https:\/\/kaptenmat.se\/#website\",\"url\":\"https:\/\/kaptenmat.se\/\",\"name\":\"Kaptenmat\",\"description\":\"Matinspiration inom outdoor cooking.\",\"publisher\":{\"@id\":\"https:\/\/kaptenmat.se\/#organization\"},\"potentialAction\":[{\"@type\":\"SearchAction\",\"target\":{\"@type\":\"EntryPoint\",\"urlTemplate\":\"https:\/\/kaptenmat.se\/?s={search_term_string}\"},\"query-input\":{\"@type\":\"PropertyValueSpecification\",\"valueRequired\":true,\"valueName\":\"search_term_string\"}}],\"inLanguage\":\"en-GB\"},{\"@type\":\"Organization\",\"@id\":\"https:\/\/kaptenmat.se\/#organization\",\"name\":\"Kaptenmat\",\"url\":\"https:\/\/kaptenmat.se\/\",\"logo\":{\"@type\":\"ImageObject\",\"inLanguage\":\"en-GB\",\"@id\":\"https:\/\/kaptenmat.se\/#\/schema\/logo\/image\/\",\"url\":\"https:\/\/kaptenmat.se\/wp-content\/uploads\/2024\/01\/Kaptenmat_350.svg\",\"contentUrl\":\"https:\/\/kaptenmat.se\/wp-content\/uploads\/2024\/01\/Kaptenmat_350.svg\",\"width\":1,\"height\":1,\"caption\":\"Kaptenmat\"},\"image\":{\"@id\":\"https:\/\/kaptenmat.se\/#\/schema\/logo\/image\/\"}}]}<\/script>\n<!-- \/ Yoast SEO plugin. -->","yoast_head_json":{"title":"Sk\u00e4rbr\u00e4da i stavlimmad ek \"El grande - Kaptenmat","robots":{"index":"index","follow":"follow","max-snippet":"max-snippet:-1","max-image-preview":"max-image-preview:large","max-video-preview":"max-video-preview:-1"},"canonical":"https:\/\/kaptenmat.se\/en\/product\/skarbrada-i-stavlimmad-ek-el-grande\/","og_locale":"en_GB","og_type":"article","og_title":"Sk\u00e4rbr\u00e4da i stavlimmad ek \"El grande - Kaptenmat","og_description":"Sk\u00e4rbr\u00e4da anpassad f\u00f6r Kapten Mat\u2019s stekh\u00e4ll Sk\u00e4rbr\u00e4dan \u00e4r tillverkad i stavlimmad ek och monteras med konsoler i kraftigt st\u00e5l. Den fungerar som en stabil avlastnings- och arbetsyta vid stekh\u00e4llen och ger extra utrymme f\u00f6r f\u00f6rberedelse, servering och hantering av r\u00e5varor under matlagningen.","og_url":"https:\/\/kaptenmat.se\/en\/product\/skarbrada-i-stavlimmad-ek-el-grande\/","og_site_name":"Kaptenmat","article_modified_time":"2026-04-25T14:43:19+00:00","og_image":[{"width":1535,"height":1535,"url":"https:\/\/kaptenmat.se\/wp-content\/uploads\/2024\/01\/kaptenmat-03-1.jpeg","type":"image\/jpeg"}],"twitter_card":"summary_large_image","twitter_misc":{"Estimated reading time":"1 minute"},"schema":{"@context":"https:\/\/schema.org","@graph":[{"@type":"WebPage","@id":"https:\/\/kaptenmat.se\/produkt\/skarbrada-i-stavlimmad-ek-el-grande\/","url":"https:\/\/kaptenmat.se\/produkt\/skarbrada-i-stavlimmad-ek-el-grande\/","name":"Sk\u00e4rbr\u00e4da i stavlimmad ek \"El grande - Kaptenmat","isPartOf":{"@id":"https:\/\/kaptenmat.se\/#website"},"primaryImageOfPage":{"@id":"https:\/\/kaptenmat.se\/produkt\/skarbrada-i-stavlimmad-ek-el-grande\/#primaryimage"},"image":{"@id":"https:\/\/kaptenmat.se\/produkt\/skarbrada-i-stavlimmad-ek-el-grande\/#primaryimage"},"thumbnailUrl":"https:\/\/kaptenmat.se\/wp-content\/uploads\/2024\/01\/kaptenmat-03-1.jpeg","datePublished":"2026-02-02T12:18:24+00:00","dateModified":"2026-04-25T14:43:19+00:00","breadcrumb":{"@id":"https:\/\/kaptenmat.se\/produkt\/skarbrada-i-stavlimmad-ek-el-grande\/#breadcrumb"},"inLanguage":"en-GB","potentialAction":[{"@type":"ReadAction","target":["https:\/\/kaptenmat.se\/produkt\/skarbrada-i-stavlimmad-ek-el-grande\/"]}]},{"@type":"ImageObject","inLanguage":"en-GB","@id":"https:\/\/kaptenmat.se\/produkt\/skarbrada-i-stavlimmad-ek-el-grande\/#primaryimage","url":"https:\/\/kaptenmat.se\/wp-content\/uploads\/2024\/01\/kaptenmat-03-1.jpeg","contentUrl":"https:\/\/kaptenmat.se\/wp-content\/uploads\/2024\/01\/kaptenmat-03-1.jpeg","width":1535,"height":1535},{"@type":"BreadcrumbList","@id":"https:\/\/kaptenmat.se\/produkt\/skarbrada-i-stavlimmad-ek-el-grande\/#breadcrumb","itemListElement":[{"@type":"ListItem","position":1,"name":"Hem","item":"https:\/\/kaptenmat.se\/"},{"@type":"ListItem","position":2,"name":"Sortiment","item":"https:\/\/kaptenmat.se\/shop\/"},{"@type":"ListItem","position":3,"name":"Sk\u00e4rbr\u00e4da i stavlimmad ek &#8221;El grande"}]},{"@type":"WebSite","@id":"https:\/\/kaptenmat.se\/#website","url":"https:\/\/kaptenmat.se\/","name":"Kaptenmat","description":"Matinspiration inom outdoor cooking.","publisher":{"@id":"https:\/\/kaptenmat.se\/#organization"},"potentialAction":[{"@type":"SearchAction","target":{"@type":"EntryPoint","urlTemplate":"https:\/\/kaptenmat.se\/?s={search_term_string}"},"query-input":{"@type":"PropertyValueSpecification","valueRequired":true,"valueName":"search_term_string"}}],"inLanguage":"en-GB"},{"@type":"Organization","@id":"https:\/\/kaptenmat.se\/#organization","name":"Kaptenmat","url":"https:\/\/kaptenmat.se\/","logo":{"@type":"ImageObject","inLanguage":"en-GB","@id":"https:\/\/kaptenmat.se\/#\/schema\/logo\/image\/","url":"https:\/\/kaptenmat.se\/wp-content\/uploads\/2024\/01\/Kaptenmat_350.svg","contentUrl":"https:\/\/kaptenmat.se\/wp-content\/uploads\/2024\/01\/Kaptenmat_350.svg","width":1,"height":1,"caption":"Kaptenmat"},"image":{"@id":"https:\/\/kaptenmat.se\/#\/schema\/logo\/image\/"}}]}},"_links":{"self":[{"href":"https:\/\/kaptenmat.se\/en\/wp-json\/wp\/v2\/product\/130808","targetHints":{"allow":["GET"]}}],"collection":[{"href":"https:\/\/kaptenmat.se\/en\/wp-json\/wp\/v2\/product"}],"about":[{"href":"https:\/\/kaptenmat.se\/en\/wp-json\/wp\/v2\/types\/product"}],"replies":[{"embeddable":true,"href":"https:\/\/kaptenmat.se\/en\/wp-json\/wp\/v2\/comments?post=130808"}],"wp:featuredmedia":[{"embeddable":true,"href":"https:\/\/kaptenmat.se\/en\/wp-json\/wp\/v2\/media\/623"}],"wp:attachment":[{"href":"https:\/\/kaptenmat.se\/en\/wp-json\/wp\/v2\/media?parent=130808"}],"wp:term":[{"taxonomy":"product_brand","embeddable":true,"href":"https:\/\/kaptenmat.se\/en\/wp-json\/wp\/v2\/product_brand?post=130808"},{"taxonomy":"product_cat","embeddable":true,"href":"https:\/\/kaptenmat.se\/en\/wp-json\/wp\/v2\/product_cat?post=130808"},{"taxonomy":"product_tag","embeddable":true,"href":"https:\/\/kaptenmat.se\/en\/wp-json\/wp\/v2\/product_tag?post=130808"}],"curies":[{"name":"wp","href":"https:\/\/api.w.org\/{rel}","templated":true}]}}