{"id":130824,"date":"2026-02-06T12:23:24","date_gmt":"2026-02-06T12:23:24","guid":{"rendered":"https:\/\/kaptenmat.se\/?post_type=product&#038;p=130824"},"modified":"2026-04-23T14:43:24","modified_gmt":"2026-04-23T14:43:24","slug":"sopp-sasslev-32-cm","status":"publish","type":"product","link":"https:\/\/kaptenmat.se\/en\/product\/sopp-sasslev-32-cm\/","title":{"rendered":"Soup &amp; sauce ladle 32 cm"},"content":{"rendered":"","protected":false},"excerpt":{"rendered":"<p data-start=\"40\" data-end=\"275\">One <strong data-start=\"43\" data-end=\"72\">small and simple soup ladle<\/strong> in stainless steel \u2013 perfect when you want something handy and easy to handle. Despite its small size, it is sturdy enough to stir sauces, stews and soups at the stove or on the griddle.<\/p>\n<ul data-start=\"402\" data-end=\"466\">\n<li data-start=\"402\" data-end=\"418\">\n<p data-start=\"404\" data-end=\"418\">Length: 32 cm<\/p>\n<\/li>\n<li data-start=\"419\" data-end=\"447\">\n<p data-start=\"421\" data-end=\"447\">Material: Stainless steel<\/p>\n<\/li>\n<li data-start=\"448\" data-end=\"466\">\n<p data-start=\"450\" data-end=\"466\">Dishwasher safe<\/p>\n<\/li>\n<li data-start=\"448\" data-end=\"466\">Hole for hanging<\/li>\n<\/ul>","protected":false},"featured_media":130825,"comment_status":"open","ping_status":"closed","template":"","meta":{"_acf_changed":false,"wprm-recipe-roundup-name":"","wprm-recipe-roundup-description":"","_monsterinsights_skip_tracking":false,"_monsterinsights_sitenote_active":false,"_monsterinsights_sitenote_note":"","_monsterinsights_sitenote_category":0},"product_brand":[],"product_cat":[31],"product_tag":[],"class_list":{"0":"post-130824","1":"product","2":"type-product","3":"status-publish","4":"has-post-thumbnail","6":"product_cat-tillbehor","8":"first","9":"instock","10":"taxable","11":"shipping-taxable","12":"purchasable","13":"product-type-simple"},"bundled_by":[],"bundle_stock_status":"instock","bundle_stock_quantity":54,"bundle_virtual":false,"bundle_layout":"","bundle_add_to_cart_form_location":"","bundle_editable_in_cart":false,"bundle_sold_individually_context":"","bundle_item_grouping":"","bundle_min_size":"","bundle_max_size":"","bundle_price":[],"bundled_items":[],"bundle_sell_ids":[],"acf":[],"yoast_head":"<!-- This site is optimized with the Yoast SEO plugin v26.3 - https:\/\/yoast.com\/wordpress\/plugins\/seo\/ -->\n<title>Sopp &amp; s\u00e5sslev 32 cm - Kaptenmat<\/title>\n<meta name=\"robots\" content=\"index, follow, max-snippet:-1, max-image-preview:large, max-video-preview:-1\" \/>\n<link rel=\"canonical\" href=\"https:\/\/kaptenmat.se\/en\/product\/sopp-sasslev-32-cm\/\" \/>\n<meta property=\"og:locale\" content=\"en_GB\" \/>\n<meta property=\"og:type\" content=\"article\" \/>\n<meta property=\"og:title\" content=\"Sopp &amp; s\u00e5sslev 32 cm - Kaptenmat\" \/>\n<meta property=\"og:description\" content=\"En liten och enkel soppslev i rostfritt st\u00e5l \u2013 perfekt n\u00e4r du vill ha n\u00e5got smidigt och l\u00e4tt att hantera. Trots sin n\u00e4tta storlek \u00e4r den tillr\u00e4ckligt stadig f\u00f6r att r\u00f6ra i s\u00e5ser, grytor och soppor vid spisen eller p\u00e5 stekh\u00e4llen.     L\u00e4ngd: 32 cm    Material: Rostfritt st\u00e5l    T\u00e5l diskmaskin   H\u00e5l f\u00f6r upph\u00e4ngning\" \/>\n<meta property=\"og:url\" content=\"https:\/\/kaptenmat.se\/en\/product\/sopp-sasslev-32-cm\/\" \/>\n<meta property=\"og:site_name\" content=\"Kaptenmat\" \/>\n<meta property=\"article:modified_time\" content=\"2026-04-23T14:43:24+00:00\" \/>\n<meta property=\"og:image\" content=\"https:\/\/kaptenmat.se\/wp-content\/uploads\/2026\/02\/1371.webp\" \/>\n\t<meta property=\"og:image:width\" content=\"400\" \/>\n\t<meta property=\"og:image:height\" content=\"400\" \/>\n\t<meta property=\"og:image:type\" content=\"image\/webp\" \/>\n<meta name=\"twitter:card\" content=\"summary_large_image\" \/>\n<meta name=\"twitter:label1\" content=\"Estimated reading time\" \/>\n\t<meta name=\"twitter:data1\" content=\"1 minute\" \/>\n<script type=\"application\/ld+json\" class=\"yoast-schema-graph\">{\"@context\":\"https:\/\/schema.org\",\"@graph\":[{\"@type\":\"WebPage\",\"@id\":\"https:\/\/kaptenmat.se\/produkt\/sopp-sasslev-32-cm\/\",\"url\":\"https:\/\/kaptenmat.se\/produkt\/sopp-sasslev-32-cm\/\",\"name\":\"Sopp & s\u00e5sslev 32 cm - Kaptenmat\",\"isPartOf\":{\"@id\":\"https:\/\/kaptenmat.se\/#website\"},\"primaryImageOfPage\":{\"@id\":\"https:\/\/kaptenmat.se\/produkt\/sopp-sasslev-32-cm\/#primaryimage\"},\"image\":{\"@id\":\"https:\/\/kaptenmat.se\/produkt\/sopp-sasslev-32-cm\/#primaryimage\"},\"thumbnailUrl\":\"https:\/\/kaptenmat.se\/wp-content\/uploads\/2026\/02\/1371.webp\",\"datePublished\":\"2026-02-06T12:23:24+00:00\",\"dateModified\":\"2026-04-23T14:43:24+00:00\",\"breadcrumb\":{\"@id\":\"https:\/\/kaptenmat.se\/produkt\/sopp-sasslev-32-cm\/#breadcrumb\"},\"inLanguage\":\"en-GB\",\"potentialAction\":[{\"@type\":\"ReadAction\",\"target\":[\"https:\/\/kaptenmat.se\/produkt\/sopp-sasslev-32-cm\/\"]}]},{\"@type\":\"ImageObject\",\"inLanguage\":\"en-GB\",\"@id\":\"https:\/\/kaptenmat.se\/produkt\/sopp-sasslev-32-cm\/#primaryimage\",\"url\":\"https:\/\/kaptenmat.se\/wp-content\/uploads\/2026\/02\/1371.webp\",\"contentUrl\":\"https:\/\/kaptenmat.se\/wp-content\/uploads\/2026\/02\/1371.webp\",\"width\":400,\"height\":400},{\"@type\":\"BreadcrumbList\",\"@id\":\"https:\/\/kaptenmat.se\/produkt\/sopp-sasslev-32-cm\/#breadcrumb\",\"itemListElement\":[{\"@type\":\"ListItem\",\"position\":1,\"name\":\"Hem\",\"item\":\"https:\/\/kaptenmat.se\/\"},{\"@type\":\"ListItem\",\"position\":2,\"name\":\"Sortiment\",\"item\":\"https:\/\/kaptenmat.se\/shop\/\"},{\"@type\":\"ListItem\",\"position\":3,\"name\":\"Sopp &#038; s\u00e5sslev 32 cm\"}]},{\"@type\":\"WebSite\",\"@id\":\"https:\/\/kaptenmat.se\/#website\",\"url\":\"https:\/\/kaptenmat.se\/\",\"name\":\"Kaptenmat\",\"description\":\"Matinspiration inom outdoor cooking.\",\"publisher\":{\"@id\":\"https:\/\/kaptenmat.se\/#organization\"},\"potentialAction\":[{\"@type\":\"SearchAction\",\"target\":{\"@type\":\"EntryPoint\",\"urlTemplate\":\"https:\/\/kaptenmat.se\/?s={search_term_string}\"},\"query-input\":{\"@type\":\"PropertyValueSpecification\",\"valueRequired\":true,\"valueName\":\"search_term_string\"}}],\"inLanguage\":\"en-GB\"},{\"@type\":\"Organization\",\"@id\":\"https:\/\/kaptenmat.se\/#organization\",\"name\":\"Kaptenmat\",\"url\":\"https:\/\/kaptenmat.se\/\",\"logo\":{\"@type\":\"ImageObject\",\"inLanguage\":\"en-GB\",\"@id\":\"https:\/\/kaptenmat.se\/#\/schema\/logo\/image\/\",\"url\":\"https:\/\/kaptenmat.se\/wp-content\/uploads\/2024\/01\/Kaptenmat_350.svg\",\"contentUrl\":\"https:\/\/kaptenmat.se\/wp-content\/uploads\/2024\/01\/Kaptenmat_350.svg\",\"width\":1,\"height\":1,\"caption\":\"Kaptenmat\"},\"image\":{\"@id\":\"https:\/\/kaptenmat.se\/#\/schema\/logo\/image\/\"}}]}<\/script>\n<!-- \/ Yoast SEO plugin. -->","yoast_head_json":{"title":"Sopp & s\u00e5sslev 32 cm - Kaptenmat","robots":{"index":"index","follow":"follow","max-snippet":"max-snippet:-1","max-image-preview":"max-image-preview:large","max-video-preview":"max-video-preview:-1"},"canonical":"https:\/\/kaptenmat.se\/en\/product\/sopp-sasslev-32-cm\/","og_locale":"en_GB","og_type":"article","og_title":"Sopp & s\u00e5sslev 32 cm - Kaptenmat","og_description":"En liten och enkel soppslev i rostfritt st\u00e5l \u2013 perfekt n\u00e4r du vill ha n\u00e5got smidigt och l\u00e4tt att hantera. Trots sin n\u00e4tta storlek \u00e4r den tillr\u00e4ckligt stadig f\u00f6r att r\u00f6ra i s\u00e5ser, grytor och soppor vid spisen eller p\u00e5 stekh\u00e4llen.     L\u00e4ngd: 32 cm    Material: Rostfritt st\u00e5l    T\u00e5l diskmaskin   H\u00e5l f\u00f6r upph\u00e4ngning","og_url":"https:\/\/kaptenmat.se\/en\/product\/sopp-sasslev-32-cm\/","og_site_name":"Kaptenmat","article_modified_time":"2026-04-23T14:43:24+00:00","og_image":[{"width":400,"height":400,"url":"https:\/\/kaptenmat.se\/wp-content\/uploads\/2026\/02\/1371.webp","type":"image\/webp"}],"twitter_card":"summary_large_image","twitter_misc":{"Estimated reading time":"1 minute"},"schema":{"@context":"https:\/\/schema.org","@graph":[{"@type":"WebPage","@id":"https:\/\/kaptenmat.se\/produkt\/sopp-sasslev-32-cm\/","url":"https:\/\/kaptenmat.se\/produkt\/sopp-sasslev-32-cm\/","name":"Sopp & s\u00e5sslev 32 cm - Kaptenmat","isPartOf":{"@id":"https:\/\/kaptenmat.se\/#website"},"primaryImageOfPage":{"@id":"https:\/\/kaptenmat.se\/produkt\/sopp-sasslev-32-cm\/#primaryimage"},"image":{"@id":"https:\/\/kaptenmat.se\/produkt\/sopp-sasslev-32-cm\/#primaryimage"},"thumbnailUrl":"https:\/\/kaptenmat.se\/wp-content\/uploads\/2026\/02\/1371.webp","datePublished":"2026-02-06T12:23:24+00:00","dateModified":"2026-04-23T14:43:24+00:00","breadcrumb":{"@id":"https:\/\/kaptenmat.se\/produkt\/sopp-sasslev-32-cm\/#breadcrumb"},"inLanguage":"en-GB","potentialAction":[{"@type":"ReadAction","target":["https:\/\/kaptenmat.se\/produkt\/sopp-sasslev-32-cm\/"]}]},{"@type":"ImageObject","inLanguage":"en-GB","@id":"https:\/\/kaptenmat.se\/produkt\/sopp-sasslev-32-cm\/#primaryimage","url":"https:\/\/kaptenmat.se\/wp-content\/uploads\/2026\/02\/1371.webp","contentUrl":"https:\/\/kaptenmat.se\/wp-content\/uploads\/2026\/02\/1371.webp","width":400,"height":400},{"@type":"BreadcrumbList","@id":"https:\/\/kaptenmat.se\/produkt\/sopp-sasslev-32-cm\/#breadcrumb","itemListElement":[{"@type":"ListItem","position":1,"name":"Hem","item":"https:\/\/kaptenmat.se\/"},{"@type":"ListItem","position":2,"name":"Sortiment","item":"https:\/\/kaptenmat.se\/shop\/"},{"@type":"ListItem","position":3,"name":"Sopp &#038; s\u00e5sslev 32 cm"}]},{"@type":"WebSite","@id":"https:\/\/kaptenmat.se\/#website","url":"https:\/\/kaptenmat.se\/","name":"Kaptenmat","description":"Matinspiration inom outdoor cooking.","publisher":{"@id":"https:\/\/kaptenmat.se\/#organization"},"potentialAction":[{"@type":"SearchAction","target":{"@type":"EntryPoint","urlTemplate":"https:\/\/kaptenmat.se\/?s={search_term_string}"},"query-input":{"@type":"PropertyValueSpecification","valueRequired":true,"valueName":"search_term_string"}}],"inLanguage":"en-GB"},{"@type":"Organization","@id":"https:\/\/kaptenmat.se\/#organization","name":"Kaptenmat","url":"https:\/\/kaptenmat.se\/","logo":{"@type":"ImageObject","inLanguage":"en-GB","@id":"https:\/\/kaptenmat.se\/#\/schema\/logo\/image\/","url":"https:\/\/kaptenmat.se\/wp-content\/uploads\/2024\/01\/Kaptenmat_350.svg","contentUrl":"https:\/\/kaptenmat.se\/wp-content\/uploads\/2024\/01\/Kaptenmat_350.svg","width":1,"height":1,"caption":"Kaptenmat"},"image":{"@id":"https:\/\/kaptenmat.se\/#\/schema\/logo\/image\/"}}]}},"_links":{"self":[{"href":"https:\/\/kaptenmat.se\/en\/wp-json\/wp\/v2\/product\/130824","targetHints":{"allow":["GET"]}}],"collection":[{"href":"https:\/\/kaptenmat.se\/en\/wp-json\/wp\/v2\/product"}],"about":[{"href":"https:\/\/kaptenmat.se\/en\/wp-json\/wp\/v2\/types\/product"}],"replies":[{"embeddable":true,"href":"https:\/\/kaptenmat.se\/en\/wp-json\/wp\/v2\/comments?post=130824"}],"wp:featuredmedia":[{"embeddable":true,"href":"https:\/\/kaptenmat.se\/en\/wp-json\/wp\/v2\/media\/130825"}],"wp:attachment":[{"href":"https:\/\/kaptenmat.se\/en\/wp-json\/wp\/v2\/media?parent=130824"}],"wp:term":[{"taxonomy":"product_brand","embeddable":true,"href":"https:\/\/kaptenmat.se\/en\/wp-json\/wp\/v2\/product_brand?post=130824"},{"taxonomy":"product_cat","embeddable":true,"href":"https:\/\/kaptenmat.se\/en\/wp-json\/wp\/v2\/product_cat?post=130824"},{"taxonomy":"product_tag","embeddable":true,"href":"https:\/\/kaptenmat.se\/en\/wp-json\/wp\/v2\/product_tag?post=130824"}],"curies":[{"name":"wp","href":"https:\/\/api.w.org\/{rel}","templated":true}]}}