{"id":132021,"date":"2026-04-22T07:35:00","date_gmt":"2026-04-22T07:35:00","guid":{"rendered":"https:\/\/kaptenmat.se\/?post_type=product&#038;p=132021"},"modified":"2026-05-12T07:25:02","modified_gmt":"2026-05-12T07:25:02","slug":"kampanj-stekhall-el-grande-original-100cm-gasol","status":"publish","type":"product","link":"https:\/\/kaptenmat.se\/en\/product\/kampanj-stekhall-el-grande-original-100cm-gasol\/","title":{"rendered":"Package price - Griddle El Grande Original Complete 100cm gas"},"content":{"rendered":"","protected":false},"excerpt":{"rendered":"<p data-start=\"94\" data-end=\"157\"><strong data-start=\"94\" data-end=\"141\">Promotional offer \u2013 980kr discount when you buy a complete frying pan package<\/strong><\/p>\n<p data-start=\"159\" data-end=\"333\">This is the same frying pan that I use in my films \u2013 a stable, well-thought-out design built in Sweden to deliver even heat and last for many years to come.<\/p>\n<p data-start=\"335\" data-end=\"620\"><strong data-start=\"335\" data-end=\"355\">Specifications:<\/strong><br \/>\n\u2013 Frying pan in 4 mm domed carbon steel<br data-start=\"387\" data-end=\"390\" \/>\u2013 Working height 90 cm<br data-start=\"408\" data-end=\"411\" \/>\u2013 Professional gas burner with three rings and stepless heat regulation<br data-start=\"480\" data-end=\"483\" \/>\u2013 Integrated wind protection<br data-start=\"505\" data-end=\"508\" \/>\u2013 3 sturdy cutting boards in laminated oak<br data-start=\"545\" data-end=\"548\" data-is-only-node=\"\" \/>\u2013 100% waterproof cover in Finnish canvas fabric<br data-start=\"593\" data-end=\"596\" \/>\u2013 Regulator set 30 mBar<\/p>\n<p data-start=\"622\" data-end=\"720\"><strong data-start=\"622\" data-end=\"650\">This is what you get in return:<\/strong><br \/>\n\u2013 Free home delivery with DHL within Sweden<br data-start=\"689\" data-end=\"692\" \/>\u2013 Support 7 days a week<\/p>\n<p data-start=\"722\" data-end=\"806\">A complete package for those who want to cook outdoors for real \u2013 without compromise.<\/p>","protected":false},"featured_media":130739,"comment_status":"open","ping_status":"closed","template":"","meta":{"_acf_changed":false,"wprm-recipe-roundup-name":"","wprm-recipe-roundup-description":"","_monsterinsights_skip_tracking":false,"_monsterinsights_sitenote_active":false,"_monsterinsights_sitenote_note":"","_monsterinsights_sitenote_category":0},"product_brand":[],"product_cat":[23,953],"product_tag":[],"class_list":{"0":"post-132021","1":"product","2":"type-product","3":"status-publish","4":"has-post-thumbnail","6":"product_cat-stekhall","7":"product_cat-stekhallar","9":"first","10":"instock","11":"virtual","12":"taxable","13":"purchasable","14":"product-type-bundle"},"bundled_by":[],"bundle_stock_status":"instock","bundle_stock_quantity":68,"bundle_virtual":false,"bundle_layout":"default","bundle_add_to_cart_form_location":"default","bundle_editable_in_cart":false,"bundle_sold_individually_context":"product","bundle_item_grouping":"parent","bundle_min_size":"","bundle_max_size":"","bundle_price":{"price":{"min":{"incl_tax":"16995","excl_tax":"13596"},"max":{"incl_tax":"16995","excl_tax":"13596"}},"regular_price":{"min":{"incl_tax":"16995","excl_tax":"13596"},"max":{"incl_tax":"16995","excl_tax":"13596"}}},"bundled_items":[{"bundled_item_id":9,"product_id":661,"menu_order":0,"quantity_min":1,"quantity_max":1,"quantity_default":1,"priced_individually":false,"shipped_individually":false,"override_title":false,"title":"Stekh\u00e4ll El Grande Original 100cm gasol Grundpaket","override_description":false,"description":"","optional":false,"hide_thumbnail":false,"discount":"","override_variations":false,"allowed_variations":[],"override_default_variation_attributes":false,"default_variation_attributes":[],"single_product_visibility":"visible","cart_visibility":"visible","order_visibility":"visible","single_product_price_visibility":"visible","cart_price_visibility":"visible","order_price_visibility":"visible","stock_status":"in_stock"},{"bundled_item_id":10,"product_id":130808,"menu_order":1,"quantity_min":3,"quantity_max":3,"quantity_default":3,"priced_individually":false,"shipped_individually":false,"override_title":false,"title":"Sk\u00e4rbr\u00e4da i stavlimmad ek \"El grande","override_description":false,"description":"","optional":false,"hide_thumbnail":false,"discount":"","override_variations":false,"allowed_variations":[],"override_default_variation_attributes":false,"default_variation_attributes":[],"single_product_visibility":"visible","cart_visibility":"visible","order_visibility":"visible","single_product_price_visibility":"visible","cart_price_visibility":"visible","order_price_visibility":"visible","stock_status":"in_stock"},{"bundled_item_id":11,"product_id":687,"menu_order":2,"quantity_min":1,"quantity_max":1,"quantity_default":1,"priced_individually":false,"shipped_individually":false,"override_title":false,"title":"Vattent\u00e4tt \u00f6verdrag f\u00f6r alla stekh\u00e4llar","override_description":false,"description":"","optional":false,"hide_thumbnail":false,"discount":"","override_variations":false,"allowed_variations":[],"override_default_variation_attributes":false,"default_variation_attributes":[],"single_product_visibility":"visible","cart_visibility":"visible","order_visibility":"visible","single_product_price_visibility":"visible","cart_price_visibility":"visible","order_price_visibility":"visible","stock_status":"in_stock"}],"bundle_sell_ids":[],"acf":[],"yoast_head":"<!-- This site is optimized with the Yoast SEO plugin v26.3 - https:\/\/yoast.com\/wordpress\/plugins\/seo\/ -->\n<title>Paketpris- Stekh\u00e4ll El Grande Original Komplett 100cm gasol - Kaptenmat<\/title>\n<meta name=\"robots\" content=\"index, follow, max-snippet:-1, max-image-preview:large, max-video-preview:-1\" \/>\n<link rel=\"canonical\" href=\"https:\/\/kaptenmat.se\/en\/product\/kampanj-stekhall-el-grande-original-100cm-gasol\/\" \/>\n<meta property=\"og:locale\" content=\"en_GB\" \/>\n<meta property=\"og:type\" content=\"article\" \/>\n<meta property=\"og:title\" content=\"Paketpris- Stekh\u00e4ll El Grande Original Komplett 100cm gasol - Kaptenmat\" \/>\n<meta property=\"og:description\" content=\"Kampanjerbjudande \u2013 980kr rabatt n\u00e4r du k\u00f6per komplett stekh\u00e4llspaket Det h\u00e4r \u00e4r samma stekh\u00e4ll som jag sj\u00e4lv anv\u00e4nder i mina filmer \u2013 en stabil, genomt\u00e4nkt konstruktion byggd i Sverige f\u00f6r att leverera j\u00e4mn v\u00e4rme och h\u00e5lla i m\u00e5nga \u00e5r fram\u00f6ver. Specifikationer: \u2013 Stekh\u00e4ll i 4 mm kupat kolst\u00e5l\u2013 Arbetsh\u00f6jd 90 cm\u2013 Professionell gasbr\u00e4nnare med tre ringar och stegl\u00f6s v\u00e4rmereglering\u2013 Integrerat vindskydd\u2013 3 rej\u00e4la sk\u00e4rbr\u00e4dor i stavlimmad ek\u2013 100% vattent\u00e4tt \u00f6verdrag i finskt kapellv\u00e4v\u2013 Regulatorset 30 mBar Det h\u00e4r f\u00e5r du p\u00e5 k\u00f6pet: \u2013 Fri hemleverans med DHL inom Sverige\u2013 Support 7 dagar i veckan Ett komplett paket f\u00f6r dig som vill laga mat utomhus p\u00e5 riktigt \u2013 utan kompromisser.\" \/>\n<meta property=\"og:url\" content=\"https:\/\/kaptenmat.se\/en\/product\/kampanj-stekhall-el-grande-original-100cm-gasol\/\" \/>\n<meta property=\"og:site_name\" content=\"Kaptenmat\" \/>\n<meta property=\"article:modified_time\" content=\"2026-05-12T07:25:02+00:00\" \/>\n<meta property=\"og:image\" content=\"https:\/\/kaptenmat.se\/wp-content\/uploads\/2022\/05\/freepik__place-img1-img2-img3-img4-sidebyside-as-a-single-b__48309.jpeg\" \/>\n\t<meta property=\"og:image:width\" content=\"2048\" \/>\n\t<meta property=\"og:image:height\" content=\"2048\" \/>\n\t<meta property=\"og:image:type\" content=\"image\/jpeg\" \/>\n<meta name=\"twitter:card\" content=\"summary_large_image\" \/>\n<meta name=\"twitter:label1\" content=\"Estimated reading time\" \/>\n\t<meta name=\"twitter:data1\" content=\"1 minute\" \/>\n<script type=\"application\/ld+json\" class=\"yoast-schema-graph\">{\"@context\":\"https:\/\/schema.org\",\"@graph\":[{\"@type\":\"WebPage\",\"@id\":\"https:\/\/kaptenmat.se\/produkt\/kampanj-stekhall-el-grande-original-100cm-gasol\/\",\"url\":\"https:\/\/kaptenmat.se\/produkt\/kampanj-stekhall-el-grande-original-100cm-gasol\/\",\"name\":\"Paketpris- Stekh\u00e4ll El Grande Original Komplett 100cm gasol - Kaptenmat\",\"isPartOf\":{\"@id\":\"https:\/\/kaptenmat.se\/#website\"},\"primaryImageOfPage\":{\"@id\":\"https:\/\/kaptenmat.se\/produkt\/kampanj-stekhall-el-grande-original-100cm-gasol\/#primaryimage\"},\"image\":{\"@id\":\"https:\/\/kaptenmat.se\/produkt\/kampanj-stekhall-el-grande-original-100cm-gasol\/#primaryimage\"},\"thumbnailUrl\":\"https:\/\/kaptenmat.se\/wp-content\/uploads\/2022\/05\/freepik__place-img1-img2-img3-img4-sidebyside-as-a-single-b__48309.jpeg\",\"datePublished\":\"2026-04-22T07:35:00+00:00\",\"dateModified\":\"2026-05-12T07:25:02+00:00\",\"breadcrumb\":{\"@id\":\"https:\/\/kaptenmat.se\/produkt\/kampanj-stekhall-el-grande-original-100cm-gasol\/#breadcrumb\"},\"inLanguage\":\"en-GB\",\"potentialAction\":[{\"@type\":\"ReadAction\",\"target\":[\"https:\/\/kaptenmat.se\/produkt\/kampanj-stekhall-el-grande-original-100cm-gasol\/\"]}]},{\"@type\":\"ImageObject\",\"inLanguage\":\"en-GB\",\"@id\":\"https:\/\/kaptenmat.se\/produkt\/kampanj-stekhall-el-grande-original-100cm-gasol\/#primaryimage\",\"url\":\"https:\/\/kaptenmat.se\/wp-content\/uploads\/2022\/05\/freepik__place-img1-img2-img3-img4-sidebyside-as-a-single-b__48309.jpeg\",\"contentUrl\":\"https:\/\/kaptenmat.se\/wp-content\/uploads\/2022\/05\/freepik__place-img1-img2-img3-img4-sidebyside-as-a-single-b__48309.jpeg\",\"width\":2048,\"height\":2048},{\"@type\":\"BreadcrumbList\",\"@id\":\"https:\/\/kaptenmat.se\/produkt\/kampanj-stekhall-el-grande-original-100cm-gasol\/#breadcrumb\",\"itemListElement\":[{\"@type\":\"ListItem\",\"position\":1,\"name\":\"Hem\",\"item\":\"https:\/\/kaptenmat.se\/\"},{\"@type\":\"ListItem\",\"position\":2,\"name\":\"Sortiment\",\"item\":\"https:\/\/kaptenmat.se\/shop\/\"},{\"@type\":\"ListItem\",\"position\":3,\"name\":\"Paketpris- Stekh\u00e4ll El Grande Original Komplett 100cm gasol\"}]},{\"@type\":\"WebSite\",\"@id\":\"https:\/\/kaptenmat.se\/#website\",\"url\":\"https:\/\/kaptenmat.se\/\",\"name\":\"Kaptenmat\",\"description\":\"Matinspiration inom outdoor cooking.\",\"publisher\":{\"@id\":\"https:\/\/kaptenmat.se\/#organization\"},\"potentialAction\":[{\"@type\":\"SearchAction\",\"target\":{\"@type\":\"EntryPoint\",\"urlTemplate\":\"https:\/\/kaptenmat.se\/?s={search_term_string}\"},\"query-input\":{\"@type\":\"PropertyValueSpecification\",\"valueRequired\":true,\"valueName\":\"search_term_string\"}}],\"inLanguage\":\"en-GB\"},{\"@type\":\"Organization\",\"@id\":\"https:\/\/kaptenmat.se\/#organization\",\"name\":\"Kaptenmat\",\"url\":\"https:\/\/kaptenmat.se\/\",\"logo\":{\"@type\":\"ImageObject\",\"inLanguage\":\"en-GB\",\"@id\":\"https:\/\/kaptenmat.se\/#\/schema\/logo\/image\/\",\"url\":\"https:\/\/kaptenmat.se\/wp-content\/uploads\/2024\/01\/Kaptenmat_350.svg\",\"contentUrl\":\"https:\/\/kaptenmat.se\/wp-content\/uploads\/2024\/01\/Kaptenmat_350.svg\",\"width\":1,\"height\":1,\"caption\":\"Kaptenmat\"},\"image\":{\"@id\":\"https:\/\/kaptenmat.se\/#\/schema\/logo\/image\/\"}}]}<\/script>\n<!-- \/ Yoast SEO plugin. -->","yoast_head_json":{"title":"Paketpris- Stekh\u00e4ll El Grande Original Komplett 100cm gasol - Kaptenmat","robots":{"index":"index","follow":"follow","max-snippet":"max-snippet:-1","max-image-preview":"max-image-preview:large","max-video-preview":"max-video-preview:-1"},"canonical":"https:\/\/kaptenmat.se\/en\/product\/kampanj-stekhall-el-grande-original-100cm-gasol\/","og_locale":"en_GB","og_type":"article","og_title":"Paketpris- Stekh\u00e4ll El Grande Original Komplett 100cm gasol - Kaptenmat","og_description":"Kampanjerbjudande \u2013 980kr rabatt n\u00e4r du k\u00f6per komplett stekh\u00e4llspaket Det h\u00e4r \u00e4r samma stekh\u00e4ll som jag sj\u00e4lv anv\u00e4nder i mina filmer \u2013 en stabil, genomt\u00e4nkt konstruktion byggd i Sverige f\u00f6r att leverera j\u00e4mn v\u00e4rme och h\u00e5lla i m\u00e5nga \u00e5r fram\u00f6ver. Specifikationer: \u2013 Stekh\u00e4ll i 4 mm kupat kolst\u00e5l\u2013 Arbetsh\u00f6jd 90 cm\u2013 Professionell gasbr\u00e4nnare med tre ringar och stegl\u00f6s v\u00e4rmereglering\u2013 Integrerat vindskydd\u2013 3 rej\u00e4la sk\u00e4rbr\u00e4dor i stavlimmad ek\u2013 100% vattent\u00e4tt \u00f6verdrag i finskt kapellv\u00e4v\u2013 Regulatorset 30 mBar Det h\u00e4r f\u00e5r du p\u00e5 k\u00f6pet: \u2013 Fri hemleverans med DHL inom Sverige\u2013 Support 7 dagar i veckan Ett komplett paket f\u00f6r dig som vill laga mat utomhus p\u00e5 riktigt \u2013 utan kompromisser.","og_url":"https:\/\/kaptenmat.se\/en\/product\/kampanj-stekhall-el-grande-original-100cm-gasol\/","og_site_name":"Kaptenmat","article_modified_time":"2026-05-12T07:25:02+00:00","og_image":[{"width":2048,"height":2048,"url":"https:\/\/kaptenmat.se\/wp-content\/uploads\/2022\/05\/freepik__place-img1-img2-img3-img4-sidebyside-as-a-single-b__48309.jpeg","type":"image\/jpeg"}],"twitter_card":"summary_large_image","twitter_misc":{"Estimated reading time":"1 minute"},"schema":{"@context":"https:\/\/schema.org","@graph":[{"@type":"WebPage","@id":"https:\/\/kaptenmat.se\/produkt\/kampanj-stekhall-el-grande-original-100cm-gasol\/","url":"https:\/\/kaptenmat.se\/produkt\/kampanj-stekhall-el-grande-original-100cm-gasol\/","name":"Paketpris- Stekh\u00e4ll El Grande Original Komplett 100cm gasol - Kaptenmat","isPartOf":{"@id":"https:\/\/kaptenmat.se\/#website"},"primaryImageOfPage":{"@id":"https:\/\/kaptenmat.se\/produkt\/kampanj-stekhall-el-grande-original-100cm-gasol\/#primaryimage"},"image":{"@id":"https:\/\/kaptenmat.se\/produkt\/kampanj-stekhall-el-grande-original-100cm-gasol\/#primaryimage"},"thumbnailUrl":"https:\/\/kaptenmat.se\/wp-content\/uploads\/2022\/05\/freepik__place-img1-img2-img3-img4-sidebyside-as-a-single-b__48309.jpeg","datePublished":"2026-04-22T07:35:00+00:00","dateModified":"2026-05-12T07:25:02+00:00","breadcrumb":{"@id":"https:\/\/kaptenmat.se\/produkt\/kampanj-stekhall-el-grande-original-100cm-gasol\/#breadcrumb"},"inLanguage":"en-GB","potentialAction":[{"@type":"ReadAction","target":["https:\/\/kaptenmat.se\/produkt\/kampanj-stekhall-el-grande-original-100cm-gasol\/"]}]},{"@type":"ImageObject","inLanguage":"en-GB","@id":"https:\/\/kaptenmat.se\/produkt\/kampanj-stekhall-el-grande-original-100cm-gasol\/#primaryimage","url":"https:\/\/kaptenmat.se\/wp-content\/uploads\/2022\/05\/freepik__place-img1-img2-img3-img4-sidebyside-as-a-single-b__48309.jpeg","contentUrl":"https:\/\/kaptenmat.se\/wp-content\/uploads\/2022\/05\/freepik__place-img1-img2-img3-img4-sidebyside-as-a-single-b__48309.jpeg","width":2048,"height":2048},{"@type":"BreadcrumbList","@id":"https:\/\/kaptenmat.se\/produkt\/kampanj-stekhall-el-grande-original-100cm-gasol\/#breadcrumb","itemListElement":[{"@type":"ListItem","position":1,"name":"Hem","item":"https:\/\/kaptenmat.se\/"},{"@type":"ListItem","position":2,"name":"Sortiment","item":"https:\/\/kaptenmat.se\/shop\/"},{"@type":"ListItem","position":3,"name":"Paketpris- Stekh\u00e4ll El Grande Original Komplett 100cm gasol"}]},{"@type":"WebSite","@id":"https:\/\/kaptenmat.se\/#website","url":"https:\/\/kaptenmat.se\/","name":"Kaptenmat","description":"Matinspiration inom outdoor cooking.","publisher":{"@id":"https:\/\/kaptenmat.se\/#organization"},"potentialAction":[{"@type":"SearchAction","target":{"@type":"EntryPoint","urlTemplate":"https:\/\/kaptenmat.se\/?s={search_term_string}"},"query-input":{"@type":"PropertyValueSpecification","valueRequired":true,"valueName":"search_term_string"}}],"inLanguage":"en-GB"},{"@type":"Organization","@id":"https:\/\/kaptenmat.se\/#organization","name":"Kaptenmat","url":"https:\/\/kaptenmat.se\/","logo":{"@type":"ImageObject","inLanguage":"en-GB","@id":"https:\/\/kaptenmat.se\/#\/schema\/logo\/image\/","url":"https:\/\/kaptenmat.se\/wp-content\/uploads\/2024\/01\/Kaptenmat_350.svg","contentUrl":"https:\/\/kaptenmat.se\/wp-content\/uploads\/2024\/01\/Kaptenmat_350.svg","width":1,"height":1,"caption":"Kaptenmat"},"image":{"@id":"https:\/\/kaptenmat.se\/#\/schema\/logo\/image\/"}}]}},"_links":{"self":[{"href":"https:\/\/kaptenmat.se\/en\/wp-json\/wp\/v2\/product\/132021","targetHints":{"allow":["GET"]}}],"collection":[{"href":"https:\/\/kaptenmat.se\/en\/wp-json\/wp\/v2\/product"}],"about":[{"href":"https:\/\/kaptenmat.se\/en\/wp-json\/wp\/v2\/types\/product"}],"replies":[{"embeddable":true,"href":"https:\/\/kaptenmat.se\/en\/wp-json\/wp\/v2\/comments?post=132021"}],"wp:featuredmedia":[{"embeddable":true,"href":"https:\/\/kaptenmat.se\/en\/wp-json\/wp\/v2\/media\/130739"}],"wp:attachment":[{"href":"https:\/\/kaptenmat.se\/en\/wp-json\/wp\/v2\/media?parent=132021"}],"wp:term":[{"taxonomy":"product_brand","embeddable":true,"href":"https:\/\/kaptenmat.se\/en\/wp-json\/wp\/v2\/product_brand?post=132021"},{"taxonomy":"product_cat","embeddable":true,"href":"https:\/\/kaptenmat.se\/en\/wp-json\/wp\/v2\/product_cat?post=132021"},{"taxonomy":"product_tag","embeddable":true,"href":"https:\/\/kaptenmat.se\/en\/wp-json\/wp\/v2\/product_tag?post=132021"}],"curies":[{"name":"wp","href":"https:\/\/api.w.org\/{rel}","templated":true}]}}