{"id":132038,"date":"2026-04-22T13:48:39","date_gmt":"2026-04-22T13:48:39","guid":{"rendered":"https:\/\/kaptenmat.se\/?post_type=product&#038;p=132038"},"modified":"2026-04-22T14:43:31","modified_gmt":"2026-04-22T14:43:31","slug":"vinoppnare-pulltaps-toledo","status":"publish","type":"product","link":"https:\/\/kaptenmat.se\/en\/product\/vinoppnare-pulltaps-toledo\/","title":{"rendered":"Wine opener Pulltaps Toledo"},"content":{"rendered":"","protected":false},"excerpt":{"rendered":"<p data-start=\"249\" data-end=\"407\">En vacker vin\u00f6ppnare i tr\u00e4 och h\u00f6glankt rostfritt st\u00e5l. \u00c4ven denna vin\u00f6ppnare har naturligtvis Pulltex patenterade tv\u00e5stegs h\u00e4varm.<\/p>\n<p>Material: Rostfritt st\u00e5l och tr\u00e4 .<\/p>\n<p>Pulltex produkter \u00e4r mycket popul\u00e4ra \u00f6ver hela v\u00e4rlden, bland annat f\u00f6r den omissk\u00e4nnliga funktionaliteten och det breda sortimentet. Den tilltalande designen ger dem ytterligare en f\u00f6rdel p\u00e5 marknaden. Den mest k\u00e4nda produkten fr\u00e5n Pulltex \u00e4r korkskruven Pulltaps med det patenterade flaskst\u00f6det i tv\u00e5 l\u00e4gen, som underl\u00e4ttar utdragningen av korken utan att b\u00f6ja eller bryta den. Pulltex har ocks\u00e5 ett brett sortiment av vinkaraffer, vinluftare och andra vintillbeh\u00f6r.<\/p>","protected":false},"featured_media":132040,"comment_status":"open","ping_status":"closed","template":"","meta":{"_acf_changed":false,"wprm-recipe-roundup-name":"","wprm-recipe-roundup-description":"","_monsterinsights_skip_tracking":false,"_monsterinsights_sitenote_active":false,"_monsterinsights_sitenote_note":"","_monsterinsights_sitenote_category":0},"product_brand":[],"product_cat":[31],"product_tag":[],"class_list":{"0":"post-132038","1":"product","2":"type-product","3":"status-publish","4":"has-post-thumbnail","6":"product_cat-tillbehor","8":"first","9":"onbackorder","10":"taxable","11":"shipping-taxable","12":"purchasable","13":"product-type-simple"},"bundled_by":[],"bundle_stock_status":"onbackorder","bundle_stock_quantity":0,"bundle_virtual":false,"bundle_layout":"","bundle_add_to_cart_form_location":"","bundle_editable_in_cart":false,"bundle_sold_individually_context":"","bundle_item_grouping":"","bundle_min_size":"","bundle_max_size":"","bundle_price":[],"bundled_items":[],"bundle_sell_ids":[],"acf":[],"yoast_head":"<!-- This site is optimized with the Yoast SEO plugin v26.3 - https:\/\/yoast.com\/wordpress\/plugins\/seo\/ -->\n<title>Vin\u00f6ppnare Pulltaps Toledo - Kaptenmat<\/title>\n<meta name=\"robots\" content=\"index, follow, max-snippet:-1, max-image-preview:large, max-video-preview:-1\" \/>\n<link rel=\"canonical\" href=\"https:\/\/kaptenmat.se\/en\/product\/vinoppnare-pulltaps-toledo\/\" \/>\n<meta property=\"og:locale\" content=\"en_GB\" \/>\n<meta property=\"og:type\" content=\"article\" \/>\n<meta property=\"og:title\" content=\"Vin\u00f6ppnare Pulltaps Toledo - Kaptenmat\" \/>\n<meta property=\"og:description\" content=\"En vacker vin\u00f6ppnare i tr\u00e4 och h\u00f6glankt rostfritt st\u00e5l. \u00c4ven denna vin\u00f6ppnare har naturligtvis Pulltex patenterade tv\u00e5stegs h\u00e4varm. Material: Rostfritt st\u00e5l och tr\u00e4 .  Pulltex produkter \u00e4r mycket popul\u00e4ra \u00f6ver hela v\u00e4rlden, bland annat f\u00f6r den omissk\u00e4nnliga funktionaliteten och det breda sortimentet. Den tilltalande designen ger dem ytterligare en f\u00f6rdel p\u00e5 marknaden. Den mest k\u00e4nda produkten fr\u00e5n Pulltex \u00e4r korkskruven Pulltaps med det patenterade flaskst\u00f6det i tv\u00e5 l\u00e4gen, som underl\u00e4ttar utdragningen av korken utan att b\u00f6ja eller bryta den. Pulltex har ocks\u00e5 ett brett sortiment av vinkaraffer, vinluftare och andra vintillbeh\u00f6r.\" \/>\n<meta property=\"og:url\" content=\"https:\/\/kaptenmat.se\/en\/product\/vinoppnare-pulltaps-toledo\/\" \/>\n<meta property=\"og:site_name\" content=\"Kaptenmat\" \/>\n<meta property=\"article:modified_time\" content=\"2026-04-22T14:43:31+00:00\" \/>\n<meta property=\"og:image\" content=\"https:\/\/kaptenmat.se\/wp-content\/uploads\/2026\/04\/p-109-160-00_1-1.webp\" \/>\n\t<meta property=\"og:image:width\" content=\"180\" \/>\n\t<meta property=\"og:image:height\" content=\"199\" \/>\n\t<meta property=\"og:image:type\" content=\"image\/webp\" \/>\n<meta name=\"twitter:card\" content=\"summary_large_image\" \/>\n<meta name=\"twitter:label1\" content=\"Estimated reading time\" \/>\n\t<meta name=\"twitter:data1\" content=\"1 minute\" \/>\n<script type=\"application\/ld+json\" class=\"yoast-schema-graph\">{\"@context\":\"https:\/\/schema.org\",\"@graph\":[{\"@type\":\"WebPage\",\"@id\":\"https:\/\/kaptenmat.se\/produkt\/vinoppnare-pulltaps-toledo\/\",\"url\":\"https:\/\/kaptenmat.se\/produkt\/vinoppnare-pulltaps-toledo\/\",\"name\":\"Vin\u00f6ppnare Pulltaps Toledo - Kaptenmat\",\"isPartOf\":{\"@id\":\"https:\/\/kaptenmat.se\/#website\"},\"primaryImageOfPage\":{\"@id\":\"https:\/\/kaptenmat.se\/produkt\/vinoppnare-pulltaps-toledo\/#primaryimage\"},\"image\":{\"@id\":\"https:\/\/kaptenmat.se\/produkt\/vinoppnare-pulltaps-toledo\/#primaryimage\"},\"thumbnailUrl\":\"https:\/\/kaptenmat.se\/wp-content\/uploads\/2026\/04\/p-109-160-00_1-1.webp\",\"datePublished\":\"2026-04-22T13:48:39+00:00\",\"dateModified\":\"2026-04-22T14:43:31+00:00\",\"breadcrumb\":{\"@id\":\"https:\/\/kaptenmat.se\/produkt\/vinoppnare-pulltaps-toledo\/#breadcrumb\"},\"inLanguage\":\"en-GB\",\"potentialAction\":[{\"@type\":\"ReadAction\",\"target\":[\"https:\/\/kaptenmat.se\/produkt\/vinoppnare-pulltaps-toledo\/\"]}]},{\"@type\":\"ImageObject\",\"inLanguage\":\"en-GB\",\"@id\":\"https:\/\/kaptenmat.se\/produkt\/vinoppnare-pulltaps-toledo\/#primaryimage\",\"url\":\"https:\/\/kaptenmat.se\/wp-content\/uploads\/2026\/04\/p-109-160-00_1-1.webp\",\"contentUrl\":\"https:\/\/kaptenmat.se\/wp-content\/uploads\/2026\/04\/p-109-160-00_1-1.webp\",\"width\":180,\"height\":199},{\"@type\":\"BreadcrumbList\",\"@id\":\"https:\/\/kaptenmat.se\/produkt\/vinoppnare-pulltaps-toledo\/#breadcrumb\",\"itemListElement\":[{\"@type\":\"ListItem\",\"position\":1,\"name\":\"Hem\",\"item\":\"https:\/\/kaptenmat.se\/\"},{\"@type\":\"ListItem\",\"position\":2,\"name\":\"Sortiment\",\"item\":\"https:\/\/kaptenmat.se\/shop\/\"},{\"@type\":\"ListItem\",\"position\":3,\"name\":\"Vin\u00f6ppnare Pulltaps Toledo\"}]},{\"@type\":\"WebSite\",\"@id\":\"https:\/\/kaptenmat.se\/#website\",\"url\":\"https:\/\/kaptenmat.se\/\",\"name\":\"Kaptenmat\",\"description\":\"Matinspiration inom outdoor cooking.\",\"publisher\":{\"@id\":\"https:\/\/kaptenmat.se\/#organization\"},\"potentialAction\":[{\"@type\":\"SearchAction\",\"target\":{\"@type\":\"EntryPoint\",\"urlTemplate\":\"https:\/\/kaptenmat.se\/?s={search_term_string}\"},\"query-input\":{\"@type\":\"PropertyValueSpecification\",\"valueRequired\":true,\"valueName\":\"search_term_string\"}}],\"inLanguage\":\"en-GB\"},{\"@type\":\"Organization\",\"@id\":\"https:\/\/kaptenmat.se\/#organization\",\"name\":\"Kaptenmat\",\"url\":\"https:\/\/kaptenmat.se\/\",\"logo\":{\"@type\":\"ImageObject\",\"inLanguage\":\"en-GB\",\"@id\":\"https:\/\/kaptenmat.se\/#\/schema\/logo\/image\/\",\"url\":\"https:\/\/kaptenmat.se\/wp-content\/uploads\/2024\/01\/Kaptenmat_350.svg\",\"contentUrl\":\"https:\/\/kaptenmat.se\/wp-content\/uploads\/2024\/01\/Kaptenmat_350.svg\",\"width\":1,\"height\":1,\"caption\":\"Kaptenmat\"},\"image\":{\"@id\":\"https:\/\/kaptenmat.se\/#\/schema\/logo\/image\/\"}}]}<\/script>\n<!-- \/ Yoast SEO plugin. -->","yoast_head_json":{"title":"Vin\u00f6ppnare Pulltaps Toledo - Kaptenmat","robots":{"index":"index","follow":"follow","max-snippet":"max-snippet:-1","max-image-preview":"max-image-preview:large","max-video-preview":"max-video-preview:-1"},"canonical":"https:\/\/kaptenmat.se\/en\/product\/vinoppnare-pulltaps-toledo\/","og_locale":"en_GB","og_type":"article","og_title":"Vin\u00f6ppnare Pulltaps Toledo - Kaptenmat","og_description":"En vacker vin\u00f6ppnare i tr\u00e4 och h\u00f6glankt rostfritt st\u00e5l. \u00c4ven denna vin\u00f6ppnare har naturligtvis Pulltex patenterade tv\u00e5stegs h\u00e4varm. Material: Rostfritt st\u00e5l och tr\u00e4 .  Pulltex produkter \u00e4r mycket popul\u00e4ra \u00f6ver hela v\u00e4rlden, bland annat f\u00f6r den omissk\u00e4nnliga funktionaliteten och det breda sortimentet. Den tilltalande designen ger dem ytterligare en f\u00f6rdel p\u00e5 marknaden. Den mest k\u00e4nda produkten fr\u00e5n Pulltex \u00e4r korkskruven Pulltaps med det patenterade flaskst\u00f6det i tv\u00e5 l\u00e4gen, som underl\u00e4ttar utdragningen av korken utan att b\u00f6ja eller bryta den. Pulltex har ocks\u00e5 ett brett sortiment av vinkaraffer, vinluftare och andra vintillbeh\u00f6r.","og_url":"https:\/\/kaptenmat.se\/en\/product\/vinoppnare-pulltaps-toledo\/","og_site_name":"Kaptenmat","article_modified_time":"2026-04-22T14:43:31+00:00","og_image":[{"width":180,"height":199,"url":"https:\/\/kaptenmat.se\/wp-content\/uploads\/2026\/04\/p-109-160-00_1-1.webp","type":"image\/webp"}],"twitter_card":"summary_large_image","twitter_misc":{"Estimated reading time":"1 minute"},"schema":{"@context":"https:\/\/schema.org","@graph":[{"@type":"WebPage","@id":"https:\/\/kaptenmat.se\/produkt\/vinoppnare-pulltaps-toledo\/","url":"https:\/\/kaptenmat.se\/produkt\/vinoppnare-pulltaps-toledo\/","name":"Vin\u00f6ppnare Pulltaps Toledo - Kaptenmat","isPartOf":{"@id":"https:\/\/kaptenmat.se\/#website"},"primaryImageOfPage":{"@id":"https:\/\/kaptenmat.se\/produkt\/vinoppnare-pulltaps-toledo\/#primaryimage"},"image":{"@id":"https:\/\/kaptenmat.se\/produkt\/vinoppnare-pulltaps-toledo\/#primaryimage"},"thumbnailUrl":"https:\/\/kaptenmat.se\/wp-content\/uploads\/2026\/04\/p-109-160-00_1-1.webp","datePublished":"2026-04-22T13:48:39+00:00","dateModified":"2026-04-22T14:43:31+00:00","breadcrumb":{"@id":"https:\/\/kaptenmat.se\/produkt\/vinoppnare-pulltaps-toledo\/#breadcrumb"},"inLanguage":"en-GB","potentialAction":[{"@type":"ReadAction","target":["https:\/\/kaptenmat.se\/produkt\/vinoppnare-pulltaps-toledo\/"]}]},{"@type":"ImageObject","inLanguage":"en-GB","@id":"https:\/\/kaptenmat.se\/produkt\/vinoppnare-pulltaps-toledo\/#primaryimage","url":"https:\/\/kaptenmat.se\/wp-content\/uploads\/2026\/04\/p-109-160-00_1-1.webp","contentUrl":"https:\/\/kaptenmat.se\/wp-content\/uploads\/2026\/04\/p-109-160-00_1-1.webp","width":180,"height":199},{"@type":"BreadcrumbList","@id":"https:\/\/kaptenmat.se\/produkt\/vinoppnare-pulltaps-toledo\/#breadcrumb","itemListElement":[{"@type":"ListItem","position":1,"name":"Hem","item":"https:\/\/kaptenmat.se\/"},{"@type":"ListItem","position":2,"name":"Sortiment","item":"https:\/\/kaptenmat.se\/shop\/"},{"@type":"ListItem","position":3,"name":"Vin\u00f6ppnare Pulltaps Toledo"}]},{"@type":"WebSite","@id":"https:\/\/kaptenmat.se\/#website","url":"https:\/\/kaptenmat.se\/","name":"Kaptenmat","description":"Matinspiration inom outdoor cooking.","publisher":{"@id":"https:\/\/kaptenmat.se\/#organization"},"potentialAction":[{"@type":"SearchAction","target":{"@type":"EntryPoint","urlTemplate":"https:\/\/kaptenmat.se\/?s={search_term_string}"},"query-input":{"@type":"PropertyValueSpecification","valueRequired":true,"valueName":"search_term_string"}}],"inLanguage":"en-GB"},{"@type":"Organization","@id":"https:\/\/kaptenmat.se\/#organization","name":"Kaptenmat","url":"https:\/\/kaptenmat.se\/","logo":{"@type":"ImageObject","inLanguage":"en-GB","@id":"https:\/\/kaptenmat.se\/#\/schema\/logo\/image\/","url":"https:\/\/kaptenmat.se\/wp-content\/uploads\/2024\/01\/Kaptenmat_350.svg","contentUrl":"https:\/\/kaptenmat.se\/wp-content\/uploads\/2024\/01\/Kaptenmat_350.svg","width":1,"height":1,"caption":"Kaptenmat"},"image":{"@id":"https:\/\/kaptenmat.se\/#\/schema\/logo\/image\/"}}]}},"_links":{"self":[{"href":"https:\/\/kaptenmat.se\/en\/wp-json\/wp\/v2\/product\/132038","targetHints":{"allow":["GET"]}}],"collection":[{"href":"https:\/\/kaptenmat.se\/en\/wp-json\/wp\/v2\/product"}],"about":[{"href":"https:\/\/kaptenmat.se\/en\/wp-json\/wp\/v2\/types\/product"}],"replies":[{"embeddable":true,"href":"https:\/\/kaptenmat.se\/en\/wp-json\/wp\/v2\/comments?post=132038"}],"wp:featuredmedia":[{"embeddable":true,"href":"https:\/\/kaptenmat.se\/en\/wp-json\/wp\/v2\/media\/132040"}],"wp:attachment":[{"href":"https:\/\/kaptenmat.se\/en\/wp-json\/wp\/v2\/media?parent=132038"}],"wp:term":[{"taxonomy":"product_brand","embeddable":true,"href":"https:\/\/kaptenmat.se\/en\/wp-json\/wp\/v2\/product_brand?post=132038"},{"taxonomy":"product_cat","embeddable":true,"href":"https:\/\/kaptenmat.se\/en\/wp-json\/wp\/v2\/product_cat?post=132038"},{"taxonomy":"product_tag","embeddable":true,"href":"https:\/\/kaptenmat.se\/en\/wp-json\/wp\/v2\/product_tag?post=132038"}],"curies":[{"name":"wp","href":"https:\/\/api.w.org\/{rel}","templated":true}]}}