{"id":132043,"date":"2026-04-22T13:58:56","date_gmt":"2026-04-22T13:58:56","guid":{"rendered":"https:\/\/kaptenmat.se\/?post_type=product&#038;p=132043"},"modified":"2026-04-22T14:00:00","modified_gmt":"2026-04-22T14:00:00","slug":"zassenhaus-saltkvarn-olivtra-18-cm","status":"publish","type":"product","link":"https:\/\/kaptenmat.se\/en\/product\/zassenhaus-saltkvarn-olivtra-18-cm\/","title":{"rendered":"Zassenhaus Salt Mill Olive Wood 18 cm"},"content":{"rendered":"","protected":false},"excerpt":{"rendered":"<p data-start=\"249\" data-end=\"407\">En av Zassenhaus mest omtyckta modeller i olivtr\u00e4.<\/p>\n<p data-start=\"249\" data-end=\"407\">Zassenhaus \u00e4r en av v\u00e4rldens b\u00e4sta kvarntillverkare. I Sverige \u00e4r kryddkvarnarna popul\u00e4ra b\u00e5de p\u00e5 restauranger och i hemmak\u00f6k. En Zassenhauskvarn \u00e4r bara en vanlig kvarn \u2013 tills du provat den. Det som verkligen utm\u00e4rker kvarnen \u00e4r k\u00e4nslan och den h\u00f6ga kvaliteten. Malverket \u00e4r n\u00e4stintill om\u00f6jligt att slita ut och kommer med hela 25 \u00e5rs garanti.<\/p>\n<p>Alla Zassenhauskvarnar har st\u00e4llbara malverk, vilket betyder att du enkelt kan anpassa kornstorlek efter \u00f6nskem\u00e5l. Finmalet eller grovmalet? Du best\u00e4mmer. Till skillnad fr\u00e5n m\u00e5nga andra kvarnar kommer den valda kornstorleken ocks\u00e5 att kvarst\u00e5, oavsett hur mycket du maler.<\/p>\n<p data-start=\"249\" data-end=\"407\">Allts\u00e5 en kvarn p\u00e5 RIKTIGT<\/p>","protected":false},"featured_media":132032,"comment_status":"open","ping_status":"closed","template":"","meta":{"_acf_changed":false,"wprm-recipe-roundup-name":"","wprm-recipe-roundup-description":"","_monsterinsights_skip_tracking":false,"_monsterinsights_sitenote_active":false,"_monsterinsights_sitenote_note":"","_monsterinsights_sitenote_category":0},"product_brand":[],"product_cat":[27,31],"product_tag":[],"class_list":{"0":"post-132043","1":"product","2":"type-product","3":"status-publish","4":"has-post-thumbnail","6":"product_cat-kryddor","7":"product_cat-tillbehor","9":"first","10":"instock","11":"taxable","12":"shipping-taxable","13":"purchasable","14":"product-type-simple"},"bundled_by":[],"bundle_stock_status":"instock","bundle_stock_quantity":5,"bundle_virtual":false,"bundle_layout":"","bundle_add_to_cart_form_location":"","bundle_editable_in_cart":false,"bundle_sold_individually_context":"","bundle_item_grouping":"","bundle_min_size":"","bundle_max_size":"","bundle_price":[],"bundled_items":[],"bundle_sell_ids":[],"acf":[],"yoast_head":"<!-- This site is optimized with the Yoast SEO plugin v26.3 - https:\/\/yoast.com\/wordpress\/plugins\/seo\/ -->\n<title>Zassenhaus Saltkvarn Olivtr\u00e4 18 cm - Kaptenmat<\/title>\n<meta name=\"robots\" content=\"index, follow, max-snippet:-1, max-image-preview:large, max-video-preview:-1\" \/>\n<link rel=\"canonical\" href=\"https:\/\/kaptenmat.se\/en\/product\/zassenhaus-saltkvarn-olivtra-18-cm\/\" \/>\n<meta property=\"og:locale\" content=\"en_GB\" \/>\n<meta property=\"og:type\" content=\"article\" \/>\n<meta property=\"og:title\" content=\"Zassenhaus Saltkvarn Olivtr\u00e4 18 cm - Kaptenmat\" \/>\n<meta property=\"og:description\" content=\"En av Zassenhaus mest omtyckta modeller i olivtr\u00e4. Zassenhaus \u00e4r en av v\u00e4rldens b\u00e4sta kvarntillverkare. I Sverige \u00e4r kryddkvarnarna popul\u00e4ra b\u00e5de p\u00e5 restauranger och i hemmak\u00f6k. En Zassenhauskvarn \u00e4r bara en vanlig kvarn \u2013 tills du provat den. Det som verkligen utm\u00e4rker kvarnen \u00e4r k\u00e4nslan och den h\u00f6ga kvaliteten. Malverket \u00e4r n\u00e4stintill om\u00f6jligt att slita ut och kommer med hela 25 \u00e5rs garanti. Alla Zassenhauskvarnar har st\u00e4llbara malverk, vilket betyder att du enkelt kan anpassa kornstorlek efter \u00f6nskem\u00e5l. Finmalet eller grovmalet? Du best\u00e4mmer. Till skillnad fr\u00e5n m\u00e5nga andra kvarnar kommer den valda kornstorleken ocks\u00e5 att kvarst\u00e5, oavsett hur mycket du maler. Allts\u00e5 en kvarn p\u00e5 RIKTIGT\" \/>\n<meta property=\"og:url\" content=\"https:\/\/kaptenmat.se\/en\/product\/zassenhaus-saltkvarn-olivtra-18-cm\/\" \/>\n<meta property=\"og:site_name\" content=\"Kaptenmat\" \/>\n<meta property=\"article:modified_time\" content=\"2026-04-22T14:00:00+00:00\" \/>\n<meta property=\"og:image\" content=\"https:\/\/kaptenmat.se\/wp-content\/uploads\/2026\/04\/z-023367_1.webp\" \/>\n\t<meta property=\"og:image:width\" content=\"1772\" \/>\n\t<meta property=\"og:image:height\" content=\"1535\" \/>\n\t<meta property=\"og:image:type\" content=\"image\/webp\" \/>\n<meta name=\"twitter:card\" content=\"summary_large_image\" \/>\n<meta name=\"twitter:label1\" content=\"Estimated reading time\" \/>\n\t<meta name=\"twitter:data1\" content=\"1 minute\" \/>\n<script type=\"application\/ld+json\" class=\"yoast-schema-graph\">{\"@context\":\"https:\/\/schema.org\",\"@graph\":[{\"@type\":\"WebPage\",\"@id\":\"https:\/\/kaptenmat.se\/produkt\/zassenhaus-saltkvarn-olivtra-18-cm\/\",\"url\":\"https:\/\/kaptenmat.se\/produkt\/zassenhaus-saltkvarn-olivtra-18-cm\/\",\"name\":\"Zassenhaus Saltkvarn Olivtr\u00e4 18 cm - Kaptenmat\",\"isPartOf\":{\"@id\":\"https:\/\/kaptenmat.se\/#website\"},\"primaryImageOfPage\":{\"@id\":\"https:\/\/kaptenmat.se\/produkt\/zassenhaus-saltkvarn-olivtra-18-cm\/#primaryimage\"},\"image\":{\"@id\":\"https:\/\/kaptenmat.se\/produkt\/zassenhaus-saltkvarn-olivtra-18-cm\/#primaryimage\"},\"thumbnailUrl\":\"https:\/\/kaptenmat.se\/wp-content\/uploads\/2026\/04\/z-023367_1.webp\",\"datePublished\":\"2026-04-22T13:58:56+00:00\",\"dateModified\":\"2026-04-22T14:00:00+00:00\",\"breadcrumb\":{\"@id\":\"https:\/\/kaptenmat.se\/produkt\/zassenhaus-saltkvarn-olivtra-18-cm\/#breadcrumb\"},\"inLanguage\":\"en-GB\",\"potentialAction\":[{\"@type\":\"ReadAction\",\"target\":[\"https:\/\/kaptenmat.se\/produkt\/zassenhaus-saltkvarn-olivtra-18-cm\/\"]}]},{\"@type\":\"ImageObject\",\"inLanguage\":\"en-GB\",\"@id\":\"https:\/\/kaptenmat.se\/produkt\/zassenhaus-saltkvarn-olivtra-18-cm\/#primaryimage\",\"url\":\"https:\/\/kaptenmat.se\/wp-content\/uploads\/2026\/04\/z-023367_1.webp\",\"contentUrl\":\"https:\/\/kaptenmat.se\/wp-content\/uploads\/2026\/04\/z-023367_1.webp\",\"width\":1772,\"height\":1535},{\"@type\":\"BreadcrumbList\",\"@id\":\"https:\/\/kaptenmat.se\/produkt\/zassenhaus-saltkvarn-olivtra-18-cm\/#breadcrumb\",\"itemListElement\":[{\"@type\":\"ListItem\",\"position\":1,\"name\":\"Hem\",\"item\":\"https:\/\/kaptenmat.se\/\"},{\"@type\":\"ListItem\",\"position\":2,\"name\":\"Sortiment\",\"item\":\"https:\/\/kaptenmat.se\/shop\/\"},{\"@type\":\"ListItem\",\"position\":3,\"name\":\"Zassenhaus Saltkvarn Olivtr\u00e4 18 cm\"}]},{\"@type\":\"WebSite\",\"@id\":\"https:\/\/kaptenmat.se\/#website\",\"url\":\"https:\/\/kaptenmat.se\/\",\"name\":\"Kaptenmat\",\"description\":\"Matinspiration inom outdoor cooking.\",\"publisher\":{\"@id\":\"https:\/\/kaptenmat.se\/#organization\"},\"potentialAction\":[{\"@type\":\"SearchAction\",\"target\":{\"@type\":\"EntryPoint\",\"urlTemplate\":\"https:\/\/kaptenmat.se\/?s={search_term_string}\"},\"query-input\":{\"@type\":\"PropertyValueSpecification\",\"valueRequired\":true,\"valueName\":\"search_term_string\"}}],\"inLanguage\":\"en-GB\"},{\"@type\":\"Organization\",\"@id\":\"https:\/\/kaptenmat.se\/#organization\",\"name\":\"Kaptenmat\",\"url\":\"https:\/\/kaptenmat.se\/\",\"logo\":{\"@type\":\"ImageObject\",\"inLanguage\":\"en-GB\",\"@id\":\"https:\/\/kaptenmat.se\/#\/schema\/logo\/image\/\",\"url\":\"https:\/\/kaptenmat.se\/wp-content\/uploads\/2024\/01\/Kaptenmat_350.svg\",\"contentUrl\":\"https:\/\/kaptenmat.se\/wp-content\/uploads\/2024\/01\/Kaptenmat_350.svg\",\"width\":1,\"height\":1,\"caption\":\"Kaptenmat\"},\"image\":{\"@id\":\"https:\/\/kaptenmat.se\/#\/schema\/logo\/image\/\"}}]}<\/script>\n<!-- \/ Yoast SEO plugin. -->","yoast_head_json":{"title":"Zassenhaus Saltkvarn Olivtr\u00e4 18 cm - Kaptenmat","robots":{"index":"index","follow":"follow","max-snippet":"max-snippet:-1","max-image-preview":"max-image-preview:large","max-video-preview":"max-video-preview:-1"},"canonical":"https:\/\/kaptenmat.se\/en\/product\/zassenhaus-saltkvarn-olivtra-18-cm\/","og_locale":"en_GB","og_type":"article","og_title":"Zassenhaus Saltkvarn Olivtr\u00e4 18 cm - Kaptenmat","og_description":"En av Zassenhaus mest omtyckta modeller i olivtr\u00e4. Zassenhaus \u00e4r en av v\u00e4rldens b\u00e4sta kvarntillverkare. I Sverige \u00e4r kryddkvarnarna popul\u00e4ra b\u00e5de p\u00e5 restauranger och i hemmak\u00f6k. En Zassenhauskvarn \u00e4r bara en vanlig kvarn \u2013 tills du provat den. Det som verkligen utm\u00e4rker kvarnen \u00e4r k\u00e4nslan och den h\u00f6ga kvaliteten. Malverket \u00e4r n\u00e4stintill om\u00f6jligt att slita ut och kommer med hela 25 \u00e5rs garanti. Alla Zassenhauskvarnar har st\u00e4llbara malverk, vilket betyder att du enkelt kan anpassa kornstorlek efter \u00f6nskem\u00e5l. Finmalet eller grovmalet? Du best\u00e4mmer. Till skillnad fr\u00e5n m\u00e5nga andra kvarnar kommer den valda kornstorleken ocks\u00e5 att kvarst\u00e5, oavsett hur mycket du maler. Allts\u00e5 en kvarn p\u00e5 RIKTIGT","og_url":"https:\/\/kaptenmat.se\/en\/product\/zassenhaus-saltkvarn-olivtra-18-cm\/","og_site_name":"Kaptenmat","article_modified_time":"2026-04-22T14:00:00+00:00","og_image":[{"width":1772,"height":1535,"url":"https:\/\/kaptenmat.se\/wp-content\/uploads\/2026\/04\/z-023367_1.webp","type":"image\/webp"}],"twitter_card":"summary_large_image","twitter_misc":{"Estimated reading time":"1 minute"},"schema":{"@context":"https:\/\/schema.org","@graph":[{"@type":"WebPage","@id":"https:\/\/kaptenmat.se\/produkt\/zassenhaus-saltkvarn-olivtra-18-cm\/","url":"https:\/\/kaptenmat.se\/produkt\/zassenhaus-saltkvarn-olivtra-18-cm\/","name":"Zassenhaus Saltkvarn Olivtr\u00e4 18 cm - Kaptenmat","isPartOf":{"@id":"https:\/\/kaptenmat.se\/#website"},"primaryImageOfPage":{"@id":"https:\/\/kaptenmat.se\/produkt\/zassenhaus-saltkvarn-olivtra-18-cm\/#primaryimage"},"image":{"@id":"https:\/\/kaptenmat.se\/produkt\/zassenhaus-saltkvarn-olivtra-18-cm\/#primaryimage"},"thumbnailUrl":"https:\/\/kaptenmat.se\/wp-content\/uploads\/2026\/04\/z-023367_1.webp","datePublished":"2026-04-22T13:58:56+00:00","dateModified":"2026-04-22T14:00:00+00:00","breadcrumb":{"@id":"https:\/\/kaptenmat.se\/produkt\/zassenhaus-saltkvarn-olivtra-18-cm\/#breadcrumb"},"inLanguage":"en-GB","potentialAction":[{"@type":"ReadAction","target":["https:\/\/kaptenmat.se\/produkt\/zassenhaus-saltkvarn-olivtra-18-cm\/"]}]},{"@type":"ImageObject","inLanguage":"en-GB","@id":"https:\/\/kaptenmat.se\/produkt\/zassenhaus-saltkvarn-olivtra-18-cm\/#primaryimage","url":"https:\/\/kaptenmat.se\/wp-content\/uploads\/2026\/04\/z-023367_1.webp","contentUrl":"https:\/\/kaptenmat.se\/wp-content\/uploads\/2026\/04\/z-023367_1.webp","width":1772,"height":1535},{"@type":"BreadcrumbList","@id":"https:\/\/kaptenmat.se\/produkt\/zassenhaus-saltkvarn-olivtra-18-cm\/#breadcrumb","itemListElement":[{"@type":"ListItem","position":1,"name":"Hem","item":"https:\/\/kaptenmat.se\/"},{"@type":"ListItem","position":2,"name":"Sortiment","item":"https:\/\/kaptenmat.se\/shop\/"},{"@type":"ListItem","position":3,"name":"Zassenhaus Saltkvarn Olivtr\u00e4 18 cm"}]},{"@type":"WebSite","@id":"https:\/\/kaptenmat.se\/#website","url":"https:\/\/kaptenmat.se\/","name":"Kaptenmat","description":"Matinspiration inom outdoor cooking.","publisher":{"@id":"https:\/\/kaptenmat.se\/#organization"},"potentialAction":[{"@type":"SearchAction","target":{"@type":"EntryPoint","urlTemplate":"https:\/\/kaptenmat.se\/?s={search_term_string}"},"query-input":{"@type":"PropertyValueSpecification","valueRequired":true,"valueName":"search_term_string"}}],"inLanguage":"en-GB"},{"@type":"Organization","@id":"https:\/\/kaptenmat.se\/#organization","name":"Kaptenmat","url":"https:\/\/kaptenmat.se\/","logo":{"@type":"ImageObject","inLanguage":"en-GB","@id":"https:\/\/kaptenmat.se\/#\/schema\/logo\/image\/","url":"https:\/\/kaptenmat.se\/wp-content\/uploads\/2024\/01\/Kaptenmat_350.svg","contentUrl":"https:\/\/kaptenmat.se\/wp-content\/uploads\/2024\/01\/Kaptenmat_350.svg","width":1,"height":1,"caption":"Kaptenmat"},"image":{"@id":"https:\/\/kaptenmat.se\/#\/schema\/logo\/image\/"}}]}},"_links":{"self":[{"href":"https:\/\/kaptenmat.se\/en\/wp-json\/wp\/v2\/product\/132043","targetHints":{"allow":["GET"]}}],"collection":[{"href":"https:\/\/kaptenmat.se\/en\/wp-json\/wp\/v2\/product"}],"about":[{"href":"https:\/\/kaptenmat.se\/en\/wp-json\/wp\/v2\/types\/product"}],"replies":[{"embeddable":true,"href":"https:\/\/kaptenmat.se\/en\/wp-json\/wp\/v2\/comments?post=132043"}],"wp:featuredmedia":[{"embeddable":true,"href":"https:\/\/kaptenmat.se\/en\/wp-json\/wp\/v2\/media\/132032"}],"wp:attachment":[{"href":"https:\/\/kaptenmat.se\/en\/wp-json\/wp\/v2\/media?parent=132043"}],"wp:term":[{"taxonomy":"product_brand","embeddable":true,"href":"https:\/\/kaptenmat.se\/en\/wp-json\/wp\/v2\/product_brand?post=132043"},{"taxonomy":"product_cat","embeddable":true,"href":"https:\/\/kaptenmat.se\/en\/wp-json\/wp\/v2\/product_cat?post=132043"},{"taxonomy":"product_tag","embeddable":true,"href":"https:\/\/kaptenmat.se\/en\/wp-json\/wp\/v2\/product_tag?post=132043"}],"curies":[{"name":"wp","href":"https:\/\/api.w.org\/{rel}","templated":true}]}}