{"id":560,"date":"2022-12-20T18:00:03","date_gmt":"2022-12-20T18:00:03","guid":{"rendered":"https:\/\/kaptenmat.se\/product\/spanskt-paprikapulver-i-klassiska-platburkar-fri-frakt\/"},"modified":"2026-04-21T08:42:46","modified_gmt":"2026-04-21T08:42:46","slug":"spanskt-paprikapulver-i-klassiska-platburkar","status":"publish","type":"product","link":"https:\/\/kaptenmat.se\/en\/product\/spanskt-paprikapulver-i-klassiska-platburkar\/","title":{"rendered":"3 x Spanish paprika powder"},"content":{"rendered":"<p>SMOKED \u2013 HOT \u2013 MILD Here you have the opportunity to fill up your spice cabinet with three completely different paprika powders for the ultimate seasoning of your favorite dishes such as minced meat sauce, chilli con carne, moussaka, goulash, paella or tomato sauces. These are quality Spanish spices at their best and are also really nicely packaged in tin cans with a classic retro style.<\/p>","protected":false},"excerpt":{"rendered":"<p>There is regular paprika powder and then there is Spanish paprika powder. Try it and you&#039;re guaranteed to be hooked! Plus points for the nice jars, an ornament for the spice rack and a perfect gift for your favorite griddle lover.<\/p>","protected":false},"featured_media":561,"comment_status":"open","ping_status":"closed","template":"","meta":{"_acf_changed":false,"wprm-recipe-roundup-name":"","wprm-recipe-roundup-description":"","_monsterinsights_skip_tracking":false,"_monsterinsights_sitenote_active":false,"_monsterinsights_sitenote_note":"","_monsterinsights_sitenote_category":0},"product_brand":[],"product_cat":[27],"product_tag":[],"class_list":{"0":"post-560","1":"product","2":"type-product","3":"status-publish","4":"has-post-thumbnail","6":"product_cat-kryddor","8":"first","9":"instock","10":"taxable","11":"shipping-taxable","12":"purchasable","13":"product-type-simple"},"bundled_by":[],"bundle_stock_status":"instock","bundle_stock_quantity":24,"bundle_virtual":false,"bundle_layout":"","bundle_add_to_cart_form_location":"","bundle_editable_in_cart":false,"bundle_sold_individually_context":"","bundle_item_grouping":"","bundle_min_size":"","bundle_max_size":"","bundle_price":[],"bundled_items":[],"bundle_sell_ids":[],"acf":[],"yoast_head":"<!-- This site is optimized with the Yoast SEO plugin v26.3 - https:\/\/yoast.com\/wordpress\/plugins\/seo\/ -->\n<title>3 x Spanskt paprikapulver - Kaptenmat<\/title>\n<meta name=\"robots\" content=\"index, follow, max-snippet:-1, max-image-preview:large, max-video-preview:-1\" \/>\n<link rel=\"canonical\" href=\"https:\/\/kaptenmat.se\/en\/product\/spanskt-paprikapulver-i-klassiska-platburkar\/\" \/>\n<meta property=\"og:locale\" content=\"en_GB\" \/>\n<meta property=\"og:type\" content=\"article\" \/>\n<meta property=\"og:title\" content=\"3 x Spanskt paprikapulver - Kaptenmat\" \/>\n<meta property=\"og:description\" content=\"Det finns vanligt tr\u00e5kpaprikapulver och s\u00e5 finns det spanskt paprikapulver. Prova och du \u00e4r garanterat fast! Pluspo\u00e4ng f\u00f6r de fina burkarna, en prydnad f\u00f6r kryddhyllan och en perfekt present till din favorit-stekh\u00e4llslover.\" \/>\n<meta property=\"og:url\" content=\"https:\/\/kaptenmat.se\/en\/product\/spanskt-paprikapulver-i-klassiska-platburkar\/\" \/>\n<meta property=\"og:site_name\" content=\"Kaptenmat\" \/>\n<meta property=\"article:modified_time\" content=\"2026-04-21T08:42:46+00:00\" \/>\n<meta property=\"og:image\" content=\"https:\/\/kaptenmat.se\/wp-content\/uploads\/2024\/01\/z9a9939-4236-1.jpg\" \/>\n\t<meta property=\"og:image:width\" content=\"1800\" \/>\n\t<meta property=\"og:image:height\" content=\"1800\" \/>\n\t<meta property=\"og:image:type\" content=\"image\/jpeg\" \/>\n<meta name=\"twitter:card\" content=\"summary_large_image\" \/>\n<meta name=\"twitter:label1\" content=\"Estimated reading time\" \/>\n\t<meta name=\"twitter:data1\" content=\"1 minute\" \/>\n<script type=\"application\/ld+json\" class=\"yoast-schema-graph\">{\"@context\":\"https:\/\/schema.org\",\"@graph\":[{\"@type\":\"WebPage\",\"@id\":\"https:\/\/kaptenmat.se\/produkt\/spanskt-paprikapulver-i-klassiska-platburkar\/\",\"url\":\"https:\/\/kaptenmat.se\/produkt\/spanskt-paprikapulver-i-klassiska-platburkar\/\",\"name\":\"3 x Spanskt paprikapulver - Kaptenmat\",\"isPartOf\":{\"@id\":\"https:\/\/kaptenmat.se\/#website\"},\"primaryImageOfPage\":{\"@id\":\"https:\/\/kaptenmat.se\/produkt\/spanskt-paprikapulver-i-klassiska-platburkar\/#primaryimage\"},\"image\":{\"@id\":\"https:\/\/kaptenmat.se\/produkt\/spanskt-paprikapulver-i-klassiska-platburkar\/#primaryimage\"},\"thumbnailUrl\":\"https:\/\/kaptenmat.se\/wp-content\/uploads\/2024\/01\/z9a9939-4236-1.jpg\",\"datePublished\":\"2022-12-20T18:00:03+00:00\",\"dateModified\":\"2026-04-21T08:42:46+00:00\",\"breadcrumb\":{\"@id\":\"https:\/\/kaptenmat.se\/produkt\/spanskt-paprikapulver-i-klassiska-platburkar\/#breadcrumb\"},\"inLanguage\":\"en-GB\",\"potentialAction\":[{\"@type\":\"ReadAction\",\"target\":[\"https:\/\/kaptenmat.se\/produkt\/spanskt-paprikapulver-i-klassiska-platburkar\/\"]}]},{\"@type\":\"ImageObject\",\"inLanguage\":\"en-GB\",\"@id\":\"https:\/\/kaptenmat.se\/produkt\/spanskt-paprikapulver-i-klassiska-platburkar\/#primaryimage\",\"url\":\"https:\/\/kaptenmat.se\/wp-content\/uploads\/2024\/01\/z9a9939-4236-1.jpg\",\"contentUrl\":\"https:\/\/kaptenmat.se\/wp-content\/uploads\/2024\/01\/z9a9939-4236-1.jpg\",\"width\":1800,\"height\":1800},{\"@type\":\"BreadcrumbList\",\"@id\":\"https:\/\/kaptenmat.se\/produkt\/spanskt-paprikapulver-i-klassiska-platburkar\/#breadcrumb\",\"itemListElement\":[{\"@type\":\"ListItem\",\"position\":1,\"name\":\"Hem\",\"item\":\"https:\/\/kaptenmat.se\/\"},{\"@type\":\"ListItem\",\"position\":2,\"name\":\"Sortiment\",\"item\":\"https:\/\/kaptenmat.se\/shop\/\"},{\"@type\":\"ListItem\",\"position\":3,\"name\":\"3 x Spanskt paprikapulver\"}]},{\"@type\":\"WebSite\",\"@id\":\"https:\/\/kaptenmat.se\/#website\",\"url\":\"https:\/\/kaptenmat.se\/\",\"name\":\"Kaptenmat\",\"description\":\"Matinspiration inom outdoor cooking.\",\"publisher\":{\"@id\":\"https:\/\/kaptenmat.se\/#organization\"},\"potentialAction\":[{\"@type\":\"SearchAction\",\"target\":{\"@type\":\"EntryPoint\",\"urlTemplate\":\"https:\/\/kaptenmat.se\/?s={search_term_string}\"},\"query-input\":{\"@type\":\"PropertyValueSpecification\",\"valueRequired\":true,\"valueName\":\"search_term_string\"}}],\"inLanguage\":\"en-GB\"},{\"@type\":\"Organization\",\"@id\":\"https:\/\/kaptenmat.se\/#organization\",\"name\":\"Kaptenmat\",\"url\":\"https:\/\/kaptenmat.se\/\",\"logo\":{\"@type\":\"ImageObject\",\"inLanguage\":\"en-GB\",\"@id\":\"https:\/\/kaptenmat.se\/#\/schema\/logo\/image\/\",\"url\":\"https:\/\/kaptenmat.se\/wp-content\/uploads\/2024\/01\/Kaptenmat_350.svg\",\"contentUrl\":\"https:\/\/kaptenmat.se\/wp-content\/uploads\/2024\/01\/Kaptenmat_350.svg\",\"width\":1,\"height\":1,\"caption\":\"Kaptenmat\"},\"image\":{\"@id\":\"https:\/\/kaptenmat.se\/#\/schema\/logo\/image\/\"}}]}<\/script>\n<!-- \/ Yoast SEO plugin. -->","yoast_head_json":{"title":"3 x Spanskt paprikapulver - Kaptenmat","robots":{"index":"index","follow":"follow","max-snippet":"max-snippet:-1","max-image-preview":"max-image-preview:large","max-video-preview":"max-video-preview:-1"},"canonical":"https:\/\/kaptenmat.se\/en\/product\/spanskt-paprikapulver-i-klassiska-platburkar\/","og_locale":"en_GB","og_type":"article","og_title":"3 x Spanskt paprikapulver - Kaptenmat","og_description":"Det finns vanligt tr\u00e5kpaprikapulver och s\u00e5 finns det spanskt paprikapulver. Prova och du \u00e4r garanterat fast! Pluspo\u00e4ng f\u00f6r de fina burkarna, en prydnad f\u00f6r kryddhyllan och en perfekt present till din favorit-stekh\u00e4llslover.","og_url":"https:\/\/kaptenmat.se\/en\/product\/spanskt-paprikapulver-i-klassiska-platburkar\/","og_site_name":"Kaptenmat","article_modified_time":"2026-04-21T08:42:46+00:00","og_image":[{"width":1800,"height":1800,"url":"https:\/\/kaptenmat.se\/wp-content\/uploads\/2024\/01\/z9a9939-4236-1.jpg","type":"image\/jpeg"}],"twitter_card":"summary_large_image","twitter_misc":{"Estimated reading time":"1 minute"},"schema":{"@context":"https:\/\/schema.org","@graph":[{"@type":"WebPage","@id":"https:\/\/kaptenmat.se\/produkt\/spanskt-paprikapulver-i-klassiska-platburkar\/","url":"https:\/\/kaptenmat.se\/produkt\/spanskt-paprikapulver-i-klassiska-platburkar\/","name":"3 x Spanskt paprikapulver - Kaptenmat","isPartOf":{"@id":"https:\/\/kaptenmat.se\/#website"},"primaryImageOfPage":{"@id":"https:\/\/kaptenmat.se\/produkt\/spanskt-paprikapulver-i-klassiska-platburkar\/#primaryimage"},"image":{"@id":"https:\/\/kaptenmat.se\/produkt\/spanskt-paprikapulver-i-klassiska-platburkar\/#primaryimage"},"thumbnailUrl":"https:\/\/kaptenmat.se\/wp-content\/uploads\/2024\/01\/z9a9939-4236-1.jpg","datePublished":"2022-12-20T18:00:03+00:00","dateModified":"2026-04-21T08:42:46+00:00","breadcrumb":{"@id":"https:\/\/kaptenmat.se\/produkt\/spanskt-paprikapulver-i-klassiska-platburkar\/#breadcrumb"},"inLanguage":"en-GB","potentialAction":[{"@type":"ReadAction","target":["https:\/\/kaptenmat.se\/produkt\/spanskt-paprikapulver-i-klassiska-platburkar\/"]}]},{"@type":"ImageObject","inLanguage":"en-GB","@id":"https:\/\/kaptenmat.se\/produkt\/spanskt-paprikapulver-i-klassiska-platburkar\/#primaryimage","url":"https:\/\/kaptenmat.se\/wp-content\/uploads\/2024\/01\/z9a9939-4236-1.jpg","contentUrl":"https:\/\/kaptenmat.se\/wp-content\/uploads\/2024\/01\/z9a9939-4236-1.jpg","width":1800,"height":1800},{"@type":"BreadcrumbList","@id":"https:\/\/kaptenmat.se\/produkt\/spanskt-paprikapulver-i-klassiska-platburkar\/#breadcrumb","itemListElement":[{"@type":"ListItem","position":1,"name":"Hem","item":"https:\/\/kaptenmat.se\/"},{"@type":"ListItem","position":2,"name":"Sortiment","item":"https:\/\/kaptenmat.se\/shop\/"},{"@type":"ListItem","position":3,"name":"3 x Spanskt paprikapulver"}]},{"@type":"WebSite","@id":"https:\/\/kaptenmat.se\/#website","url":"https:\/\/kaptenmat.se\/","name":"Kaptenmat","description":"Matinspiration inom outdoor cooking.","publisher":{"@id":"https:\/\/kaptenmat.se\/#organization"},"potentialAction":[{"@type":"SearchAction","target":{"@type":"EntryPoint","urlTemplate":"https:\/\/kaptenmat.se\/?s={search_term_string}"},"query-input":{"@type":"PropertyValueSpecification","valueRequired":true,"valueName":"search_term_string"}}],"inLanguage":"en-GB"},{"@type":"Organization","@id":"https:\/\/kaptenmat.se\/#organization","name":"Kaptenmat","url":"https:\/\/kaptenmat.se\/","logo":{"@type":"ImageObject","inLanguage":"en-GB","@id":"https:\/\/kaptenmat.se\/#\/schema\/logo\/image\/","url":"https:\/\/kaptenmat.se\/wp-content\/uploads\/2024\/01\/Kaptenmat_350.svg","contentUrl":"https:\/\/kaptenmat.se\/wp-content\/uploads\/2024\/01\/Kaptenmat_350.svg","width":1,"height":1,"caption":"Kaptenmat"},"image":{"@id":"https:\/\/kaptenmat.se\/#\/schema\/logo\/image\/"}}]}},"_links":{"self":[{"href":"https:\/\/kaptenmat.se\/en\/wp-json\/wp\/v2\/product\/560","targetHints":{"allow":["GET"]}}],"collection":[{"href":"https:\/\/kaptenmat.se\/en\/wp-json\/wp\/v2\/product"}],"about":[{"href":"https:\/\/kaptenmat.se\/en\/wp-json\/wp\/v2\/types\/product"}],"replies":[{"embeddable":true,"href":"https:\/\/kaptenmat.se\/en\/wp-json\/wp\/v2\/comments?post=560"}],"wp:featuredmedia":[{"embeddable":true,"href":"https:\/\/kaptenmat.se\/en\/wp-json\/wp\/v2\/media\/561"}],"wp:attachment":[{"href":"https:\/\/kaptenmat.se\/en\/wp-json\/wp\/v2\/media?parent=560"}],"wp:term":[{"taxonomy":"product_brand","embeddable":true,"href":"https:\/\/kaptenmat.se\/en\/wp-json\/wp\/v2\/product_brand?post=560"},{"taxonomy":"product_cat","embeddable":true,"href":"https:\/\/kaptenmat.se\/en\/wp-json\/wp\/v2\/product_cat?post=560"},{"taxonomy":"product_tag","embeddable":true,"href":"https:\/\/kaptenmat.se\/en\/wp-json\/wp\/v2\/product_tag?post=560"}],"curies":[{"name":"wp","href":"https:\/\/api.w.org\/{rel}","templated":true}]}}