{"id":661,"date":"2022-05-09T07:51:14","date_gmt":"2022-05-09T07:51:14","guid":{"rendered":"https:\/\/kaptenmat.se\/product\/kaptenens-stekhall\/"},"modified":"2026-05-15T20:42:49","modified_gmt":"2026-05-15T20:42:49","slug":"kaptenens-stekhall","status":"publish","type":"product","link":"https:\/\/kaptenmat.se\/en\/product\/kaptenens-stekhall\/","title":{"rendered":"Frying pan El Grande Original 100cm gas Basic package"},"content":{"rendered":"","protected":false},"excerpt":{"rendered":"<h2>Griddle El Grande ORIGINAL 100 cm \u2013 Basic package \u2693\ufe0f<\/h2>\n<p class=\"isSelectedEnd\">The same griddle that I use in my films week after week. A stable and well-proven Swedish construction built to deliver even heat, withstand tough use and last for many years to come.<\/p>\n<p class=\"isSelectedEnd\">Here you get a ready-made basic package \u2014 with the option to expand with your own options.<\/p>\n<h3>Complete basic package \u2013 SEK 11,995<\/h3>\n<p class=\"isSelectedEnd\">\u2705 Frying pan in 4 mm domed carbon steel<br \/>\n\u2705 Ergonomic working height approx. 90 cm<br \/>\n\u2705 Professional gas burner with three rings<br \/>\n\u2705 Stepless heat regulation<br \/>\n\u2705 The safest wind protection on the market<br \/>\n\u2705 Regulator set 30 mBar<\/p>\n<h3>Option<\/h3>\n<p class=\"isSelectedEnd\">\u2714 Cutting board in laminated oak<br \/>\n\u2714 100 % waterproof and UV-resistant cover<\/p>\n<h3>Also included<\/h3>\n<p class=\"isSelectedEnd\">\u2705 Free home delivery with DHL within Sweden<br \/>\n\u2705 Support 7 days a week<\/p>\n<p>A grill for those who want to cook outdoors for real \u2014 without compromise.<\/p>","protected":false},"featured_media":129994,"comment_status":"open","ping_status":"closed","template":"","meta":{"_acf_changed":false,"wprm-recipe-roundup-name":"","wprm-recipe-roundup-description":"","_monsterinsights_skip_tracking":false,"_monsterinsights_sitenote_active":false,"_monsterinsights_sitenote_note":"","_monsterinsights_sitenote_category":0},"product_brand":[],"product_cat":[23,953],"product_tag":[29,25],"class_list":{"0":"post-661","1":"product","2":"type-product","3":"status-publish","4":"has-post-thumbnail","6":"product_cat-stekhall","7":"product_cat-stekhallar","8":"product_tag-kaptenmat","9":"product_tag-stekhall","11":"first","12":"instock","13":"taxable","14":"shipping-taxable","15":"purchasable","16":"product-type-simple"},"bundled_by":["132021"],"bundle_stock_status":"instock","bundle_stock_quantity":88,"bundle_virtual":false,"bundle_layout":"","bundle_add_to_cart_form_location":"","bundle_editable_in_cart":false,"bundle_sold_individually_context":"","bundle_item_grouping":"","bundle_min_size":"","bundle_max_size":"","bundle_price":[],"bundled_items":[],"bundle_sell_ids":[],"acf":[],"yoast_head":"<!-- This site is optimized with the Yoast SEO plugin v26.3 - https:\/\/yoast.com\/wordpress\/plugins\/seo\/ -->\n<title>Stekh\u00e4ll El Grande Original 100cm gasol Grundpaket - Kaptenmat<\/title>\n<meta name=\"robots\" content=\"index, follow, max-snippet:-1, max-image-preview:large, max-video-preview:-1\" \/>\n<link rel=\"canonical\" href=\"https:\/\/kaptenmat.se\/en\/product\/kaptenens-stekhall\/\" \/>\n<meta property=\"og:locale\" content=\"en_GB\" \/>\n<meta property=\"og:type\" content=\"article\" \/>\n<meta property=\"og:title\" content=\"Stekh\u00e4ll El Grande Original 100cm gasol Grundpaket - Kaptenmat\" \/>\n<meta property=\"og:description\" content=\"Stekh\u00e4ll El Grande ORIGINAL 100 cm \u2013 Grundpaket \u2693\ufe0f Samma stekh\u00e4ll som jag sj\u00e4lv anv\u00e4nder i mina filmer vecka efter vecka. En stabil och v\u00e4l bepr\u00f6vad svensk konstruktion byggd f\u00f6r att leverera j\u00e4mn v\u00e4rme, t\u00e5la tuff anv\u00e4ndning och h\u00e5lla i m\u00e5nga \u00e5r fram\u00f6ver. H\u00e4r f\u00e5r du ett f\u00e4rdigt grundpaket \u2014 med m\u00f6jlighet att bygga vidare med dina egna tillval.  F\u00e4rdigt grundpaket \u2013 11 995 kr \u2705 Stekh\u00e4ll i 4 mm kupat kolst\u00e5l \u2705 Ergonomisk arbetsh\u00f6jd ca 90 cm \u2705 Professionell gasbr\u00e4nnare med tre ringar \u2705 Stegl\u00f6s v\u00e4rmereglering \u2705 Marknadens s\u00e4kraste vindskydd \u2705 Regulatorset 30 mBar  Tillval \u2714 Sk\u00e4rbr\u00e4da i stavlimmad ek \u2714 100 % vattent\u00e4tt och UV-best\u00e4ndigt \u00f6verdrag  Dessutom ing\u00e5r \u2705 Fri hemleverans med DHL inom Sverige \u2705 Support 7 dagar i veckan En stekh\u00e4ll f\u00f6r dig som vill laga mat utomhus p\u00e5 riktigt \u2014 utan kompromisser.\" \/>\n<meta property=\"og:url\" content=\"https:\/\/kaptenmat.se\/en\/product\/kaptenens-stekhall\/\" \/>\n<meta property=\"og:site_name\" content=\"Kaptenmat\" \/>\n<meta property=\"article:modified_time\" content=\"2026-05-15T20:42:49+00:00\" \/>\n<meta property=\"og:image\" content=\"https:\/\/kaptenmat.se\/wp-content\/uploads\/2025\/07\/captain-1-1-v2-1.jpg\" \/>\n\t<meta property=\"og:image:width\" content=\"960\" \/>\n\t<meta property=\"og:image:height\" content=\"650\" \/>\n\t<meta property=\"og:image:type\" content=\"image\/jpeg\" \/>\n<meta name=\"twitter:card\" content=\"summary_large_image\" \/>\n<meta name=\"twitter:label1\" content=\"Estimated reading time\" \/>\n\t<meta name=\"twitter:data1\" content=\"1 minute\" \/>\n<script type=\"application\/ld+json\" class=\"yoast-schema-graph\">{\"@context\":\"https:\/\/schema.org\",\"@graph\":[{\"@type\":\"WebPage\",\"@id\":\"https:\/\/kaptenmat.se\/produkt\/kaptenens-stekhall\/\",\"url\":\"https:\/\/kaptenmat.se\/produkt\/kaptenens-stekhall\/\",\"name\":\"Stekh\u00e4ll El Grande Original 100cm gasol Grundpaket - Kaptenmat\",\"isPartOf\":{\"@id\":\"https:\/\/kaptenmat.se\/#website\"},\"primaryImageOfPage\":{\"@id\":\"https:\/\/kaptenmat.se\/produkt\/kaptenens-stekhall\/#primaryimage\"},\"image\":{\"@id\":\"https:\/\/kaptenmat.se\/produkt\/kaptenens-stekhall\/#primaryimage\"},\"thumbnailUrl\":\"https:\/\/kaptenmat.se\/wp-content\/uploads\/2025\/07\/captain-1-1-v2-1.jpg\",\"datePublished\":\"2022-05-09T07:51:14+00:00\",\"dateModified\":\"2026-05-15T20:42:49+00:00\",\"breadcrumb\":{\"@id\":\"https:\/\/kaptenmat.se\/produkt\/kaptenens-stekhall\/#breadcrumb\"},\"inLanguage\":\"en-GB\",\"potentialAction\":[{\"@type\":\"ReadAction\",\"target\":[\"https:\/\/kaptenmat.se\/produkt\/kaptenens-stekhall\/\"]}]},{\"@type\":\"ImageObject\",\"inLanguage\":\"en-GB\",\"@id\":\"https:\/\/kaptenmat.se\/produkt\/kaptenens-stekhall\/#primaryimage\",\"url\":\"https:\/\/kaptenmat.se\/wp-content\/uploads\/2025\/07\/captain-1-1-v2-1.jpg\",\"contentUrl\":\"https:\/\/kaptenmat.se\/wp-content\/uploads\/2025\/07\/captain-1-1-v2-1.jpg\",\"width\":960,\"height\":650},{\"@type\":\"BreadcrumbList\",\"@id\":\"https:\/\/kaptenmat.se\/produkt\/kaptenens-stekhall\/#breadcrumb\",\"itemListElement\":[{\"@type\":\"ListItem\",\"position\":1,\"name\":\"Hem\",\"item\":\"https:\/\/kaptenmat.se\/\"},{\"@type\":\"ListItem\",\"position\":2,\"name\":\"Sortiment\",\"item\":\"https:\/\/kaptenmat.se\/shop\/\"},{\"@type\":\"ListItem\",\"position\":3,\"name\":\"Stekh\u00e4ll El Grande Original 100cm gasol Grundpaket\"}]},{\"@type\":\"WebSite\",\"@id\":\"https:\/\/kaptenmat.se\/#website\",\"url\":\"https:\/\/kaptenmat.se\/\",\"name\":\"Kaptenmat\",\"description\":\"Matinspiration inom outdoor cooking.\",\"publisher\":{\"@id\":\"https:\/\/kaptenmat.se\/#organization\"},\"potentialAction\":[{\"@type\":\"SearchAction\",\"target\":{\"@type\":\"EntryPoint\",\"urlTemplate\":\"https:\/\/kaptenmat.se\/?s={search_term_string}\"},\"query-input\":{\"@type\":\"PropertyValueSpecification\",\"valueRequired\":true,\"valueName\":\"search_term_string\"}}],\"inLanguage\":\"en-GB\"},{\"@type\":\"Organization\",\"@id\":\"https:\/\/kaptenmat.se\/#organization\",\"name\":\"Kaptenmat\",\"url\":\"https:\/\/kaptenmat.se\/\",\"logo\":{\"@type\":\"ImageObject\",\"inLanguage\":\"en-GB\",\"@id\":\"https:\/\/kaptenmat.se\/#\/schema\/logo\/image\/\",\"url\":\"https:\/\/kaptenmat.se\/wp-content\/uploads\/2024\/01\/Kaptenmat_350.svg\",\"contentUrl\":\"https:\/\/kaptenmat.se\/wp-content\/uploads\/2024\/01\/Kaptenmat_350.svg\",\"width\":1,\"height\":1,\"caption\":\"Kaptenmat\"},\"image\":{\"@id\":\"https:\/\/kaptenmat.se\/#\/schema\/logo\/image\/\"}}]}<\/script>\n<!-- \/ Yoast SEO plugin. -->","yoast_head_json":{"title":"Stekh\u00e4ll El Grande Original 100cm gasol Grundpaket - Kaptenmat","robots":{"index":"index","follow":"follow","max-snippet":"max-snippet:-1","max-image-preview":"max-image-preview:large","max-video-preview":"max-video-preview:-1"},"canonical":"https:\/\/kaptenmat.se\/en\/product\/kaptenens-stekhall\/","og_locale":"en_GB","og_type":"article","og_title":"Stekh\u00e4ll El Grande Original 100cm gasol Grundpaket - Kaptenmat","og_description":"Stekh\u00e4ll El Grande ORIGINAL 100 cm \u2013 Grundpaket \u2693\ufe0f Samma stekh\u00e4ll som jag sj\u00e4lv anv\u00e4nder i mina filmer vecka efter vecka. En stabil och v\u00e4l bepr\u00f6vad svensk konstruktion byggd f\u00f6r att leverera j\u00e4mn v\u00e4rme, t\u00e5la tuff anv\u00e4ndning och h\u00e5lla i m\u00e5nga \u00e5r fram\u00f6ver. H\u00e4r f\u00e5r du ett f\u00e4rdigt grundpaket \u2014 med m\u00f6jlighet att bygga vidare med dina egna tillval.  F\u00e4rdigt grundpaket \u2013 11 995 kr \u2705 Stekh\u00e4ll i 4 mm kupat kolst\u00e5l \u2705 Ergonomisk arbetsh\u00f6jd ca 90 cm \u2705 Professionell gasbr\u00e4nnare med tre ringar \u2705 Stegl\u00f6s v\u00e4rmereglering \u2705 Marknadens s\u00e4kraste vindskydd \u2705 Regulatorset 30 mBar  Tillval \u2714 Sk\u00e4rbr\u00e4da i stavlimmad ek \u2714 100 % vattent\u00e4tt och UV-best\u00e4ndigt \u00f6verdrag  Dessutom ing\u00e5r \u2705 Fri hemleverans med DHL inom Sverige \u2705 Support 7 dagar i veckan En stekh\u00e4ll f\u00f6r dig som vill laga mat utomhus p\u00e5 riktigt \u2014 utan kompromisser.","og_url":"https:\/\/kaptenmat.se\/en\/product\/kaptenens-stekhall\/","og_site_name":"Kaptenmat","article_modified_time":"2026-05-15T20:42:49+00:00","og_image":[{"width":960,"height":650,"url":"https:\/\/kaptenmat.se\/wp-content\/uploads\/2025\/07\/captain-1-1-v2-1.jpg","type":"image\/jpeg"}],"twitter_card":"summary_large_image","twitter_misc":{"Estimated reading time":"1 minute"},"schema":{"@context":"https:\/\/schema.org","@graph":[{"@type":"WebPage","@id":"https:\/\/kaptenmat.se\/produkt\/kaptenens-stekhall\/","url":"https:\/\/kaptenmat.se\/produkt\/kaptenens-stekhall\/","name":"Stekh\u00e4ll El Grande Original 100cm gasol Grundpaket - Kaptenmat","isPartOf":{"@id":"https:\/\/kaptenmat.se\/#website"},"primaryImageOfPage":{"@id":"https:\/\/kaptenmat.se\/produkt\/kaptenens-stekhall\/#primaryimage"},"image":{"@id":"https:\/\/kaptenmat.se\/produkt\/kaptenens-stekhall\/#primaryimage"},"thumbnailUrl":"https:\/\/kaptenmat.se\/wp-content\/uploads\/2025\/07\/captain-1-1-v2-1.jpg","datePublished":"2022-05-09T07:51:14+00:00","dateModified":"2026-05-15T20:42:49+00:00","breadcrumb":{"@id":"https:\/\/kaptenmat.se\/produkt\/kaptenens-stekhall\/#breadcrumb"},"inLanguage":"en-GB","potentialAction":[{"@type":"ReadAction","target":["https:\/\/kaptenmat.se\/produkt\/kaptenens-stekhall\/"]}]},{"@type":"ImageObject","inLanguage":"en-GB","@id":"https:\/\/kaptenmat.se\/produkt\/kaptenens-stekhall\/#primaryimage","url":"https:\/\/kaptenmat.se\/wp-content\/uploads\/2025\/07\/captain-1-1-v2-1.jpg","contentUrl":"https:\/\/kaptenmat.se\/wp-content\/uploads\/2025\/07\/captain-1-1-v2-1.jpg","width":960,"height":650},{"@type":"BreadcrumbList","@id":"https:\/\/kaptenmat.se\/produkt\/kaptenens-stekhall\/#breadcrumb","itemListElement":[{"@type":"ListItem","position":1,"name":"Hem","item":"https:\/\/kaptenmat.se\/"},{"@type":"ListItem","position":2,"name":"Sortiment","item":"https:\/\/kaptenmat.se\/shop\/"},{"@type":"ListItem","position":3,"name":"Stekh\u00e4ll El Grande Original 100cm gasol Grundpaket"}]},{"@type":"WebSite","@id":"https:\/\/kaptenmat.se\/#website","url":"https:\/\/kaptenmat.se\/","name":"Kaptenmat","description":"Matinspiration inom outdoor cooking.","publisher":{"@id":"https:\/\/kaptenmat.se\/#organization"},"potentialAction":[{"@type":"SearchAction","target":{"@type":"EntryPoint","urlTemplate":"https:\/\/kaptenmat.se\/?s={search_term_string}"},"query-input":{"@type":"PropertyValueSpecification","valueRequired":true,"valueName":"search_term_string"}}],"inLanguage":"en-GB"},{"@type":"Organization","@id":"https:\/\/kaptenmat.se\/#organization","name":"Kaptenmat","url":"https:\/\/kaptenmat.se\/","logo":{"@type":"ImageObject","inLanguage":"en-GB","@id":"https:\/\/kaptenmat.se\/#\/schema\/logo\/image\/","url":"https:\/\/kaptenmat.se\/wp-content\/uploads\/2024\/01\/Kaptenmat_350.svg","contentUrl":"https:\/\/kaptenmat.se\/wp-content\/uploads\/2024\/01\/Kaptenmat_350.svg","width":1,"height":1,"caption":"Kaptenmat"},"image":{"@id":"https:\/\/kaptenmat.se\/#\/schema\/logo\/image\/"}}]}},"_links":{"self":[{"href":"https:\/\/kaptenmat.se\/en\/wp-json\/wp\/v2\/product\/661","targetHints":{"allow":["GET"]}}],"collection":[{"href":"https:\/\/kaptenmat.se\/en\/wp-json\/wp\/v2\/product"}],"about":[{"href":"https:\/\/kaptenmat.se\/en\/wp-json\/wp\/v2\/types\/product"}],"replies":[{"embeddable":true,"href":"https:\/\/kaptenmat.se\/en\/wp-json\/wp\/v2\/comments?post=661"}],"wp:featuredmedia":[{"embeddable":true,"href":"https:\/\/kaptenmat.se\/en\/wp-json\/wp\/v2\/media\/129994"}],"wp:attachment":[{"href":"https:\/\/kaptenmat.se\/en\/wp-json\/wp\/v2\/media?parent=661"}],"wp:term":[{"taxonomy":"product_brand","embeddable":true,"href":"https:\/\/kaptenmat.se\/en\/wp-json\/wp\/v2\/product_brand?post=661"},{"taxonomy":"product_cat","embeddable":true,"href":"https:\/\/kaptenmat.se\/en\/wp-json\/wp\/v2\/product_cat?post=661"},{"taxonomy":"product_tag","embeddable":true,"href":"https:\/\/kaptenmat.se\/en\/wp-json\/wp\/v2\/product_tag?post=661"}],"curies":[{"name":"wp","href":"https:\/\/api.w.org\/{rel}","templated":true}]}}