{"id":687,"date":"2022-12-20T18:00:41","date_gmt":"2022-12-20T18:00:41","guid":{"rendered":"https:\/\/kaptenmat.se\/product\/overdrag\/"},"modified":"2026-04-04T20:43:01","modified_gmt":"2026-04-04T20:43:01","slug":"overdrag","status":"publish","type":"product","link":"https:\/\/kaptenmat.se\/en\/product\/overdrag\/","title":{"rendered":"Waterproof cover for all frying pans"},"content":{"rendered":"","protected":false},"excerpt":{"rendered":"<p>Protect your grill investment with a cover that can withstand the Nordic climate - made of super-strong Finnish fabric and sewn up in Sm\u00e5land that stands tall, year after year. 100% waterproof and UV resistant. Also suitable for other brands such as Muurikka.<\/p>\n<ul>\n<li>Easy to pull over to protect both the gas burner and the griddle \u2013 Place the cutting boards in the griddle itself and pull on the cover<\/li>\n<\/ul>","protected":false},"featured_media":125810,"comment_status":"open","ping_status":"closed","template":"","meta":{"_acf_changed":false,"wprm-recipe-roundup-name":"","wprm-recipe-roundup-description":"","_monsterinsights_skip_tracking":false,"_monsterinsights_sitenote_active":false,"_monsterinsights_sitenote_note":"","_monsterinsights_sitenote_category":0},"product_brand":[],"product_cat":[23],"product_tag":[],"class_list":{"0":"post-687","1":"product","2":"type-product","3":"status-publish","4":"has-post-thumbnail","6":"product_cat-stekhall","8":"first","9":"instock","10":"taxable","11":"shipping-taxable","12":"purchasable","13":"product-type-simple"},"bundled_by":[],"bundle_stock_status":"instock","bundle_stock_quantity":108,"bundle_virtual":false,"bundle_layout":"","bundle_add_to_cart_form_location":"","bundle_editable_in_cart":false,"bundle_sold_individually_context":"","bundle_item_grouping":"","bundle_min_size":"","bundle_max_size":"","bundle_price":[],"bundled_items":[],"bundle_sell_ids":[],"acf":[],"yoast_head":"<!-- This site is optimized with the Yoast SEO plugin v26.3 - https:\/\/yoast.com\/wordpress\/plugins\/seo\/ -->\n<title>Vattent\u00e4tt \u00f6verdrag f\u00f6r alla stekh\u00e4llar - Kaptenmat<\/title>\n<meta name=\"robots\" content=\"index, follow, max-snippet:-1, max-image-preview:large, max-video-preview:-1\" \/>\n<link rel=\"canonical\" href=\"https:\/\/kaptenmat.se\/en\/product\/overdrag\/\" \/>\n<meta property=\"og:locale\" content=\"en_GB\" \/>\n<meta property=\"og:type\" content=\"article\" \/>\n<meta property=\"og:title\" content=\"Vattent\u00e4tt \u00f6verdrag f\u00f6r alla stekh\u00e4llar - Kaptenmat\" \/>\n<meta property=\"og:description\" content=\"Skydda din stekh\u00e4llsinvestering med ett \u00f6verdrag som t\u00e5l nordiskt klimat \u2013 tillverkat superstark finsk v\u00e4v och uppsydd i Sm\u00e5land som st\u00e5r pall, \u00e5r efter \u00e5r. 100% vattent\u00e4tt och UV-best\u00e4ndigt. Passar \u00e4ven till andra m\u00e4rken som tex. Muurikka.   Enkel att dra \u00f6ver f\u00f6r att skydda b\u00e5de gasolbr\u00e4nnaren och stekh\u00e4llen - Sk\u00e4rbr\u00e4dorna l\u00e4gger du i sj\u00e4lva stekh\u00e4llen och drar p\u00e5 \u00f6verdraget\" \/>\n<meta property=\"og:url\" content=\"https:\/\/kaptenmat.se\/en\/product\/overdrag\/\" \/>\n<meta property=\"og:site_name\" content=\"Kaptenmat\" \/>\n<meta property=\"article:modified_time\" content=\"2026-04-04T20:43:01+00:00\" \/>\n<meta property=\"og:image\" content=\"https:\/\/kaptenmat.se\/wp-content\/uploads\/2022\/12\/Overdrag-scaled.jpg\" \/>\n\t<meta property=\"og:image:width\" content=\"2560\" \/>\n\t<meta property=\"og:image:height\" content=\"2051\" \/>\n\t<meta property=\"og:image:type\" content=\"image\/jpeg\" \/>\n<meta name=\"twitter:card\" content=\"summary_large_image\" \/>\n<meta name=\"twitter:label1\" content=\"Estimated reading time\" \/>\n\t<meta name=\"twitter:data1\" content=\"1 minute\" \/>\n<script type=\"application\/ld+json\" class=\"yoast-schema-graph\">{\"@context\":\"https:\/\/schema.org\",\"@graph\":[{\"@type\":\"WebPage\",\"@id\":\"https:\/\/kaptenmat.se\/produkt\/overdrag\/\",\"url\":\"https:\/\/kaptenmat.se\/produkt\/overdrag\/\",\"name\":\"Vattent\u00e4tt \u00f6verdrag f\u00f6r alla stekh\u00e4llar - Kaptenmat\",\"isPartOf\":{\"@id\":\"https:\/\/kaptenmat.se\/#website\"},\"primaryImageOfPage\":{\"@id\":\"https:\/\/kaptenmat.se\/produkt\/overdrag\/#primaryimage\"},\"image\":{\"@id\":\"https:\/\/kaptenmat.se\/produkt\/overdrag\/#primaryimage\"},\"thumbnailUrl\":\"https:\/\/kaptenmat.se\/wp-content\/uploads\/2022\/12\/Overdrag-scaled.jpg\",\"datePublished\":\"2022-12-20T18:00:41+00:00\",\"dateModified\":\"2026-04-04T20:43:01+00:00\",\"breadcrumb\":{\"@id\":\"https:\/\/kaptenmat.se\/produkt\/overdrag\/#breadcrumb\"},\"inLanguage\":\"en-GB\",\"potentialAction\":[{\"@type\":\"ReadAction\",\"target\":[\"https:\/\/kaptenmat.se\/produkt\/overdrag\/\"]}]},{\"@type\":\"ImageObject\",\"inLanguage\":\"en-GB\",\"@id\":\"https:\/\/kaptenmat.se\/produkt\/overdrag\/#primaryimage\",\"url\":\"https:\/\/kaptenmat.se\/wp-content\/uploads\/2022\/12\/Overdrag-scaled.jpg\",\"contentUrl\":\"https:\/\/kaptenmat.se\/wp-content\/uploads\/2022\/12\/Overdrag-scaled.jpg\",\"width\":2560,\"height\":2051},{\"@type\":\"BreadcrumbList\",\"@id\":\"https:\/\/kaptenmat.se\/produkt\/overdrag\/#breadcrumb\",\"itemListElement\":[{\"@type\":\"ListItem\",\"position\":1,\"name\":\"Hem\",\"item\":\"https:\/\/kaptenmat.se\/\"},{\"@type\":\"ListItem\",\"position\":2,\"name\":\"Sortiment\",\"item\":\"https:\/\/kaptenmat.se\/shop\/\"},{\"@type\":\"ListItem\",\"position\":3,\"name\":\"Vattent\u00e4tt \u00f6verdrag f\u00f6r alla stekh\u00e4llar\"}]},{\"@type\":\"WebSite\",\"@id\":\"https:\/\/kaptenmat.se\/#website\",\"url\":\"https:\/\/kaptenmat.se\/\",\"name\":\"Kaptenmat\",\"description\":\"Matinspiration inom outdoor cooking.\",\"publisher\":{\"@id\":\"https:\/\/kaptenmat.se\/#organization\"},\"potentialAction\":[{\"@type\":\"SearchAction\",\"target\":{\"@type\":\"EntryPoint\",\"urlTemplate\":\"https:\/\/kaptenmat.se\/?s={search_term_string}\"},\"query-input\":{\"@type\":\"PropertyValueSpecification\",\"valueRequired\":true,\"valueName\":\"search_term_string\"}}],\"inLanguage\":\"en-GB\"},{\"@type\":\"Organization\",\"@id\":\"https:\/\/kaptenmat.se\/#organization\",\"name\":\"Kaptenmat\",\"url\":\"https:\/\/kaptenmat.se\/\",\"logo\":{\"@type\":\"ImageObject\",\"inLanguage\":\"en-GB\",\"@id\":\"https:\/\/kaptenmat.se\/#\/schema\/logo\/image\/\",\"url\":\"https:\/\/kaptenmat.se\/wp-content\/uploads\/2024\/01\/Kaptenmat_350.svg\",\"contentUrl\":\"https:\/\/kaptenmat.se\/wp-content\/uploads\/2024\/01\/Kaptenmat_350.svg\",\"width\":1,\"height\":1,\"caption\":\"Kaptenmat\"},\"image\":{\"@id\":\"https:\/\/kaptenmat.se\/#\/schema\/logo\/image\/\"}}]}<\/script>\n<!-- \/ Yoast SEO plugin. -->","yoast_head_json":{"title":"Vattent\u00e4tt \u00f6verdrag f\u00f6r alla stekh\u00e4llar - Kaptenmat","robots":{"index":"index","follow":"follow","max-snippet":"max-snippet:-1","max-image-preview":"max-image-preview:large","max-video-preview":"max-video-preview:-1"},"canonical":"https:\/\/kaptenmat.se\/en\/product\/overdrag\/","og_locale":"en_GB","og_type":"article","og_title":"Vattent\u00e4tt \u00f6verdrag f\u00f6r alla stekh\u00e4llar - Kaptenmat","og_description":"Skydda din stekh\u00e4llsinvestering med ett \u00f6verdrag som t\u00e5l nordiskt klimat \u2013 tillverkat superstark finsk v\u00e4v och uppsydd i Sm\u00e5land som st\u00e5r pall, \u00e5r efter \u00e5r. 100% vattent\u00e4tt och UV-best\u00e4ndigt. Passar \u00e4ven till andra m\u00e4rken som tex. Muurikka.   Enkel att dra \u00f6ver f\u00f6r att skydda b\u00e5de gasolbr\u00e4nnaren och stekh\u00e4llen - Sk\u00e4rbr\u00e4dorna l\u00e4gger du i sj\u00e4lva stekh\u00e4llen och drar p\u00e5 \u00f6verdraget","og_url":"https:\/\/kaptenmat.se\/en\/product\/overdrag\/","og_site_name":"Kaptenmat","article_modified_time":"2026-04-04T20:43:01+00:00","og_image":[{"width":2560,"height":2051,"url":"https:\/\/kaptenmat.se\/wp-content\/uploads\/2022\/12\/Overdrag-scaled.jpg","type":"image\/jpeg"}],"twitter_card":"summary_large_image","twitter_misc":{"Estimated reading time":"1 minute"},"schema":{"@context":"https:\/\/schema.org","@graph":[{"@type":"WebPage","@id":"https:\/\/kaptenmat.se\/produkt\/overdrag\/","url":"https:\/\/kaptenmat.se\/produkt\/overdrag\/","name":"Vattent\u00e4tt \u00f6verdrag f\u00f6r alla stekh\u00e4llar - Kaptenmat","isPartOf":{"@id":"https:\/\/kaptenmat.se\/#website"},"primaryImageOfPage":{"@id":"https:\/\/kaptenmat.se\/produkt\/overdrag\/#primaryimage"},"image":{"@id":"https:\/\/kaptenmat.se\/produkt\/overdrag\/#primaryimage"},"thumbnailUrl":"https:\/\/kaptenmat.se\/wp-content\/uploads\/2022\/12\/Overdrag-scaled.jpg","datePublished":"2022-12-20T18:00:41+00:00","dateModified":"2026-04-04T20:43:01+00:00","breadcrumb":{"@id":"https:\/\/kaptenmat.se\/produkt\/overdrag\/#breadcrumb"},"inLanguage":"en-GB","potentialAction":[{"@type":"ReadAction","target":["https:\/\/kaptenmat.se\/produkt\/overdrag\/"]}]},{"@type":"ImageObject","inLanguage":"en-GB","@id":"https:\/\/kaptenmat.se\/produkt\/overdrag\/#primaryimage","url":"https:\/\/kaptenmat.se\/wp-content\/uploads\/2022\/12\/Overdrag-scaled.jpg","contentUrl":"https:\/\/kaptenmat.se\/wp-content\/uploads\/2022\/12\/Overdrag-scaled.jpg","width":2560,"height":2051},{"@type":"BreadcrumbList","@id":"https:\/\/kaptenmat.se\/produkt\/overdrag\/#breadcrumb","itemListElement":[{"@type":"ListItem","position":1,"name":"Hem","item":"https:\/\/kaptenmat.se\/"},{"@type":"ListItem","position":2,"name":"Sortiment","item":"https:\/\/kaptenmat.se\/shop\/"},{"@type":"ListItem","position":3,"name":"Vattent\u00e4tt \u00f6verdrag f\u00f6r alla stekh\u00e4llar"}]},{"@type":"WebSite","@id":"https:\/\/kaptenmat.se\/#website","url":"https:\/\/kaptenmat.se\/","name":"Kaptenmat","description":"Matinspiration inom outdoor cooking.","publisher":{"@id":"https:\/\/kaptenmat.se\/#organization"},"potentialAction":[{"@type":"SearchAction","target":{"@type":"EntryPoint","urlTemplate":"https:\/\/kaptenmat.se\/?s={search_term_string}"},"query-input":{"@type":"PropertyValueSpecification","valueRequired":true,"valueName":"search_term_string"}}],"inLanguage":"en-GB"},{"@type":"Organization","@id":"https:\/\/kaptenmat.se\/#organization","name":"Kaptenmat","url":"https:\/\/kaptenmat.se\/","logo":{"@type":"ImageObject","inLanguage":"en-GB","@id":"https:\/\/kaptenmat.se\/#\/schema\/logo\/image\/","url":"https:\/\/kaptenmat.se\/wp-content\/uploads\/2024\/01\/Kaptenmat_350.svg","contentUrl":"https:\/\/kaptenmat.se\/wp-content\/uploads\/2024\/01\/Kaptenmat_350.svg","width":1,"height":1,"caption":"Kaptenmat"},"image":{"@id":"https:\/\/kaptenmat.se\/#\/schema\/logo\/image\/"}}]}},"_links":{"self":[{"href":"https:\/\/kaptenmat.se\/en\/wp-json\/wp\/v2\/product\/687","targetHints":{"allow":["GET"]}}],"collection":[{"href":"https:\/\/kaptenmat.se\/en\/wp-json\/wp\/v2\/product"}],"about":[{"href":"https:\/\/kaptenmat.se\/en\/wp-json\/wp\/v2\/types\/product"}],"replies":[{"embeddable":true,"href":"https:\/\/kaptenmat.se\/en\/wp-json\/wp\/v2\/comments?post=687"}],"wp:featuredmedia":[{"embeddable":true,"href":"https:\/\/kaptenmat.se\/en\/wp-json\/wp\/v2\/media\/125810"}],"wp:attachment":[{"href":"https:\/\/kaptenmat.se\/en\/wp-json\/wp\/v2\/media?parent=687"}],"wp:term":[{"taxonomy":"product_brand","embeddable":true,"href":"https:\/\/kaptenmat.se\/en\/wp-json\/wp\/v2\/product_brand?post=687"},{"taxonomy":"product_cat","embeddable":true,"href":"https:\/\/kaptenmat.se\/en\/wp-json\/wp\/v2\/product_cat?post=687"},{"taxonomy":"product_tag","embeddable":true,"href":"https:\/\/kaptenmat.se\/en\/wp-json\/wp\/v2\/product_tag?post=687"}],"curies":[{"name":"wp","href":"https:\/\/api.w.org\/{rel}","templated":true}]}}