{"id":860,"date":"2023-04-03T15:24:37","date_gmt":"2023-04-03T15:24:37","guid":{"rendered":"https:\/\/kaptenmat.se\/product\/spackelspadar-med-tryck\/"},"modified":"2026-04-08T08:42:55","modified_gmt":"2026-04-08T08:42:55","slug":"spackelspadar-2-pack","status":"publish","type":"product","link":"https:\/\/kaptenmat.se\/en\/product\/spackelspadar-2-pack\/","title":{"rendered":"The Captain&#039;s SIGNED trowels"},"content":{"rendered":"","protected":false},"excerpt":{"rendered":"<p>Sturdy trowels made of metal &amp; wood, completely plastic-free.<br data-start=\"181\" data-end=\"184\" \/>\ud83d\udc49 15cm + 20cm<br data-start=\"200\" data-end=\"203\" \/>\ud83d\udc49 Burned &amp; signed by Kapten Mat himself<br data-start=\"244\" data-end=\"247\" \/>\ud83d\udc49 Perfect swing, best grip \u2013 ready for all the challenges of the mountain!<br data-start=\"313\" data-end=\"316\" \/><em data-start=\"316\" data-end=\"358\">For those who are serious about the frying pan.<\/em><\/p>","protected":false},"featured_media":126602,"comment_status":"open","ping_status":"closed","template":"","meta":{"_acf_changed":false,"wprm-recipe-roundup-name":"","wprm-recipe-roundup-description":"","_monsterinsights_skip_tracking":false,"_monsterinsights_sitenote_active":false,"_monsterinsights_sitenote_note":"","_monsterinsights_sitenote_category":0},"product_brand":[],"product_cat":[32,31],"product_tag":[],"class_list":{"0":"post-860","1":"product","2":"type-product","3":"status-publish","4":"has-post-thumbnail","6":"product_cat-kop-till-stekhall","7":"product_cat-tillbehor","9":"first","10":"instock","11":"taxable","12":"shipping-taxable","13":"purchasable","14":"product-type-simple"},"bundled_by":[],"bundle_stock_status":"instock","bundle_stock_quantity":66,"bundle_virtual":false,"bundle_layout":"","bundle_add_to_cart_form_location":"","bundle_editable_in_cart":false,"bundle_sold_individually_context":"","bundle_item_grouping":"","bundle_min_size":"","bundle_max_size":"","bundle_price":[],"bundled_items":[],"bundle_sell_ids":[],"acf":[],"yoast_head":"<!-- This site is optimized with the Yoast SEO plugin v26.3 - https:\/\/yoast.com\/wordpress\/plugins\/seo\/ -->\n<title>Kaptenens SIGNERADE spackelspadar - Kaptenmat<\/title>\n<meta name=\"robots\" content=\"index, follow, max-snippet:-1, max-image-preview:large, max-video-preview:-1\" \/>\n<link rel=\"canonical\" href=\"https:\/\/kaptenmat.se\/en\/product\/spackelspadar-2-pack\/\" \/>\n<meta property=\"og:locale\" content=\"en_GB\" \/>\n<meta property=\"og:type\" content=\"article\" \/>\n<meta property=\"og:title\" content=\"Kaptenens SIGNERADE spackelspadar - Kaptenmat\" \/>\n<meta property=\"og:description\" content=\"Rej\u00e4la spackelspadar i metall &amp; tr\u00e4, helt utan plast.\ud83d\udc49 15 cm + 20 cm\ud83d\udc49 Inbr\u00e4nd &amp; signerad av Kapten Mat sj\u00e4lv\ud83d\udc49 Perfekt schvung, b\u00e4st grepp \u2013 redo f\u00f6r h\u00e4llens alla utmaningar!F\u00f6r dig som menar allvar vid stekh\u00e4llen.\" \/>\n<meta property=\"og:url\" content=\"https:\/\/kaptenmat.se\/en\/product\/spackelspadar-2-pack\/\" \/>\n<meta property=\"og:site_name\" content=\"Kaptenmat\" \/>\n<meta property=\"article:modified_time\" content=\"2026-04-08T08:42:55+00:00\" \/>\n<meta property=\"og:image\" content=\"https:\/\/kaptenmat.se\/wp-content\/uploads\/2023\/04\/Kaptenmat-2405060228-scaled.jpg\" \/>\n\t<meta property=\"og:image:width\" content=\"2560\" \/>\n\t<meta property=\"og:image:height\" content=\"2560\" \/>\n\t<meta property=\"og:image:type\" content=\"image\/jpeg\" \/>\n<meta name=\"twitter:card\" content=\"summary_large_image\" \/>\n<meta name=\"twitter:label1\" content=\"Estimated reading time\" \/>\n\t<meta name=\"twitter:data1\" content=\"1 minute\" \/>\n<script type=\"application\/ld+json\" class=\"yoast-schema-graph\">{\"@context\":\"https:\/\/schema.org\",\"@graph\":[{\"@type\":\"WebPage\",\"@id\":\"https:\/\/kaptenmat.se\/produkt\/spackelspadar-2-pack\/\",\"url\":\"https:\/\/kaptenmat.se\/produkt\/spackelspadar-2-pack\/\",\"name\":\"Kaptenens SIGNERADE spackelspadar - Kaptenmat\",\"isPartOf\":{\"@id\":\"https:\/\/kaptenmat.se\/#website\"},\"primaryImageOfPage\":{\"@id\":\"https:\/\/kaptenmat.se\/produkt\/spackelspadar-2-pack\/#primaryimage\"},\"image\":{\"@id\":\"https:\/\/kaptenmat.se\/produkt\/spackelspadar-2-pack\/#primaryimage\"},\"thumbnailUrl\":\"https:\/\/kaptenmat.se\/wp-content\/uploads\/2023\/04\/Kaptenmat-2405060228-scaled.jpg\",\"datePublished\":\"2023-04-03T15:24:37+00:00\",\"dateModified\":\"2026-04-08T08:42:55+00:00\",\"breadcrumb\":{\"@id\":\"https:\/\/kaptenmat.se\/produkt\/spackelspadar-2-pack\/#breadcrumb\"},\"inLanguage\":\"en-GB\",\"potentialAction\":[{\"@type\":\"ReadAction\",\"target\":[\"https:\/\/kaptenmat.se\/produkt\/spackelspadar-2-pack\/\"]}]},{\"@type\":\"ImageObject\",\"inLanguage\":\"en-GB\",\"@id\":\"https:\/\/kaptenmat.se\/produkt\/spackelspadar-2-pack\/#primaryimage\",\"url\":\"https:\/\/kaptenmat.se\/wp-content\/uploads\/2023\/04\/Kaptenmat-2405060228-scaled.jpg\",\"contentUrl\":\"https:\/\/kaptenmat.se\/wp-content\/uploads\/2023\/04\/Kaptenmat-2405060228-scaled.jpg\",\"width\":2560,\"height\":2560},{\"@type\":\"BreadcrumbList\",\"@id\":\"https:\/\/kaptenmat.se\/produkt\/spackelspadar-2-pack\/#breadcrumb\",\"itemListElement\":[{\"@type\":\"ListItem\",\"position\":1,\"name\":\"Hem\",\"item\":\"https:\/\/kaptenmat.se\/\"},{\"@type\":\"ListItem\",\"position\":2,\"name\":\"Sortiment\",\"item\":\"https:\/\/kaptenmat.se\/shop\/\"},{\"@type\":\"ListItem\",\"position\":3,\"name\":\"Kaptenens SIGNERADE spackelspadar 2-pack\"}]},{\"@type\":\"WebSite\",\"@id\":\"https:\/\/kaptenmat.se\/#website\",\"url\":\"https:\/\/kaptenmat.se\/\",\"name\":\"Kaptenmat\",\"description\":\"Matinspiration inom outdoor cooking.\",\"publisher\":{\"@id\":\"https:\/\/kaptenmat.se\/#organization\"},\"potentialAction\":[{\"@type\":\"SearchAction\",\"target\":{\"@type\":\"EntryPoint\",\"urlTemplate\":\"https:\/\/kaptenmat.se\/?s={search_term_string}\"},\"query-input\":{\"@type\":\"PropertyValueSpecification\",\"valueRequired\":true,\"valueName\":\"search_term_string\"}}],\"inLanguage\":\"en-GB\"},{\"@type\":\"Organization\",\"@id\":\"https:\/\/kaptenmat.se\/#organization\",\"name\":\"Kaptenmat\",\"url\":\"https:\/\/kaptenmat.se\/\",\"logo\":{\"@type\":\"ImageObject\",\"inLanguage\":\"en-GB\",\"@id\":\"https:\/\/kaptenmat.se\/#\/schema\/logo\/image\/\",\"url\":\"https:\/\/kaptenmat.se\/wp-content\/uploads\/2024\/01\/Kaptenmat_350.svg\",\"contentUrl\":\"https:\/\/kaptenmat.se\/wp-content\/uploads\/2024\/01\/Kaptenmat_350.svg\",\"width\":1,\"height\":1,\"caption\":\"Kaptenmat\"},\"image\":{\"@id\":\"https:\/\/kaptenmat.se\/#\/schema\/logo\/image\/\"}}]}<\/script>\n<!-- \/ Yoast SEO plugin. -->","yoast_head_json":{"title":"Kaptenens SIGNERADE spackelspadar - Kaptenmat","robots":{"index":"index","follow":"follow","max-snippet":"max-snippet:-1","max-image-preview":"max-image-preview:large","max-video-preview":"max-video-preview:-1"},"canonical":"https:\/\/kaptenmat.se\/en\/product\/spackelspadar-2-pack\/","og_locale":"en_GB","og_type":"article","og_title":"Kaptenens SIGNERADE spackelspadar - Kaptenmat","og_description":"Rej\u00e4la spackelspadar i metall &amp; tr\u00e4, helt utan plast.\ud83d\udc49 15 cm + 20 cm\ud83d\udc49 Inbr\u00e4nd &amp; signerad av Kapten Mat sj\u00e4lv\ud83d\udc49 Perfekt schvung, b\u00e4st grepp \u2013 redo f\u00f6r h\u00e4llens alla utmaningar!F\u00f6r dig som menar allvar vid stekh\u00e4llen.","og_url":"https:\/\/kaptenmat.se\/en\/product\/spackelspadar-2-pack\/","og_site_name":"Kaptenmat","article_modified_time":"2026-04-08T08:42:55+00:00","og_image":[{"width":2560,"height":2560,"url":"https:\/\/kaptenmat.se\/wp-content\/uploads\/2023\/04\/Kaptenmat-2405060228-scaled.jpg","type":"image\/jpeg"}],"twitter_card":"summary_large_image","twitter_misc":{"Estimated reading time":"1 minute"},"schema":{"@context":"https:\/\/schema.org","@graph":[{"@type":"WebPage","@id":"https:\/\/kaptenmat.se\/produkt\/spackelspadar-2-pack\/","url":"https:\/\/kaptenmat.se\/produkt\/spackelspadar-2-pack\/","name":"Kaptenens SIGNERADE spackelspadar - Kaptenmat","isPartOf":{"@id":"https:\/\/kaptenmat.se\/#website"},"primaryImageOfPage":{"@id":"https:\/\/kaptenmat.se\/produkt\/spackelspadar-2-pack\/#primaryimage"},"image":{"@id":"https:\/\/kaptenmat.se\/produkt\/spackelspadar-2-pack\/#primaryimage"},"thumbnailUrl":"https:\/\/kaptenmat.se\/wp-content\/uploads\/2023\/04\/Kaptenmat-2405060228-scaled.jpg","datePublished":"2023-04-03T15:24:37+00:00","dateModified":"2026-04-08T08:42:55+00:00","breadcrumb":{"@id":"https:\/\/kaptenmat.se\/produkt\/spackelspadar-2-pack\/#breadcrumb"},"inLanguage":"en-GB","potentialAction":[{"@type":"ReadAction","target":["https:\/\/kaptenmat.se\/produkt\/spackelspadar-2-pack\/"]}]},{"@type":"ImageObject","inLanguage":"en-GB","@id":"https:\/\/kaptenmat.se\/produkt\/spackelspadar-2-pack\/#primaryimage","url":"https:\/\/kaptenmat.se\/wp-content\/uploads\/2023\/04\/Kaptenmat-2405060228-scaled.jpg","contentUrl":"https:\/\/kaptenmat.se\/wp-content\/uploads\/2023\/04\/Kaptenmat-2405060228-scaled.jpg","width":2560,"height":2560},{"@type":"BreadcrumbList","@id":"https:\/\/kaptenmat.se\/produkt\/spackelspadar-2-pack\/#breadcrumb","itemListElement":[{"@type":"ListItem","position":1,"name":"Hem","item":"https:\/\/kaptenmat.se\/"},{"@type":"ListItem","position":2,"name":"Sortiment","item":"https:\/\/kaptenmat.se\/shop\/"},{"@type":"ListItem","position":3,"name":"Kaptenens SIGNERADE spackelspadar 2-pack"}]},{"@type":"WebSite","@id":"https:\/\/kaptenmat.se\/#website","url":"https:\/\/kaptenmat.se\/","name":"Kaptenmat","description":"Matinspiration inom outdoor cooking.","publisher":{"@id":"https:\/\/kaptenmat.se\/#organization"},"potentialAction":[{"@type":"SearchAction","target":{"@type":"EntryPoint","urlTemplate":"https:\/\/kaptenmat.se\/?s={search_term_string}"},"query-input":{"@type":"PropertyValueSpecification","valueRequired":true,"valueName":"search_term_string"}}],"inLanguage":"en-GB"},{"@type":"Organization","@id":"https:\/\/kaptenmat.se\/#organization","name":"Kaptenmat","url":"https:\/\/kaptenmat.se\/","logo":{"@type":"ImageObject","inLanguage":"en-GB","@id":"https:\/\/kaptenmat.se\/#\/schema\/logo\/image\/","url":"https:\/\/kaptenmat.se\/wp-content\/uploads\/2024\/01\/Kaptenmat_350.svg","contentUrl":"https:\/\/kaptenmat.se\/wp-content\/uploads\/2024\/01\/Kaptenmat_350.svg","width":1,"height":1,"caption":"Kaptenmat"},"image":{"@id":"https:\/\/kaptenmat.se\/#\/schema\/logo\/image\/"}}]}},"_links":{"self":[{"href":"https:\/\/kaptenmat.se\/en\/wp-json\/wp\/v2\/product\/860","targetHints":{"allow":["GET"]}}],"collection":[{"href":"https:\/\/kaptenmat.se\/en\/wp-json\/wp\/v2\/product"}],"about":[{"href":"https:\/\/kaptenmat.se\/en\/wp-json\/wp\/v2\/types\/product"}],"replies":[{"embeddable":true,"href":"https:\/\/kaptenmat.se\/en\/wp-json\/wp\/v2\/comments?post=860"}],"wp:featuredmedia":[{"embeddable":true,"href":"https:\/\/kaptenmat.se\/en\/wp-json\/wp\/v2\/media\/126602"}],"wp:attachment":[{"href":"https:\/\/kaptenmat.se\/en\/wp-json\/wp\/v2\/media?parent=860"}],"wp:term":[{"taxonomy":"product_brand","embeddable":true,"href":"https:\/\/kaptenmat.se\/en\/wp-json\/wp\/v2\/product_brand?post=860"},{"taxonomy":"product_cat","embeddable":true,"href":"https:\/\/kaptenmat.se\/en\/wp-json\/wp\/v2\/product_cat?post=860"},{"taxonomy":"product_tag","embeddable":true,"href":"https:\/\/kaptenmat.se\/en\/wp-json\/wp\/v2\/product_tag?post=860"}],"curies":[{"name":"wp","href":"https:\/\/api.w.org\/{rel}","templated":true}]}}