{"id":871,"date":"2023-04-04T06:05:25","date_gmt":"2023-04-04T06:05:25","guid":{"rendered":"https:\/\/kaptenmat.se\/product\/flottlada\/"},"modified":"2026-04-08T20:43:06","modified_gmt":"2026-04-08T20:43:06","slug":"flottlada","status":"publish","type":"product","link":"https:\/\/kaptenmat.se\/en\/product\/flottlada\/","title":{"rendered":"Raft box for \u201cEl grande\u201d"},"content":{"rendered":"","protected":false},"excerpt":{"rendered":"<p>Perhaps the most appreciated accessory for the grill. Once you&#039;ve got one, you don&#039;t know how you could manage without it.<\/p>\n<p><strong>ATTENTION!<\/strong> Only suitable for Kapten Mat&#039;s frying pan &quot;El grande&quot;<\/p>","protected":false},"featured_media":872,"comment_status":"open","ping_status":"closed","template":"","meta":{"_acf_changed":false,"wprm-recipe-roundup-name":"","wprm-recipe-roundup-description":"","_monsterinsights_skip_tracking":false,"_monsterinsights_sitenote_active":false,"_monsterinsights_sitenote_note":"","_monsterinsights_sitenote_category":0},"product_brand":[],"product_cat":[32,23],"product_tag":[],"class_list":{"0":"post-871","1":"product","2":"type-product","3":"status-publish","4":"has-post-thumbnail","6":"product_cat-kop-till-stekhall","7":"product_cat-stekhall","9":"first","10":"instock","11":"taxable","12":"shipping-taxable","13":"purchasable","14":"product-type-simple"},"bundled_by":[],"bundle_stock_status":"instock","bundle_stock_quantity":64,"bundle_virtual":false,"bundle_layout":"","bundle_add_to_cart_form_location":"","bundle_editable_in_cart":false,"bundle_sold_individually_context":"","bundle_item_grouping":"","bundle_min_size":"","bundle_max_size":"","bundle_price":[],"bundled_items":[],"bundle_sell_ids":[],"acf":[],"yoast_head":"<!-- This site is optimized with the Yoast SEO plugin v26.3 - https:\/\/yoast.com\/wordpress\/plugins\/seo\/ -->\n<title>Flottl\u00e5da till &quot;El grande&quot; - Kaptenmat<\/title>\n<meta name=\"robots\" content=\"index, follow, max-snippet:-1, max-image-preview:large, max-video-preview:-1\" \/>\n<link rel=\"canonical\" href=\"https:\/\/kaptenmat.se\/en\/product\/flottlada\/\" \/>\n<meta property=\"og:locale\" content=\"en_GB\" \/>\n<meta property=\"og:type\" content=\"article\" \/>\n<meta property=\"og:title\" content=\"Flottl\u00e5da till &quot;El grande&quot; - Kaptenmat\" \/>\n<meta property=\"og:description\" content=\"Kanske det mest uppskattade tillbeh\u00f6ret till stekh\u00e4llen. Har man v\u00e4l skaffat en vet man inte hur man kunde klara sig utan den.  OBS! Passar endast till Kapten Mat\u2019s stekh\u00e4ll &quot;El grande&quot;\" \/>\n<meta property=\"og:url\" content=\"https:\/\/kaptenmat.se\/en\/product\/flottlada\/\" \/>\n<meta property=\"og:site_name\" content=\"Kaptenmat\" \/>\n<meta property=\"article:modified_time\" content=\"2026-04-08T20:43:06+00:00\" \/>\n<meta property=\"og:image\" content=\"https:\/\/kaptenmat.se\/wp-content\/uploads\/2024\/01\/z9a0141-4436-1.jpg\" \/>\n\t<meta property=\"og:image:width\" content=\"1800\" \/>\n\t<meta property=\"og:image:height\" content=\"1800\" \/>\n\t<meta property=\"og:image:type\" content=\"image\/jpeg\" \/>\n<meta name=\"twitter:card\" content=\"summary_large_image\" \/>\n<meta name=\"twitter:label1\" content=\"Estimated reading time\" \/>\n\t<meta name=\"twitter:data1\" content=\"1 minute\" \/>\n<script type=\"application\/ld+json\" class=\"yoast-schema-graph\">{\"@context\":\"https:\/\/schema.org\",\"@graph\":[{\"@type\":\"WebPage\",\"@id\":\"https:\/\/kaptenmat.se\/produkt\/flottlada\/\",\"url\":\"https:\/\/kaptenmat.se\/produkt\/flottlada\/\",\"name\":\"Flottl\u00e5da till \\\"El grande\\\" - Kaptenmat\",\"isPartOf\":{\"@id\":\"https:\/\/kaptenmat.se\/#website\"},\"primaryImageOfPage\":{\"@id\":\"https:\/\/kaptenmat.se\/produkt\/flottlada\/#primaryimage\"},\"image\":{\"@id\":\"https:\/\/kaptenmat.se\/produkt\/flottlada\/#primaryimage\"},\"thumbnailUrl\":\"https:\/\/kaptenmat.se\/wp-content\/uploads\/2024\/01\/z9a0141-4436-1.jpg\",\"datePublished\":\"2023-04-04T06:05:25+00:00\",\"dateModified\":\"2026-04-08T20:43:06+00:00\",\"breadcrumb\":{\"@id\":\"https:\/\/kaptenmat.se\/produkt\/flottlada\/#breadcrumb\"},\"inLanguage\":\"en-GB\",\"potentialAction\":[{\"@type\":\"ReadAction\",\"target\":[\"https:\/\/kaptenmat.se\/produkt\/flottlada\/\"]}]},{\"@type\":\"ImageObject\",\"inLanguage\":\"en-GB\",\"@id\":\"https:\/\/kaptenmat.se\/produkt\/flottlada\/#primaryimage\",\"url\":\"https:\/\/kaptenmat.se\/wp-content\/uploads\/2024\/01\/z9a0141-4436-1.jpg\",\"contentUrl\":\"https:\/\/kaptenmat.se\/wp-content\/uploads\/2024\/01\/z9a0141-4436-1.jpg\",\"width\":1800,\"height\":1800},{\"@type\":\"BreadcrumbList\",\"@id\":\"https:\/\/kaptenmat.se\/produkt\/flottlada\/#breadcrumb\",\"itemListElement\":[{\"@type\":\"ListItem\",\"position\":1,\"name\":\"Hem\",\"item\":\"https:\/\/kaptenmat.se\/\"},{\"@type\":\"ListItem\",\"position\":2,\"name\":\"Sortiment\",\"item\":\"https:\/\/kaptenmat.se\/shop\/\"},{\"@type\":\"ListItem\",\"position\":3,\"name\":\"Flottl\u00e5da till &#8221;El grande&#8221;\"}]},{\"@type\":\"WebSite\",\"@id\":\"https:\/\/kaptenmat.se\/#website\",\"url\":\"https:\/\/kaptenmat.se\/\",\"name\":\"Kaptenmat\",\"description\":\"Matinspiration inom outdoor cooking.\",\"publisher\":{\"@id\":\"https:\/\/kaptenmat.se\/#organization\"},\"potentialAction\":[{\"@type\":\"SearchAction\",\"target\":{\"@type\":\"EntryPoint\",\"urlTemplate\":\"https:\/\/kaptenmat.se\/?s={search_term_string}\"},\"query-input\":{\"@type\":\"PropertyValueSpecification\",\"valueRequired\":true,\"valueName\":\"search_term_string\"}}],\"inLanguage\":\"en-GB\"},{\"@type\":\"Organization\",\"@id\":\"https:\/\/kaptenmat.se\/#organization\",\"name\":\"Kaptenmat\",\"url\":\"https:\/\/kaptenmat.se\/\",\"logo\":{\"@type\":\"ImageObject\",\"inLanguage\":\"en-GB\",\"@id\":\"https:\/\/kaptenmat.se\/#\/schema\/logo\/image\/\",\"url\":\"https:\/\/kaptenmat.se\/wp-content\/uploads\/2024\/01\/Kaptenmat_350.svg\",\"contentUrl\":\"https:\/\/kaptenmat.se\/wp-content\/uploads\/2024\/01\/Kaptenmat_350.svg\",\"width\":1,\"height\":1,\"caption\":\"Kaptenmat\"},\"image\":{\"@id\":\"https:\/\/kaptenmat.se\/#\/schema\/logo\/image\/\"}}]}<\/script>\n<!-- \/ Yoast SEO plugin. -->","yoast_head_json":{"title":"Flottl\u00e5da till \"El grande\" - Kaptenmat","robots":{"index":"index","follow":"follow","max-snippet":"max-snippet:-1","max-image-preview":"max-image-preview:large","max-video-preview":"max-video-preview:-1"},"canonical":"https:\/\/kaptenmat.se\/en\/product\/flottlada\/","og_locale":"en_GB","og_type":"article","og_title":"Flottl\u00e5da till \"El grande\" - Kaptenmat","og_description":"Kanske det mest uppskattade tillbeh\u00f6ret till stekh\u00e4llen. Har man v\u00e4l skaffat en vet man inte hur man kunde klara sig utan den.  OBS! Passar endast till Kapten Mat\u2019s stekh\u00e4ll \"El grande\"","og_url":"https:\/\/kaptenmat.se\/en\/product\/flottlada\/","og_site_name":"Kaptenmat","article_modified_time":"2026-04-08T20:43:06+00:00","og_image":[{"width":1800,"height":1800,"url":"https:\/\/kaptenmat.se\/wp-content\/uploads\/2024\/01\/z9a0141-4436-1.jpg","type":"image\/jpeg"}],"twitter_card":"summary_large_image","twitter_misc":{"Estimated reading time":"1 minute"},"schema":{"@context":"https:\/\/schema.org","@graph":[{"@type":"WebPage","@id":"https:\/\/kaptenmat.se\/produkt\/flottlada\/","url":"https:\/\/kaptenmat.se\/produkt\/flottlada\/","name":"Flottl\u00e5da till \"El grande\" - Kaptenmat","isPartOf":{"@id":"https:\/\/kaptenmat.se\/#website"},"primaryImageOfPage":{"@id":"https:\/\/kaptenmat.se\/produkt\/flottlada\/#primaryimage"},"image":{"@id":"https:\/\/kaptenmat.se\/produkt\/flottlada\/#primaryimage"},"thumbnailUrl":"https:\/\/kaptenmat.se\/wp-content\/uploads\/2024\/01\/z9a0141-4436-1.jpg","datePublished":"2023-04-04T06:05:25+00:00","dateModified":"2026-04-08T20:43:06+00:00","breadcrumb":{"@id":"https:\/\/kaptenmat.se\/produkt\/flottlada\/#breadcrumb"},"inLanguage":"en-GB","potentialAction":[{"@type":"ReadAction","target":["https:\/\/kaptenmat.se\/produkt\/flottlada\/"]}]},{"@type":"ImageObject","inLanguage":"en-GB","@id":"https:\/\/kaptenmat.se\/produkt\/flottlada\/#primaryimage","url":"https:\/\/kaptenmat.se\/wp-content\/uploads\/2024\/01\/z9a0141-4436-1.jpg","contentUrl":"https:\/\/kaptenmat.se\/wp-content\/uploads\/2024\/01\/z9a0141-4436-1.jpg","width":1800,"height":1800},{"@type":"BreadcrumbList","@id":"https:\/\/kaptenmat.se\/produkt\/flottlada\/#breadcrumb","itemListElement":[{"@type":"ListItem","position":1,"name":"Hem","item":"https:\/\/kaptenmat.se\/"},{"@type":"ListItem","position":2,"name":"Sortiment","item":"https:\/\/kaptenmat.se\/shop\/"},{"@type":"ListItem","position":3,"name":"Flottl\u00e5da till &#8221;El grande&#8221;"}]},{"@type":"WebSite","@id":"https:\/\/kaptenmat.se\/#website","url":"https:\/\/kaptenmat.se\/","name":"Kaptenmat","description":"Matinspiration inom outdoor cooking.","publisher":{"@id":"https:\/\/kaptenmat.se\/#organization"},"potentialAction":[{"@type":"SearchAction","target":{"@type":"EntryPoint","urlTemplate":"https:\/\/kaptenmat.se\/?s={search_term_string}"},"query-input":{"@type":"PropertyValueSpecification","valueRequired":true,"valueName":"search_term_string"}}],"inLanguage":"en-GB"},{"@type":"Organization","@id":"https:\/\/kaptenmat.se\/#organization","name":"Kaptenmat","url":"https:\/\/kaptenmat.se\/","logo":{"@type":"ImageObject","inLanguage":"en-GB","@id":"https:\/\/kaptenmat.se\/#\/schema\/logo\/image\/","url":"https:\/\/kaptenmat.se\/wp-content\/uploads\/2024\/01\/Kaptenmat_350.svg","contentUrl":"https:\/\/kaptenmat.se\/wp-content\/uploads\/2024\/01\/Kaptenmat_350.svg","width":1,"height":1,"caption":"Kaptenmat"},"image":{"@id":"https:\/\/kaptenmat.se\/#\/schema\/logo\/image\/"}}]}},"_links":{"self":[{"href":"https:\/\/kaptenmat.se\/en\/wp-json\/wp\/v2\/product\/871","targetHints":{"allow":["GET"]}}],"collection":[{"href":"https:\/\/kaptenmat.se\/en\/wp-json\/wp\/v2\/product"}],"about":[{"href":"https:\/\/kaptenmat.se\/en\/wp-json\/wp\/v2\/types\/product"}],"replies":[{"embeddable":true,"href":"https:\/\/kaptenmat.se\/en\/wp-json\/wp\/v2\/comments?post=871"}],"wp:featuredmedia":[{"embeddable":true,"href":"https:\/\/kaptenmat.se\/en\/wp-json\/wp\/v2\/media\/872"}],"wp:attachment":[{"href":"https:\/\/kaptenmat.se\/en\/wp-json\/wp\/v2\/media?parent=871"}],"wp:term":[{"taxonomy":"product_brand","embeddable":true,"href":"https:\/\/kaptenmat.se\/en\/wp-json\/wp\/v2\/product_brand?post=871"},{"taxonomy":"product_cat","embeddable":true,"href":"https:\/\/kaptenmat.se\/en\/wp-json\/wp\/v2\/product_cat?post=871"},{"taxonomy":"product_tag","embeddable":true,"href":"https:\/\/kaptenmat.se\/en\/wp-json\/wp\/v2\/product_tag?post=871"}],"curies":[{"name":"wp","href":"https:\/\/api.w.org\/{rel}","templated":true}]}}