{"id":997,"date":"2023-09-17T07:16:29","date_gmt":"2023-09-17T07:16:29","guid":{"rendered":"https:\/\/kaptenmat.se\/product\/bli-exklusiv-medlem-pa-var-youtube-kanal\/"},"modified":"2026-02-27T09:26:57","modified_gmt":"2026-02-27T09:26:57","slug":"bli-exklusiv-medlem-pa-var-youtube-kanal","status":"publish","type":"product","link":"https:\/\/kaptenmat.se\/en\/product\/bli-exklusiv-medlem-pa-var-youtube-kanal\/","title":{"rendered":"Become an exclusive member of our YouTube channel"},"content":{"rendered":"","protected":false},"excerpt":{"rendered":"<p data-start=\"104\" data-end=\"170\">On our YouTube channel you can become a member at the level that suits you.<\/p>\n<p data-start=\"172\" data-end=\"458\">As a member, you support our <strong data-start=\"210\" data-end=\"245\">live broadcasts around the country<\/strong>, where every Monday we offer burgers to visitors outside Systembolag and other places we visit. Your support makes it possible for us to continue traveling, cooking and meeting our viewers in real life.<\/p>\n<p data-start=\"460\" data-end=\"484\">As a member you also get:<\/p>\n<ul data-start=\"485\" data-end=\"638\">\n<li data-start=\"485\" data-end=\"527\">\n<p data-start=\"487\" data-end=\"527\"><strong data-start=\"487\" data-end=\"527\">Preview of our weekly episodes<\/strong><\/p>\n<\/li>\n<li data-start=\"528\" data-end=\"559\">\n<p data-start=\"530\" data-end=\"559\"><strong data-start=\"530\" data-end=\"559\">Your name in the credits<\/strong><\/p>\n<\/li>\n<li data-start=\"560\" data-end=\"638\">\n<p data-start=\"562\" data-end=\"638\">Opportunity to sometimes be in the audience when we record and taste what we cook<\/p>\n<\/li>\n<\/ul>\n<p data-start=\"640\" data-end=\"754\">Membership helps us continue to create the best content possible \u2013 with new films every Thursday at 4:00 PM.<\/p>\n<p data-start=\"756\" data-end=\"809\"><strong data-start=\"756\" data-end=\"809\">Choose the level that suits you \u2013 without a commitment period.<\/strong><\/p>\n<p>&nbsp;<\/p>\n<p><a class=\"medlem-btn\" href=\"https:\/\/www.youtube.com\/channel\/UCAiCuMprBmL2TvjiyxX9e1Q\/join\" target=\"_blank\" rel=\"noopener\">Read more and become a member here<\/a><\/p>\n<p>&nbsp;<\/p>\n<p>&nbsp;<\/p>","protected":false},"featured_media":1090,"comment_status":"closed","ping_status":"closed","template":"","meta":{"_acf_changed":false,"wprm-recipe-roundup-name":"","wprm-recipe-roundup-description":"","_monsterinsights_skip_tracking":false,"_monsterinsights_sitenote_active":false,"_monsterinsights_sitenote_note":"","_monsterinsights_sitenote_category":0},"product_brand":[],"product_cat":[21,999],"product_tag":[],"class_list":{"0":"post-997","1":"product","2":"type-product","3":"status-publish","4":"has-post-thumbnail","6":"product_cat-tjanster","7":"product_cat-valgorenhet","9":"first","10":"instock","11":"sold-individually","12":"taxable","13":"shipping-taxable","14":"product-type-external"},"bundled_by":[],"bundle_stock_status":"instock","bundle_stock_quantity":null,"bundle_virtual":false,"bundle_layout":"","bundle_add_to_cart_form_location":"","bundle_editable_in_cart":false,"bundle_sold_individually_context":"","bundle_item_grouping":"","bundle_min_size":"","bundle_max_size":"","bundle_price":[],"bundled_items":[],"bundle_sell_ids":[],"acf":[],"yoast_head":"<!-- This site is optimized with the Yoast SEO plugin v26.3 - https:\/\/yoast.com\/wordpress\/plugins\/seo\/ -->\n<title>Bli exklusive medlem p\u00e5 v\u00e5r Youtube kanal - Kaptenmat<\/title>\n<meta name=\"robots\" content=\"index, follow, max-snippet:-1, max-image-preview:large, max-video-preview:-1\" \/>\n<link rel=\"canonical\" href=\"https:\/\/kaptenmat.se\/en\/product\/bli-exklusiv-medlem-pa-var-youtube-kanal\/\" \/>\n<meta property=\"og:locale\" content=\"en_GB\" \/>\n<meta property=\"og:type\" content=\"article\" \/>\n<meta property=\"og:title\" content=\"Bli exklusive medlem p\u00e5 v\u00e5r Youtube kanal - Kaptenmat\" \/>\n<meta property=\"og:description\" content=\"P\u00e5 v\u00e5r YouTube-kanal kan du bli medlem p\u00e5 den niv\u00e5 som passar dig. Som medlem \u00e4r du med och st\u00f6ttar v\u00e5ra lives\u00e4ndningar runt om i landet, d\u00e4r vi varje m\u00e5ndag bjuder p\u00e5 hamburgare till bes\u00f6kare utanf\u00f6r Systembolag och andra platser vi bes\u00f6ker. Ditt st\u00f6d g\u00f6r det m\u00f6jligt f\u00f6r oss att forts\u00e4tta resa, laga mat och tr\u00e4ffa v\u00e5ra tittare ute i verkligheten. Som medlem f\u00e5r du ocks\u00e5:     F\u00f6rhandsvisning av v\u00e5ra veckoavsnitt    Ditt namn i eftertexterna    M\u00f6jlighet att ibland vara publik n\u00e4r vi spelar in och provsmaka det vi lagar   Medlemskapet hj\u00e4lper oss att forts\u00e4tta skapa s\u00e5 bra inneh\u00e5ll som m\u00f6jligt \u2013 med nya filmer varje torsdag kl. 16.00. V\u00e4lj den niv\u00e5 som passar dig \u2013 utan bindningstid. &nbsp;  L\u00e4s mer och bli medlem h\u00e4r  &nbsp;  &nbsp;\" \/>\n<meta property=\"og:url\" content=\"https:\/\/kaptenmat.se\/en\/product\/bli-exklusiv-medlem-pa-var-youtube-kanal\/\" \/>\n<meta property=\"og:site_name\" content=\"Kaptenmat\" \/>\n<meta property=\"article:modified_time\" content=\"2026-02-27T09:26:57+00:00\" \/>\n<meta property=\"og:image\" content=\"https:\/\/kaptenmat.se\/wp-content\/uploads\/2024\/01\/358109467_972645610816110_7048627269902848434_n-6.jpg\" \/>\n\t<meta property=\"og:image:width\" content=\"400\" \/>\n\t<meta property=\"og:image:height\" content=\"400\" \/>\n\t<meta property=\"og:image:type\" content=\"image\/jpeg\" \/>\n<meta name=\"twitter:card\" content=\"summary_large_image\" \/>\n<meta name=\"twitter:label1\" content=\"Estimated reading time\" \/>\n\t<meta name=\"twitter:data1\" content=\"1 minute\" \/>\n<script type=\"application\/ld+json\" class=\"yoast-schema-graph\">{\"@context\":\"https:\/\/schema.org\",\"@graph\":[{\"@type\":\"WebPage\",\"@id\":\"https:\/\/kaptenmat.se\/produkt\/bli-exklusiv-medlem-pa-var-youtube-kanal\/\",\"url\":\"https:\/\/kaptenmat.se\/produkt\/bli-exklusiv-medlem-pa-var-youtube-kanal\/\",\"name\":\"Bli exklusive medlem p\u00e5 v\u00e5r Youtube kanal - Kaptenmat\",\"isPartOf\":{\"@id\":\"https:\/\/kaptenmat.se\/#website\"},\"primaryImageOfPage\":{\"@id\":\"https:\/\/kaptenmat.se\/produkt\/bli-exklusiv-medlem-pa-var-youtube-kanal\/#primaryimage\"},\"image\":{\"@id\":\"https:\/\/kaptenmat.se\/produkt\/bli-exklusiv-medlem-pa-var-youtube-kanal\/#primaryimage\"},\"thumbnailUrl\":\"https:\/\/kaptenmat.se\/wp-content\/uploads\/2024\/01\/358109467_972645610816110_7048627269902848434_n-6.jpg\",\"datePublished\":\"2023-09-17T07:16:29+00:00\",\"dateModified\":\"2026-02-27T09:26:57+00:00\",\"breadcrumb\":{\"@id\":\"https:\/\/kaptenmat.se\/produkt\/bli-exklusiv-medlem-pa-var-youtube-kanal\/#breadcrumb\"},\"inLanguage\":\"en-GB\",\"potentialAction\":[{\"@type\":\"ReadAction\",\"target\":[\"https:\/\/kaptenmat.se\/produkt\/bli-exklusiv-medlem-pa-var-youtube-kanal\/\"]}]},{\"@type\":\"ImageObject\",\"inLanguage\":\"en-GB\",\"@id\":\"https:\/\/kaptenmat.se\/produkt\/bli-exklusiv-medlem-pa-var-youtube-kanal\/#primaryimage\",\"url\":\"https:\/\/kaptenmat.se\/wp-content\/uploads\/2024\/01\/358109467_972645610816110_7048627269902848434_n-6.jpg\",\"contentUrl\":\"https:\/\/kaptenmat.se\/wp-content\/uploads\/2024\/01\/358109467_972645610816110_7048627269902848434_n-6.jpg\",\"width\":400,\"height\":400},{\"@type\":\"BreadcrumbList\",\"@id\":\"https:\/\/kaptenmat.se\/produkt\/bli-exklusiv-medlem-pa-var-youtube-kanal\/#breadcrumb\",\"itemListElement\":[{\"@type\":\"ListItem\",\"position\":1,\"name\":\"Hem\",\"item\":\"https:\/\/kaptenmat.se\/\"},{\"@type\":\"ListItem\",\"position\":2,\"name\":\"Sortiment\",\"item\":\"https:\/\/kaptenmat.se\/shop\/\"},{\"@type\":\"ListItem\",\"position\":3,\"name\":\"Bli exklusive medlem p\u00e5 v\u00e5r Youtube kanal\"}]},{\"@type\":\"WebSite\",\"@id\":\"https:\/\/kaptenmat.se\/#website\",\"url\":\"https:\/\/kaptenmat.se\/\",\"name\":\"Kaptenmat\",\"description\":\"Matinspiration inom outdoor cooking.\",\"publisher\":{\"@id\":\"https:\/\/kaptenmat.se\/#organization\"},\"potentialAction\":[{\"@type\":\"SearchAction\",\"target\":{\"@type\":\"EntryPoint\",\"urlTemplate\":\"https:\/\/kaptenmat.se\/?s={search_term_string}\"},\"query-input\":{\"@type\":\"PropertyValueSpecification\",\"valueRequired\":true,\"valueName\":\"search_term_string\"}}],\"inLanguage\":\"en-GB\"},{\"@type\":\"Organization\",\"@id\":\"https:\/\/kaptenmat.se\/#organization\",\"name\":\"Kaptenmat\",\"url\":\"https:\/\/kaptenmat.se\/\",\"logo\":{\"@type\":\"ImageObject\",\"inLanguage\":\"en-GB\",\"@id\":\"https:\/\/kaptenmat.se\/#\/schema\/logo\/image\/\",\"url\":\"https:\/\/kaptenmat.se\/wp-content\/uploads\/2024\/01\/Kaptenmat_350.svg\",\"contentUrl\":\"https:\/\/kaptenmat.se\/wp-content\/uploads\/2024\/01\/Kaptenmat_350.svg\",\"width\":1,\"height\":1,\"caption\":\"Kaptenmat\"},\"image\":{\"@id\":\"https:\/\/kaptenmat.se\/#\/schema\/logo\/image\/\"}}]}<\/script>\n<!-- \/ Yoast SEO plugin. -->","yoast_head_json":{"title":"Bli exklusive medlem p\u00e5 v\u00e5r Youtube kanal - Kaptenmat","robots":{"index":"index","follow":"follow","max-snippet":"max-snippet:-1","max-image-preview":"max-image-preview:large","max-video-preview":"max-video-preview:-1"},"canonical":"https:\/\/kaptenmat.se\/en\/product\/bli-exklusiv-medlem-pa-var-youtube-kanal\/","og_locale":"en_GB","og_type":"article","og_title":"Bli exklusive medlem p\u00e5 v\u00e5r Youtube kanal - Kaptenmat","og_description":"P\u00e5 v\u00e5r YouTube-kanal kan du bli medlem p\u00e5 den niv\u00e5 som passar dig. Som medlem \u00e4r du med och st\u00f6ttar v\u00e5ra lives\u00e4ndningar runt om i landet, d\u00e4r vi varje m\u00e5ndag bjuder p\u00e5 hamburgare till bes\u00f6kare utanf\u00f6r Systembolag och andra platser vi bes\u00f6ker. Ditt st\u00f6d g\u00f6r det m\u00f6jligt f\u00f6r oss att forts\u00e4tta resa, laga mat och tr\u00e4ffa v\u00e5ra tittare ute i verkligheten. Som medlem f\u00e5r du ocks\u00e5:     F\u00f6rhandsvisning av v\u00e5ra veckoavsnitt    Ditt namn i eftertexterna    M\u00f6jlighet att ibland vara publik n\u00e4r vi spelar in och provsmaka det vi lagar   Medlemskapet hj\u00e4lper oss att forts\u00e4tta skapa s\u00e5 bra inneh\u00e5ll som m\u00f6jligt \u2013 med nya filmer varje torsdag kl. 16.00. V\u00e4lj den niv\u00e5 som passar dig \u2013 utan bindningstid. &nbsp;  L\u00e4s mer och bli medlem h\u00e4r  &nbsp;  &nbsp;","og_url":"https:\/\/kaptenmat.se\/en\/product\/bli-exklusiv-medlem-pa-var-youtube-kanal\/","og_site_name":"Kaptenmat","article_modified_time":"2026-02-27T09:26:57+00:00","og_image":[{"width":400,"height":400,"url":"https:\/\/kaptenmat.se\/wp-content\/uploads\/2024\/01\/358109467_972645610816110_7048627269902848434_n-6.jpg","type":"image\/jpeg"}],"twitter_card":"summary_large_image","twitter_misc":{"Estimated reading time":"1 minute"},"schema":{"@context":"https:\/\/schema.org","@graph":[{"@type":"WebPage","@id":"https:\/\/kaptenmat.se\/produkt\/bli-exklusiv-medlem-pa-var-youtube-kanal\/","url":"https:\/\/kaptenmat.se\/produkt\/bli-exklusiv-medlem-pa-var-youtube-kanal\/","name":"Bli exklusive medlem p\u00e5 v\u00e5r Youtube kanal - Kaptenmat","isPartOf":{"@id":"https:\/\/kaptenmat.se\/#website"},"primaryImageOfPage":{"@id":"https:\/\/kaptenmat.se\/produkt\/bli-exklusiv-medlem-pa-var-youtube-kanal\/#primaryimage"},"image":{"@id":"https:\/\/kaptenmat.se\/produkt\/bli-exklusiv-medlem-pa-var-youtube-kanal\/#primaryimage"},"thumbnailUrl":"https:\/\/kaptenmat.se\/wp-content\/uploads\/2024\/01\/358109467_972645610816110_7048627269902848434_n-6.jpg","datePublished":"2023-09-17T07:16:29+00:00","dateModified":"2026-02-27T09:26:57+00:00","breadcrumb":{"@id":"https:\/\/kaptenmat.se\/produkt\/bli-exklusiv-medlem-pa-var-youtube-kanal\/#breadcrumb"},"inLanguage":"en-GB","potentialAction":[{"@type":"ReadAction","target":["https:\/\/kaptenmat.se\/produkt\/bli-exklusiv-medlem-pa-var-youtube-kanal\/"]}]},{"@type":"ImageObject","inLanguage":"en-GB","@id":"https:\/\/kaptenmat.se\/produkt\/bli-exklusiv-medlem-pa-var-youtube-kanal\/#primaryimage","url":"https:\/\/kaptenmat.se\/wp-content\/uploads\/2024\/01\/358109467_972645610816110_7048627269902848434_n-6.jpg","contentUrl":"https:\/\/kaptenmat.se\/wp-content\/uploads\/2024\/01\/358109467_972645610816110_7048627269902848434_n-6.jpg","width":400,"height":400},{"@type":"BreadcrumbList","@id":"https:\/\/kaptenmat.se\/produkt\/bli-exklusiv-medlem-pa-var-youtube-kanal\/#breadcrumb","itemListElement":[{"@type":"ListItem","position":1,"name":"Hem","item":"https:\/\/kaptenmat.se\/"},{"@type":"ListItem","position":2,"name":"Sortiment","item":"https:\/\/kaptenmat.se\/shop\/"},{"@type":"ListItem","position":3,"name":"Bli exklusive medlem p\u00e5 v\u00e5r Youtube kanal"}]},{"@type":"WebSite","@id":"https:\/\/kaptenmat.se\/#website","url":"https:\/\/kaptenmat.se\/","name":"Kaptenmat","description":"Matinspiration inom outdoor cooking.","publisher":{"@id":"https:\/\/kaptenmat.se\/#organization"},"potentialAction":[{"@type":"SearchAction","target":{"@type":"EntryPoint","urlTemplate":"https:\/\/kaptenmat.se\/?s={search_term_string}"},"query-input":{"@type":"PropertyValueSpecification","valueRequired":true,"valueName":"search_term_string"}}],"inLanguage":"en-GB"},{"@type":"Organization","@id":"https:\/\/kaptenmat.se\/#organization","name":"Kaptenmat","url":"https:\/\/kaptenmat.se\/","logo":{"@type":"ImageObject","inLanguage":"en-GB","@id":"https:\/\/kaptenmat.se\/#\/schema\/logo\/image\/","url":"https:\/\/kaptenmat.se\/wp-content\/uploads\/2024\/01\/Kaptenmat_350.svg","contentUrl":"https:\/\/kaptenmat.se\/wp-content\/uploads\/2024\/01\/Kaptenmat_350.svg","width":1,"height":1,"caption":"Kaptenmat"},"image":{"@id":"https:\/\/kaptenmat.se\/#\/schema\/logo\/image\/"}}]}},"_links":{"self":[{"href":"https:\/\/kaptenmat.se\/en\/wp-json\/wp\/v2\/product\/997","targetHints":{"allow":["GET"]}}],"collection":[{"href":"https:\/\/kaptenmat.se\/en\/wp-json\/wp\/v2\/product"}],"about":[{"href":"https:\/\/kaptenmat.se\/en\/wp-json\/wp\/v2\/types\/product"}],"replies":[{"embeddable":true,"href":"https:\/\/kaptenmat.se\/en\/wp-json\/wp\/v2\/comments?post=997"}],"wp:featuredmedia":[{"embeddable":true,"href":"https:\/\/kaptenmat.se\/en\/wp-json\/wp\/v2\/media\/1090"}],"wp:attachment":[{"href":"https:\/\/kaptenmat.se\/en\/wp-json\/wp\/v2\/media?parent=997"}],"wp:term":[{"taxonomy":"product_brand","embeddable":true,"href":"https:\/\/kaptenmat.se\/en\/wp-json\/wp\/v2\/product_brand?post=997"},{"taxonomy":"product_cat","embeddable":true,"href":"https:\/\/kaptenmat.se\/en\/wp-json\/wp\/v2\/product_cat?post=997"},{"taxonomy":"product_tag","embeddable":true,"href":"https:\/\/kaptenmat.se\/en\/wp-json\/wp\/v2\/product_tag?post=997"}],"curies":[{"name":"wp","href":"https:\/\/api.w.org\/{rel}","templated":true}]}}